{"id":10859,"date":"2020-03-24T13:54:14","date_gmt":"2020-03-24T20:54:14","guid":{"rendered":"https:\/\/advancedsofttissuerelease.com\/?page_id=10859"},"modified":"2020-03-25T19:51:03","modified_gmt":"2020-03-26T02:51:03","slug":"die-geschichte-des-versagens-triumphs-unserer-familie","status":"publish","type":"page","link":"https:\/\/advancedsofttissuerelease.com\/de\/our-familys-story-of-failure-triumph\/","title":{"rendered":"Die Geschichte des Scheiterns und Triumphs unserer Familie"},"content":{"rendered":"<div data-elementor-type=\"wp-page\" data-elementor-id=\"10859\" class=\"elementor elementor-10859\" data-elementor-post-type=\"page\">\n\t\t\t\t\t\t<section class=\"elementor-section elementor-top-section elementor-element elementor-element-73c6da08 elementor-section-boxed elementor-section-height-default elementor-section-height-default\" data-id=\"73c6da08\" data-element_type=\"section\" data-e-type=\"section\">\n\t\t\t\t\t\t<div class=\"elementor-container elementor-column-gap-default\">\n\t\t\t\t\t<div class=\"elementor-column elementor-col-100 elementor-top-column elementor-element elementor-element-6f111875\" data-id=\"6f111875\" data-element_type=\"column\" data-e-type=\"column\">\n\t\t\t<div class=\"elementor-widget-wrap elementor-element-populated\">\n\t\t\t\t\t\t<div class=\"elementor-element elementor-element-5592dfda elementor-widget elementor-widget-text-editor\" data-id=\"5592dfda\" data-element_type=\"widget\" data-e-type=\"widget\" data-widget_type=\"text-editor.default\">\n\t\t\t\t<div class=\"elementor-widget-container\">\n\t\t\t\t\t\t\t\t\t<h1><strong><span style=\"font-size: 12pt;\">Die Geschichte des Scheiterns und Triumphs unserer Familie<\/span><\/strong><\/h1><p>Vor fast vier Jahren, ironischerweise kurz vor den Wahlen 2016, trafen meine Frau und ich die sehr schwierige Entscheidung, unsere PT-Klinik zu schlie\u00dfen. Obamacare hatte einen gro\u00dfen Tribut von unserem Leben gefordert, pers\u00f6nlich und beruflich, die Wirtschaft war immer noch auf den Felsen und die Menschen waren nerv\u00f6s dar\u00fcber, wer Pr\u00e4sident werden w\u00fcrde und wie sich das auf das Wirtschaftsklima unseres Landes auswirken w\u00fcrde.<\/p><p>Wir haben das Jahr 2017 damit verbracht, unsere Werte, St\u00e4rken und langfristigen Ziele neu zu bewerten und dabei eine neue und innovative Methode entwickelt, um unsere Inhalte und Produkte Gesundheitsdienstleistern online bereitzustellen. Wir haben das ASTR Institute 2018 er\u00f6ffnet und innerhalb von nur einem Jahr wurde uns klar, dass wir unsere Vision als Unternehmen erweitern mussten. Im Herbst 2019 haben wir eine neue Marktkategorie geschaffen und die Online-Schritt-f\u00fcr-Schritt-Heimbehandlungsprogramme und Toolkits von ASTR f\u00fcr Patienten eingef\u00fchrt. In weniger als sechs Monaten \u00fcbertrafen unsere Heimbehandlungsprogramme und Kits die Verk\u00e4ufe unserer Anbieter; was uns erm\u00f6glicht, fast 100% als Online-Gesch\u00e4ft zu fungieren.<\/p><p>Mit jeder Kiste, die wir vorbereiten und versenden, werden wir dem\u00fctig daran erinnert, wo wir vor vier Jahren waren; mit kaum genug Bargeld auf unserem Konto, um unser Gesch\u00e4ft durch einen weiteren Monat zu f\u00fchren. Mit jedem Online-Kurs, den wir verkaufen, werden wir ermutigt und daran erinnert, dass unsere Produkte und Dienstleistungen relevant sind und dass Sie vertrauen und an das glauben, was wir tun.<\/p><p>Wir sind so dankbar f\u00fcr die schweren Zeiten, die wir durchgemacht haben. Wir haben gelernt, gehorsamer auf Gottes F\u00fchrung zu h\u00f6ren, wir sind flexibler geworden und bereit, den Kurs zu \u00e4ndern, um Ihren Bed\u00fcrfnissen gerecht zu werden, und wir haben gelernt, allen Widrigkeiten zum Trotz durchzuhalten.<\/p><p>Dr. und Frau Jacobs<\/p>\t\t\t\t\t\t\t\t<\/div>\n\t\t\t\t<\/div>\n\t\t\t\t\t<\/div>\n\t\t<\/div>\n\t\t\t\t<div class=\"elementor-column elementor-col-100 elementor-top-column elementor-element elementor-element-42442ca\" data-id=\"42442ca\" data-element_type=\"column\" data-e-type=\"column\">\n\t\t\t<div class=\"elementor-widget-wrap elementor-element-populated\">\n\t\t\t\t\t\t<div class=\"elementor-element elementor-element-fc9d3e5 elementor-widget elementor-widget-image\" data-id=\"fc9d3e5\" data-element_type=\"widget\" data-e-type=\"widget\" data-widget_type=\"image.default\">\n\t\t\t\t<div class=\"elementor-widget-container\">\n\t\t\t\t\t\t\t\t\t\t\t\t\t\t\t<img fetchpriority=\"high\" decoding=\"async\" width=\"376\" height=\"500\" src=\"https:\/\/advancedsofttissuerelease.com\/wp-content\/uploads\/2020\/03\/Dr.Jacobs-scaled.jpeg\" class=\"attachment-full size-full wp-image-10863\" alt=\"\" srcset=\"https:\/\/advancedsofttissuerelease.com\/wp-content\/uploads\/2020\/03\/Dr.Jacobs-scaled.jpeg 376w, https:\/\/advancedsofttissuerelease.com\/wp-content\/uploads\/2020\/03\/Dr.Jacobs-scaled-300x399.jpeg 300w, https:\/\/advancedsofttissuerelease.com\/wp-content\/uploads\/2020\/03\/Dr.Jacobs-1154x1536.jpeg 1154w, https:\/\/advancedsofttissuerelease.com\/wp-content\/uploads\/2020\/03\/Dr.Jacobs-1539x2048.jpeg 1539w\" sizes=\"(max-width: 376px) 100vw, 376px\" \/>\t\t\t\t\t\t\t\t\t\t\t\t\t\t\t<\/div>\n\t\t\t\t<\/div>\n\t\t\t\t\t<\/div>\n\t\t<\/div>\n\t\t\t\t\t<\/div>\n\t\t<\/section>\n\t\t\t\t<section class=\"elementor-section elementor-top-section elementor-element elementor-element-5bb5bac elementor-section-boxed elementor-section-height-default elementor-section-height-default\" data-id=\"5bb5bac\" data-element_type=\"section\" data-e-type=\"section\">\n\t\t\t\t\t\t<div class=\"elementor-container elementor-column-gap-default\">\n\t\t\t\t\t\t<\/div>\n\t\t<\/section>\n\t\t\t\t<section class=\"elementor-section elementor-top-section elementor-element elementor-element-282c0be elementor-section-stretched elementor-section-boxed elementor-section-height-default elementor-section-height-default\" data-id=\"282c0be\" data-element_type=\"section\" data-e-type=\"section\" data-settings=\"{&quot;stretch_section&quot;:&quot;section-stretched&quot;}\">\n\t\t\t\t\t\t<div class=\"elementor-container elementor-column-gap-default\">\n\t\t\t\t\t<div class=\"elementor-column elementor-col-100 elementor-top-column elementor-element elementor-element-b628cf4\" data-id=\"b628cf4\" data-element_type=\"column\" data-e-type=\"column\" data-settings=\"{&quot;background_background&quot;:&quot;classic&quot;}\">\n\t\t\t<div class=\"elementor-widget-wrap elementor-element-populated\">\n\t\t\t\t\t\t<div class=\"elementor-element elementor-element-521c05c elementor-widget elementor-widget-heading\" data-id=\"521c05c\" data-element_type=\"widget\" data-e-type=\"widget\" data-widget_type=\"heading.default\">\n\t\t\t\t<div class=\"elementor-widget-container\">\n\t\t\t\t\t<h2 class=\"elementor-heading-title elementor-size-default\"><a href=\"https:\/\/advancedsofttissuerelease.com\/de\/produktkategorie\/online-treatment-programs-for-patients\/\"><b>Patienten st\u00e4rken<\/b><\/a><\/h2>\t\t\t\t<\/div>\n\t\t\t\t<\/div>\n\t\t\t\t<div class=\"elementor-element elementor-element-76b2e17 elementor-widget elementor-widget-text-editor\" data-id=\"76b2e17\" data-element_type=\"widget\" data-e-type=\"widget\" data-widget_type=\"text-editor.default\">\n\t\t\t\t<div class=\"elementor-widget-container\">\n\t\t\t\t\t\t\t\t\t<p style=\"text-align: center;\"><a href=\"https:\/\/advancedsofttissuerelease.com\/de\/produktkategorie\/online-treatment-programs-for-patients\/\"><span style=\"font-size: 12pt; color: #333333;\">Ein Werkzeugsatz nach dem anderen<\/span><\/a><\/p>\t\t\t\t\t\t\t\t<\/div>\n\t\t\t\t<\/div>\n\t\t\t\t<div class=\"elementor-element elementor-element-f5bea07 elementor-widget elementor-widget-text-editor\" data-id=\"f5bea07\" data-element_type=\"widget\" data-e-type=\"widget\" data-widget_type=\"text-editor.default\">\n\t\t\t\t<div class=\"elementor-widget-container\">\n\t\t\t\t\t\t\t\t\t<p style=\"text-align: center;\"><span style=\"font-size: 8pt;\">Jetzt ab $399<\/span><\/p>\t\t\t\t\t\t\t\t<\/div>\n\t\t\t\t<\/div>\n\t\t\t\t<div class=\"elementor-element elementor-element-4a857e9 elementor-widget elementor-widget-text-editor\" data-id=\"4a857e9\" data-element_type=\"widget\" data-e-type=\"widget\" data-widget_type=\"text-editor.default\">\n\t\t\t\t<div class=\"elementor-widget-container\">\n\t\t\t\t\t\t\t\t\t<p style=\"text-align: center;\"><span style=\"color: #0000ff; font-size: 12pt;\"><a style=\"color: #0000ff;\" href=\"https:\/\/advancedsofttissuerelease.com\/de\/patienten-tool-kit-programme-2\/\">Erfahren Sie mehr &gt;<\/a> \u00a0 <a style=\"color: #0000ff;\" href=\"https:\/\/advancedsofttissuerelease.com\/de\/produkt\/behandle-deine-schmerzen-zu-hause-2\/\">Kaufen &gt;<\/a><\/span><\/p>\t\t\t\t\t\t\t\t<\/div>\n\t\t\t\t<\/div>\n\t\t\t\t<div class=\"elementor-element elementor-element-e692784 elementor-widget elementor-widget-video\" data-id=\"e692784\" data-element_type=\"widget\" data-e-type=\"widget\" data-settings=\"{&quot;youtube_url&quot;:&quot;https:\\\/\\\/www.youtube.com\\\/watch?v=C90ww6nyALk&quot;,&quot;show_image_overlay&quot;:&quot;yes&quot;,&quot;image_overlay&quot;:{&quot;url&quot;:&quot;https:\\\/\\\/advancedsofttissuerelease.com\\\/wp-content\\\/uploads\\\/2020\\\/02\\\/Treat-your-shoulder-pain-with-ASTR-tools-scaled.jpg&quot;,&quot;id&quot;:9712,&quot;size&quot;:&quot;&quot;},&quot;video_type&quot;:&quot;youtube&quot;,&quot;controls&quot;:&quot;yes&quot;}\" data-widget_type=\"video.default\">\n\t\t\t\t<div class=\"elementor-widget-container\">\n\t\t\t\t\t\t\t<div class=\"elementor-wrapper elementor-open-inline\">\n\t\t\t<div class=\"elementor-video\"><\/div>\t\t\t\t<div class=\"elementor-custom-embed-image-overlay\" style=\"background-image: url(https:\/\/advancedsofttissuerelease.com\/wp-content\/uploads\/2020\/02\/Treat-your-shoulder-pain-with-ASTR-tools-scaled-scaled.jpg);\">\n\t\t\t\t\t\t\t\t\t\t\t\t\t\t\t\t<div class=\"elementor-custom-embed-play\" role=\"button\" aria-label=\"Reproducir v\u00eddeo\" tabindex=\"0\" data-no-translation-aria-label=\"\">\n\t\t\t\t\t\t\t<i aria-hidden=\"true\" class=\"eicon-play\"><\/i>\t\t\t\t\t\t<\/div>\n\t\t\t\t\t\t\t\t\t<\/div>\n\t\t\t\t\t<\/div>\n\t\t\t\t\t\t<\/div>\n\t\t\t\t<\/div>\n\t\t\t\t\t<\/div>\n\t\t<\/div>\n\t\t\t\t\t<\/div>\n\t\t<\/section>\n\t\t\t\t<section class=\"elementor-section elementor-top-section elementor-element elementor-element-0151d64 elementor-section-stretched elementor-section-boxed elementor-section-height-default elementor-section-height-default\" data-id=\"0151d64\" data-element_type=\"section\" data-e-type=\"section\" data-settings=\"{&quot;stretch_section&quot;:&quot;section-stretched&quot;}\">\n\t\t\t\t\t\t<div class=\"elementor-container elementor-column-gap-default\">\n\t\t\t\t\t<div class=\"elementor-column elementor-col-100 elementor-top-column elementor-element elementor-element-cb52896\" data-id=\"cb52896\" data-element_type=\"column\" data-e-type=\"column\" data-settings=\"{&quot;background_background&quot;:&quot;classic&quot;}\">\n\t\t\t<div class=\"elementor-widget-wrap elementor-element-populated\">\n\t\t\t\t\t\t<div class=\"elementor-element elementor-element-5780eb6 elementor-widget elementor-widget-heading\" data-id=\"5780eb6\" data-element_type=\"widget\" data-e-type=\"widget\" data-widget_type=\"heading.default\">\n\t\t\t\t<div class=\"elementor-widget-container\">\n\t\t\t\t\t<h2 class=\"elementor-heading-title elementor-size-default\"><a href=\"https:\/\/advancedsofttissuerelease.com\/de\/produktkategorie\/anbieter-kurse-tools\/\"><span class=\"elementor-heading-title elementor-size-default elementor-inline-editing pen\" data-elementor-setting-key=\"title\" data-pen-placeholder=\"Type Here...\"><span style=\"font-weight: 700\">Energie minimieren, Ergebnisse maximieren<\/span><\/span><\/a><\/h2>\t\t\t\t<\/div>\n\t\t\t\t<\/div>\n\t\t\t\t<div class=\"elementor-element elementor-element-b0d887e elementor-widget elementor-widget-text-editor\" data-id=\"b0d887e\" data-element_type=\"widget\" data-e-type=\"widget\" data-widget_type=\"text-editor.default\">\n\t\t\t\t<div class=\"elementor-widget-container\">\n\t\t\t\t\t\t\t\t\t<p style=\"text-align: center;\"><span style=\"font-size: 12pt; color: #333333;\">Anbieter-Toolkit<\/span><\/p>\t\t\t\t\t\t\t\t<\/div>\n\t\t\t\t<\/div>\n\t\t\t\t<div class=\"elementor-element elementor-element-7766af2 elementor-widget elementor-widget-text-editor\" data-id=\"7766af2\" data-element_type=\"widget\" data-e-type=\"widget\" data-widget_type=\"text-editor.default\">\n\t\t\t\t<div class=\"elementor-widget-container\">\n\t\t\t\t\t\t\t\t\t<p style=\"text-align: center;\"><span style=\"font-size: 8pt;\">Jetzt ab $299<\/span><\/p>\t\t\t\t\t\t\t\t<\/div>\n\t\t\t\t<\/div>\n\t\t\t\t<div class=\"elementor-element elementor-element-ce6da29 elementor-widget elementor-widget-text-editor\" data-id=\"ce6da29\" data-element_type=\"widget\" data-e-type=\"widget\" data-widget_type=\"text-editor.default\">\n\t\t\t\t<div class=\"elementor-widget-container\">\n\t\t\t\t\t\t\t\t\t<p style=\"text-align: center;\"><span style=\"color: #0000ff; font-size: 12pt;\"><a style=\"color: #0000ff;\" href=\"https:\/\/advancedsofttissuerelease.com\/de\/produktkategorie\/anbieter-kurse-tools\/\">Erfahren Sie mehr &gt;<\/a> \u00a0<a style=\"color: #0000ff;\" href=\"https:\/\/advancedsofttissuerelease.com\/de\/produktkategorie\/anbieter-kurse-tools\/\">\u00a0Kaufen &gt;<\/a><\/span><\/p>\t\t\t\t\t\t\t\t<\/div>\n\t\t\t\t<\/div>\n\t\t\t\t<div class=\"elementor-element elementor-element-0bccd77 elementor-widget elementor-widget-image\" data-id=\"0bccd77\" data-element_type=\"widget\" data-e-type=\"widget\" data-widget_type=\"image.default\">\n\t\t\t\t<div class=\"elementor-widget-container\">\n\t\t\t\t\t\t\t\t\t\t\t\t\t\t\t\t<a href=\"https:\/\/advancedsofttissuerelease.com\/de\/produktkategorie\/anbieter-kurse-tools\/\">\n\t\t\t\t\t\t\t<img decoding=\"async\" width=\"500\" height=\"333\" src=\"https:\/\/advancedsofttissuerelease.com\/wp-content\/uploads\/2020\/02\/ASTR-treatment-therapy-scaled.jpg\" class=\"attachment-full size-full wp-image-9713\" alt=\"\" srcset=\"https:\/\/advancedsofttissuerelease.com\/wp-content\/uploads\/2020\/02\/ASTR-treatment-therapy-scaled.jpg 500w, https:\/\/advancedsofttissuerelease.com\/wp-content\/uploads\/2020\/02\/ASTR-treatment-therapy-scaled-200x133.jpg 200w, https:\/\/advancedsofttissuerelease.com\/wp-content\/uploads\/2020\/02\/ASTR-treatment-therapy-scaled-300x200.jpg 300w\" sizes=\"(max-width: 500px) 100vw, 500px\" \/>\t\t\t\t\t\t\t\t<\/a>\n\t\t\t\t\t\t\t\t\t\t\t\t\t\t\t<\/div>\n\t\t\t\t<\/div>\n\t\t\t\t\t<\/div>\n\t\t<\/div>\n\t\t\t\t\t<\/div>\n\t\t<\/section>\n\t\t\t\t<\/div>","protected":false},"excerpt":{"rendered":"<p>Our Family\u2019s Story Of Failure &amp; Triumph Almost four years ago, ironically right before the 2016 elections, my wife and I made the very difficult decision to close our PT clinic. Obamacare had taken a major toll on our lives, personally and professionally, the economy was still on the rocks and people were nervous about [&hellip;]<\/p>\n","protected":false},"author":1,"featured_media":0,"parent":0,"menu_order":0,"comment_status":"closed","ping_status":"closed","template":"","meta":{"_analytify_skip_tracking":false,"footnotes":""},"class_list":["post-10859","page","type-page","status-publish","hentry"],"_links":{"self":[{"href":"https:\/\/advancedsofttissuerelease.com\/de\/wp-json\/wp\/v2\/pages\/10859","targetHints":{"allow":["GET"]}}],"collection":[{"href":"https:\/\/advancedsofttissuerelease.com\/de\/wp-json\/wp\/v2\/pages"}],"about":[{"href":"https:\/\/advancedsofttissuerelease.com\/de\/wp-json\/wp\/v2\/types\/page"}],"author":[{"embeddable":true,"href":"https:\/\/advancedsofttissuerelease.com\/de\/wp-json\/wp\/v2\/users\/1"}],"replies":[{"embeddable":true,"href":"https:\/\/advancedsofttissuerelease.com\/de\/wp-json\/wp\/v2\/comments?post=10859"}],"version-history":[{"count":0,"href":"https:\/\/advancedsofttissuerelease.com\/de\/wp-json\/wp\/v2\/pages\/10859\/revisions"}],"wp:attachment":[{"href":"https:\/\/advancedsofttissuerelease.com\/de\/wp-json\/wp\/v2\/media?parent=10859"}],"curies":[{"name":"wp","href":"https:\/\/api.w.org\/{rel}","templated":true}]}}