{"id":1113,"date":"2019-01-04T21:21:11","date_gmt":"2019-01-04T21:21:11","guid":{"rendered":"https:\/\/advancedsofttissuerelease.com\/?page_id=1113"},"modified":"2022-02-16T12:30:54","modified_gmt":"2022-02-16T19:30:54","slug":"rucknahmegarantie-2","status":"publish","type":"page","link":"https:\/\/advancedsofttissuerelease.com\/de\/return-policy\/","title":{"rendered":"R\u00fcckgabepolitik"},"content":{"rendered":"<p><strong>R\u00fcckgabepolitik <\/strong><\/p>\r\n\r\n\r\n\r\n<p>Bei ASTR setzen wir uns voll und ganz daf\u00fcr ein, unseren Kunden die h\u00f6chste Qualit\u00e4t der Pflege zu bieten! Wir wissen, dass unsere Produkte und Dienstleistungen funktionieren, und wir m\u00f6chten, dass Sie sich 100% sicher f\u00fchlen, wenn Sie uns f\u00fcr Ihre Gesundheitsbed\u00fcrfnisse ausw\u00e4hlen! Wenn nicht\u00a0<b>zufrieden<\/b>\u00a0Mit unseren Tools, Online-Programmen oder Online-Kursen k\u00f6nnen Sie innerhalb von eine R\u00fcckerstattung f\u00fcr Ihren Einkauf beantragen\u00a0<b>14 Tage<\/b>\u00a0unsere Produkte und Kurse zu erhalten. Alle R\u00fccksendungen m\u00fcssen bis zum 14. Tag nach Erhalt der Artikel eingeleitet und zur\u00fcckgeschickt werden. Dies gilt auch f\u00fcr Online-Kurse. Dieses R\u00fcckgaberecht gilt nur f\u00fcr Erstk\u00e4ufer. Unser 100%-Zufriedenheitsversprechen gilt nicht f\u00fcr Cremes, Nahrungserg\u00e4nzungsmittel, Programme mit enthaltenen Nahrungserg\u00e4nzungsmitteln, telemedizinische Auswertungen\/Telefonkonsultationen, Behandlungen in unserer Klinik oder privates Training. F\u00fcr berechtigte R\u00fccksendungen erstatten wir den Gesamtbetrag abz\u00fcglich der Versandkosten und einer 20%-R\u00fccknahmegeb\u00fchr. Bei Zahlungspl\u00e4nen wird die 20%-Aufstockungsgeb\u00fchr von Ihrer ersten get\u00e4tigten Zahlung abgezogen. Wir zahlen nicht f\u00fcr den R\u00fcckversand.\u00a0<\/p>\r\n\r\n\r\n\r\n\r\n\r\n\r\n\r\n\r\n\r\n<p><span style=\"font-size: 12pt;\"> \r\n\r\n <\/span><\/p>\r\n<p><span style=\"font-size: 12pt;\">Rabatte und Aktionen sind nicht kombinierbar. Aktuelle Rabatte k\u00f6nnen nicht auf fr\u00fchere Eink\u00e4ufe angewendet werden. Fr\u00fchere Eink\u00e4ufe k\u00f6nnen nicht erstattet werden, sodass der Kunde zum aktuellen Rabattpreis einkaufen kann.<\/span><\/p>","protected":false},"excerpt":{"rendered":"<p>Return Policy At ASTR, we are fully committed to providing our customers with the highest quality of care! We know our products and services work and we want you to feel 100% confident when choosing us for your healthcare needs! If you are not\u00a0satisfied\u00a0with our tools, online programs or online courses, you can request a [&hellip;]<\/p>\n","protected":false},"author":1,"featured_media":0,"parent":0,"menu_order":0,"comment_status":"closed","ping_status":"closed","template":"","meta":{"_analytify_skip_tracking":false,"footnotes":""},"class_list":["post-1113","page","type-page","status-publish","hentry"],"_links":{"self":[{"href":"https:\/\/advancedsofttissuerelease.com\/de\/wp-json\/wp\/v2\/pages\/1113","targetHints":{"allow":["GET"]}}],"collection":[{"href":"https:\/\/advancedsofttissuerelease.com\/de\/wp-json\/wp\/v2\/pages"}],"about":[{"href":"https:\/\/advancedsofttissuerelease.com\/de\/wp-json\/wp\/v2\/types\/page"}],"author":[{"embeddable":true,"href":"https:\/\/advancedsofttissuerelease.com\/de\/wp-json\/wp\/v2\/users\/1"}],"replies":[{"embeddable":true,"href":"https:\/\/advancedsofttissuerelease.com\/de\/wp-json\/wp\/v2\/comments?post=1113"}],"version-history":[{"count":0,"href":"https:\/\/advancedsofttissuerelease.com\/de\/wp-json\/wp\/v2\/pages\/1113\/revisions"}],"wp:attachment":[{"href":"https:\/\/advancedsofttissuerelease.com\/de\/wp-json\/wp\/v2\/media?parent=1113"}],"curies":[{"name":"wp","href":"https:\/\/api.w.org\/{rel}","templated":true}]}}