{"id":113,"date":"2015-08-17T04:38:48","date_gmt":"2015-08-17T04:38:48","guid":{"rendered":"https:\/\/advancedsofttissuerelease.com\/certification-renewal\/"},"modified":"2022-02-04T00:14:37","modified_gmt":"2022-02-04T07:14:37","slug":"zertifizierungserneuerung","status":"publish","type":"page","link":"https:\/\/advancedsofttissuerelease.com\/de\/certification-renewal\/","title":{"rendered":"Erneuerung der Zertifizierung"},"content":{"rendered":"<h1><span style=\"color: #696969;\"><span style=\"font-family: verdana,geneva,sans-serif;\"><span style=\"font-size: 28px;\">ASTR<\/span><span style=\"font-size: 28px;\">\u00a0Erneuerung der Zertifizierung<\/span><\/span><\/span><\/h1>\n<p><span style=\"color: #696969;\"><span style=\"font-family: verdana,geneva,sans-serif;\"><span style=\"font-size: 22px;\">Warum Ihre Zertifizierung erneuern?<\/span><\/span><\/span><\/p>\n<p><span style=\"color: #696969;\"><span style=\"font-family: verdana,geneva,sans-serif;\">Die Erneuerung der Zertifizierung ist ein wichtiger Bestandteil, um ASTR-Kliniker \u00fcber neue Erkenntnisse und Forschungsergebnisse auf dem Laufenden zu halten.\u00a0<\/span><\/span><\/p>\n<p><span style=\"color: #696969;\"><span style=\"font-family: verdana,geneva,sans-serif;\"><u><strong>Neue Erkenntnisse:<\/strong><\/u>\u00a0Die ASTR-Spezialit\u00e4t ist dynamisch. Es ver\u00e4ndert sich st\u00e4ndig und entwickelt sich weiter, um dem Bedarf der Gesellschaft nach schneller, nicht-invasiver, langfristiger Schmerzlinderung besser gerecht zu werden.\u00a0<\/span><\/span><\/p>\n<p><span style=\"color: #696969;\"><span style=\"font-family: verdana,geneva,sans-serif;\"><u><strong>Forschung:<\/strong><\/u>\u00a0Das ASTR-Team arbeitet t\u00e4glich daran, die Position von ASTR als modernste Spezialit\u00e4t in der Gesundheitsbranche zu behaupten. Durch Forschung und Experimente ist unser Team st\u00e4ndig\u00a0<\/span><\/span><span style=\"color: #696969; font-family: verdana, geneva, sans-serif;\">Entwicklung neuer Theorien, Methoden, Werkzeuge und Ger\u00e4te.<\/span><\/p>\n<p><u style=\"font-family: verdana, geneva, sans-serif; color: #696969;\"><strong>Zugang:<\/strong><\/u><span style=\"font-family: verdana, geneva, sans-serif; color: #696969;\"> Aufrechterhaltung eines aktiven ASTR<\/span><span style=\"font-family: verdana, geneva, sans-serif; color: #696969;\">\u00a0Die Zertifizierung erlaubt einem Arzt die Verwendung von ASTR<\/span><span style=\"font-family: verdana, geneva, sans-serif; color: #696969;\">\u00a0und alle damit verbundenen Titel, Warenzeichen und Patente.\u00a0<\/span><\/p>\n<p>&nbsp;<\/p>\n<p><span style=\"color: #696969;\"><span style=\"font-family: verdana,geneva,sans-serif;\"><span style=\"font-size: 22px;\">Erneuerungsprozess:\u00a0<\/span><\/span><\/span><\/p>\n<div><\/div>\n<p><span style=\"color: #696969; font-family: verdana, geneva, sans-serif;\">\u00c4rzte m\u00fcssen ihre ASTR erneuern<\/span><sup style=\"color: #696969; font-family: verdana, geneva, sans-serif;\"><span style=\"font-size: 13.3333px;\">\u00a0<\/span><\/sup><span style=\"color: #696969; font-family: verdana, geneva, sans-serif;\">Zertifizierungen vor dem Ablaufdatum.\u00a0<\/span><span style=\"font-family: verdana, geneva, sans-serif; color: #696969;\">ASTR<\/span><sup style=\"font-family: verdana, geneva, sans-serif; color: #696969;\"><span style=\"font-size: 13.3333330154419px;\">\u00a0<\/span><\/sup><span style=\"font-family: verdana, geneva, sans-serif; color: #696969;\">Zertifizierte Gesundheitsdienstleister k\u00f6nnen ihre Zertifizierung erneuern, indem sie alle zwei Jahre eine der folgenden Optionen abschlie\u00dfen: \u00a0<\/span><\/p>\n<ul>\n<li><span style=\"color: #696969;\"><span style=\"font-family: verdana,geneva,sans-serif;\">Ansehen von ASTR-Lernvideos<\/span><\/span><\/li>\n<li><span style=\"color: #696969;\"><span style=\"font-family: verdana,geneva,sans-serif;\">Teilnahme an mindestens einer Advanced Soft Tissue Release-Konferenz<\/span><\/span><\/li>\n<\/ul>\n<p>&nbsp;<\/p>\n<p><span style=\"color: #696969;\"><span style=\"font-family: verdana,geneva,sans-serif;\"><span style=\"font-size: 22px;\">Abgelaufene ASTR<\/span><sup><span style=\"font-size: 13.3333330154419px;\">\u00a0<\/span><\/sup><span style=\"font-size: 22px;\">Zertifizierung:\u00a0<\/span><\/span><\/span><\/p>\n<p><span style=\"color: #696969;\"><span style=\"font-family: verdana,geneva,sans-serif;\">Wenn ein Kliniker nicht in der Lage oder nicht bereit ist, seinen ASTR zu erneuern<sup><span style=\"font-size: 13.3333330154419px;\">\u00a0<\/span><\/sup>Zertifizierung, k\u00f6nnen sie ASTR, ASTRs, Advanced Soft Tissue Release und Advanced Soft Tissue Release nicht mehr verwenden<sup><span style=\"font-size: 13.3333330154419px;\">\u00a0<\/span><\/sup>Fachtitel, Marken und Patente nach Ablauf der Zertifizierung. Dar\u00fcber hinaus ist die Verteilung von ASTR<sup><span style=\"font-size: 13.3333330154419px;\">\u00a0<\/span><\/sup>Materialien oder behaupten, ein zertifizierter ASTR zu sein<sup><span style=\"font-size: 13.3333330154419px;\">\u00a0<\/span><\/sup>Anbieter sind verboten, wenn die Zertifizierung nicht erneuert wird.\u00a0<\/span><\/span><\/p>\n<p><span style=\"color: #696969;\"><span style=\"font-family: verdana,geneva,sans-serif;\">Wenn ein Kliniker nicht in der Lage ist, seine\/ihre ASTR<sup><span style=\"font-size: 13.3333330154419px;\">\u00a0<\/span><\/sup>Zertifizierung aufgrund mildernder Umst\u00e4nde, wenden Sie sich an unser B\u00fcro, und die Vorgehensweise wird von Fall zu Fall festgelegt.\u00a0<\/span><\/span><\/p>\n<p><a href=\"https:\/\/advancedsofttissuerelease.com\/de\/astr-gesundheitsversorger-lehrgang-2\/\">Werden Sie ASTR-Anbieter<\/a><\/p>","protected":false},"excerpt":{"rendered":"<p>ASTR\u00a0Certification Renewal Why renew your certification? Certification renewal is an important part of keeping ASTR\u00a0clinicians up to date with new findings and research.\u00a0 New Findings:\u00a0The ASTR\u00a0specialty is dynamic. It is constantly changing and advancing to better meet society&#8217;s need for fast, non-invasive, long-term pain relief.\u00a0 Research:\u00a0The ASTR\u00a0team works on a daily basis to maintain ASTR&#8217;s [&hellip;]<\/p>\n","protected":false},"author":2447,"featured_media":0,"parent":0,"menu_order":9,"comment_status":"closed","ping_status":"closed","template":"","meta":{"_analytify_skip_tracking":false,"footnotes":""},"class_list":["post-113","page","type-page","status-publish","hentry"],"_links":{"self":[{"href":"https:\/\/advancedsofttissuerelease.com\/de\/wp-json\/wp\/v2\/pages\/113","targetHints":{"allow":["GET"]}}],"collection":[{"href":"https:\/\/advancedsofttissuerelease.com\/de\/wp-json\/wp\/v2\/pages"}],"about":[{"href":"https:\/\/advancedsofttissuerelease.com\/de\/wp-json\/wp\/v2\/types\/page"}],"author":[{"embeddable":true,"href":"https:\/\/advancedsofttissuerelease.com\/de\/wp-json\/wp\/v2\/users\/2447"}],"replies":[{"embeddable":true,"href":"https:\/\/advancedsofttissuerelease.com\/de\/wp-json\/wp\/v2\/comments?post=113"}],"version-history":[{"count":0,"href":"https:\/\/advancedsofttissuerelease.com\/de\/wp-json\/wp\/v2\/pages\/113\/revisions"}],"wp:attachment":[{"href":"https:\/\/advancedsofttissuerelease.com\/de\/wp-json\/wp\/v2\/media?parent=113"}],"curies":[{"name":"wp","href":"https:\/\/api.w.org\/{rel}","templated":true}]}}