{"id":115,"date":"2015-08-17T15:00:35","date_gmt":"2015-08-17T15:00:35","guid":{"rendered":"https:\/\/advancedsofttissuerelease.com\/our-team\/"},"modified":"2022-03-16T12:27:47","modified_gmt":"2022-03-16T18:27:47","slug":"unser-team","status":"publish","type":"page","link":"https:\/\/advancedsofttissuerelease.com\/de\/our-team\/","title":{"rendered":"Unser Team"},"content":{"rendered":"<div data-elementor-type=\"wp-page\" data-elementor-id=\"115\" class=\"elementor elementor-115\" data-elementor-post-type=\"page\">\n\t\t\t\t\t\t<section class=\"elementor-section elementor-top-section elementor-element elementor-element-88158d1 elementor-section-stretched elementor-section-boxed elementor-section-height-default elementor-section-height-default\" data-id=\"88158d1\" data-element_type=\"section\" data-e-type=\"section\" data-settings=\"{&quot;stretch_section&quot;:&quot;section-stretched&quot;}\">\n\t\t\t\t\t\t<div class=\"elementor-container elementor-column-gap-default\">\n\t\t\t\t\t<div class=\"elementor-column elementor-col-100 elementor-top-column elementor-element elementor-element-eb18aef\" data-id=\"eb18aef\" data-element_type=\"column\" data-e-type=\"column\">\n\t\t\t<div class=\"elementor-widget-wrap elementor-element-populated\">\n\t\t\t\t\t\t<div class=\"elementor-element elementor-element-90eebb7 elementor-widget elementor-widget-uael-advanced-heading\" data-id=\"90eebb7\" data-element_type=\"widget\" data-e-type=\"widget\" data-widget_type=\"uael-advanced-heading.default\">\n\t\t\t\t<div class=\"elementor-widget-container\">\n\t\t\t\t\t\n\t\t<div class=\"uael-module-content uael-heading-wrapper\">\n\t\t\t\t\t\t\n\t\t\t<h1 class=\"uael-heading\">\n\t\t\t\t\t\t\t\t\t\t<span class=\"uael-heading-text elementor-inline-editing uael-size--default\" data-elementor-setting-key=\"heading_title\" data-elementor-inline-editing-toolbar=\"basic\">Unser Team<\/span>\n\t\t\t\t\t\t\t<\/h1>\n\n\t\t\t\n\t\t\t\n\t\t\t\n\t\t\t\t\t\t<\/div>\n\t\t\t\t\t\t<\/div>\n\t\t\t\t<\/div>\n\t\t\t\t\t<\/div>\n\t\t<\/div>\n\t\t\t\t\t<\/div>\n\t\t<\/section>\n\t\t\t\t<section class=\"elementor-section elementor-top-section elementor-element elementor-element-80f1693 elementor-section-stretched elementor-section-boxed elementor-section-height-default elementor-section-height-default\" data-id=\"80f1693\" data-element_type=\"section\" data-e-type=\"section\" data-settings=\"{&quot;stretch_section&quot;:&quot;section-stretched&quot;}\">\n\t\t\t\t\t\t<div class=\"elementor-container elementor-column-gap-default\">\n\t\t\t\t\t<div class=\"elementor-column elementor-col-50 elementor-top-column elementor-element elementor-element-5c9f04d\" data-id=\"5c9f04d\" data-element_type=\"column\" data-e-type=\"column\">\n\t\t\t<div class=\"elementor-widget-wrap elementor-element-populated\">\n\t\t\t\t\t\t<div class=\"elementor-element elementor-element-4a5a57e elementor-widget elementor-widget-image\" data-id=\"4a5a57e\" data-element_type=\"widget\" data-e-type=\"widget\" data-widget_type=\"image.default\">\n\t\t\t\t<div class=\"elementor-widget-container\">\n\t\t\t\t\t\t\t\t\t\t\t\t\t\t\t<img fetchpriority=\"high\" decoding=\"async\" width=\"2086\" height=\"2560\" src=\"https:\/\/advancedsofttissuerelease.com\/wp-content\/uploads\/2019\/01\/Dr-Joseph-Jacobs-DPT-ASTR-ACN-scaled.jpg\" class=\"attachment-full size-full wp-image-1630\" alt=\"Dr-Joseph-Jacobs-DPT-ASTR-ACN\" srcset=\"https:\/\/advancedsofttissuerelease.com\/wp-content\/uploads\/2019\/01\/Dr-Joseph-Jacobs-DPT-ASTR-ACN-scaled.jpg 2086w, https:\/\/advancedsofttissuerelease.com\/wp-content\/uploads\/2019\/01\/Dr-Joseph-Jacobs-DPT-ASTR-ACN-1251x1536.jpg 1251w, https:\/\/advancedsofttissuerelease.com\/wp-content\/uploads\/2019\/01\/Dr-Joseph-Jacobs-DPT-ASTR-ACN-1668x2048.jpg 1668w, https:\/\/advancedsofttissuerelease.com\/wp-content\/uploads\/2019\/01\/Dr-Joseph-Jacobs-DPT-ASTR-ACN-10x12.jpg 10w, https:\/\/advancedsofttissuerelease.com\/wp-content\/uploads\/2019\/01\/Dr-Joseph-Jacobs-DPT-ASTR-ACN-1024x1257.jpg 1024w\" sizes=\"(max-width: 2086px) 100vw, 2086px\" \/>\t\t\t\t\t\t\t\t\t\t\t\t\t\t\t<\/div>\n\t\t\t\t<\/div>\n\t\t\t\t\t<\/div>\n\t\t<\/div>\n\t\t\t\t<div class=\"elementor-column elementor-col-50 elementor-top-column elementor-element elementor-element-2b7dd4d\" data-id=\"2b7dd4d\" data-element_type=\"column\" data-e-type=\"column\">\n\t\t\t<div class=\"elementor-widget-wrap elementor-element-populated\">\n\t\t\t\t\t\t<div class=\"elementor-element elementor-element-ac13155 elementor-widget elementor-widget-heading\" data-id=\"ac13155\" data-element_type=\"widget\" data-e-type=\"widget\" data-widget_type=\"heading.default\">\n\t\t\t\t<div class=\"elementor-widget-container\">\n\t\t\t\t\t<h1 class=\"elementor-heading-title elementor-size-default\">Joseph Jacobs, DPT, ACN, ASTRs<\/h1>\t\t\t\t<\/div>\n\t\t\t\t<\/div>\n\t\t\t\t<div class=\"elementor-element elementor-element-b1ae527 elementor-icon-list--layout-traditional elementor-list-item-link-full_width elementor-widget elementor-widget-icon-list\" data-id=\"b1ae527\" data-element_type=\"widget\" data-e-type=\"widget\" data-widget_type=\"icon-list.default\">\n\t\t\t\t<div class=\"elementor-widget-container\">\n\t\t\t\t\t\t\t<ul class=\"elementor-icon-list-items\">\n\t\t\t\t\t\t\t<li class=\"elementor-icon-list-item\">\n\t\t\t\t\t\t\t\t\t\t\t<span class=\"elementor-icon-list-icon\">\n\t\t\t\t\t\t\t<i aria-hidden=\"true\" class=\"auxicon auxicon-primitive-dot\"><\/i>\t\t\t\t\t\t<\/span>\n\t\t\t\t\t\t\t\t\t\t<span class=\"elementor-icon-list-text\">Doktor der Physiotherapie<\/span>\n\t\t\t\t\t\t\t\t\t<\/li>\n\t\t\t\t\t\t\t\t<li class=\"elementor-icon-list-item\">\n\t\t\t\t\t\t\t\t\t\t\t<span class=\"elementor-icon-list-icon\">\n\t\t\t\t\t\t\t<i aria-hidden=\"true\" class=\"auxicon auxicon-primitive-dot\"><\/i>\t\t\t\t\t\t<\/span>\n\t\t\t\t\t\t\t\t\t\t<span class=\"elementor-icon-list-text\">Fortgeschrittene klinische Ern\u00e4hrungsberaterin<\/span>\n\t\t\t\t\t\t\t\t\t<\/li>\n\t\t\t\t\t\t\t\t<li class=\"elementor-icon-list-item\">\n\t\t\t\t\t\t\t\t\t\t\t<span class=\"elementor-icon-list-icon\">\n\t\t\t\t\t\t\t<i aria-hidden=\"true\" class=\"auxicon auxicon-primitive-dot\"><\/i>\t\t\t\t\t\t<\/span>\n\t\t\t\t\t\t\t\t\t\t<span class=\"elementor-icon-list-text\">Functional Medicine Practitioner &amp; Instructor<\/span>\n\t\t\t\t\t\t\t\t\t<\/li>\n\t\t\t\t\t\t\t\t<li class=\"elementor-icon-list-item\">\n\t\t\t\t\t\t\t\t\t\t\t<span class=\"elementor-icon-list-icon\">\n\t\t\t\t\t\t\t<i aria-hidden=\"true\" class=\"auxicon auxicon-primitive-dot\"><\/i>\t\t\t\t\t\t<\/span>\n\t\t\t\t\t\t\t\t\t\t<span class=\"elementor-icon-list-text\">Erfinder von ASTR<\/span>\n\t\t\t\t\t\t\t\t\t<\/li>\n\t\t\t\t\t\t\t\t<li class=\"elementor-icon-list-item\">\n\t\t\t\t\t\t\t\t\t\t\t<span class=\"elementor-icon-list-icon\">\n\t\t\t\t\t\t\t<i aria-hidden=\"true\" class=\"auxicon auxicon-primitive-dot\"><\/i>\t\t\t\t\t\t<\/span>\n\t\t\t\t\t\t\t\t\t\t<span class=\"elementor-icon-list-text\">Genehmigung f\u00fcr 8 Patente erhalten<\/span>\n\t\t\t\t\t\t\t\t\t<\/li>\n\t\t\t\t\t\t\t\t<li class=\"elementor-icon-list-item\">\n\t\t\t\t\t\t\t\t\t\t\t<span class=\"elementor-icon-list-icon\">\n\t\t\t\t\t\t\t<i aria-hidden=\"true\" class=\"auxicon auxicon-primitive-dot\"><\/i>\t\t\t\t\t\t<\/span>\n\t\t\t\t\t\t\t\t\t\t<span class=\"elementor-icon-list-text\">Bilden Sie \u00c4rzte weltweit aus<\/span>\n\t\t\t\t\t\t\t\t\t<\/li>\n\t\t\t\t\t\t\t\t<li class=\"elementor-icon-list-item\">\n\t\t\t\t\t\t\t\t\t\t\t<span class=\"elementor-icon-list-icon\">\n\t\t\t\t\t\t\t<i aria-hidden=\"true\" class=\"auxicon auxicon-primitive-dot\"><\/i>\t\t\t\t\t\t<\/span>\n\t\t\t\t\t\t\t\t\t\t<span class=\"elementor-icon-list-text\">Krebs\u00fcberlebender<\/span>\n\t\t\t\t\t\t\t\t\t<\/li>\n\t\t\t\t\t\t<\/ul>\n\t\t\t\t\t\t<\/div>\n\t\t\t\t<\/div>\n\t\t\t\t\t<\/div>\n\t\t<\/div>\n\t\t\t\t\t<\/div>\n\t\t<\/section>\n\t\t\t\t<section class=\"elementor-section elementor-top-section elementor-element elementor-element-64e73f8 elementor-section-stretched elementor-section-boxed elementor-section-height-default elementor-section-height-default\" data-id=\"64e73f8\" data-element_type=\"section\" data-e-type=\"section\" data-settings=\"{&quot;stretch_section&quot;:&quot;section-stretched&quot;}\">\n\t\t\t\t\t\t<div class=\"elementor-container elementor-column-gap-default\">\n\t\t\t\t\t<div class=\"elementor-column elementor-col-50 elementor-top-column elementor-element elementor-element-f172cb9\" data-id=\"f172cb9\" data-element_type=\"column\" data-e-type=\"column\">\n\t\t\t<div class=\"elementor-widget-wrap elementor-element-populated\">\n\t\t\t\t\t\t<div class=\"elementor-element elementor-element-67ab3fc elementor-widget elementor-widget-text-editor\" data-id=\"67ab3fc\" data-element_type=\"widget\" data-e-type=\"widget\" data-widget_type=\"text-editor.default\">\n\t\t\t\t<div class=\"elementor-widget-container\">\n\t\t\t\t\t\t\t\t\t<p>Doktor Joseph Jacobs ist ein Krebs\u00fcberlebender. Er litt unter chronischer Migr\u00e4ne, Kopfschmerzen, M\u00fcdigkeit und Schmerzen, bevor er die ASTR-Spezialit\u00e4t erfand. Er hat einen Doktortitel in Physiotherapie vom Dominican College in New York und einen Bachelor-Abschluss mit Schwerpunkt Hotel- und Restaurantmanagement von der Fairleigh Dickinson University in New Jersey.<\/p><p>Dr. Jacobs begann mit der Erforschung und Entwicklung seiner neuen Spezialit\u00e4t, um die Schmerzen von Patienten effektiver zu behandeln als Methoden, die er in der Schule gelernt hatte. Von 2011 bis 2021 entwickelte er die Man\u00f6ver, Werkzeuge und Methoden, aus denen ASTR besteht, weiter und verfeinerte die Elemente von ASTR durch laufende Forschung weiter. Advanced Soft Tissue Release (ASTR) wurde vom US Patent and Trademark Office registriert.<\/p><p><strong>\u00a0<\/strong><strong style=\"color: var( --e-global-color-text ); font-family: var( --e-global-typography-text-font-family ), verdana;\">Zu den Techniken und Instrumenten, die Doctor Jacobs erfunden hat, geh\u00f6ren:\u00a0<\/strong><\/p><p>\u2013 Advanced Soft Tissue Release\u00ae (ASTR\u00ae)<\/p><p>\u2013 Tension Release TechniqueTM<\/p><p>\u2013 ASTR-Instrumente I, II, III, IV, V und VI (patentiert)<\/p><p>\u2013 Fascia ScaleTM<\/p><p>\u2013 Fibrose (Narbe) ScaleTM<\/p><p>\u2013 TriggerpunktskalaTM<\/p><p>\u2013 Muscle Spasm ScaleTM<\/p><p>\u2013 BioPsycho-Release (BPR)TM<\/p><p>\u00a0<\/p><p>Dr. Jacobs Lebensziel ist es, kontinuierlich neue Instrumente, Theorien und Methoden zu entwickeln und zu erforschen, um die medizinische Industrie zu revolutionieren und Schmerzen schneller und effektiver zu lindern.<\/p><p>Dr. Jacobs verbreitet sein Wissen und seine Forschung weiterhin, indem er \u00c4rzte und Gesundheitsdienstleister weltweit \u00fcber eine Vielzahl von Plattformen unterrichtet, darunter Vortr\u00e4ge in TedX Talks und Beitr\u00e4ge in mehreren Zeitschriften. Dr. Jacobs vertraut darauf, Patienten aus der ganzen Welt eine langfristige Schmerzlinderung und eine wirksame ASTR-Therapie anzubieten.<\/p><p><strong>Dr. Jacobs glaubt fest an kontinuierliche Weiterbildung und hat B\u00fccher gelesen und Kurse zu den folgenden Themen besucht:<\/strong><\/p><p>\u2013 Funktionelle Medizin<\/p><p>- Ern\u00e4hrung<\/p><p>\u2013 Myofasziale Freisetzung<\/p><p>\u2013 Zug-Gegenzug<\/p><p>\u2013 Muskelenergietechnik (MET)<\/p><p>\u2013 Weichteilmobilisation<\/p><p>\u2013 Gemeinsame Mobilisierung (einschlie\u00dflich Mulligan-Konzept)<\/p><p>\u2013 Ausl\u00f6sepunktfreigabe<\/p><p>\u2013 Primal Reflex Release Technique (PRRT)<\/p><p>\u2013 Propriozeptive neuromuskul\u00e4re Fazilitation (PNF)<\/p><p>\u2013 Neuromuskul\u00e4re Umerziehung<\/p><p>\u2013 Mobilisierung des Bindegewebes<\/p><p>\u2013 Cranioscaral-Release<\/p><p>\u2013 Faszienverzerrung<\/p><p>\u2013 Viszerale Mobilisierung<\/p><p>\u2013 Bowen-Therapie<\/p><p>\u2013 Rolfen<\/p><p>- Massage<\/p><p>- Kognitive Verhaltenstherapie<\/p><p>\u2013 Technik der emotionalen Freiheit<\/p><p>\u2013 Gespr\u00e4chstherapie<\/p><p>- Und vieles mehr<\/p>\t\t\t\t\t\t\t\t<\/div>\n\t\t\t\t<\/div>\n\t\t\t\t\t<\/div>\n\t\t<\/div>\n\t\t\t\t<div class=\"elementor-column elementor-col-50 elementor-top-column elementor-element elementor-element-79fd9f0\" data-id=\"79fd9f0\" data-element_type=\"column\" data-e-type=\"column\">\n\t\t\t<div class=\"elementor-widget-wrap elementor-element-populated\">\n\t\t\t\t\t\t<div class=\"elementor-element elementor-element-f888a15 uael-heading-align-center elementor-widget elementor-widget-uael-advanced-heading\" data-id=\"f888a15\" data-element_type=\"widget\" data-e-type=\"widget\" data-widget_type=\"uael-advanced-heading.default\">\n\t\t\t\t<div class=\"elementor-widget-container\">\n\t\t\t\t\t\n\t\t<div class=\"uael-module-content uael-heading-wrapper\">\n\t\t\t\t\t\t\n\t\t\t<h2 class=\"uael-heading\">\n\t\t\t\t\t\t\t\t\t\t<span class=\"uael-heading-text elementor-inline-editing uael-size--default\" data-elementor-setting-key=\"heading_title\" data-elementor-inline-editing-toolbar=\"basic\">Traditionelle Perspektiven zur Schmerzlinderung in Frage stellen | Dr. Jacobs TEDx-Vortrag<\/span>\n\t\t\t\t\t\t\t<\/h2>\n\n\t\t\t\n\t\t\t\n\t\t\t\n\t\t\t\t\t\t<\/div>\n\t\t\t\t\t\t<\/div>\n\t\t\t\t<\/div>\n\t\t\t\t<div class=\"elementor-element elementor-element-0358da1 uael-aspect-ratio-16_9 uael-youtube-subscribe-no elementor-widget elementor-widget-uael-video\" data-id=\"0358da1\" data-element_type=\"widget\" data-e-type=\"widget\" data-widget_type=\"uael-video.default\">\n\t\t\t\t<div class=\"elementor-widget-container\">\n\t\t\t\t\t\t\t\t\t\t\t<div class=\"uael-video__outer-wrap  uael-video-type-youtube uael-video-play-lightbox\" data-device=\"false\" data-vsticky=\"no\" data-hidedesktop=\"\" data-hidetablet=\"\" data-hidemobile=\"\" data-vsticky-viewport=\"0\" data-elementor-open-lightbox=\"yes\" data-elementor-lightbox=\"{&quot;type&quot;:&quot;video&quot;,&quot;videoType&quot;:&quot;youtube&quot;,&quot;url&quot;:&quot;https:\\\/\\\/www.youtube.com\\\/embed\\\/aO3ZEcULNco?rel=0&amp;start&amp;end&amp;controls=1&amp;mute=0&amp;modestbranding=0&amp;&quot;,&quot;modalOptions&quot;:{&quot;id&quot;:&quot;elementor-lightbox-0358da1&quot;,&quot;entranceAnimation&quot;:&quot;&quot;,&quot;entranceAnimation_tablet&quot;:&quot;&quot;,&quot;entranceAnimation_mobile&quot;:&quot;&quot;,&quot;videoAspectRatio&quot;:&quot;169&quot;}}\">\n\t\t\t\t\t\t<div class=\"uael-video-inner-wrap\">\n\t\t\t\t<div class=\"uael-video__play\" data-src=\"https:\/\/www.youtube.com\/embed\/aO3ZEcULNco?rel=0&amp;start&amp;end&amp;controls=1&amp;mute=0&amp;modestbranding=0&amp;\">\n\t\t\t\t\t<img decoding=\"async\" class=\"uael-video__thumb\" src=\"https:\/\/i.ytimg.com\/vi\/aO3ZEcULNco\/maxresdefault.jpg\" alt=\"\"><\/img>\n\t\t\t\t\t<div class=\"uael-video__play-icon uael-animation-\">\n\t\t\t\t\t\t<i aria-hidden=\"true\" class=\"fas fa-play-circle\"><\/i>\t\t\t\t\t<\/div>\n\t\t\t\t<\/div>\n\t\t\t\t\t\t\t\t\t\t\t<\/div>\n\t\t<\/div>\n\t\t\t\t\t\t\t<\/div>\n\t\t\t\t<\/div>\n\t\t\t\t\t<\/div>\n\t\t<\/div>\n\t\t\t\t\t<\/div>\n\t\t<\/section>\n\t\t\t\t<\/div>","protected":false},"excerpt":{"rendered":"<p>Our Team Joseph Jacobs, DPT, ACN, ASTRs Doctor of Physical Therapy Advanced Clinical Nutritionist Functional Medicine Practitioner &#038; Instructor Inventor of ASTR Received approval for 8 patents Educate doctors worldwide Cancer survivor Doctor Joseph Jacobs is a cancer survivor. He used to suffer from chronic migraines, headaches, fatigue and pain before he invented ASTR speciality. [&hellip;]<\/p>\n","protected":false},"author":2447,"featured_media":503,"parent":0,"menu_order":7,"comment_status":"closed","ping_status":"closed","template":"","meta":{"_analytify_skip_tracking":false,"footnotes":""},"class_list":["post-115","page","type-page","status-publish","has-post-thumbnail","hentry"],"_links":{"self":[{"href":"https:\/\/advancedsofttissuerelease.com\/de\/wp-json\/wp\/v2\/pages\/115","targetHints":{"allow":["GET"]}}],"collection":[{"href":"https:\/\/advancedsofttissuerelease.com\/de\/wp-json\/wp\/v2\/pages"}],"about":[{"href":"https:\/\/advancedsofttissuerelease.com\/de\/wp-json\/wp\/v2\/types\/page"}],"author":[{"embeddable":true,"href":"https:\/\/advancedsofttissuerelease.com\/de\/wp-json\/wp\/v2\/users\/2447"}],"replies":[{"embeddable":true,"href":"https:\/\/advancedsofttissuerelease.com\/de\/wp-json\/wp\/v2\/comments?post=115"}],"version-history":[{"count":0,"href":"https:\/\/advancedsofttissuerelease.com\/de\/wp-json\/wp\/v2\/pages\/115\/revisions"}],"wp:featuredmedia":[{"embeddable":true,"href":"https:\/\/advancedsofttissuerelease.com\/de\/wp-json\/wp\/v2\/media\/503"}],"wp:attachment":[{"href":"https:\/\/advancedsofttissuerelease.com\/de\/wp-json\/wp\/v2\/media?parent=115"}],"curies":[{"name":"wp","href":"https:\/\/api.w.org\/{rel}","templated":true}]}}