{"id":120,"date":"2015-09-15T19:32:08","date_gmt":"2015-09-16T01:32:08","guid":{"rendered":"https:\/\/advancedsofttissuerelease.com\/manual-therapy\/"},"modified":"2022-02-20T18:59:15","modified_gmt":"2022-02-21T01:59:15","slug":"manuelle-therapie-definitionstypen-zwecke-stile","status":"publish","type":"page","link":"https:\/\/advancedsofttissuerelease.com\/de\/manual-therapy-definition-types-purposes-styles\/","title":{"rendered":"Manuelle Therapie: Definition, Arten, Zwecke und Stile"},"content":{"rendered":"<h1 style=\"text-align: left;\"><strong>Manuelle Therapie: Definition, Typen, Zwecke und Stile<\/strong><\/h1>\n<h2><strong>Was ist manuelle Therapie?<\/strong><\/h2>\n<p>Manuelle Therapie ist eine Form der physikalischen, praktischen Behandlung, die von vielen medizinischen Fachkr\u00e4ften zur Behandlung von Beschwerden und Verletzungen des Bewegungsapparates eingesetzt wird. Die drei Hauptarten der manuellen Therapie sind Manipulation, Mobilisierung und Massage. Zu den medizinischen Fachkr\u00e4ften, die manuelle Therapie anwenden, geh\u00f6ren Massagetherapeuten, Physiotherapeuten, Ergotherapeuten, Osteopathen und osteopathische \u00c4rzte.<\/p>\n<h3><strong><u>1. Manipulation:<\/u><\/strong><\/h3>\n<p>Schnelles Aufbringen von Kraft in Rotations-, Scher- oder Distraktionsrichtung auf ein Gelenk. Dies tritt h\u00e4ufig mit einem knallenden Ger\u00e4usch auf.<\/p>\n<h3><strong><u>2. Mobilisierung:<\/u><\/strong><\/h3>\n<p>Langsame, kontrollierte passive Bewegung eines Gelenks zur Erzielung einer therapeutischen Wirkung.<\/p>\n<h3><strong><u>3. Massagetherapie:<\/u><\/strong><\/h3>\n<p>Wiederholtes Kneten, Reiben oder Strippen von myofaszialen Geweben zur Verbesserung der interstitiellen Fl\u00fcssigkeitsdynamik.<\/p>\n<h2 style=\"text-align: left;\">Zwecke der manuellen Therapie in der Physiotherapie<\/h2>\n<p>Zu den Zwecken der manuellen Therapie in der Physiotherapie geh\u00f6ren:<\/p>\n<ol style=\"margin-left: 120px;\">\n<li>Nachlassender Schmerz<\/li>\n<li>Erh\u00f6hen Sie den Bewegungsumfang<\/li>\n<li>Reduzierung von Weichteilentz\u00fcndungen<\/li>\n<li>Entspannung einleiten<\/li>\n<li>Verbesserung der Reparatur, Dehnbarkeit und\/oder Stabilit\u00e4t von kontraktilem und nicht-kontraktilem Gewebe<\/li>\n<li>Bewegung erleichtern<\/li>\n<li>Funktion verbessern<\/li>\n<\/ol>\n<h2 style=\"text-align: left;\"><strong>Stile der Manuellen Therapie\u00a0<\/strong><\/h2>\n<table style=\"width: 750px;\" border=\"1\" cellspacing=\"1\" cellpadding=\"1\">\n<tbody>\n<tr>\n<td style=\"width: 215px;\">Akupressur<\/td>\n<td style=\"width: 264px;\">Gemeinsame Mobilisierung<\/td>\n<td style=\"width: 253px;\">Physiotherapie<\/td>\n<\/tr>\n<tr>\n<td style=\"width: 215px;\">Anma<\/td>\n<td style=\"width: 264px;\">Nachrichtentherapie<\/td>\n<td style=\"width: 253px;\">Polarit\u00e4tstherapie<\/td>\n<\/tr>\n<tr>\n<td style=\"width: 215px;\">ASTR<\/td>\n<td style=\"width: 264px;\">Matrix-Energetik<\/td>\n<td style=\"width: 253px;\">Rolfing Strukturelle Integration<\/td>\n<\/tr>\n<tr>\n<td style=\"width: 215px;\">Karosserie<\/td>\n<td style=\"width: 264px;\">Manuelle Lymphdrainage<\/td>\n<td style=\"width: 253px;\">Seitai<\/td>\n<\/tr>\n<tr>\n<td style=\"width: 215px;\">Knocheneinstellung<\/td>\n<td style=\"width: 264px;\">Medizinische Akupunktur<\/td>\n<td style=\"width: 253px;\">Manipulation der Wirbels\u00e4ule<\/td>\n<\/tr>\n<tr>\n<td style=\"width: 215px;\">Bowen-Technik<\/td>\n<td style=\"width: 264px;\">Muskelenergietechniken<\/td>\n<td style=\"width: 253px;\">Mobilisierung der Wirbels\u00e4ule<\/td>\n<\/tr>\n<tr>\n<td style=\"width: 215px;\">Chiropraktik<\/td>\n<td style=\"width: 264px;\">Myofasziale Freisetzung<\/td>\n<td style=\"width: 253px;\">Sotai<\/td>\n<\/tr>\n<tr>\n<td style=\"width: 215px;\">Cranio-Sacral-Therapie<\/td>\n<td style=\"width: 264px;\">Myotherapie<\/td>\n<td style=\"width: 253px;\">Shiatsu<\/td>\n<\/tr>\n<tr>\n<td style=\"width: 215px;\">Dorn-Methode<\/td>\n<td style=\"width: 264px;\">Naprapathie<\/td>\n<td style=\"width: 253px;\">Traktion<\/td>\n<\/tr>\n<tr>\n<td style=\"width: 215px;\">Integrative Manuelle Therapie<\/td>\n<td style=\"width: 264px;\">Osteopathische Manipulative Medizin<\/td>\n<td style=\"width: 253px;\">Tui Na<\/td>\n<\/tr>\n<tr>\n<td style=\"width: 215px;\">Gemeinsame Manipulation<\/td>\n<td style=\"width: 264px;\">Osteopathie<\/td>\n<td style=\"width: 253px;\">Nullabgleich<\/td>\n<\/tr>\n<\/tbody>\n<\/table>\n<h1 style=\"text-align: left;\"><strong>Manuelle Therapie und ASTR<\/strong><\/h1>\n<p>ASTR behandelt Schmerzen auf sanfte, effektive und nat\u00fcrliche Weise, indem es Narbengewebe, Triggerpunkte und Faszienrestriktionen l\u00f6st. ASTR verfolgt einen ganzheitlichen Ansatz, um die Ursachen von Schmerzen anzugehen, nicht nur die Symptome. Die manuelle ASTR-Therapie kann zu Hause durchgef\u00fchrt werden.<\/p>\n<h1>Online-Kurs Manuelle Therapie<\/h1>\n<p><iframe title=\"Die 3 wichtigsten Gr\u00fcnde, warum sich \u00c4rzte f\u00fcr die ASTR-Behandlung entscheiden\" width=\"800\" height=\"450\" src=\"https:\/\/www.youtube.com\/embed\/2tVG_3-t9_Q?feature=oembed\" frameborder=\"0\" allow=\"accelerometer; autoplay; clipboard-write; encrypted-media; gyroscope; picture-in-picture; web-share\" allowfullscreen><\/iframe><\/p>\n<h3>Betrachten<\/h3>\n<p>Behandeln Sie die Ursache des Problems!<\/p>\n<h2><a href=\"https:\/\/advancedsofttissuerelease.com\/de\/astr-gesundheitsversorger-lehrgang-2\/\">Energie minimieren. Ergebnisse maximieren.<\/a><\/h2>\n<ul>\n<li>Schnelle Ergebnisse<\/li>\n<li>Einfach zu verwenden<\/li>\n<li>Ergonomisch gestaltet<\/li>\n<li>Nat\u00fcrlicher ganzheitlicher Ansatz<\/li>\n<li>Behandlung der Grundursache des Problems<\/li>\n<li>Selbstgesteuertes Online-Training<\/li>\n<li>Erfunden von einem Arzt, der chronische Schmerzen hatte<\/li>\n<li>Gest\u00fctzt durch \u00fcber 45 Studien<\/li>\n<\/ul>\n<p><a role=\"button\" href=\"https:\/\/advancedsofttissuerelease.com\/de\/astr-gesundheitsversorger-lehrgang-2\/\"><br \/>\nWerden Sie ASTR-Anbieter<br \/>\n<\/a><\/p>\n<h2>\u00c4rzte empfehlen ASTR<\/h2>\n<p><i>\ue934<\/i><i>\ue934<\/i><i>\ue934<\/i><i>\ue934<\/i><i>\ue934<\/i> 5\/5<br \/>\n<a role=\"button\" href=\"https:\/\/advancedsofttissuerelease.com\/de\/arztbewertungen\/\"><br \/>\nVideos mit \u00c4rztebewertungen ansehen<br \/>\n<\/a><br \/>\n&#8220;<b>Vor der ASTR-Behandlung musste ich die Patienten in der Regel 2-3 Monate lang behandeln, um die Ergebnisse zu erzielen, die ich mit der ASTR-Behandlung erreiche. Mit der ASTR-Behandlung erreiche ich die Ergebnisse in weniger als 5 Besuchen<\/b>&#8221;<br \/>\n<img decoding=\"async\" src=\"https:\/\/advancedsofttissuerelease.com\/wp-content\/uploads\/2021\/05\/mq2-1.jpg\" alt=\"Derek Biesheuvel, PT\" \/><br \/>\n<cite>Derek Biesheuvel, PTPhysical Therapist \u2013 20 Jahre Praxis<\/cite><br \/>\n\u201eEs unterscheidet sich von anderen Kursen, die ich besucht habe, weil es den ganzen K\u00f6rper einbezieht und <b>es ist wissenschaftlich fundiert und wirksam, Sie werden sofort Ergebnisse sehen<\/b>&#8221;<br \/>\n<img decoding=\"async\" src=\"https:\/\/advancedsofttissuerelease.com\/wp-content\/uploads\/2021\/05\/LisaKwan.jpg\" alt=\"Lisa Kwan, PT\" \/><br \/>\n<cite>Lisa Kwan, PTPhysical Therapist \u2013 18 Jahre Praxis<\/cite><br \/>\n&#8220;<b>Der ASTR-Kurs ist solide und die Behandlung wird Ihre Praxis ver\u00e4ndern \u2026 Ich bin der Meinung, dass jeder Physiotherapeut \u00fcber ASTR Bescheid wissen sollte<\/b>\u2026 Physiotherapeuten, Chiropraktiker und Wellnessexperten nehmen an ASTR-Kursen teil.\u201c<br \/>\n<img decoding=\"async\" src=\"https:\/\/advancedsofttissuerelease.com\/wp-content\/uploads\/2021\/05\/mq3.jpg\" alt=\"Dr. Roland Samaniego, DPT\" \/><br \/>\n<cite>Dr. Roland Samaniego, DPTDoktor f\u00fcr Physiotherapie \u2013 16 Jahre Praxis<\/cite><br \/>\n&#8220;<b>Wenn Sie etwas suchen, das Ihren Patienten schnelle und zufriedenstellende Ergebnisse bringt, dann ist dies definitiv der richtige Kurs f\u00fcr Sie<\/b>, lernen Sie es und wenden Sie es sofort an Ihren Patienten an. Ich empfehle es auf jeden Fall\u201d<br \/>\n<img decoding=\"async\" src=\"https:\/\/advancedsofttissuerelease.com\/wp-content\/uploads\/2021\/05\/mq1.jpg\" alt=\"Dr. Amin Nia, DC\" \/><br \/>\n<cite>Dr. Amin Nia, DCDoctor of Chiropractic \u2013 28 Jahre Praxis<\/cite><br \/>\n&#8220;<b>Ich habe seitdem 32 Jahre lang nach so etwas wie ASTR gesucht!\u2026.Du musst diesen Kurs belegen<\/b> von Dr. Jacobs, <b>Dies sind die besten Ergebnisse<\/b> und ich habe mir alles andere angeschaut und ausprobiert und letztendlich hat nichts funktioniert und <b>das ist atemberaubend<\/b>!&#8221;<br \/>\n<img decoding=\"async\" src=\"https:\/\/advancedsofttissuerelease.com\/wp-content\/uploads\/2021\/05\/mq2.jpg\" alt=\"Dr. Charles Hough, DC\" \/><br \/>\n<cite>Dr. Charles Hough, DCDoktor der Chiropraktik \u2013 32 Jahre Praxis<\/cite><br \/>\n\u201eVon der Chiropraktikschule haben wir gelehrt, den ganzen K\u00f6rper zu behandeln, und dies ist ein System (ASTR), das dies auf sehr effiziente Weise tut <b>unmittelbare Ergebnisse<\/b>&#8221;<br \/>\n<img decoding=\"async\" src=\"https:\/\/advancedsofttissuerelease.com\/wp-content\/uploads\/2021\/05\/mq2-2.jpg\" alt=\"Dr. Gary Wat, DC\" \/><br \/>\n<cite>Dr. Gary Wat, DCDoktor der Chiropraktik \u2013 14 Jahre Praxis<\/cite><br \/>\n\u201eIch bin jetzt seit \u00fcber 3 Jahren in der Physiotherapiebranche t\u00e4tig. Vor 6 Monaten habe ich angefangen mit Dr.Jacobs zu arbeiten und das muss ich sagen <b>Ich habe noch nie eine so erfolgreiche Genesung von Patienten erlebt wie hier.<\/b>. Dr. Joseph Jacobs wei\u00df definitiv, wie man mit seinen patentierten Werkzeugen und Methoden der Physiotherapie an die Wurzel der Beschwerden des Patienten vordringt. <b>Anfangs war ich skeptisch, aber nachdem ich wiederholt die Genesung von Patienten miterlebt habe, glaube ich inzwischen an seine Praxis.<\/b>. Ich bin stolz darauf, ein Teil davon zu sein, Patienten bei ihrer Genesung zu helfen.\u201c<br \/>\n<img decoding=\"async\" src=\"https:\/\/advancedsofttissuerelease.com\/wp-content\/uploads\/2021\/05\/148B0148-70-scaled.jpg\" alt=\"DeeAnn Pop\" \/><br \/>\n<cite>DeeAnn PopPreviews-Mitarbeiterin<\/cite><br \/>\n&quot;DR. Jacobs ist sehr sachkundig, ich respektiere ihn sehr\u2026.<b>Wenn Sie Ihre Praxis verbessern wollen, m\u00fcssen Sie den ASTR-Kurs besuchen.<\/b>. Dieses Etwas wird in Zukunft immer gr\u00f6\u00dfer werden.\u201c<br \/>\n<img decoding=\"async\" src=\"https:\/\/advancedsofttissuerelease.com\/wp-content\/uploads\/2021\/05\/mq3-1.jpg\" alt=\"Dr. Niklas Fougner, DC\" \/><br \/>\n<cite>Dr. Niklas Fougner, DCDoctor of Chiropractic \u2013 20 Jahre Praxis<\/cite><br \/>\n\u201eASTR ist ein sehr einzigartiges Konzept und eine Disziplin f\u00fcr sich, das kann man nirgendwo anders lernen. Ich habe noch nie etwas so Einzigartiges wie ASTR gesehen oder praktiziert. Sie k\u00f6nnen nicht sagen, dass ich meinen Abschluss gemacht und all das Wissen bekommen habe, das ich brauche. <b>Sie m\u00fcssen ASTR ausprobieren, denn es funktioniert wirklich und ich kann es nur empfehlen.<\/b>&#8221;<br \/>\n<img decoding=\"async\" src=\"https:\/\/advancedsofttissuerelease.com\/wp-content\/uploads\/2021\/05\/mq3-2.jpg\" alt=\"Rabih Mezher, OT\" \/><br \/>\n<cite>Rabih Mezher, OTOBerufstherapeut<\/cite><br \/>\n&quot;DR. Jacobs ist ein Pionier, er hat viel einfachere Anwendungen entwickelt, die eine sehr schnelle myofasziale Freisetzung bewirken. Es ist sehr einfach f\u00fcr den Patienten und f\u00fcr den Arzt, der es anwendet. <b>Ich bin von der ASTR-Technik sehr begeistert. Ich hoffe, dass alle \u00c4rzte, die physikalische Medizin praktizieren, einen Blick darauf werfen.<\/b>&#8221;<br \/>\n<img decoding=\"async\" src=\"https:\/\/advancedsofttissuerelease.com\/wp-content\/uploads\/2021\/05\/mq3-1-1.jpg\" alt=\"Dr. Maria Angle, DC\" \/><br \/>\n<cite>Dr. Maria Angle, DCChiropraktikerin und \u00c4rztin f\u00fcr orientalische Medizin \u2013 seit 18 Jahren in der Praxis<\/cite><br \/>\n\u201eIch ermutige (Gesundheitsdienstleister) auf jeden Fall, dieses Programm zu \u00fcberpr\u00fcfen und sich anzumelden <b>an dieser revolution\u00e4ren Behandlung teilzunehmen. Dies ist der beste Kurs in manueller Therapie, den ich je besucht habe<\/b>&#8221;<br \/>\n<img decoding=\"async\" src=\"https:\/\/advancedsofttissuerelease.com\/wp-content\/uploads\/2021\/05\/mq3-3.jpg\" alt=\"Sherwin Gagatam, PT\" \/><br \/>\n<cite>Sherwin Gagatam, PTPhysical Therapist \u2013 15 Jahre Praxis<\/cite><br \/>\nBisherige<br \/>\nN\u00e4chste<br \/>\n<iframe title=\"Lindern Sie chronische Schmerzen sofort und einfach!\" width=\"800\" height=\"450\" src=\"https:\/\/www.youtube.com\/embed\/07mLKtiiyBc?start=2&#038;feature=oembed\" frameborder=\"0\" allow=\"accelerometer; autoplay; clipboard-write; encrypted-media; gyroscope; picture-in-picture; web-share\" allowfullscreen><\/iframe><\/p>","protected":false},"excerpt":{"rendered":"<p>Manual Therapy: Definition, Types, Purposes &amp; Styles What is Manual Therapy? Manual therapy is a form of physical, hands-on treatment that is used by many types of medical professionals to address musculoskeletal ailments and injuries. The three main types of manual therapy are manipulation, mobilization, and massage. Medical professionals that utilize manual therapy include massage [&hellip;]<\/p>\n","protected":false},"author":1,"featured_media":0,"parent":0,"menu_order":227,"comment_status":"closed","ping_status":"closed","template":"","meta":{"_analytify_skip_tracking":false,"footnotes":""},"class_list":["post-120","page","type-page","status-publish","hentry"],"_links":{"self":[{"href":"https:\/\/advancedsofttissuerelease.com\/de\/wp-json\/wp\/v2\/pages\/120","targetHints":{"allow":["GET"]}}],"collection":[{"href":"https:\/\/advancedsofttissuerelease.com\/de\/wp-json\/wp\/v2\/pages"}],"about":[{"href":"https:\/\/advancedsofttissuerelease.com\/de\/wp-json\/wp\/v2\/types\/page"}],"author":[{"embeddable":true,"href":"https:\/\/advancedsofttissuerelease.com\/de\/wp-json\/wp\/v2\/users\/1"}],"replies":[{"embeddable":true,"href":"https:\/\/advancedsofttissuerelease.com\/de\/wp-json\/wp\/v2\/comments?post=120"}],"version-history":[{"count":0,"href":"https:\/\/advancedsofttissuerelease.com\/de\/wp-json\/wp\/v2\/pages\/120\/revisions"}],"wp:attachment":[{"href":"https:\/\/advancedsofttissuerelease.com\/de\/wp-json\/wp\/v2\/media?parent=120"}],"curies":[{"name":"wp","href":"https:\/\/api.w.org\/{rel}","templated":true}]}}