{"id":125,"date":"2015-12-06T03:03:19","date_gmt":"2015-12-06T03:03:19","guid":{"rendered":"https:\/\/advancedsofttissuerelease.com\/scar-tissue\/"},"modified":"2021-12-11T15:13:32","modified_gmt":"2021-12-11T22:13:32","slug":"narbengewebe-freisetzung-symptome-ursachen-behandlung-2","status":"publish","type":"page","link":"https:\/\/advancedsofttissuerelease.com\/de\/scar-tissue-release-symptoms-causes-treatment\/","title":{"rendered":"Freisetzung von Narbengewebe: Symptome, Ursachen und Behandlung"},"content":{"rendered":"<h1 style=\"text-align: left;\"><span style=\"color: #696969;\"><span style=\"font-family: verdana,geneva,sans-serif;\"><strong>Freisetzung von Narbengewebe: Symptome, Ursachen und Behandlung<\/strong><\/span><\/span><\/h1>\n<p><iframe title=\"Wie wird man Narbengewebe los? FINDE HACKS HIER!\" width=\"800\" height=\"450\" src=\"https:\/\/www.youtube.com\/embed\/mmL_sD0-_Bk?start=19&#038;feature=oembed\" frameborder=\"0\" allow=\"accelerometer; autoplay; clipboard-write; encrypted-media; gyroscope; picture-in-picture; web-share\" allowfullscreen><\/iframe><\/p>\n<p><span style=\"color: #696969;\"><span style=\"font-family: verdana,geneva,sans-serif;\">Als Reaktion auf Gewebesch\u00e4den bildet sich Narbengewebe im ganzen K\u00f6rper, um eine Verletzungsstelle vor\u00fcbergehend zu reparieren, bis st\u00e4rkeres, dauerhafteres Gewebe entsteht. Es kann sich bilden, wenn der K\u00f6rper Verletzungen, Stress, Krankheiten, Operationen, einem Unfall, l\u00e4ngerer schlechter K\u00f6rperhaltung und unsachgem\u00e4\u00dfer K\u00f6rpermechanik ausgesetzt ist. W\u00e4hrend des normalen Heilungsprozesses wird das meiste tempor\u00e4re Narbengewebe wieder in den K\u00f6rper aufgenommen, nachdem das permanente Gewebe hergestellt wurde. Gelegentlich wird der Heilungsprozess gest\u00f6rt und es bildet sich zu viel Narbengewebe, wodurch \u00fcberm\u00e4\u00dfiger Druck auf die umliegenden Muskeln, Blutgef\u00e4\u00dfe, Nerven, Knochen und Organe ausge\u00fcbt wird. Dies kann Schmerzen verursachen und\/oder die Bewegungsfreiheit eines Gelenks einschr\u00e4nken.<\/span><\/span><\/p>\n<h2 style=\"text-align: left;\"><span style=\"color: #696969;\"><span style=\"font-family: verdana,geneva,sans-serif;\">Ursachen von Narbengewebe\u00a0<\/span><\/span><\/h2>\n<p><span style=\"color: #696969;\"><span style=\"font-family: verdana,geneva,sans-serif;\">Ursachen f\u00fcr Narbengewebe sind:<\/span><\/span><\/p>\n<ol style=\"margin-left: 120px;\">\n<li><span style=\"color: #696969;\"><span style=\"font-family: verdana,geneva,sans-serif;\">Schlechte Haltung<\/span><\/span><\/li>\n<li><span style=\"color: #696969;\"><span style=\"font-family: verdana,geneva,sans-serif;\">Unf\u00e4lle<\/span><\/span><\/li>\n<li><span style=\"color: #696969;\"><span style=\"font-family: verdana,geneva,sans-serif;\">Entz\u00fcndung<\/span><\/span><\/li>\n<li><span style=\"color: #696969;\"><span style=\"font-family: verdana,geneva,sans-serif;\">Verletzung<\/span><\/span><\/li>\n<li><span style=\"color: #696969;\"><span style=\"font-family: verdana,geneva,sans-serif;\">Operation<\/span><\/span><\/li>\n<li><span style=\"color: #696969;\"><span style=\"font-family: verdana,geneva,sans-serif;\">Krankheit<\/span><\/span><\/li>\n<li><span style=\"color: #696969;\"><span style=\"font-family: verdana,geneva,sans-serif;\">Betonen<\/span><\/span><\/li>\n<li><span style=\"color: #696969;\"><span style=\"font-family: verdana,geneva,sans-serif;\">Schlechte K\u00f6rpermechanik<\/span><\/span><\/li>\n<\/ol>\n<h2 style=\"text-align: left;\"><span style=\"color: #696969;\"><span style=\"font-family: verdana,geneva,sans-serif;\">Symptome von Narbengewebe<\/span><\/span><\/h2>\n<p><span style=\"color: #696969;\"><span style=\"font-family: verdana,geneva,sans-serif;\">Zu den Symptomen von Narbengewebe geh\u00f6ren:<\/span><\/span><\/p>\n<ol style=\"margin-left: 120px;\">\n<li><span style=\"color: #696969;\"><span style=\"font-family: verdana,geneva,sans-serif;\">Eingeschr\u00e4nkter Bewegungsumfang an einem Gelenk<\/span><\/span><\/li>\n<li><span style=\"color: #696969;\"><span style=\"font-family: verdana,geneva,sans-serif;\">Dumpfer, schmerzender Schmerz<\/span><\/span><\/li>\n<li><span style=\"color: #696969;\"><span style=\"font-family: verdana,geneva,sans-serif;\">Taubheit oder Kribbeln<\/span><\/span><\/li>\n<li><span style=\"color: #696969;\"><span style=\"font-family: verdana,geneva,sans-serif;\">Steifheit in einem Gelenk<\/span><\/span><\/li>\n<li><span style=\"color: #696969;\"><span style=\"font-family: verdana,geneva,sans-serif;\">Muskelverspannungen<\/span><\/span><\/li>\n<li><span style=\"color: #696969;\"><span style=\"font-family: verdana,geneva,sans-serif;\">Muskelkr\u00e4mpfe<\/span><\/span><\/li>\n<li><span style=\"color: #696969;\"><span style=\"font-family: verdana,geneva,sans-serif;\">Muskel ber\u00fchrungsempfindlich<\/span><\/span><\/li>\n<\/ol>\n<h2 style=\"text-align: left;\"><span style=\"color: #696969;\"><span style=\"font-family: verdana,geneva,sans-serif;\"><strong>Wie ASTR Narbengewebe freisetzt<\/strong><\/span><\/span><\/h2>\n<p><span style=\"color: #696969;\"><span style=\"font-family: verdana,geneva,sans-serif;\">Advanced Soft Tissue Release (abgek\u00fcrzt als ASTR) ist eine neue Spezialit\u00e4t der manuellen Therapie, die die Erfahrung von Patienten revolutioniert\u00a0<strong>langfristig\u00a0<\/strong>Schmerzlinderung. ASTR behandelt Schmerzen auf sanfte, effektive und nat\u00fcrliche Weise, indem es Narbengewebe, Triggerpunkte und Faszienrestriktionen l\u00f6st. Die patentierten Werkzeuge von ASTR helfen bei der L\u00f6sung und Entfernung von Narbengewebe, und ASTR-Kliniker sind in effektiven Techniken geschult, die keine zus\u00e4tzlichen Schmerzen oder Belastungen f\u00fcr den K\u00f6rper des Patienten verursachen.<a href=\"https:\/\/advancedsofttissuerelease.com\/de\/about-astr\/was-ist-astr-2\/\"> Erfahren Sie, wie ASTR Ihnen helfen kann <\/a>oder <a href=\"https:\/\/advancedsofttissuerelease.com\/de\/referenzen\/\">Testimonial-Videos ansehen<\/a> von Patienten, die durch die ASTR-Behandlung eine Schmerzlinderung erfahren haben.<\/span><\/span><\/p>","protected":false},"excerpt":{"rendered":"<p>Scar Tissue Release : Symptoms, Causes &amp; Treatment Scar tissue forms throughout the body in response to tissue damage in order to temporarily repair an injury site until stronger, more permanent tissue is made. It can form when the body is subjected to injury, stress, disease, surgery, an accident, prolonged poor posture, and improper body [&hellip;]<\/p>\n","protected":false},"author":2447,"featured_media":0,"parent":0,"menu_order":223,"comment_status":"closed","ping_status":"closed","template":"","meta":{"_analytify_skip_tracking":false,"footnotes":""},"class_list":["post-125","page","type-page","status-publish","hentry"],"_links":{"self":[{"href":"https:\/\/advancedsofttissuerelease.com\/de\/wp-json\/wp\/v2\/pages\/125","targetHints":{"allow":["GET"]}}],"collection":[{"href":"https:\/\/advancedsofttissuerelease.com\/de\/wp-json\/wp\/v2\/pages"}],"about":[{"href":"https:\/\/advancedsofttissuerelease.com\/de\/wp-json\/wp\/v2\/types\/page"}],"author":[{"embeddable":true,"href":"https:\/\/advancedsofttissuerelease.com\/de\/wp-json\/wp\/v2\/users\/2447"}],"replies":[{"embeddable":true,"href":"https:\/\/advancedsofttissuerelease.com\/de\/wp-json\/wp\/v2\/comments?post=125"}],"version-history":[{"count":0,"href":"https:\/\/advancedsofttissuerelease.com\/de\/wp-json\/wp\/v2\/pages\/125\/revisions"}],"wp:attachment":[{"href":"https:\/\/advancedsofttissuerelease.com\/de\/wp-json\/wp\/v2\/media?parent=125"}],"curies":[{"name":"wp","href":"https:\/\/api.w.org\/{rel}","templated":true}]}}