{"id":129,"date":"2015-12-07T00:37:16","date_gmt":"2015-12-07T00:37:16","guid":{"rendered":"https:\/\/advancedsofttissuerelease.com\/soft-tissue\/"},"modified":"2015-12-07T00:37:16","modified_gmt":"2015-12-07T00:37:16","slug":"weichgewebe-2","status":"publish","type":"page","link":"https:\/\/advancedsofttissuerelease.com\/de\/soft-tissue\/","title":{"rendered":"Weichgewebe"},"content":{"rendered":"<p> \t&nbsp;<\/p>\n<h1 style=\"text-align: center;\"> \t<span style=\"color:#696969;\"><span style=\"font-family:verdana,geneva,sans-serif;\"><strong>Weichgewebe<\/strong><\/span><\/span><\/h1>\n<p> \t<span style=\"color:#696969;\"><span style=\"font-family:verdana,geneva,sans-serif;\">Weichgewebe umgibt, verbindet und st\u00fctzt Knochen, Strukturen und Organe des K\u00f6rpers.<\/span><\/span><\/p>\n<h2 style=\"text-align: center;\"> \t<span style=\"color:#696969;\"><span style=\"font-family:verdana,geneva,sans-serif;\">Zu den Weichteilen geh\u00f6ren:<\/span><\/span><\/h2>\n<ul>\n<li> \t\t<span style=\"color:#696969;\"><span style=\"font-family:verdana,geneva,sans-serif;\">Sehnen (verbinden Muskeln mit Knochen)<\/span><\/span><\/li>\n<li> \t\t<span style=\"color:#696969;\"><span style=\"font-family:verdana,geneva,sans-serif;\">B\u00e4nder (verbinden Knochen mit Knochen)<\/span><\/span><\/li>\n<li> \t\t<span style=\"color:#696969;\"><span style=\"font-family:verdana,geneva,sans-serif;\">Faszien (Verbindungsschicht, die den gesamten K\u00f6rper umh\u00fcllt, einschlie\u00dflich Muskeln und Organe)<\/span><\/span><\/li>\n<li> \t\t<span style=\"color:#696969;\"><span style=\"font-family:verdana,geneva,sans-serif;\">Haut<\/span><\/span><\/li>\n<li> \t\t<span style=\"color:#696969;\"><span style=\"font-family:verdana,geneva,sans-serif;\">Fasergewebe<\/span><\/span><\/li>\n<li> \t\t<span style=\"color:#696969;\"><span style=\"font-family:verdana,geneva,sans-serif;\">Fett<\/span><\/span><\/li>\n<li> \t\t<span style=\"color:#696969;\"><span style=\"font-family:verdana,geneva,sans-serif;\">Synovialmembranen (bilden Gelenkkapseln)<\/span><\/span><\/li>\n<li> \t\t<span style=\"color:#696969;\"><span style=\"font-family:verdana,geneva,sans-serif;\">Muskeln (kontraktile Elemente)<\/span><\/span><\/li>\n<li> \t\t<span style=\"color:#696969;\"><span style=\"font-family:verdana,geneva,sans-serif;\">Nerven (verbinden den K\u00f6rper mit dem Gehirn)<\/span><\/span><\/li>\n<li> \t\t<span style=\"color:#696969;\"><span style=\"font-family:verdana,geneva,sans-serif;\">Blutgef\u00e4\u00dfe (transportiert Blut, Sauerstoff und N\u00e4hrstoffe durch den K\u00f6rper)<\/span><\/span><\/li>\n<\/ul>\n<p> \t&nbsp;<\/p>\n<h2 style=\"text-align: center;\"> \t<span style=\"color:#696969;\"><span style=\"font-family:verdana,geneva,sans-serif;\">Funktionsst\u00f6rungen des Weichgewebes<\/span><\/span><\/h2>\n<p> \t<span style=\"color:#696969;\"><span style=\"font-family:verdana,geneva,sans-serif;\">Wenn diese Weichteile nicht so funktionieren, wie sie sollten, kann dies zu den folgenden Arten von Funktionsst\u00f6rungen f\u00fchren:<\/span><\/span><\/p>\n<ul>\n<li> \t\t<span style=\"color:#696969;\"><span style=\"font-family:verdana,geneva,sans-serif;\"><strong>Narbengewebe (Fibrose):<\/strong>&nbsp;Narbengewebe \u00fcbt \u00fcberm\u00e4\u00dfigen Druck auf umliegende Muskeln, Blutgef\u00e4\u00dfe, Nerven, Knochen und Organe aus. Dies kann Schmerzen verursachen und\/oder die Bewegungsfreiheit eines Gelenks einschr\u00e4nken. Mit den Tools von ASTR kann Narbengewebe schmerzlos und effizient gel\u00f6st, Schmerzen gelindert und die Bewegungsfreiheit wiederhergestellt werden.<\/span><\/span><\/li>\n<li> \t\t<span style=\"color:#696969;\"><span style=\"font-family:verdana,geneva,sans-serif;\"><strong>Faszieneinschr\u00e4nkung:<\/strong>&nbsp;\u00c4hnlich wie Spidermans Anzug seinen K\u00f6rper umarmt, sind Faszien starkes Bindegewebe, das unseren K\u00f6rper von Kopf bis Fu\u00df umh\u00fcllt. Normalerweise sind Faszien elastisch und k\u00f6nnen sich als Reaktion auf die Bewegungen des K\u00f6rpers dehnen und verk\u00fcrzen. Unf\u00e4lle, Traumata, Operationen, Narbengewebe, Stress, schlechte K\u00f6rperhaltung und schlechte K\u00f6rpermechanik k\u00f6nnen die Elastizit\u00e4t der Faszien verringern, was zu Schmerzen und einem eingeschr\u00e4nkten Bewegungsbereich f\u00fchrt.<\/span><\/span><\/li>\n<li> \t\t<span style=\"color:#696969;\"><span style=\"font-family:verdana,geneva,sans-serif;\"><strong>Triggerpunkte &amp; Muskelkr\u00e4mpfe:<\/strong>&nbsp;Triggerpunkte sind tastbare Knoten im Muskelgewebe. Ihre Anwesenheit kann Schmerzen und Muskelverk\u00fcrzungen oder Muskelkr\u00e4mpfe verursachen.<\/span><\/span><\/li>\n<li> \t\t<span style=\"color:#696969;\"><span style=\"font-family:verdana,geneva,sans-serif;\"><strong>Gelenkverschiebung:<\/strong>&nbsp;Alle Gelenke in unserem K\u00f6rper haben eine normale Ausrichtung, die beschreibt, wie zwei benachbarte Knochen positioniert sind und sich relativ zueinander bewegen. Die Gelenkverschiebung bezieht sich auf jede Abweichung von dieser normalen Ausrichtung. Eine Einschr\u00e4nkung des Weichgewebes kann oft dazu f\u00fchren, dass sich ein Gelenk verschiebt. Dies kann \u00e4u\u00dferst schmerzhaft sein und das Gelenk und die umgebenden Strukturen stark belasten.<\/span><\/span><\/li>\n<\/ul>\n<p> \t<span style=\"color:#696969;\"><span style=\"font-family:verdana,geneva,sans-serif;\">Diese Arten von Funktionsst\u00f6rungen treten h\u00e4ufig bei Kieferschmerzen, Ischias, Arthritis, Kopfschmerzen, Nacken- und R\u00fcckenschmerzen, Karpaltunnelsyndrom, Sehnenscheidenentz\u00fcndung, Schleimbeutelentz\u00fcndung und vielen weiteren Erkrankungen auf!<\/span><\/span><\/p>\n<h1 style=\"text-align: center;\"> \t<span style=\"color:#696969;\"><span style=\"font-family:verdana,geneva,sans-serif;\"><strong>Wie ASTR Weichteilfunktionsst\u00f6rungen behandelt<\/strong><\/span><\/span><\/h1>\n<p> \t<span style=\"color:#696969;\"><span style=\"font-family:verdana,geneva,sans-serif;\">Advanced Soft Tissue Release (abgek\u00fcrzt als ASTR) ist eine neue Spezialit\u00e4t der manuellen Therapie, die die Erfahrung von Patienten revolutioniert&nbsp;<strong>langfristig&nbsp;<\/strong>Schmerzlinderung. ASTR behandelt Schmerzen auf sanfte, effektive und nat\u00fcrliche Weise, indem es Narbengewebe, Triggerpunkte und Faszienrestriktionen l\u00f6st. Die patentierten Instrumente von ASTR helfen bei der Freisetzung von Weichgewebe, und ASTR-Kliniker sind in effektiven Techniken geschult, die keine zus\u00e4tzlichen Schmerzen oder Belastungen f\u00fcr den K\u00f6rper des Patienten verursachen. <a href=\"https:\/\/advancedsofttissuerelease.com\/de\/about-astr\/was-ist-astr-2\/\">Erfahren Sie, wie ASTR Ihnen helfen kann<\/a> oder <a href=\"https:\/\/advancedsofttissuerelease.com\/de\/referenzen\/\">Testimonial-Videos ansehen<\/a> von Patienten, die durch die ASTR-Behandlung eine Schmerzlinderung erfahren haben.<\/span><\/span><\/p>","protected":false},"excerpt":{"rendered":"<p>&nbsp; Soft Tissue Soft tissue surrounds, connects, and supports bones, structures, and organs of the body. Soft Tissues Include: Tendons (connect muscles to bones) Ligaments (connect bone to bone) Fascia (connective layer that wraps around the entire body, including muscles and organs) Skin Fibrous Tissues Fat Synovial Membranes (compose joint capsules) Muscles (contractile elements) Nerves [&hellip;]<\/p>\n","protected":false},"author":2447,"featured_media":0,"parent":0,"menu_order":219,"comment_status":"closed","ping_status":"closed","template":"","meta":{"_analytify_skip_tracking":false,"footnotes":""},"class_list":["post-129","page","type-page","status-publish","hentry"],"_links":{"self":[{"href":"https:\/\/advancedsofttissuerelease.com\/de\/wp-json\/wp\/v2\/pages\/129","targetHints":{"allow":["GET"]}}],"collection":[{"href":"https:\/\/advancedsofttissuerelease.com\/de\/wp-json\/wp\/v2\/pages"}],"about":[{"href":"https:\/\/advancedsofttissuerelease.com\/de\/wp-json\/wp\/v2\/types\/page"}],"author":[{"embeddable":true,"href":"https:\/\/advancedsofttissuerelease.com\/de\/wp-json\/wp\/v2\/users\/2447"}],"replies":[{"embeddable":true,"href":"https:\/\/advancedsofttissuerelease.com\/de\/wp-json\/wp\/v2\/comments?post=129"}],"version-history":[{"count":0,"href":"https:\/\/advancedsofttissuerelease.com\/de\/wp-json\/wp\/v2\/pages\/129\/revisions"}],"wp:attachment":[{"href":"https:\/\/advancedsofttissuerelease.com\/de\/wp-json\/wp\/v2\/media?parent=129"}],"curies":[{"name":"wp","href":"https:\/\/api.w.org\/{rel}","templated":true}]}}