{"id":142,"date":"2015-12-11T23:52:40","date_gmt":"2015-12-11T23:52:40","guid":{"rendered":"https:\/\/advancedsofttissuerelease.com\/osteopathic-manipulation\/"},"modified":"2022-02-20T18:17:49","modified_gmt":"2022-02-21T01:17:49","slug":"osteopathic-manipulative-treatment-omt-definition-uses-treatment","status":"publish","type":"page","link":"https:\/\/advancedsofttissuerelease.com\/de\/osteopathic-manipulative-treatment-omt-definition-uses-treatment\/","title":{"rendered":"Osteopathic Manipulative Treatment (OMT): Definition, Uses &#038;\u00a0Treatment"},"content":{"rendered":"<h1 style=\"text-align: left;\"><strong>Osteopathic Manipulative Treatment (OMT): Definition, Uses &amp;\u00a0<\/strong>Behandlung<\/h1>\n<h2><strong>What is Osteopathic Manipulative Treatment (OMT)?<\/strong><\/h2>\n<p>Osteopathic manipulative treatment (OMT) involves a variety of techniques based on an ideology developed by Andrew Taylor Still. \u00a0Like many other manipulation techniques, osteopathic manipulation uses the hands to pinpoint the cause of pain. The clinician will move the muscles and joints, stretch the muscles, apply gentle pressure, and use resistance to locate the troubled area. They will also move the body part into a position where painful spots are relieved and help release the tightness in those muscles.\u00a0These techniques aim to treat myofascial tissues, a thin layer of strong, connective tissue that wraps our bodies from head to toe.<\/p>\n<h2 style=\"text-align: left;\">Who uses osteopathic manipulation?<\/h2>\n<p>Osteopathic physicians, physical therapists, and chiropractors are among the physicians who use osteopathic manipulation.<\/p>\n<h2 style=\"text-align: left;\">What is osteopathic manipulation used for?<\/h2>\n<p>Osteopathic manipulation focuses on muscle pain, and treats back pain, neck pain, and other musculoskeletal issues. It is also used for sports injuries, stress injuries, and some type of headaches. Treatment is suggested to reduce pain, increase mobility, and promote healing.<\/p>\n<h2 style=\"text-align: left;\">Treatment with osteopathic manipulation technique:<\/h2>\n<p>Through osteopathic manipulation, the body may go through the healing process faster. Osteopathic manipulation treatment claims to maintain health and restore the body back to normal functions.<\/p>\n<h1>Behandlung von Muskel- und Gelenkschmerzen zu Hause<\/h1>\n<p><iframe title=\"Schmerzfrei leben\" width=\"800\" height=\"450\" src=\"https:\/\/www.youtube.com\/embed\/EWL3NHpDQQI?feature=oembed\" frameborder=\"0\" allow=\"accelerometer; autoplay; clipboard-write; encrypted-media; gyroscope; picture-in-picture; web-share\" allowfullscreen><\/iframe><\/p>\n<h1><a href=\"https:\/\/advancedsofttissuerelease.com\/de\/behandeln-ihre-schmerzen-zu-hause-2\/\">Behandeln Sie Ihre Schmerzen zu Hause<\/a><\/h1>\n<ul>\n<li>Schnelle Ergebnisse<\/li>\n<li>Die Behandlung dauert etwa 5 Minuten pro Tag<\/li>\n<li>Einfach zu verwendende medizinische Hilfsmittel<\/li>\n<li>Nat\u00fcrlicher ganzheitlicher Ansatz<\/li>\n<li>Behandlung der Grundursache des Problems<\/li>\n<li>Erfunden von einem Arzt, der chronische Schmerzen hatte<\/li>\n<li><a href=\"https:\/\/advancedsofttissuerelease.com\/de\/was-ist-astr-2\/forschung-2\/\"><br \/>\nGest\u00fctzt durch \u00fcber 45 Studien<br \/>\n<\/a><\/li>\n<\/ul>\n<p><a role=\"button\" href=\"https:\/\/advancedsofttissuerelease.com\/de\/behandeln-ihre-schmerzen-zu-hause-2\/\"><br \/>\nBeginnen Sie Ihre Reise der Heilung heute<br \/>\n<\/a><\/p>\n<h2><a href=\"https:\/\/advancedsofttissuerelease.com\/de\/produkt\/behandle-deine-schmerzen-zu-hause-zahlungsplan-2\/\">Zahlungspl\u00e4ne verf\u00fcgbar<\/a><\/h2>\n<h2>ASTR Au\u00dfergew\u00f6hnlich anders<\/h2>\n<p>Von verschiedenen Websites gesammelte Bewertungen<\/p>\n<p><i>\ue934<\/i><i>\ue934<\/i><i>\ue934<\/i><i>\ue934<\/i><i>\ue934<\/i> 5\/5<br \/>\n<a role=\"button\" href=\"https:\/\/advancedsofttissuerelease.com\/de\/behandlungsvideos-2-2\/\"><br \/>\nVideos zur Behandlung und Nachsorge ansehen<br \/>\n<\/a><br \/>\n\"Ich habe mich mit den sich verschlimmernden Auswirkungen von Morbus Bechterew (Wirbels\u00e4ulenarthritis, R\u00fcckenschmerzen) herumgeschlagen. Nachdem ich <b>seit \u00fcber 40 Jahren mit der Krankheit lebt<\/b>Ich war skeptisch, dass eine Linderung m\u00f6glich sein w\u00fcrde. Zu meinem Erstaunen erlebte ich\u00a0<b>sofortige Linderung nach einer Sitzung<\/b>. Ich wei\u00df Ihre Arbeit sehr zu sch\u00e4tzen.\"<br \/>\n<cite>William KR\u00fcckenschmerzen<\/cite><br \/>\n\"Nachdem ich <b>18 Monate traditionelle Physiotherapie nach zwei Knieoperationen<\/b> Ich war skeptisch, dass man noch mehr gegen meine Knieschmerzen und meine Steifheit tun k\u00f6nnte, als ich das ACL ersetzen lie\u00df.\u00a0<b>Nach nur einem Besuch<\/b>, Ich war erstaunt \u00fcber die Ergebnisse, die Doktor Jacobs mit seiner Advanced Soft Tissue Release-Technik erzielen konnte! \u2026. Ich war sehr beeindruckt davon, wie mein Knie reagierte und sich lockerte, besonders, da meine urspr\u00fcngliche Operation zwei Jahre her war.\u00a0<b>Ich war anfangs skeptisch und jetzt bin ich \u00fcberzeugt!<\/b>\"<br \/>\n<cite>Mychal TKnee Schmerz<\/cite><br \/>\n\"F\u00fcr <b>ein Jahr<\/b>Ich konnte meine Hand nicht \u00f6ffnen. Mein Daumen lie\u00df sich ohne gro\u00dfe Schmerzen nur sehr eingeschr\u00e4nkt bewegen. Es war schwierig, etwas zu heben, selbst etwas Kleines, oder meine Hand auf eine bestimmte Weise zu bewegen, ohne Schmerzen zu haben. Letztes Jahr habe ich mir zwei Injektionen zur Schmerzbek\u00e4mpfung geben lassen. Und davor,<b> Ich habe etwa 5-6 Monate lang Chiropraktik gemacht, aber die Schmerzen kamen immer wieder zur\u00fcck.<\/b>. Seit heute habe ich <b>3 ASTR-Behandlungen<\/b>. Ich kann meine Hand vollst\u00e4ndig \u00f6ffnen und sp\u00fcre \u00fcberhaupt keinen Schmerz. <b>ASTR funktioniert! Zweifellos, es funktioniert!<\/b>\"<br \/>\n<cite>Carol Handschmerz<\/cite><br \/>\n&quot;Zusammen mit <b>Ausschluss von Medikamenten<\/b>.\u00a0<b>Die ASTR-Technik hat die H\u00e4ufigkeit und Intensit\u00e4t meiner Migr\u00e4ne enorm reduziert.<\/b>&#8221;<br \/>\n<cite>Jessica Y Migr\u00e4ne<\/cite><br \/>\n\"Ich habe\u00a0<b>schnell erholt<\/b>\u00a0Dank Dr. Jacobs haben sich meine Schmerzen nicht nur deutlich verringert, sondern sind sogar ganz verschwunden. Die ASTR-Technik von Dr. Jacob wirkt schnell. Das Beste daran ist, dass sie\u00a0<b>schmerzfrei<\/b>. Ich w\u00fcrde seine Therapie auf jeden Fall jedem empfehlen, den ich mit chronischen Schmerzen kenne.<br \/>\n<cite>Candace PJaw Pain<\/cite><br \/>\n\u201eNach seiner Behandlung konnte ich alle meine normalen Aktivit\u00e4ten wieder aufnehmen\u00a0<b>Die Kopfschmerzen sind nicht zur\u00fcckgekehrt<\/b>.\"<br \/>\n<cite>Jeremy RKopfschmerz<\/cite><br \/>\n\"Ich hatte eine Muskelzerrung in meinem Unterarm und meinem Bizeps. Ich konnte mich nur eingeschr\u00e4nkt bewegen, konnte nicht schlafen und meinen Arm nicht ausstrecken. Nach <b>3 Sitzungen<\/b>war ich <b>schmerzfrei<\/b>. Und nach der vierten Sitzung hatte ich wieder die volle Beweglichkeit, konnte schlafen und fange sogar wieder an, zu trainieren. <b>Ich bin sehr zufrieden mit der Therapie und den Ergebnissen!<\/b>\"<br \/>\n<cite>Kathy Elbow Pain<\/cite><br \/>\n&quot;Ich hatte <b>Kopfschmerzen \u00fcber 50% der Zeit<\/b> in den letzten Monaten. Nach mehreren Behandlungen begannen meine Kopfschmerzen zu schwinden und <b>Ich bin seit ein paar Monaten kopfschmerzfrei<\/b>. Es ist wunderbar, keine Schmerzen zu haben.\u201c<br \/>\n<cite>Liz Kopfschmerz<\/cite><br \/>\n\u201eIch bin jetzt seit \u00fcber 3 Jahren in der Physiotherapiebranche t\u00e4tig. Vor 6 Monaten habe ich angefangen mit Dr.Jacobs zu arbeiten und das muss ich sagen <b>Ich habe noch nie eine so erfolgreiche Genesung von Patienten erlebt wie hier.<\/b>. Dr. Joseph Jacobs wei\u00df definitiv, wie man mit seinen patentierten Werkzeugen und Methoden der Physiotherapie an die Wurzel der Beschwerden des Patienten vordringt. <b>Anfangs war ich skeptisch, aber nachdem ich wiederholt die Genesung von Patienten miterlebt habe, glaube ich inzwischen an seine Praxis.<\/b>. Ich bin stolz darauf, ein Teil davon zu sein, Patienten bei ihrer Genesung zu helfen.\u201c<br \/>\n<cite>Dee Ann PopeVorherige Mitarbeiterin<\/cite><br \/>\n\u201eIch hatte fast jeden Tag nach der Arbeit starke Kopfschmerzen. Nach nur dem <b>erster Besuch<\/b> meine Kopfschmerzen waren weg und <b>bin nicht zur\u00fcckgekommen<\/b>&#8221;<br \/>\n<cite>Zeichnete AHeadache<\/cite><br \/>\n\"In der Vergangenheit <b>Jahr<\/b>Ich bekam ein Taubheitsgef\u00fchl und einen Krampf im Fu\u00df. Das Taubheitsgef\u00fchl war furchtbar und ich wusste nicht, was ich tun sollte. Nach 7 ASTR-Behandlungen, <b>jetzt f\u00fchle ich \u00fcberhaupt keinen Schmerz mehr<\/b>. Es war alles sehr bequem.\"<br \/>\n<cite>Richard Fu\u00dfschmerz<\/cite><br \/>\n\"Ich kam mit Kiefergelenksbeschwerden, eingeschr\u00e4nkter Beweglichkeit und Schmerzen im Nacken und in den Schultern (mit stechenden Schmerzen \u00fcber dem rechten Ohr) zu mir. Nach nur\u00a0<b>eine Behandlung<\/b>mein Nacken und meine Schultern wurden <b>sofortige Erleichterung!<\/b> Nach 3 Behandlungen war mein stechender Schmerz \u00fcber dem Ohr verschwunden. Ich bin zuversichtlich, dass ich mich mit \"Advanced Soft Tissue Release\" und meinem Flei\u00df beim Befolgen des angebotenen \u00dcbungsprogramms bald wieder wie neu f\u00fchlen werde.\"<br \/>\n<cite>Margarete E Kieferschmerz<\/cite><br \/>\n\"Vor der Behandlung hatte ich eine sehr eingeschr\u00e4nkte Bewegungsfreiheit, wenn ich meinen Hals von einer Seite zur anderen drehte oder mich nach vorne beugte. Nach einer Behandlung sp\u00fcrte ich eine Entspannung und konnte meinen Nacken mit weniger Stress beugen und drehen. Die Behandlung war <b>schmerzfrei<\/b>, nicht invasiv und besser als jede Massage, die ich je hatte!\u201d<br \/>\n<cite>CathyNackenschmerzen<\/cite><br \/>\n&#8220;<b>Nach etwa einer Woche f\u00fchlte ich mich wieder normal.<\/b>. Mein Handgelenk ist nach zwei Wochen fast wieder voll beweglich und die Schmerzen sind deutlich zur\u00fcckgegangen. <b>Ich kann ASTR nur jedem empfehlen.<\/b>\"<br \/>\n<cite>Alex BR\u00fccken- und Handgelenkschmerzen<\/cite><br \/>\n\"Vor drei Tagen hatte ich einen Nackenkrampf und konnte meinen Nacken nicht mehr bewegen. Mein Nacken war steif und meine Schulter war wirklich taub. Jetzt habe ich fast <b>keine Schmerzen<\/b>. Ich hatte <b>drei Behandlungen<\/b> und jetzt kann ich meinen Hals bewegen.\"<br \/>\n<cite>Anthony Nackenschmerzen<\/cite><br \/>\n&#8221; <b>Es war ein frustrierender Prozess mit 3 Monaten Physiotherapie, 2 Kortisonspritzen und 3 verschiedenen Orthesen mit minimaler Linderung.<\/b>\u2026.Vielen Dank, Dr. Jacobs, dass Sie mir geholfen haben <b>Schmerzen bei chronischer Plantarfasziitis<\/b>. Ich beschloss, das gesamte Programm zu verfolgen und in nur <b>3 Besuche<\/b> Ich konnte 3 Meilen ohne Schmerzen wandern. Sie kennen sich aus und sind sehr schlau, ASTR-Tools und -Behandlungen zu erfinden. Ich hoffe, dass mehr \u00c4rzte von Ihnen lernen.\u201c<br \/>\n<cite>Elsie JPlantarfasziitis<\/cite><br \/>\n\u201eSeit letzter Zeit leide ich an chronischen Nacken-, Schulter- und Knieschmerzen aufgrund von Fibromyalgie <b>12 Jahre<\/b>.<b> Ich habe Massage, Physiotherapie, Chiropraktik und Medikamente ausprobiert, aber ich habe immer noch Schmerzen.<\/b>. Nachdem ich Dr. Jacobs Empfehlungen zu Ern\u00e4hrung, Verhaltens\u00e4nderung, Ergonomie und Nahrungserg\u00e4nzung befolgt hatte, war mein <b>Fibromyalgiesymptome wurden durch 90% verringert<\/b>.&#8221;<br \/>\n<cite> Liam MFibromyalgie, Nacken-, Schulter- und Knieschmerzen<\/cite><br \/>\n\u201eEine erstaunliche Technik hat mir geholfen, Narbengewebe in meinem Kiefer, Hals, Bauch und nach einer Brustimplantatoperation aufzubrechen. <b> Ich habe erstaunlicherweise keine Schmerzen mehr<\/b>&#8221;<br \/>\n<cite>Janice SalmonJaw, Nacken- und Bauchschmerzen<\/cite><br \/>\n\u201eIch sah Dr. Jacobs vor 3 Jahren f\u00fcr <b>t\u00e4gliche Spannungskopfschmerzen<\/b>. Ich war ungl\u00fccklich und nahm <b>Advil t\u00e4glich<\/b>. Nach mehreren Behandlungen begann das Narbengewebe, von dem ich nicht einmal bemerkte, dass ich es auf meinem Kopf und Hals hatte, endlich zu verschwinden. Nach etwa 6 Wochen, <b>Ich hatte keine Kopfschmerzen mehr<\/b>. Ich bis heute immer noch nicht! Danke!&quot;<br \/>\n<cite>Melissa KKopfschmerzen<\/cite><br \/>\n&quot;Das <b>ASTR-Werkzeuge<\/b> wurden <b>\u00e4u\u00dferst n\u00fctzlich<\/b> bei der Abwehr meiner Kopfschmerzen oder Migr\u00e4ne, wenn ich sp\u00fcre, dass sie kommen, sowie Muskelverspannungen und andere Schmerzen.\u201c<br \/>\n<cite>Stacy HMigraine<\/cite><br \/>\n\u201eNicht Ihre allt\u00e4gliche Physiotherapie, sie haben ein Verst\u00e4ndnis f\u00fcr Ihren K\u00f6rper und Ihre Methode zur Rehabilitation, das ich an anderen Orten nicht gesehen habe. Ich kann dieses Hotel w\u00e4rmstens empfehlen, da sie freundlich sind und zus\u00e4tzliche Schritte unternehmen<b> Ihnen helfen, k\u00f6rperlich wieder ganz zu werden<\/b>.&#8221;<br \/>\n<cite>Maher R\u00fcckenschmerzen<\/cite><br \/>\n\u201eIch hatte eine Behandlung f\u00fcr mein Morton-Neurom, an dem ich seit 2 Jahren litt. Ich wurde medizinisch behandelt, aber nichts \u00e4nderte sich. Der Arzt bat mich um eine Operation. Ich wollte nicht. ich <b>flog 24 Stunden<\/b> sich von Dr. Jacob behandeln zu lassen: es hat sich wirklich gelohnt. Nach dem <b>Erstbehandlung<\/b> war das Ergebnis offensichtlich: <b>keine Schmerzen mehr<\/b> und ich k\u00f6nnte wieder Schuhe tragen. <b>Einfach erstaunlich! 2 Wochen danach gibt es keine Anzeichen von Schmerzen mehr<\/b>. Mein Fu\u00df tut nicht mehr weh. Ich kann laufen und laufen. Ich kann eine ganze Nacht schlafen, ohne von den Schmerzen geweckt zu werden. Es ist toll!&quot;<br \/>\n<cite>Christine DMortons Neurom<\/cite><br \/>\n\u201eMeine R\u00fcckenschmerzen waren schon da <b>7 Jahre<\/b> und nach <b>eine Behandlung<\/b> es war, als w\u00e4re es ein neuer R\u00fccken. Ich kann ihn jetzt richtig bewegen und habe keine Schmerzen mehr.<br \/>\nDie Behandlung ist wirklich gut, unglaublich!\u201c<br \/>\n<cite>Christine DR\u00fccken- und Nackenschmerzen<\/cite><br \/>\n\u201eIch hatte \u00fcber einen l\u00e4ngeren Zeitraum Schmerzen im unteren R\u00fccken <b>5 Jahre<\/b>. Meine R\u00fcckenschmerzen wurden im letzten Jahr immer schlimmer. <b>Ich habe Massagen, Chiropraktik, Physiotherapie und Schmerzmittel ausprobiert, aber ich habe keine Linderung erfahren.<\/b>\u2026..ich n\u00e4he ihn <b>zweimal und meine Schmerzen sind v\u00f6llig verschwunden<\/b>. Jetzt kann ich ohne R\u00fcckenschmerzen gehen, schlafen und Auto fahren. Ich glaube an Dr. Jacobs erfinderische Behandlung, die ASTR genannt wird. Ich kann die ASTR-Behandlung bei R\u00fccken- oder Muskelschmerzen nur w\u00e4rmstens empfehlen.\u201c<br \/>\n<cite>Shea GR\u00fcckenschmerzen<\/cite><br \/>\n\u201eMeine Knieschmerzen wurden endlich gelindert, nachdem ich Dr. Jacobs aufgesucht hatte \u2026 Sein Ansatz zur Physiotherapie ist sehr ganzheitlich. <b>Ich habe mehrere Monate damit verschwendet, zu traditionellen \u00c4rzten zu gehen.<\/b> der entschied, dass es meine Ern\u00e4hrung oder \u201ein meinem Kopf\u201c war, ohne irgendetwas zu erreichen, bevor er Dr. Jacobs fand.\u201c<br \/>\n<cite>Norma FKnee Schmerz<\/cite><br \/>\n\u201e\u2026Innerhalb von nur a <b>wenige Minuten<\/b> Bei meiner ersten Behandlung gingen die Schmerzen und die Verspannungen in meinem Kiefer und Nacken von 8 auf 2\u2033<br \/>\n<cite>Tiffany AJaw Schmerz<\/cite><br \/>\n\u201eMir geht es einfach super nach einem <b>Paar-Sitzungen<\/b> mit Dr. Jacobs. Ich habe wenig zu <b>keine Schmerzen<\/b> jetzt. Was f\u00fcr eine Erleichterung! Meine Erfahrung mit Dr. Jacobs war gro\u00dfartig. Danke!&quot;<br \/>\n<cite>Lola GR\u00fcckenschmerzen<\/cite><br \/>\n\u201eIch habe in der Vergangenheit unter ISG-Schmerzen gelitten <b> 2 Jahre<\/b>. Es war so schlimm, dass ich mit dem Tanzen aufh\u00f6ren musste und mich sogar auf so etwas Einfaches wie ein Niesen gefasst machen musste\u2026 Nach nur einem <b>wenige Besuche<\/b>Ich konnte bereits feststellen, dass die ASTR-Technik funktioniert!<br \/>\n<cite>Alexandra GonzalezR\u00fcckenschmerzen<\/cite><br \/>\n\u201eIch konnte nicht laufen, fahren oder sitzen. Mit dem <b>2 erster Besuch<\/b>Ich habe einen gro\u00dfen Unterschied gesp\u00fcrt, ich kann fahren und gehen, in der 3. Woche ist mein R\u00fccken fast normal.<br \/>\n<cite>Nayibe RahimIschias<\/cite><br \/>\nBisherige<br \/>\nN\u00e4chste<\/p>\n<h2><a href=\"https:\/\/advancedsofttissuerelease.com\/de\/produkt\/schmerzlindernde-creme\/\">Creme zur Schmerzlinderung<\/a><\/h2>\n<p style=\"text-align: center;\">Schneller heilen<\/p>\n<p><a role=\"button\" href=\"https:\/\/advancedsofttissuerelease.com\/de\/produkt\/schmerzlindernde-creme\/\"><br \/>\nJetzt einkaufen<br \/>\n<\/a><br \/>\n<a href=\"https:\/\/advancedsofttissuerelease.com\/de\/produkt\/schmerzlindernde-creme\/\"><br \/>\n<img fetchpriority=\"high\" decoding=\"async\" src=\"https:\/\/advancedsofttissuerelease.com\/wp-content\/uploads\/2022\/02\/ASTR-pain-relief-cream-decrease-inflammation-cream-wound-care-cream-eczema-Psoriasis-dermatitis--300x300.jpg\" sizes=\"(max-width: 300px) 100vw, 300px\" srcset=\"https:\/\/advancedsofttissuerelease.com\/wp-content\/uploads\/2022\/02\/ASTR-pain-relief-cream-decrease-inflammation-cream-wound-care-cream-eczema-Psoriasis-dermatitis--300x300.jpg 300w, https:\/\/advancedsofttissuerelease.com\/wp-content\/uploads\/2022\/02\/ASTR-pain-relief-cream-decrease-inflammation-cream-wound-care-cream-eczema-Psoriasis-dermatitis--520x520.jpg 520w, https:\/\/advancedsofttissuerelease.com\/wp-content\/uploads\/2022\/02\/ASTR-pain-relief-cream-decrease-inflammation-cream-wound-care-cream-eczema-Psoriasis-dermatitis--1200x1200.jpg 1200w, https:\/\/advancedsofttissuerelease.com\/wp-content\/uploads\/2022\/02\/ASTR-pain-relief-cream-decrease-inflammation-cream-wound-care-cream-eczema-Psoriasis-dermatitis--768x768.jpg 768w, https:\/\/advancedsofttissuerelease.com\/wp-content\/uploads\/2022\/02\/ASTR-pain-relief-cream-decrease-inflammation-cream-wound-care-cream-eczema-Psoriasis-dermatitis--1000x1000.jpg 1000w\" alt=\"\" width=\"300\" height=\"300\" \/> <\/a><br \/>\n<iframe title=\"Lindern Sie chronische Schmerzen sofort und einfach!\" width=\"800\" height=\"450\" src=\"https:\/\/www.youtube.com\/embed\/07mLKtiiyBc?start=2&#038;feature=oembed\" frameborder=\"0\" allow=\"accelerometer; autoplay; clipboard-write; encrypted-media; gyroscope; picture-in-picture; web-share\" allowfullscreen><\/iframe><\/p>","protected":false},"excerpt":{"rendered":"<p>Osteopathic Manipulative Treatment (OMT): Definition, Uses &amp;\u00a0Treatment What is Osteopathic Manipulative Treatment (OMT)? Osteopathic manipulative treatment (OMT) involves a variety of techniques based on an ideology developed by Andrew Taylor Still. \u00a0Like many other manipulation techniques, osteopathic manipulation uses the hands to pinpoint the cause of pain. The clinician will move the muscles and joints, [&hellip;]<\/p>\n","protected":false},"author":2447,"featured_media":0,"parent":0,"menu_order":206,"comment_status":"closed","ping_status":"closed","template":"","meta":{"_analytify_skip_tracking":false,"footnotes":""},"class_list":["post-142","page","type-page","status-publish","hentry"],"_links":{"self":[{"href":"https:\/\/advancedsofttissuerelease.com\/de\/wp-json\/wp\/v2\/pages\/142","targetHints":{"allow":["GET"]}}],"collection":[{"href":"https:\/\/advancedsofttissuerelease.com\/de\/wp-json\/wp\/v2\/pages"}],"about":[{"href":"https:\/\/advancedsofttissuerelease.com\/de\/wp-json\/wp\/v2\/types\/page"}],"author":[{"embeddable":true,"href":"https:\/\/advancedsofttissuerelease.com\/de\/wp-json\/wp\/v2\/users\/2447"}],"replies":[{"embeddable":true,"href":"https:\/\/advancedsofttissuerelease.com\/de\/wp-json\/wp\/v2\/comments?post=142"}],"version-history":[{"count":0,"href":"https:\/\/advancedsofttissuerelease.com\/de\/wp-json\/wp\/v2\/pages\/142\/revisions"}],"wp:attachment":[{"href":"https:\/\/advancedsofttissuerelease.com\/de\/wp-json\/wp\/v2\/media?parent=142"}],"curies":[{"name":"wp","href":"https:\/\/api.w.org\/{rel}","templated":true}]}}