{"id":1584,"date":"2019-01-10T03:00:52","date_gmt":"2019-01-10T03:00:52","guid":{"rendered":"https:\/\/advancedsofttissuerelease.com\/affiliate-home\/"},"modified":"2019-01-10T03:00:52","modified_gmt":"2019-01-10T03:00:52","slug":"affiliate-startseite-2","status":"publish","type":"page","link":"https:\/\/advancedsofttissuerelease.com\/de\/affiliate-home\/","title":{"rendered":"Shop-Affiliates"},"content":{"rendered":"<p>Dies ist der Affiliate-Bereich dieses Shops. Wenn Sie ein bestehender Partner sind, bitte <a href=\"https:\/\/advancedsofttissuerelease.com\/de\/affiliate-startseite-2\/affiliate-login-2\/\">Einloggen<\/a> um auf Ihr Bedienfeld zuzugreifen.<\/p>\n<p>Wenn Sie kein Affiliate sind, aber einer werden m\u00f6chten, m\u00fcssen Sie sich bewerben. Um sich zu bewerben, m\u00fcssen Sie ein registrierter Benutzer dieses Blogs sein. Wenn Sie ein bestehendes Konto in diesem Blog haben, bitte <a href=\"https:\/\/advancedsofttissuerelease.com\/de\/affiliate-startseite-2\/affiliate-login-2\/\">Einloggen<\/a>. Wenn nicht, bitte <a href=\"https:\/\/advancedsofttissuerelease.com\/de\/affiliate-startseite-2\/affiliate-register\/\">registrieren<\/a>.<\/p>","protected":false},"excerpt":{"rendered":"","protected":false},"author":1,"featured_media":0,"parent":0,"menu_order":0,"comment_status":"closed","ping_status":"closed","template":"","meta":{"_analytify_skip_tracking":false,"footnotes":""},"class_list":["post-1584","page","type-page","status-publish","hentry"],"_links":{"self":[{"href":"https:\/\/advancedsofttissuerelease.com\/de\/wp-json\/wp\/v2\/pages\/1584","targetHints":{"allow":["GET"]}}],"collection":[{"href":"https:\/\/advancedsofttissuerelease.com\/de\/wp-json\/wp\/v2\/pages"}],"about":[{"href":"https:\/\/advancedsofttissuerelease.com\/de\/wp-json\/wp\/v2\/types\/page"}],"author":[{"embeddable":true,"href":"https:\/\/advancedsofttissuerelease.com\/de\/wp-json\/wp\/v2\/users\/1"}],"replies":[{"embeddable":true,"href":"https:\/\/advancedsofttissuerelease.com\/de\/wp-json\/wp\/v2\/comments?post=1584"}],"version-history":[{"count":0,"href":"https:\/\/advancedsofttissuerelease.com\/de\/wp-json\/wp\/v2\/pages\/1584\/revisions"}],"wp:attachment":[{"href":"https:\/\/advancedsofttissuerelease.com\/de\/wp-json\/wp\/v2\/media?parent=1584"}],"curies":[{"name":"wp","href":"https:\/\/api.w.org\/{rel}","templated":true}]}}