{"id":1585,"date":"2019-01-10T03:00:54","date_gmt":"2019-01-10T03:00:54","guid":{"rendered":"https:\/\/advancedsofttissuerelease.com\/affiliate-home\/affiliate-register\/"},"modified":"2019-07-18T08:19:22","modified_gmt":"2019-07-18T15:19:22","slug":"affiliate-register12-2","status":"publish","type":"page","link":"https:\/\/advancedsofttissuerelease.com\/de\/affiliate-home\/affiliate-register12\/","title":{"rendered":"Registrieren"},"content":{"rendered":"\t<div id=\"wpam_form_error_panel\" class=\"wpam_form_errors\">\n\t\t<ul>\n\n\t\t<\/ul>\n\t<\/div><div id=\"wpam-reg-form\">\n<form action=\"\" method=\"post\" id=\"mainForm\" class=\"pure-form pure-form-stacked\">\n    <input type=\"hidden\" id=\"_wpnonce\" name=\"_wpnonce\" value=\"50bf868f52\" \/><input type=\"hidden\" name=\"_wp_http_referer\" value=\"\/de\/wp-json\/wp\/v2\/pages\/1585\" \/>\t\t* Pflichtfelder<br \/><br \/>\n\t\t<fieldset>\n\t\t\t\t\t\t\t\t<label for=\"_firstName\">Vorname&nbsp;*<\/label>\n\t\t\t\t\t\n\t\t\t\t\t\t\t\t\t\t\t\t\t<input type=\"text\" id=\"_firstName\" name=\"_firstName\" value=\"\" required \/>\n\t\t\t\t\t\t\t\t\t\t\t\t\t\t\t<label for=\"_lastName\">Nachname&nbsp;*<\/label>\n\t\t\t\t\t\n\t\t\t\t\t\t\t\t\t\t\t\t\t<input type=\"text\" id=\"_lastName\" name=\"_lastName\" value=\"\" required \/>\n\t\t\t\t\t\t\t\t\t\t\t\t\t\t\t<label for=\"_phoneNumber\">Telefonnummer&nbsp;*<\/label>\n\t\t\t\t\t\n\t\t\t\t\t\t\t\t\t\t\t\t\t<input type=\"text\" id=\"_phoneNumber\" name=\"_phoneNumber\" value=\"\" required \/>\n\t\t\t\t\t\t\t\t\t\t\t\t\t\t\t<label for=\"_email\">E-Mail-Adresse&nbsp;*<\/label>\n\t\t\t\t\t\n\t\t\t\t\t\t                                                            <input type=\"text\" id=\"_email\" name=\"_email\" value=\"\" required \/>\n                                                            \t\t\t\t\t\t\t\t<label for=\"_addressLine1\">Stra\u00dfe und Hausnummer&nbsp;*<\/label>\n\t\t\t\t\t\n\t\t\t\t\t\t\t\t\t\t\t\t\t<input type=\"text\" id=\"_addressLine1\" name=\"_addressLine1\" value=\"\" required \/>\n\t\t\t\t\t\t\t\t\t\t\t\t\t\t\t<label for=\"_addressLine2\">Zus\u00e4tzliche Adresszeile<\/label>\n\t\t\t\t\t\n\t\t\t\t\t\t\t\t\t\t\t\t\t<input type=\"text\" id=\"_addressLine2\" name=\"_addressLine2\" value=\"\"  \/>\n\t\t\t\t\t\t\t\t\t\t\t\t\t\t\t<label for=\"_addressCity\">Stadt&nbsp;*<\/label>\n\t\t\t\t\t\n\t\t\t\t\t\t\t\t\t\t\t\t\t<input type=\"text\" id=\"_addressCity\" name=\"_addressCity\" value=\"\" required \/>\n\t\t\t\t\t\t\t\t\t\t\t\t\t\t\t<label for=\"_addressState\">Staat&nbsp;*<\/label>\n\t\t\t\t\t\n\t\t\t\t\t\t\t\t\t\t\t\t\t<select id=\"_addressState\" name=\"_addressState\" required>\n\t\t\t\t\t\t\t\t<option value=\"\">W\u00e4hle eine Option<\/option><option value=\"OU\">Outside US<\/option><option value=\"AL\">Alabama<\/option><option value=\"AK\">Alaska<\/option><option value=\"AZ\">Arizona<\/option><option value=\"AR\">Arkansas<\/option><option value=\"CA\">California<\/option><option value=\"CO\">Colorado<\/option><option value=\"CT\">Connecticut<\/option><option value=\"DE\">Delaware<\/option><option value=\"DC\">District Of Columbia<\/option><option value=\"FL\">Florida<\/option><option value=\"GA\">Georgia<\/option><option value=\"HI\">Hawaii<\/option><option value=\"ID\">Idaho<\/option><option value=\"IL\">Illinois<\/option><option value=\"IN\">Indiana<\/option><option value=\"IA\">Iowa<\/option><option value=\"KS\">Kansas<\/option><option value=\"KY\">Kentucky<\/option><option value=\"LA\">Louisiana<\/option><option value=\"ME\">Maine<\/option><option value=\"MD\">Maryland<\/option><option value=\"MA\">Massachusetts<\/option><option value=\"MI\">Michigan<\/option><option value=\"MN\">Minnesota<\/option><option value=\"MS\">Mississippi<\/option><option value=\"MO\">Missouri<\/option><option value=\"MT\">Montana<\/option><option value=\"NE\">Nebraska<\/option><option value=\"NV\">Nevada<\/option><option value=\"NH\">New Hampshire<\/option><option value=\"NJ\">New Jersey<\/option><option value=\"NM\">New Mexico<\/option><option value=\"NY\">New York<\/option><option value=\"NC\">North Carolina<\/option><option value=\"ND\">North Dakota<\/option><option value=\"OH\">Ohio<\/option><option value=\"OK\">Oklahoma<\/option><option value=\"OR\">Oregon<\/option><option value=\"PA\">Pennsylvania<\/option><option value=\"RI\">Rhode Island<\/option><option value=\"SC\">South Carolina<\/option><option value=\"SD\">South Dakota<\/option><option value=\"TN\">Tennessee<\/option><option value=\"TX\">Texas<\/option><option value=\"UT\">Utah<\/option><option value=\"VT\">Vermont<\/option><option value=\"VA\">Virginia<\/option><option value=\"WA\">Washington<\/option><option value=\"WV\">West Virginia<\/option><option value=\"WI\">Wisconsin<\/option><option value=\"WY\">Wyoming<\/option>\t\t\t\t\t\t\t<\/select>\n\t\t\t\t\t\t\t\t\t\t\t\t\t\t\t<label for=\"_addressZipCode\">Postleitzahl&nbsp;*<\/label>\n\t\t\t\t\t\n\t\t\t\t\t\t\t\t\t\t\t\t\t<input type=\"text\" id=\"_addressZipCode\" name=\"_addressZipCode\" value=\"\" required \/>\n\t\t\t\t\t\t\t\t\t\t\t\t\t\t\t<label for=\"_addressCountry\">Land&nbsp;*<\/label>\n\t\t\t\t\t\n\t\t\t\t\t\t\t\t\t\t\t\t\t<select id=\"_addressCountry\" name=\"_addressCountry\" required>\n\t\t\t\t\t\t\t\t<option value=\"\">W\u00e4hle eine Option<\/option><option value=\"AF\">AFGHANISTAN<\/option><option value=\"AX\">\u00c5landinseln<\/option><option value=\"AL\">ALBANIA<\/option><option value=\"DZ\">ALGERIEN<\/option><option value=\"AS\">AMERIKANISCH-SAMOA<\/option><option value=\"AD\">ANDORRA<\/option><option value=\"AO\">ANGOLA<\/option><option value=\"AI\">ANGUILLA<\/option><option value=\"AQ\">ANTARKTIKA<\/option><option value=\"AG\">Antigua und Barbuda<\/option><option value=\"AR\">ARGENTINIEN<\/option><option value=\"AM\">ARMENIEN<\/option><option value=\"AW\">ARUBA<\/option><option value=\"AU\">AUSTRALIEN<\/option><option value=\"AT\">\u00d6STERREICH<\/option><option value=\"AZ\">ASERBAIDSCHAN<\/option><option value=\"BS\">BAHAMAS<\/option><option value=\"BH\">BAHRAIN<\/option><option value=\"BD\">BANGLADESCH<\/option><option value=\"BB\">BARBADOS<\/option><option value=\"BY\">BELARUS<\/option><option value=\"BE\">BELGIEN<\/option><option value=\"BZ\">BELIZE<\/option><option value=\"BJ\">BENIN<\/option><option value=\"BM\">BERMUDA<\/option><option value=\"BT\">BHUTAN<\/option><option value=\"BO\">BOLIVIEN<\/option><option value=\"BA\">BOSNIA AND HERZEGOVINA<\/option><option value=\"BW\">BOTSWANA<\/option><option value=\"BV\">Bouvetinsel<\/option><option value=\"BR\">BRASILIEN<\/option><option value=\"BN\">BRUNEI DARUSSALAM<\/option><option value=\"BG\">BULGARIEN<\/option><option value=\"BF\">BURKINA FASO<\/option><option value=\"BI\">BURUNDI<\/option><option value=\"KH\">KAMBODSCHA<\/option><option value=\"CM\">KAMERUN<\/option><option value=\"CA\">KANADA<\/option><option value=\"CV\">KAP VERDE<\/option><option value=\"KY\">CAYMAN ISLANDS<\/option><option value=\"CF\">CENTRAL AFRICAN REPUBLIC<\/option><option value=\"TD\">TSCHAD<\/option><option value=\"CL\">CHILE<\/option><option value=\"CN\">CHINA<\/option><option value=\"CX\">CHRISTMAS ISLAND<\/option><option value=\"CC\">Kokosinseln (Keelinginseln)<\/option><option value=\"CO\">KOLUMBIEN<\/option><option value=\"KM\">KOMOREN<\/option><option value=\"CG\">CONGO (BRAZZAVILLE)<\/option><option value=\"CD\">CONGO (KINSHASA)<\/option><option value=\"CK\">Cookinseln<\/option><option value=\"CR\">COSTA RICA<\/option><option value=\"HR\">KROATIEN<\/option><option value=\"CU\">KUBA<\/option><option value=\"CY\">ZYPERN<\/option><option value=\"CZ\">TSCHECHIEN<\/option><option value=\"DK\">D\u00c4NEMARK<\/option><option value=\"DJ\">DSCHIBUTI<\/option><option value=\"DM\">DOMINICA<\/option><option value=\"DO\">DOMINICAN REPUBLIC<\/option><option value=\"EC\">ECUADOR<\/option><option value=\"EG\">\u00c4GYPTEN<\/option><option value=\"SV\">EL SALVADOR<\/option><option value=\"GQ\">\u00c4QUATORIALGUINEA<\/option><option value=\"ER\">ERITREA<\/option><option value=\"EE\">ESTLAND<\/option><option value=\"ET\">\u00c4THIOPIEN<\/option><option value=\"FK\">FALKLAND ISLANDS (MALVINAS)<\/option><option value=\"FO\">F\u00e4r\u00f6er<\/option><option value=\"FJ\">FIDSCHI<\/option><option value=\"FI\">FINNLAND<\/option><option value=\"FR\">FRANKREICH<\/option><option value=\"GF\">FRENCH GUIANA<\/option><option value=\"PF\">Franz\u00f6sisch-Polynesien<\/option><option value=\"TF\">Franz\u00f6sische S\u00fcd- und Antarktisgebiete<\/option><option value=\"GA\">Gabun<\/option><option value=\"GM\">GAMBIA<\/option><option value=\"GE\">GEORGIEN<\/option><option value=\"DE\">DEUTSCHLAND<\/option><option value=\"GH\">GHANA<\/option><option value=\"GI\">GIBRALTAR<\/option><option value=\"GR\">GRIECHENLAND<\/option><option value=\"GL\">GR\u00d6NLAND<\/option><option value=\"GD\">GRENADA<\/option><option value=\"GP\">GUADELOUPE<\/option><option value=\"GU\">GUAM<\/option><option value=\"GT\">GUATEMALA<\/option><option value=\"GN\">GUINEA<\/option><option value=\"GW\">GUINEA-BISSAU<\/option><option value=\"GY\">GUYANA<\/option><option value=\"HT\">HAITI<\/option><option value=\"VA\">Heiliger Stuhl (Staat Vatikanstadt)<\/option><option value=\"HN\">HONDURAS<\/option><option value=\"HK\">Hongkong<\/option><option value=\"HU\">UNGARN<\/option><option value=\"IS\">ISLAND<\/option><option value=\"IN\">INDIA<\/option><option value=\"ID\">INDONESIEN<\/option><option value=\"IR\">IRAN ISLAMIC REPUBLIC OF<\/option><option value=\"IQ\">IRAK<\/option><option value=\"IE\">IRELAND<\/option><option value=\"IL\">ISRAEL<\/option><option value=\"IT\">ITALY<\/option><option value=\"CI\">IVORY COAST<\/option><option value=\"JM\">JAMAIKA<\/option><option value=\"JP\">JAPAN<\/option><option value=\"JO\">JORDAN<\/option><option value=\"KZ\">KASACHSTAN<\/option><option value=\"KE\">KENIA<\/option><option value=\"KI\">KIRIBATI<\/option><option value=\"KP\">KOREA<\/option><option value=\"KR\">KOREA REPUBLIC OF<\/option><option value=\"KW\">KUWAIT<\/option><option value=\"KG\">KIRGISISTAN<\/option><option value=\"LA\">LAOS<\/option><option value=\"LV\">LATVIA<\/option><option value=\"LB\">LEBANON<\/option><option value=\"LS\">LESOTHO<\/option><option value=\"LR\">LIBERIA<\/option><option value=\"LY\">Libyen<\/option><option value=\"LI\">LIECHTENSTEIN<\/option><option value=\"LT\">LITAUEN<\/option><option value=\"LU\">LUXEMBURG<\/option><option value=\"MO\">MACAU<\/option><option value=\"MK\">NORDMAZEDONIEN<\/option><option value=\"MG\">MADAGASKAR<\/option><option value=\"MW\">MALAWI<\/option><option value=\"MY\">MALAYSIA<\/option><option value=\"MV\">MALEDIVEN<\/option><option value=\"ML\">MALI<\/option><option value=\"MT\">MALTA<\/option><option value=\"MH\">MARSHALL ISLANDS<\/option><option value=\"MQ\">MARTINIQUE<\/option><option value=\"MR\">MAURETANIEN<\/option><option value=\"MU\">MAURITIUS<\/option><option value=\"YT\">MAYOTTE<\/option><option value=\"MX\">MEXIKO<\/option><option value=\"FM\">MIKRONESIEN<\/option><option value=\"MD\">MOLDOVA, REPUBLIC OF<\/option><option value=\"MC\">MONACO<\/option><option value=\"MN\">MONGOLEI<\/option><option value=\"ME\">MONTENEGRO<\/option><option value=\"MS\">MONTSERRAT<\/option><option value=\"MA\">MAROKKO<\/option><option value=\"MZ\">MOSAMBIK<\/option><option value=\"MM\">MYANMAR<\/option><option value=\"NA\">NAMIBIA<\/option><option value=\"NR\">NAURU<\/option><option value=\"NP\">NEPAL<\/option><option value=\"NL\">NIEDERLANDE<\/option><option value=\"AN\">NETHERLANDS ANTILLES<\/option><option value=\"NC\">NEW CALEDONIA<\/option><option value=\"NZ\">NEUSEELAND<\/option><option value=\"NI\">NICARAGUA<\/option><option value=\"NE\">NIGER<\/option><option value=\"NG\">NIGERIA<\/option><option value=\"NU\">NIUE<\/option><option value=\"NF\">NORFOLK ISLAND<\/option><option value=\"MP\">N\u00f6rdliche Marianen<\/option><option value=\"NO\">NORWAY<\/option><option value=\"OM\">OMAN<\/option><option value=\"PK\">PAKISTAN<\/option><option value=\"PW\">PALAU<\/option><option value=\"PS\">PALESTINIAN TERRITORY<\/option><option value=\"PA\">PANAMA<\/option><option value=\"PG\">Papua-Neuguinea<\/option><option value=\"PY\">PARAGUAY<\/option><option value=\"PE\">PERU<\/option><option value=\"PH\">PHILIPPINEN<\/option><option value=\"PN\">PITCAIRNINSELN<\/option><option value=\"PL\">POLEN<\/option><option value=\"PT\">PORTUGAL<\/option><option value=\"PR\">PUERTO RICO<\/option><option value=\"QA\">KATAR<\/option><option value=\"RE\">R\u00e9union<\/option><option value=\"RO\">RUM\u00c4NIEN<\/option><option value=\"RU\">RUSSIAN FEDERATION<\/option><option value=\"RW\">RUANDA<\/option><option value=\"SH\">SAINT HELENA<\/option><option value=\"KN\">SAINT KITTS AND NEVIS<\/option><option value=\"LC\">SAINT LUCIA<\/option><option value=\"PM\">Saint-Pierre und Miquelon<\/option><option value=\"WS\">SAMOA<\/option><option value=\"SM\">SAN MARINO<\/option><option value=\"ST\">S\u00e3o Tom\u00e9 und Pr\u00edncipe<\/option><option value=\"SA\">SAUDI-ARABIEN<\/option><option value=\"SN\">SENEGAL<\/option><option value=\"RS\">SERBIEN<\/option><option value=\"SC\">SEYCHELLEN<\/option><option value=\"SL\">SIERRA LEONE<\/option><option value=\"SG\">SINGAPUR<\/option><option value=\"SK\">SLOWAKEI<\/option><option value=\"SI\">SLOWENIEN<\/option><option value=\"SB\">Salomonen<\/option><option value=\"SO\">SOMALIA<\/option><option value=\"ZA\">S\u00dcDAFRIKA<\/option><option value=\"ES\">SPAIN<\/option><option value=\"LK\">SRI LANKA<\/option><option value=\"SD\">SUDAN<\/option><option value=\"SR\">SURINAM<\/option><option value=\"SJ\">SPITZBERGEN UND JAN MAYEN<\/option><option value=\"SZ\">ESWATINI<\/option><option value=\"SE\">SWEDEN<\/option><option value=\"CH\">SCHWEIZ<\/option><option value=\"SY\">SYRIAN ARAB REPUBLIC<\/option><option value=\"TW\">Taiwan<\/option><option value=\"TJ\">TADSCHIKISTAN<\/option><option value=\"TZ\">TANZANIA UNITED REPUBLIC OF<\/option><option value=\"TH\">THAILAND<\/option><option value=\"TL\">OSTTIMOR<\/option><option value=\"TG\">TOGO<\/option><option value=\"TK\">TOKELAU<\/option><option value=\"TO\">TONGA<\/option><option value=\"TT\">TRINIDAD AND TOBAGO<\/option><option value=\"TN\">TUNESIEN<\/option><option value=\"TR\">T\u00dcRKEI<\/option><option value=\"TM\">TURKMENISTAN<\/option><option value=\"TC\">TURKS- und CAICOSINSELN<\/option><option value=\"TV\">TUVALU<\/option><option value=\"UG\">UGANDA<\/option><option value=\"UA\">UKRAINE<\/option><option value=\"AE\">UNITED ARAB EMIRATES<\/option><option value=\"GB\">UNITED KINGDOM<\/option><option value=\"US\">UNITED STATES<\/option><option value=\"UY\">URUGUAY<\/option><option value=\"UZ\">USBEKISTAN<\/option><option value=\"VU\">VANUATU<\/option><option value=\"VE\">VENEZUELA<\/option><option value=\"VN\">VIETNAM<\/option><option value=\"VG\">VIRGIN ISLANDS BRITISH<\/option><option value=\"VI\">VIRGIN ISLANDS U.S.<\/option><option value=\"WF\">WALLIS UND FUTUNA<\/option><option value=\"EH\">WESTSAHARA<\/option><option value=\"YE\">JEMEN<\/option><option value=\"ZM\">SAMBIA<\/option><option value=\"ZW\">SIMBABWE<\/option>\t\t\t\t\t\t\t<\/select>\n\t\t\t\t\t\t\t\t\t\t\t\t\t\t\t<label for=\"_companyName\">Firma <\/label>\n\t\t\t\t\t\n\t\t\t\t\t\t\t\t\t\t\t\t\t<input type=\"text\" id=\"_companyName\" name=\"_companyName\" value=\"\"  \/>\n\t\t\t\t\t\t\t\t\t\t\t\t\t\t\t<label for=\"_websiteUrl\">Website-URL<\/label>\n\t\t\t\t\t\n\t\t\t\t\t\t\t\t\t\t\t\t\t<input type=\"text\" id=\"_websiteUrl\" name=\"_websiteUrl\" value=\"\"  \/>\n\t\t\t\t\t\t\t\t\t\t    \n                            <label for=\"chkAgreeTerms\" id=\"agreeTermsLabel\" class=\"pure-checkbox\"><input type=\"checkbox\" id=\"chkAgreeTerms\" name=\"chkAgreeTerms\"  required \/>&nbsp;Ich habe gelesen und stimme zu <a target=\"_blank\" href=\"https:\/\/advancedsofttissuerelease.com\/affiliate-terms-conditions\/\">Allgemeine Gesch\u00e4ftsbedingungen<\/a><\/label>\n                            <div id=\"termsAgreeWarning\" style=\"color: red; display: none\">Du musst den Bedingungen zustimmen.<\/div>\n\t\t\t<script src=\"https:\/\/www.google.com\/recaptcha\/api.js\" async defer><\/script><div class=\"wpam_g_captcha\"><div class=\"g-recaptcha\" data-sitekey=\"6Le_0iETAAAAAH1U9uvq_ryfCiZ4fpZL7dG_B1ow\"><\/div><\/div>    \n                <!--<div class=\"wpam-registration-form\">-->\n                <input type=\"hidden\" name=\"wpam_reg_submit\" value=\"1\" \/>\n                <input type=\"submit\" name=\"submit\" value=\"Bewerbung einreichen\" class=\"wpam-registration-form-submit pure-button pure-button-active\" \/>\n                <!--<\/div>-->  \n                <\/fieldset>\n<\/form>\n<\/div>\n<div id=\"tncDialog\" style=\"display: none\">\n\t<div id=\"termsBox\" style=\"padding: 20px; width: auto; height: 380px; overflow: scroll; background-color: white; color: black; border: 1px solid black; white-space: pre-wrap;\">[AffiliatesRegister]<\/div>\n<\/div>\n\n","protected":false},"excerpt":{"rendered":"","protected":false},"author":1,"featured_media":0,"parent":1584,"menu_order":0,"comment_status":"closed","ping_status":"closed","template":"","meta":{"_analytify_skip_tracking":false,"footnotes":""},"class_list":["post-1585","page","type-page","status-publish","hentry"],"_links":{"self":[{"href":"https:\/\/advancedsofttissuerelease.com\/de\/wp-json\/wp\/v2\/pages\/1585","targetHints":{"allow":["GET"]}}],"collection":[{"href":"https:\/\/advancedsofttissuerelease.com\/de\/wp-json\/wp\/v2\/pages"}],"about":[{"href":"https:\/\/advancedsofttissuerelease.com\/de\/wp-json\/wp\/v2\/types\/page"}],"author":[{"embeddable":true,"href":"https:\/\/advancedsofttissuerelease.com\/de\/wp-json\/wp\/v2\/users\/1"}],"replies":[{"embeddable":true,"href":"https:\/\/advancedsofttissuerelease.com\/de\/wp-json\/wp\/v2\/comments?post=1585"}],"version-history":[{"count":0,"href":"https:\/\/advancedsofttissuerelease.com\/de\/wp-json\/wp\/v2\/pages\/1585\/revisions"}],"up":[{"embeddable":true,"href":"https:\/\/advancedsofttissuerelease.com\/de\/wp-json\/wp\/v2\/pages\/1584"}],"wp:attachment":[{"href":"https:\/\/advancedsofttissuerelease.com\/de\/wp-json\/wp\/v2\/media?parent=1585"}],"curies":[{"name":"wp","href":"https:\/\/api.w.org\/{rel}","templated":true}]}}