{"id":1588,"date":"2019-01-10T03:09:56","date_gmt":"2019-01-10T03:09:56","guid":{"rendered":"https:\/\/advancedsofttissuerelease.com\/?page_id=1588"},"modified":"2021-01-17T15:13:09","modified_gmt":"2021-01-17T22:13:09","slug":"affiliate-agb-2","status":"publish","type":"page","link":"https:\/\/advancedsofttissuerelease.com\/de\/affiliate-terms-conditions\/","title":{"rendered":"Gesch\u00e4ftsbedingungen f\u00fcr Partner"},"content":{"rendered":"<p><strong>Gesch\u00e4ftsbedingungen f\u00fcr Partner<\/strong><\/p>\n\n\n\n<p>Das Partnerprogramm von ASTR Institute ist kostenlos und erm\u00f6glicht Mitgliedern Einnahmen zu erzielen, indem sie einen oder mehrere Links auf ihrer Website platzieren, die ASTR Institute oder bestimmte Produkte darauf bewerben. Alle Verk\u00e4ufe an Kunden, die auf diese Links geklickt haben, verdienen die Affiliate-Provision. <strong>Der Standardprovisionssatz betr\u00e4gt derzeit 20%.<\/strong><\/p>\n\n\n\n<p>Diese Vereinbarung beschreibt die Bedingungen f\u00fcr die Teilnahme am Partnerprogramm des ASTR-Instituts. In dieser Vereinbarung bezieht sich der Begriff \u201eAffiliate\u201c auf Sie (den Bewerber). In dieser Vereinbarung bezieht sich \u201eASTR Institute\u201c auf das ASTR Institute, ein kalifornisches Unternehmen, mit dem Sie diese Vereinbarung eingehen. Indem Sie sich f\u00fcr das Affiliate-Programm des ASTR Institute bewerben, best\u00e4tigen Sie, dass Sie die Vereinbarung gelesen haben&nbsp;<\/p>\n\n\n\n<p><strong>Provisionen<\/strong><\/p>\n\n\n\n<p>Damit ein Verkauf eine Provision an einen Partner generiert, muss der Kunde das Bestellformular ausf\u00fcllen und die vollst\u00e4ndige Zahlung f\u00fcr das Produkt leisten. Provisionen werden nur auf Verk\u00e4ufe gezahlt, die get\u00e4tigt werden, wenn der Kunde durch qualifizierte, korrekt strukturierte Affiliate-Links klickt. Korrekt kodierte Links liegen in der alleinigen Verantwortung des Affiliates. Provisionen k\u00f6nnen im Partner-Dashboard eingesehen werden. Wenn der Partner einen wiederkehrenden Zahlungsplan hat, sammelt er weiterhin Provisionen f\u00fcr jede bezahlte Transaktion des Kunden, solange der Kunde ein zahlender Kunde bleibt. F\u00fcr Partner, die an dem wiederkehrenden Programm teilnehmen, sammeln sich auch Provisionen f\u00fcr Plan-Upgrades und das Hinzuf\u00fcgen von Benutzern an.<\/p>\n\n\n\n<p><strong>Zahlung<\/strong><\/p>\n\n\n\n<p>Ein Partner kann eine Zahlung anfordern, wenn sein Kontostand einen Mindestbetrag von $25 USD erreicht. Zahlungen k\u00f6nnen alle 30 Tage angefordert werden. Die Zahlungsabwicklung kann bis zu 30 Tage ab Anfragedatum dauern. Zahlungen werden grunds\u00e4tzlich \u00fcber PayPal ausgezahlt.<\/p>\n\n\n\n<p><strong>R\u00fcckerstattungen<\/strong><\/p>\n\n\n\n<p>F\u00fcr den Fall, dass ein Kunde eine R\u00fcckerstattung f\u00fcr eine Transaktion beantragt, f\u00fcr die der Partner Provisionen verdient hat, werden alle Provisionen, die auf den R\u00fcckerstattungsbetrag verdient wurden, vom Saldo des Partners abgezogen.<\/p>\n\n\n\n<p><strong>Nutzung und Pflichten<\/strong><\/p>\n\n\n\n<p>Affiliates d\u00fcrfen die Marken- und Marketingressourcen des ASTR Institute verwenden, die im Affiliate-Bereich der ASTR Institute-Anwendung oder der ASTR-Website verf\u00fcgbar sind. Logos und andere Elemente k\u00f6nnen nicht ge\u00e4ndert werden. Der Partner erh\u00e4lt keine Marken-, Urheber- oder sonstigen Rechte an diesen Materialien. Der Partner wird niemals implizieren, dass er im Namen des ASTR-Instituts handelt, und wird niemals direkt f\u00fcr das ASTR-Institut werben. Der Partner wird niemals f\u00fcr Anzeigen bieten, die mit dem ASTR-Institut konkurrieren. Der Partner wird sich selbst, das ASTR-Institut oder seine Beziehung zum ASTR-Institut niemals auf falsche oder irref\u00fchrende Weise darstellen. Der Partner wird sich nicht an der Verteilung einer unerw\u00fcnschten Massen-E-Mail (Spam) beteiligen ) unter Erw\u00e4hnung oder Bezugnahme auf das ASTR-Institut.<\/p>\n\n\n\n<p><strong>Laufzeit und K\u00fcndigung<\/strong><\/p>\n\n\n\n<p>Jede Partei hat das Recht, die Vereinbarung mit sofortiger Wirkung ohne vorherige Ank\u00fcndigung zu k\u00fcndigen. Wenn der Affiliate die Vereinbarung k\u00fcndigt, werden keine weiteren Provisionen von ASTR Institute f\u00fcr vergangene oder zuk\u00fcnftige Kundentransaktionen gezahlt als $25 USD werden innerhalb von 60 Tagen nach der K\u00fcndigung an den Partner gezahlt. Guthaben, die kleiner als $25 sind, verfallen.<\/p>\n\n\n\n<p>Wenn der Partner an einem wiederkehrenden Programm teilnimmt, ist das ASTR-Institut nach der Beendigung nicht zu zuk\u00fcnftigen Zahlungen verpflichtet. Ihre Partnerbewerbung und Ihr Status im Programm k\u00f6nnen aus einem der folgenden Gr\u00fcnde ausgesetzt oder beendet werden: Unangemessene Werbung (falsche Behauptungen, irref\u00fchrende Hyperlinks usw.).Spamming (Massen-E-Mail, Massen-Posting in Newsgroups usw.).Werbung auf Websites, die illegale Aktivit\u00e4ten enthalten oder f\u00f6rdern.Vers\u00e4umnis, die Affiliate-Beziehung f\u00fcr eine Werbeaktion offenzulegen, die als Billigung gem\u00e4\u00df den bestehenden Richtlinien und Vorschriften der Federal Trade Commission gilt, oder geltende staatliche Gesetze. Verletzung von Rechten an geistigem Eigentum.<\/p>\n\n\n\n<p>Das ASTR Institute beh\u00e4lt sich das Recht vor, Lizenzvereinbarungen von denjenigen zu verlangen, die Marken des ASTR Institute verwenden, um unsere Rechte an geistigem Eigentum zu sch\u00fctzen. Das Anbieten von Rabatten, Coupons oder anderen Formen versprochener R\u00fcckverg\u00fctungen von Ihrer Affiliate-Provision als Anreiz. Das Hinzuf\u00fcgen von Boni oder das B\u00fcndeln anderer Produkte mit ASTR Institute ist jedoch akzeptabel. Selbstempfehlungen, betr\u00fcgerische Transaktionen, Verdacht auf Affiliate-Betrug. Zus\u00e4tzlich zu dem Vorstehenden beh\u00e4lt sich ASTR Institute das Recht vor, jedes Affiliate-Konto jederzeit zu k\u00fcndigen, wenn Verst\u00f6\u00dfe dagegen versto\u00dfen Vereinbarung oder kein Grund.<\/p>\n\n\n\n<p><strong>Geltendes Recht<\/strong><\/p>\n\n\n\n<p>Diese Vereinbarung wird in \u00dcbereinstimmung mit den Gesetzen des Staates Idaho geregelt, ausgelegt und durchgesetzt, ohne R\u00fccksicht auf seine Kollisionsnormen.<\/p>\n\n\n\n<p><strong>Schiedsverfahren<\/strong><\/p>\n\n\n\n<p>Alle Anspr\u00fcche und Streitigkeiten, die sich aus oder im Zusammenhang mit dieser Vereinbarung ergeben, sind durch ein verbindliches Schiedsverfahren im Bundesstaat Idaho beizulegen. Ein Schiedsspruch kann von einem zust\u00e4ndigen Gericht best\u00e4tigt werden.<\/p>\n\n\n\n<p><strong>\u00c4nderung<\/strong><\/p>\n\n\n\n<p>Wir k\u00f6nnen alle Bedingungen dieser Vereinbarung jederzeit und nach eigenem Ermessen \u00e4ndern. Diese \u00c4nderungen k\u00f6nnen unter anderem \u00c4nderungen im Umfang der verf\u00fcgbaren Provisionen, Provisionspl\u00e4ne, Zahlungsverfahren und Regeln des Partnerprogramms umfassen.<\/p>","protected":false},"excerpt":{"rendered":"<p>Affiliate Terms &amp; Conditions ASTR Institute affiliate program is free and enables members to earn revenue by placing a link or links on their web site which advertises ASTR Institute or specific products on it. Any sales made to customers who have clicked on those links will earn the affiliate commission. The standard commission rate [&hellip;]<\/p>\n","protected":false},"author":1,"featured_media":0,"parent":0,"menu_order":0,"comment_status":"closed","ping_status":"closed","template":"","meta":{"_analytify_skip_tracking":false,"footnotes":""},"class_list":["post-1588","page","type-page","status-publish","hentry"],"_links":{"self":[{"href":"https:\/\/advancedsofttissuerelease.com\/de\/wp-json\/wp\/v2\/pages\/1588","targetHints":{"allow":["GET"]}}],"collection":[{"href":"https:\/\/advancedsofttissuerelease.com\/de\/wp-json\/wp\/v2\/pages"}],"about":[{"href":"https:\/\/advancedsofttissuerelease.com\/de\/wp-json\/wp\/v2\/types\/page"}],"author":[{"embeddable":true,"href":"https:\/\/advancedsofttissuerelease.com\/de\/wp-json\/wp\/v2\/users\/1"}],"replies":[{"embeddable":true,"href":"https:\/\/advancedsofttissuerelease.com\/de\/wp-json\/wp\/v2\/comments?post=1588"}],"version-history":[{"count":0,"href":"https:\/\/advancedsofttissuerelease.com\/de\/wp-json\/wp\/v2\/pages\/1588\/revisions"}],"wp:attachment":[{"href":"https:\/\/advancedsofttissuerelease.com\/de\/wp-json\/wp\/v2\/media?parent=1588"}],"curies":[{"name":"wp","href":"https:\/\/api.w.org\/{rel}","templated":true}]}}