{"id":17080,"date":"2020-12-26T18:38:20","date_gmt":"2020-12-27T01:38:20","guid":{"rendered":"https:\/\/advancedsofttissuerelease.com\/?page_id=17080"},"modified":"2023-05-16T21:06:14","modified_gmt":"2023-05-17T03:06:14","slug":"haftungsausschluss-2-2","status":"publish","type":"page","link":"https:\/\/advancedsofttissuerelease.com\/de\/disclaimer-2\/","title":{"rendered":"Haftungsausschluss"},"content":{"rendered":"<p><strong>Haftungsausschluss<\/strong><\/p>\r\n\r\n\r\n\r\n<p>Diese Aussagen wurden nicht von der Food and Drug Administration bewertet. Diese Produkte sind nicht zur Diagnose, Behandlung, Heilung oder Vorbeugung von Krankheiten bestimmt. Die Ergebnisse k\u00f6nnen von Person zu Person unterschiedlich sein und wir k\u00f6nnen nicht garantieren, dass Sie die gleichen Ergebnisse wie in unseren Testimonial- und Behandlungsvideos erzielen. Jeder Mensch ist anders und der Erfolg einer Person ist kein garantiertes Ergebnis.<\/p>\r\n\r\n\r\n\r\n<p>Die Videos und Website-Informationen sind nicht dazu bestimmt, Zuschauern Diagnosen, Behandlungen, Meinungen, Dienstleistungen oder Ratschl\u00e4ge zu geben. \u00dcber unsere sozialen Medien, Kurse und unsere Website stellen wir Ihnen neue Behandlungsideen vor, die zum Erforschen und Erweitern des Allgemeinwissens bestimmt sind. Die Inhalte auf unserer Website, Videos oder Social-Media-Posts k\u00f6nnen professionelle Hilfe nicht ersetzen. <strong>Wenn Sie sich wegen eines medizinischen Problems Sorgen machen, wenden Sie sich bitte an Ihren Gesundheitsdienstleister, Arzt oder eine andere medizinische Fachkraft.<\/strong> <strong>WENN SIE DENKEN, DASS SIE EINEN MEDIZINISCHEN NOTFALL HABEN, RUFEN SIE SOFORT 911 AN.\u00a0<\/strong><\/p>\r\n\r\n\r\n\r\n<p>Dr. Joseph Jacobs und das ASTR-Institut sind in keiner Weise verantwortlich oder haftbar f\u00fcr Handlungen, Dienstleistungen oder Produkte, die \u00fcber diese Website, unsere Videos oder Beitr\u00e4ge in sozialen Medien erworben werden. Das ASTR-Institut noch seine verbundenen Organisationen oder Personen sind nicht verantwortlich f\u00fcr Verletzungen oder Sch\u00e4den, die durch die Anwendung von Informationen in unseren Kursen, auf unserer Website und in unseren Social-Media-Beitr\u00e4gen verursacht werden. Es wird empfohlen, dass Sie Ihre Fragen und\/oder Bedenken mit einem Arzt besprechen. Verwenden Sie unsere Informationen auf eigene Gefahr. Die Inhalte auf unseren Kursen, Websites und Social-Media-Beitr\u00e4gen k\u00f6nnen professionelle Unterst\u00fctzung nicht ersetzen. Wenn Sie sich wegen eines medizinischen Problems Sorgen machen, wenden Sie sich bitte an Ihren Gesundheitsdienstleister, Arzt oder eine andere medizinische Fachkraft.<\/p>\r\n\r\n\r\n\r\n<p><strong>Fragen Sie den ASTR-Haftungsausschluss<\/strong><\/p>\r\n\r\n\r\n\r\n<p>Ask ASTR ist eine Software f\u00fcr k\u00fcnstliche Intelligenz, die Benutzern hilft, die Ursache ihrer Gesundheitssymptome herauszufinden. Ask ASTR ist ein Beta-Produkt und wird st\u00e4ndig weiterentwickelt und aktualisiert. Es liegt in der Verantwortung des Benutzers, Fragen genau zu beantworten, um die besten Empfehlungen f\u00fcr seinen Zustand zu erhalten. Ungenaue Benutzerantworten f\u00fchren zu ungenauen Systemempfehlungen.\u00a0<\/p>\r\n\r\n\r\n\r\n<p>Die Aussagen unserer Software wurden nicht von der Food and Drug Administration bewertet. Diese Produkte sind nicht zur Diagnose, Behandlung, Heilung oder Vorbeugung von Krankheiten bestimmt. Die bereitgestellten Empfehlungen k\u00f6nnen professionelle Hilfe nicht ersetzen. Wenn Sie sich wegen eines medizinischen Problems Sorgen machen, wenden Sie sich bitte an Ihren Gesundheitsdienstleister, Arzt oder eine andere medizinische Fachkraft. Dr. Joseph Jacobs und das ASTR-Institut sind in keiner Weise verantwortlich oder haftbar f\u00fcr Handlungen, Dienstleistungen oder Produkte, die \u00fcber diese Website erworben werden. Das ASTR-Institut und seine verbundenen Organisationen oder Personen sind nicht verantwortlich f\u00fcr Verletzungen oder Sch\u00e4den, die durch die Verwendung unseres Systems verursacht werden. Es wird empfohlen, dass Sie Ihre Fragen und\/oder Bedenken mit einem Arzt besprechen. Benutzung auf eigene Gefahr. <strong>Wenn Sie sich wegen eines medizinischen Problems Sorgen machen, wenden Sie sich bitte an Ihren Gesundheitsdienstleister, Arzt oder eine andere medizinische Fachkraft.<\/strong> <strong>WENN SIE DENKEN, DASS SIE EINEN MEDIZINISCHEN NOTFALL HABEN, RUFEN SIE SOFORT 911 AN.\u00a0<\/strong><\/p>\r\n\r\n\r\n\r\n<p><strong>Haftungsausschluss f\u00fcr Kurse f\u00fcr Gesundheitsdienstleister<\/strong><\/p>\r\n\r\n\r\n\r\n<p>ASTR-Institut und ASTR-Kurse sind als Weiterbildung f\u00fcr Gesundheitsdienstleister und \u00c4rzte gedacht. Diese Kurse allein verleihen einem nicht lizenzierten Arzt nicht die rechtliche Befugnis, die Informationen in diesen Kursen an Patienten oder Klienten umzusetzen. Einige der Informationen in diesen Kursen gehen m\u00f6glicherweise \u00fcber den Umfang einer privaten Gesundheitspraxis hinaus, die nicht als Arzt oder andere entsprechend zugelassene Praktiker zugelassen ist oder von einem Arzt beaufsichtigt wird. Bevor Sie die in diesen Kursen vorgestellten Informationen oder Techniken an Patienten oder Klienten anwenden, sollte sich ein nicht lizenzierter Arzt oder ein Arzt mit einer eingeschr\u00e4nkten Lizenz (z. B. ein Apotheker, Physiotherapeut, Ergotherapeut, Chiropraktiker, eine Krankenschwester, ein Ern\u00e4hrungsberater usw.) Die entsprechende Praxis handelt in ihrem Staat, um sicherzustellen, dass die Anwendung der in diesen Kursen beschriebenen Modalit\u00e4ten, Therapien oder Techniken durch den Arzt mit den Gesetzen des Staates vereinbar ist.<\/p>\r\n\r\n\r\n\r\n<p><strong>Haftungsausschluss f\u00fcr Selbstbehandlungsprogramme<\/strong><\/p>\r\n\r\n\r\n\r\n<p>Diese Aussagen wurden nicht von der Food and Drug Administration bewertet. Diese Produkte sind nicht zur Diagnose, Behandlung, Heilung oder Vorbeugung von Krankheiten bestimmt. Die Inhalte unserer Kurse k\u00f6nnen eine professionelle Hilfestellung nicht ersetzen. Wenn Sie sich wegen eines medizinischen Problems Sorgen machen, wenden Sie sich bitte an Ihren Gesundheitsdienstleister, Arzt oder eine andere medizinische Fachkraft. Dr. Joseph Jacobs und das ASTR-Institut sind in keiner Weise verantwortlich oder haftbar f\u00fcr Handlungen, Dienstleistungen oder Produkte, die \u00fcber diese Website erworben werden. Das ASTR-Institut und seine verbundenen Organisationen oder Personen sind nicht verantwortlich f\u00fcr Verletzungen oder Sch\u00e4den, die durch die Anwendung von ASTR-Werkzeugen verursacht werden. ASTR-Werkzeuge sind im Allgemeinen sicher, wenn sie mit der richtigen Technik und Sorgfalt ge\u00fcbt werden. Es wird empfohlen, dass Sie Ihre Fragen und\/oder Bedenken mit einem Arzt besprechen. Stellen Sie die Anwendung sofort ein, wenn Schmerzen auftreten, sich der Zustand verschlechtert oder Bluterg\u00fcsse verursacht werden. Benutzung auf eigene Gefahr. <strong>Wenn Sie sich wegen eines medizinischen Problems Sorgen machen, wenden Sie sich bitte an Ihren Gesundheitsdienstleister, Arzt oder eine andere medizinische Fachkraft.<\/strong> <strong>WENN SIE DENKEN, DASS SIE EINEN MEDIZINISCHEN NOTFALL HABEN, RUFEN SIE SOFORT 911 AN.\u00a0<\/strong><\/p>\r\n\r\n\r\n\r\n<p><strong>Telemedizinische Beratung und Bewertung<\/strong><\/p>\r\n<p>Die w\u00e4hrend der Konsultationen und Bewertungen gegebenen Vorschl\u00e4ge in Bezug auf Ern\u00e4hrungs-, Di\u00e4t-, Nahrungserg\u00e4nzungsmittel- oder Entgiftungsempfehlungen dienen ausschlie\u00dflich Pr\u00e4ventions- und Aufkl\u00e4rungszwecken und sind nicht f\u00fcr die Diagnose von Patienten gedacht. \u00c4rzte, Krankenschwestern und Krankenpfleger sind die Gesundheitsdienstleister, die befugt sind, Patienten zu autorisieren, bestimmte medizinische Eingriffe zu beenden oder zu beginnen. Wir ermutigen die Patienten, ihre eigenen Nachforschungen anzustellen, wenn es um die Entscheidungen geht, die sie f\u00fcr sich selbst treffen. Wir unterst\u00fctzen die aktuelle Forschung. Es ist sehr wichtig, dass sich jeder Patient an seinen Arzt wendet und ihm alle \u00c4nderungen seines Gesundheitsplans mitteilt. Wenn Sie ohne R\u00fccksprache mit Ihrem Arzt keine \u00c4nderungen vornehmen, kann dies gef\u00e4hrlich sein. Indem Sie auf die Schaltfl\u00e4che \u201eIch stimme zu\u201c klicken, erkl\u00e4ren Sie, dass Sie diese Informationen verstanden haben.\u00a0<\/p>\r\n<p><strong>Magnet \u2013 Haftungsausschluss von MagnaHeal<\/strong><\/p>\r\n\r\n\r\n\r\n<p>Das ASTR Institute ist nicht haftbar oder verantwortlich f\u00fcr Verletzungen, Zerst\u00f6rungen oder Sch\u00e4den, die MagnaHeal oder Magnete als Folge ihrer Verwendung verursachen k\u00f6nnen. Vor dem Kauf des MagnaHeal best\u00e4tigt der K\u00e4ufer, dass er die folgenden Warnhinweise gelesen und verstanden hat:<\/p>\r\n\r\n\r\n\r\n<p><strong>Kontraindikationen:<\/strong> MagnaHeal sollte vermieden werden, wenn Sie eines der folgenden haben:<\/p>\r\n\r\n\r\n\r\n<ul class=\"wp-block-list\">\r\n<li>Schrittmacher<\/li>\r\n<li>Schwangerschaft<\/li>\r\n<li>Jede Elektronik in Ihrem K\u00f6rper<\/li>\r\n<li>Krampfanfall<\/li>\r\n<\/ul>\r\n\r\n\r\n\r\n<p>Der K\u00e4ufer best\u00e4tigt, dass er\/sie gegen\u00fcber 100% die Verantwortung f\u00fcr alle Verletzungen und Sch\u00e4den \u00fcbernimmt, die MagnaHeal m\u00f6glicherweise verursachen k\u00f6nnte. Dazu geh\u00f6ren Selbst- oder Fremdverletzungen, Sachsch\u00e4den und Sch\u00e4den am MagnaHeal. Der K\u00e4ufer muss diesen Bedingungen vor dem Kauf des MagnaHeal zustimmen.<\/p>\r\n\r\n\r\n\r\n<p>Das ASTR Institute wird eine Sch\u00e4tzung der Zugkraft f\u00fcr den MagnaHeal bereitstellen, aber wir sind nicht verantwortlich f\u00fcr Diskrepanzen oder Ungenauigkeiten der Magnetzugkraft. Bitte testen Sie die Zugkraft, bevor Sie es verwenden.<\/p>\r\n\r\n\r\n\r\n<p>MagnaHeal ist sehr m\u00e4chtig. Es ist wichtig, dass es sorgf\u00e4ltig behandelt wird, um Sch\u00e4den am Magneten und Verletzungen von sich selbst oder anderen zu vermeiden. Magnete, die die gleiche Gr\u00f6\u00dfe oder mehr als ein 3-Zoll-W\u00fcrfel haben, k\u00f6nnen den Fingern sehr schwere Sch\u00e4den zuf\u00fcgen, wenn die Finger zwischen den beiden Magneten eingeklemmt werden. Knochen k\u00f6nnen brechen und Fingerspitzen k\u00f6nnen verloren gehen.<\/p>\r\n\r\n\r\n\r\n<p>MagnaHeal ist zerbrechlich. Wenn es fallen gelassen oder getroffen wird, kann es brechen oder splittern. Tragen Sie beim Halten und Verwenden des MagnaHeal Handschuhe und eine Schutzbrille, da sich Splitter und\/oder Abstandshalter l\u00f6sen und aus dem MagnaHeal herausfliegen k\u00f6nnten.<\/p>\r\n\r\n\r\n\r\n<ul class=\"wp-block-list\">\r\n<li>Wenn MagnaHeal \u00fcber 175 Grad Fahrenheit oder 80 Grad Celsius erhitzt wird, verliert es seine magnetische Eigenschaft.<\/li>\r\n<li>MagnaHeal hat ein sehr starkes Magnetfeld und kann Folgendes besch\u00e4digen: Computer, Fernseher, Computermonitore, Datentr\u00e4ger, Telefone, elektronische Ger\u00e4te, Kreditkarten, Uhren, H\u00f6rger\u00e4te, Herzschrittmacher usw. Herzschrittmacher sind eine Kontraindikation und k\u00f6nnen besch\u00e4digt werden, wenn sie ausgesetzt werden zum MagnaHeal. Patienten mit Herzschrittmachern m\u00fcssen mindestens 3 Fu\u00df vom MagnaHeal entfernt bleiben.<\/li>\r\n<li>MagnaHeal is only to be used externally.<\/li>\r\n<li>Das MagnaHeal sollte \u00fcberhaupt nicht ver\u00e4ndert werden. Schneiden, Bohren oder S\u00e4gen des MagnaHeal ist nicht gestattet. Partikel aus dem MagnaHeal vom Schneiden k\u00f6nnen eine sehr gef\u00e4hrliche Umgebung verursachen, da die Partikel leicht entz\u00fcndlich sind. Der Magnet bricht, wenn er ges\u00e4gt, geschnitten oder gebohrt wird. MagnaHeal sollte niemals verbrannt werden, da dies zu Giften f\u00fchren w\u00fcrde.<\/li>\r\n<\/ul>","protected":false},"excerpt":{"rendered":"<p>Disclaimer These statements have not been evaluated by the Food and Drug Administration. These products are not intended to diagnose, treat, cure, or prevent any disease. Results may vary with each person and we cannot guarantee that you will experience the same results found in our testimonial and treatment videos. Each individual is different and [&hellip;]<\/p>\n","protected":false},"author":1,"featured_media":0,"parent":0,"menu_order":0,"comment_status":"closed","ping_status":"closed","template":"","meta":{"_analytify_skip_tracking":false,"footnotes":""},"class_list":["post-17080","page","type-page","status-publish","hentry"],"_links":{"self":[{"href":"https:\/\/advancedsofttissuerelease.com\/de\/wp-json\/wp\/v2\/pages\/17080","targetHints":{"allow":["GET"]}}],"collection":[{"href":"https:\/\/advancedsofttissuerelease.com\/de\/wp-json\/wp\/v2\/pages"}],"about":[{"href":"https:\/\/advancedsofttissuerelease.com\/de\/wp-json\/wp\/v2\/types\/page"}],"author":[{"embeddable":true,"href":"https:\/\/advancedsofttissuerelease.com\/de\/wp-json\/wp\/v2\/users\/1"}],"replies":[{"embeddable":true,"href":"https:\/\/advancedsofttissuerelease.com\/de\/wp-json\/wp\/v2\/comments?post=17080"}],"version-history":[{"count":0,"href":"https:\/\/advancedsofttissuerelease.com\/de\/wp-json\/wp\/v2\/pages\/17080\/revisions"}],"wp:attachment":[{"href":"https:\/\/advancedsofttissuerelease.com\/de\/wp-json\/wp\/v2\/media?parent=17080"}],"curies":[{"name":"wp","href":"https:\/\/api.w.org\/{rel}","templated":true}]}}