{"id":17086,"date":"2020-12-26T19:20:20","date_gmt":"2020-12-27T02:20:20","guid":{"rendered":"https:\/\/advancedsofttissuerelease.com\/?page_id=17086"},"modified":"2021-01-15T11:08:32","modified_gmt":"2021-01-15T18:08:32","slug":"hinweise-zum-datenschutz","status":"publish","type":"page","link":"https:\/\/advancedsofttissuerelease.com\/de\/notice-of-privacy-practices\/","title":{"rendered":"Hinweis auf Datenschutzpraktiken"},"content":{"rendered":"<p><strong>HIPAA \u2013 HINWEIS ZU DATENSCHUTZPRAKTIKEN<\/strong><\/p>\n\n\n\n<p>DIESE MITTEILUNG BESCHREIBT, WIE GESUNDHEITSINFORMATIONEN VERWENDET UND OFFENGELEGT WERDEN K\u00d6NNEN UND WIE SIE DURCH ASTR INSTITUTE, INC. ZUGRIFF AUF DIESE INFORMATIONEN ERHALTEN K\u00d6NNEN.<\/p>\n\n\n\n<p><strong>I. UNSER VERSPRECHEN ZU GESUNDHEITSINFORMATIONEN:<\/strong><\/p>\n\n\n\n<p>Das ASTR Institute versteht, dass Gesundheitsinformationen \u00fcber Sie und Ihre Gesundheitsversorgung pers\u00f6nlich sind. Wir verpflichten uns, Gesundheitsdaten \u00fcber Sie zu sch\u00fctzen. Wir ben\u00f6tigen diese Aufzeichnungen, um Ihnen eine qualitativ hochwertige Versorgung zu bieten und bestimmte gesetzliche Anforderungen zu erf\u00fcllen. Diese Mitteilung informiert Sie \u00fcber die Art und Weise, wie wir Gesundheitsinformationen \u00fcber Sie verwenden und offenlegen k\u00f6nnen. Wir beschreiben auch Ihre Rechte an den Gesundheitsinformationen, die wir \u00fcber Sie speichern, und beschreiben bestimmte Verpflichtungen, die wir in Bezug auf die Verwendung und Offenlegung Ihrer Gesundheitsinformationen haben. Wir sind gesetzlich dazu verpflichtet:<\/p>\n\n\n\n<ul class=\"wp-block-list\"><li>Stellen Sie sicher, dass gesch\u00fctzte Gesundheitsinformationen (\u201ePHI\u201c), die Sie identifizieren, vertraulich behandelt werden.<\/li><li>Geben Sie diesen Hinweis auf unsere rechtlichen Pflichten und Datenschutzpraktiken in Bezug auf Gesundheitsinformationen.<\/li><li>Befolgen Sie die Bedingungen der derzeit geltenden Mitteilung.<\/li><li>Wir k\u00f6nnen die Bedingungen dieser Erkl\u00e4rung \u00e4ndern, und solche \u00c4nderungen gelten f\u00fcr alle Informationen, die wir \u00fcber Sie haben. Die neue Mitteilung ist auf Anfrage auf der ASTR-Website verf\u00fcgbar.<\/li><\/ul>\n\n\n\n<p><strong>II. WIE WIR GESUNDHEITSINFORMATIONEN \u00dcBER SIE VERWENDEN UND OFFENLEGEN K\u00d6NNEN:<\/strong><\/p>\n\n\n\n<p>Die folgenden Kategorien beschreiben verschiedene Arten, wie wir Gesundheitsinformationen verwenden und offenlegen. F\u00fcr jede Kategorie von Verwendungen oder Offenlegungen werden wir erkl\u00e4ren, was wir meinen, und versuchen, einige Beispiele zu geben. Nicht jede Verwendung oder Offenlegung in einer Kategorie wird aufgef\u00fchrt. Alle M\u00f6glichkeiten, die wir zur Verwendung und Offenlegung von Informationen zugelassen haben, fallen jedoch in eine der Kategorien.<\/p>\n\n\n\n<p>F\u00fcr Behandlungszahlungen oder Gesundheitsleistungen: Bundesdatenschutzbestimmungen (Verordnungen) gestatten Gesundheitsdienstleistern, die eine direkte Behandlungsbeziehung mit dem Patienten\/Klienten haben, die pers\u00f6nlichen Gesundheitsinformationen des Patienten\/Klienten ohne die schriftliche Genehmigung des Patienten zu verwenden oder offenzulegen die eigene Behandlung, Bezahlung oder Gesundheitsf\u00fcrsorge des Gesundheitsdienstleisters. Wir k\u00f6nnen Ihre gesch\u00fctzten Gesundheitsinformationen auch f\u00fcr die Behandlungsaktivit\u00e4ten eines Gesundheitsdienstleisters offenlegen. Auch dies ist ohne Ihre schriftliche Genehmigung m\u00f6glich. Wenn sich beispielsweise ein Kliniker mit einem anderen lizenzierten Gesundheitsdienstleister zu Ihrem Zustand beraten w\u00fcrde, w\u00e4re es uns gestattet, Ihre ansonsten vertraulichen Gesundheitsinformationen zu verwenden und offenzulegen, um den Kliniker bei der Diagnose und Behandlung Ihrer psychischen Erkrankung zu unterst\u00fctzen Gesundheitszustand.<\/p>\n\n\n\n<p>Offenlegungen zu Behandlungszwecken sind nicht auf das erforderliche Mindestma\u00df beschr\u00e4nkt. Weil Therapeuten und andere Gesundheitsdienstleister Zugang zu den vollst\u00e4ndigen Aufzeichnungen und\/oder vollst\u00e4ndigen und vollst\u00e4ndigen Informationen ben\u00f6tigen, um eine qualitativ hochwertige Versorgung bieten zu k\u00f6nnen. Das Wort \u201eBehandlung\u201c umfasst unter anderem die Koordination und Verwaltung von Gesundheitsdienstleistern mit Dritten, Konsultationen zwischen Gesundheitsdienstleistern und \u00dcberweisungen eines Patienten zur Gesundheitsversorgung von einem Gesundheitsdienstleister zu einem anderen.<\/p>\n\n\n\n<p>Klagen und Streitigkeiten: Wenn Sie in eine Klage verwickelt sind, k\u00f6nnen wir Gesundheitsinformationen als Reaktion auf eine gerichtliche oder beh\u00f6rdliche Anordnung offenlegen. Wir k\u00f6nnen Gesundheitsinformationen \u00fcber Ihr Kind auch als Reaktion auf eine Vorladung, einen Auskunftsantrag oder ein anderes rechtm\u00e4\u00dfiges Verfahren durch eine andere an der Streitigkeit beteiligte Person offenlegen, jedoch nur, wenn Anstrengungen unternommen wurden, um Sie \u00fcber den Antrag zu informieren oder eine Anordnung zum Schutz des Kindes zu erwirken Informationen angefordert.<\/p>\n\n\n\n<p><strong>III. BESTIMMTE VERWENDUNGEN UND OFFENLEGUNGEN ERFORDERN IHRE GENEHMIGUNG:<\/strong><\/p>\n\n\n\n<ol class=\"wp-block-list\"><li><strong>Medizinische Notizen.<\/strong> Wir f\u00fchren \u201eNotizen\u201c, wie dieser Begriff in 45 CFR \u00a7 164.501 definiert ist, und jede Verwendung oder Offenlegung solcher Notizen erfordert Ihre Genehmigung, es sei denn, die Verwendung oder Offenlegung ist:<\/li><li>a. F\u00fcr unsere Verwendung bei der Behandlung von Ihnen.<\/li><li>b. F\u00fcr unsere Verwendung in der Ausbildung oder Supervision, um ihnen zu helfen, ihre F\u00e4higkeiten in Gruppen-, Gemeinschafts-, Familien- oder Einzelberatung oder -therapie zu verbessern.<\/li><li>c. F\u00fcr unsere Verteidigung in von Ihnen eingeleiteten Gerichtsverfahren.<\/li><li>d. Zur Verwendung durch das Gesundheitsministerium, um unsere Einhaltung von HIPAA zu untersuchen.<\/li><li>e. Gesetzlich vorgeschrieben und die Verwendung oder Offenlegung ist auf die Anforderungen dieses Gesetzes beschr\u00e4nkt.<\/li><li>f. Gesetzlich vorgeschrieben f\u00fcr bestimmte Gesundheitsaufsichtsaktivit\u00e4ten in Bezug auf den Urheber der Notizen.<\/li><li>g. Wird von einem Gerichtsmediziner ben\u00f6tigt, der gesetzlich zugelassene Aufgaben wahrnimmt.<\/li><li>h. Erforderlich, um eine ernsthafte Gefahr f\u00fcr die Gesundheit und Sicherheit anderer abzuwenden.<\/li><li><strong>Marketingzwecke.<\/strong> Wir werden Ihre PHI nicht f\u00fcr Marketingzwecke verwenden oder offenlegen.<\/li><li><strong>Verkauf von PHI.<\/strong> Wir werden Ihre PHI nicht im Rahmen unseres normalen Gesch\u00e4ftsbetriebs verkaufen.<\/li><\/ol>\n\n\n\n<p><strong>IV. BESTIMMTE VERWENDUNGEN UND OFFENLEGUNGEN ERFORDERN KEINE GENEHMIGUNG.<\/strong><\/p>\n\n\n\n<p>Vorbehaltlich bestimmter gesetzlicher Einschr\u00e4nkungen k\u00f6nnen wir Ihre PHI aus folgenden Gr\u00fcnden ohne Ihre Genehmigung verwenden und offenlegen:<\/p>\n\n\n\n<ol class=\"wp-block-list\"><li>Wenn die Offenlegung durch Landes- oder Bundesgesetze vorgeschrieben ist und die Verwendung oder Offenlegung den einschl\u00e4gigen Anforderungen dieser Gesetze entspricht und auf diese beschr\u00e4nkt ist.<\/li><li>F\u00fcr Aktivit\u00e4ten im Bereich der \u00f6ffentlichen Gesundheit, einschlie\u00dflich der Meldung mutma\u00dflichen Missbrauchs von Kindern, \u00e4lteren Menschen oder abh\u00e4ngigen Erwachsenen oder der Verhinderung oder Verringerung einer ernsthaften Bedrohung der Gesundheit oder Sicherheit von Personen.<\/li><li>F\u00fcr T\u00e4tigkeiten der Gesundheitsaufsicht, einschlie\u00dflich Audits und Untersuchungen.<\/li><li>F\u00fcr Gerichts- und Verwaltungsverfahren, einschlie\u00dflich der Reaktion auf eine gerichtliche oder beh\u00f6rdliche Anordnung, obwohl wir es vorziehen, vorher eine Genehmigung von Ihnen einzuholen.<\/li><li>F\u00fcr Strafverfolgungszwecke, einschlie\u00dflich der Meldung von Straftaten, die auf unserem Gel\u00e4nde begangen werden.<\/li><li>An Gerichtsmediziner oder Gerichtsmediziner, wenn diese Personen gesetzlich zugelassene Aufgaben wahrnehmen.<\/li><li>Zu Forschungszwecken, einschlie\u00dflich der Untersuchung und des Vergleichs der Gesundheit von Patienten, die eine Therapieform erhalten haben, mit denen, die eine andere Therapieform f\u00fcr dieselbe Erkrankung erhalten haben.<\/li><li>Spezialisierte Regierungsfunktionen, einschlie\u00dflich der Sicherstellung der ordnungsgem\u00e4\u00dfen Ausf\u00fchrung milit\u00e4rischer Missionen; Schutz des Pr\u00e4sidenten der Vereinigten Staaten; Durchf\u00fchrung von Geheimdienst- oder Spionageabwehroperationen; oder zur Gew\u00e4hrleistung der Sicherheit von Personen beitragen, die in Justizvollzugsanstalten arbeiten oder dort untergebracht sind.<\/li><li>F\u00fcr Arbeitnehmerentsch\u00e4digungszwecke. Obwohl wir es vorziehen, eine Genehmigung von Ihnen einzuholen, kann ich Ihre PHI zur Verf\u00fcgung stellen, um die Arbeitnehmerentsch\u00e4digungsgesetze einzuhalten.<\/li><li>Terminerinnerungen und gesundheitsbezogene Vorteile oder Dienstleistungen. Wir k\u00f6nnen Ihre PHI verwenden und offenlegen, um Sie zu kontaktieren und Sie daran zu erinnern, dass Sie einen Termin bei uns haben. Wir k\u00f6nnen Ihre PHI auch verwenden und offenlegen, um Sie \u00fcber Behandlungsalternativen oder andere von mir angebotene Gesundheitsdienste oder -leistungen zu informieren.<\/li><li>Wir k\u00f6nnen Ihre Gesundheitsinformationen an andere Angeh\u00f6rige der Gesundheitsberufe innerhalb unserer Praxis zum Zweck der Behandlung, Bezahlung oder Gesundheitsversorgung weitergeben.<\/li><li>Wir k\u00f6nnen Ihre Gesundheitsdaten an Ihren Versicherungsanbieter zum Zweck der Zahlung oder der Gesundheitsversorgung weitergeben.&nbsp;<\/li><li>Wir k\u00f6nnen Ihre Gesundheitsdaten nach Bedarf offenlegen, um die staatlichen Arbeitnehmerentsch\u00e4digungsgesetze einzuhalten.<\/li><li>Wir k\u00f6nnen Ihre Gesundheitsdaten offenlegen, um ein Familienmitglied oder eine andere f\u00fcr Ihre Pflege verantwortliche Person \u00fcber Ihren Gesundheitszustand oder im Falle eines Notfalls oder Ihres Todes zu benachrichtigen oder dabei zu helfen, diese zu benachrichtigen.<\/li><li>Wie gesetzlich vorgeschrieben, k\u00f6nnen wir Ihre Gesundheitsdaten f\u00fcr folgende Zwecke an \u00f6ffentliche Gesundheitsbeh\u00f6rden weitergeben: Vorbeugung oder Bek\u00e4mpfung von Krankheiten, Verletzungen oder Behinderungen, Meldung von Kindesmissbrauch oder -vernachl\u00e4ssigung, Meldung von h\u00e4uslicher Gewalt, Meldung von Problemen mit Produkten an die Food and Drug Administration und Reaktionen auf Medikamente und das Melden von Krankheiten oder Infektionen.<\/li><li>Wir k\u00f6nnen Ihre Gesundheitsdaten im Rahmen von Verwaltungs- oder Gerichtsverfahren offenlegen.<\/li><li>Wir k\u00f6nnen Ihre Gesundheitsdaten an einen Strafverfolgungsbeamten weitergeben, um beispielsweise einen Verd\u00e4chtigen, Fl\u00fcchtigen, wichtigen Zeugen oder eine vermisste Person zu identifizieren oder zu lokalisieren, einem Gerichtsbeschluss oder einer Vorladung nachzukommen und f\u00fcr andere Zwecke der Strafverfolgung.<\/li><li>Wir k\u00f6nnen Ihre Gesundheitsinformationen an Gerichtsmediziner oder Gerichtsmediziner weitergeben.<\/li><li>Wir k\u00f6nnen Ihre Gesundheitsinformationen an Organisationen weitergeben, die an der Beschaffung, dem Bankgesch\u00e4ft oder der Transplantation von Organen und Geweben beteiligt sind.<\/li><li>Wir k\u00f6nnen Ihre Gesundheitsinformationen an Forscher weitergeben, die Forschungsarbeiten durchf\u00fchren, die von einem Institutional Review Board genehmigt wurden.<\/li><li>Es kann erforderlich sein, Ihre Gesundheitsinformationen an geeignete Personen weiterzugeben, um eine ernsthafte und unmittelbare Gefahr f\u00fcr die Gesundheit oder Sicherheit einer bestimmten Person oder der Allgemeinheit zu verhindern oder zu mindern.<\/li><li>Wir k\u00f6nnen Ihre Gesundheitsdaten f\u00fcr milit\u00e4rische, nationale Sicherheits-, Gefangenen- und Regierungszwecke offenlegen. &nbsp;<\/li><li>Wir k\u00f6nnen eine Nachricht auf einem automatischen Anrufbeantworter oder einer Person hinterlassen, die den Anruf entgegennimmt, um Termine zu vereinbaren. W\u00e4hrend dieser Aufzeichnung oder Nachricht werden au\u00dfer dem Datum und der Uhrzeit Ihres geplanten Termins keine pers\u00f6nlichen Gesundheitsinformationen offengelegt, zusammen mit der Bitte, unser B\u00fcro anzurufen, wenn Sie Ihren Termin absagen oder verschieben m\u00fcssen.\u201c<\/li><li>Wir k\u00f6nnen Sie kontaktieren oder Ihre Rechnung per Telefon, Post oder E-Mail senden. \u201eEs ist unsere Praxis, an Wohlt\u00e4tigkeits- und Marketingveranstaltungen teilzunehmen, um das Bewusstsein zu sch\u00e4rfen, Lebensmittelspenden, Geschenke, Geld usw. zu spenden. W\u00e4hrend dieser Zeiten senden wir Ihnen m\u00f6glicherweise einen Brief, eine Postkarte, eine Einladung oder rufen Sie bei Ihnen zu Hause an, um Sie zur Teilnahme einzuladen die karitative T\u00e4tigkeit. &nbsp;<\/li><li>F\u00fcr den Fall, dass wir verkauft oder mit einer anderen Organisation fusioniert werden, gehen Ihre Gesundheitsinformationen\/-unterlagen in das Eigentum des neuen Eigent\u00fcmers \u00fcber.<\/li><\/ol>\n\n\n\n<p><strong>V. BESTIMMTE VERWENDUNGEN UND OFFENLEGUNGEN ERFORDERN IHNEN DIE M\u00d6GLICHKEIT ZUM WIDERSPRUCH ZU HABEN.<\/strong><\/p>\n\n\n\n<p>Offenlegung gegen\u00fcber Familie, Freunden oder anderen. Wir k\u00f6nnen Ihre PHI an ein Familienmitglied, einen Freund oder eine andere Person weitergeben, von der Sie angeben, dass sie an Ihrer Pflege oder der Bezahlung Ihrer Gesundheitsversorgung beteiligt ist, es sei denn, Sie widersprechen ganz oder teilweise. Die M\u00f6glichkeit zur Einwilligung kann in Notsituationen nachtr\u00e4glich eingeholt werden.<\/p>\n\n\n\n<p><strong>VI. SIE HABEN DIE FOLGENDEN RECHTE IN BEZUG AUF IHRE PHI:<\/strong><\/p>\n\n\n\n<ol class=\"wp-block-list\"><li>Das Recht, Beschr\u00e4nkungen f\u00fcr die Verwendung und Offenlegung Ihrer PHI zu verlangen. Sie haben das Recht, mich aufzufordern, bestimmte PHI nicht f\u00fcr Behandlungs-, Zahlungs- oder Gesundheitszwecke zu verwenden oder offenzulegen. Wir sind nicht verpflichtet, Ihrer Anfrage zuzustimmen, und ich kann \u201enein\u201c sagen, wenn wir glauben, dass dies Ihre Gesundheitsversorgung beeintr\u00e4chtigen w\u00fcrde.<\/li><li>Das Recht, Beschr\u00e4nkungen f\u00fcr vollst\u00e4ndig bezahlte Auslagen zu beantragen. Sie haben das Recht, Einschr\u00e4nkungen f\u00fcr die Offenlegung Ihrer PHI gegen\u00fcber Gesundheitspl\u00e4nen f\u00fcr Zahlungs- oder Gesundheitszwecke zu verlangen, wenn sich die PHI ausschlie\u00dflich auf einen Gesundheitsartikel oder eine Gesundheitsdienstleistung bezieht, die Sie vollst\u00e4ndig aus eigener Tasche bezahlt haben.<\/li><li>Das Recht zu w\u00e4hlen, wie wir PHI an Sie senden. Sie haben das Recht, uns zu bitten, Sie auf einem bestimmten Weg zu kontaktieren (z. B. Privat- oder B\u00fcrotelefon) oder Post an eine andere Adresse zu senden, und wir werden allen angemessenen Anfragen zustimmen.<\/li><li>Das Recht, Ihre PHI einzusehen und Kopien davon zu erhalten. Abgesehen von \u201emedizinischen Notizen\u201c haben Sie das Recht, eine elektronische oder gedruckte Kopie Ihrer Krankenakte und anderer Informationen, die wir \u00fcber Sie haben, zu erhalten. Wir stellen Ihnen innerhalb von 30 Tagen nach Erhalt Ihrer schriftlichen Anfrage eine Kopie Ihrer Akte oder eine Zusammenfassung davon zur Verf\u00fcgung, wenn Sie damit einverstanden sind, eine Zusammenfassung zu erhalten, und wir k\u00f6nnen daf\u00fcr eine angemessene, kostenabh\u00e4ngige Geb\u00fchr erheben.<\/li><li>Das Recht, eine Liste der von uns gemachten Offenlegungen zu erhalten. Sie haben das Recht, eine Liste der F\u00e4lle anzufordern, in denen wir Ihre PHI f\u00fcr andere Zwecke als Behandlung, Zahlung oder Gesundheitsversorgung offengelegt haben oder f\u00fcr die Sie mir diese bereitgestellt haben eine Autorisierung. Wir werden auf Ihren Antrag auf Bilanzierung von Offenlegungen innerhalb von 60 Tagen nach Erhalt Ihres Antrags antworten. F\u00fcr jede weitere Anfrage berechnen wir Ihnen eine angemessene kostenbasierte Geb\u00fchr.<\/li><li>Das Recht, Ihre PHI zu korrigieren oder zu aktualisieren. Wenn Sie der Meinung sind, dass Ihre PHI einen Fehler enth\u00e4lt oder dass eine wichtige Information in Ihrer PHI fehlt, haben Sie das Recht zu verlangen, dass wir die bestehenden Informationen korrigieren oder die fehlenden Informationen hinzuf\u00fcgen. Wir k\u00f6nnen Ihre Anfrage ablehnen, aber wir werden Ihnen innerhalb von 60 Tagen nach Erhalt Ihrer Anfrage schriftlich mitteilen, warum.<\/li><li>Das Recht, eine gedruckte oder elektronische Kopie dieser Mitteilung zu erhalten. Sie haben das Recht, eine Papierkopie dieser Mitteilung zu erhalten, und Sie haben das Recht, eine Kopie dieser Mitteilung per E-Mail zu erhalten. Und selbst wenn Sie zugestimmt haben, diese Mitteilung per E-Mail zu erhalten, haben Sie auch das Recht, eine Papierkopie davon anzufordern.<\/li><li>Sie haben das Recht, Einschr\u00e4nkungen f\u00fcr bestimmte Verwendungen und Offenlegungen Ihrer Gesundheitsdaten zu verlangen. Bitte beachten Sie jedoch, dass wir der von Ihnen gew\u00fcnschten Einschr\u00e4nkung nicht zustimmen m\u00fcssen.<\/li><li>Sie haben das Recht, dass Ihre Gesundheitsinformationen auf Ihren Wunsch hin auf alternative Weise empfangen oder \u00fcbermittelt oder an einen anderen Ort als die \u00fcbliche Kommunikations- oder \u00dcbermittlungsmethode gesendet werden.<\/li><li>Sie haben das Recht, Ihre Gesundheitsinformationen einzusehen und zu kopieren.<\/li><li>Sie haben das Recht zu verlangen, dass wir Ihre gesch\u00fctzten Gesundheitsinformationen \u00e4ndern. Bitte beachten Sie jedoch, dass wir der \u00c4nderung Ihrer gesch\u00fctzten Gesundheitsdaten nicht zustimmen m\u00fcssen. Wenn Ihr Antrag auf \u00c4nderung Ihrer Gesundheitsdaten abgelehnt wurde, erhalten Sie eine Erl\u00e4uterung unserer Ablehnungsgr\u00fcnde und Informationen dar\u00fcber, wie Sie der Ablehnung widersprechen k\u00f6nnen.<\/li><li>Sie haben das Recht, eine Abrechnung \u00fcber die Offenlegung Ihrer gesch\u00fctzten Gesundheitsdaten durch uns zu erhalten.<\/li><li>Sie haben auf Anfrage jederzeit das Recht auf eine gedruckte Kopie dieser Erkl\u00e4rung zu den Datenschutzpraktiken.<\/li><\/ol>\n\n\n\n<p>Wir behalten uns das Recht vor, diese Datenschutzerkl\u00e4rung jederzeit in der Zukunft zu \u00e4ndern, und werden die neuen Bestimmungen f\u00fcr alle darin enthaltenen Informationen wirksam machen. Bis zu einer solchen \u00c4nderung sind wir gesetzlich verpflichtet, diese Erkl\u00e4rung einzuhalten. &nbsp;<\/p>\n\n\n\n<p>Wir sind gesetzlich verpflichtet, die Vertraulichkeit Ihrer Gesundheitsdaten zu wahren und Sie \u00fcber die gesetzlichen Pflichten und Datenschutzpraktiken in Bezug auf Ihre Gesundheitsdaten zu informieren. Wenn Sie Fragen zu irgendeinem Teil dieser Erkl\u00e4rung haben oder weitere Informationen zu Ihren Datenschutzrechten w\u00fcnschen, wenden Sie sich bitte an uns, indem Sie dieses B\u00fcro unter anrufen <strong>(888) 210-2787<\/strong>. Sollte unser Datenschutzbeauftragter nicht erreichbar sein, k\u00f6nnen Sie innerhalb von 2 Werktagen pers\u00f6nlich oder telefonisch einen Termin f\u00fcr ein pers\u00f6nliches Gespr\u00e4ch vereinbaren. &nbsp;<\/p>\n\n\n\n<p>Sie haben das Recht, uns bez\u00fcglich Ihrer Beschwerden zu kontaktieren, wenn Sie glauben, dass wir Ihre Datenschutzrechte in irgendeiner Weise verletzt haben. Sie haben auch das Recht, sich an den Gesundheitsminister zu wenden, wenn Sie glauben, dass wir Ihre Datenschutzrechte verletzt haben. Das ASTR Institute k\u00fcmmert sich um Sie und m\u00f6chte wissen, ob Sie Probleme oder Beschwerden bez\u00fcglich des Datenschutzes Ihrer Gesundheitsdaten haben.<\/p>\n\n\n\n<p>Beschwerden \u00fcber Ihre Datenschutzrechte oder dar\u00fcber, wie wir mit Ihren Gesundheitsdaten umgegangen sind, sollten an unseren Datenschutzbeauftragten gerichtet werden, indem Sie dieses B\u00fcro unter anrufen <strong>(888) 210-2787<\/strong>. Sollte unser Datenschutzbeauftragter nicht erreichbar sein, k\u00f6nnen Sie innerhalb von 2 Werktagen pers\u00f6nlich oder telefonisch einen Termin f\u00fcr ein pers\u00f6nliches Gespr\u00e4ch vereinbaren. Wenn Sie mit der Art und Weise, wie diese Stelle Ihre Beschwerde bearbeitet, nicht zufrieden sind, k\u00f6nnen Sie eine f\u00f6rmliche Beschwerde einreichen an:<\/p>\n\n\n\n<p><strong>ASTR-Institut<\/strong><\/p>\n\n\n\n<p>1577 N Linder Rd MB # 199<\/p>\n\n\n\n<p>Kuna, ID 83634<\/p>\n\n\n\n<p>E-Mail: support@astrinstitute.com&nbsp;<\/p>\n\n\n\n<p><strong>WIRKUNGSDATUM DIESER MITTEILUNG<\/strong><\/p>\n\n\n\n<p>Diese Mitteilung trat am 03.01.2018 in Kraft<\/p>\n\n\n\n<p>Empfangsbest\u00e4tigung der Datenschutzerkl\u00e4rung<\/p>\n\n\n\n<p>Gem\u00e4\u00df dem Health Insurance Portability and Accountability Act von 1996 (HIPAA) haben Sie bestimmte Rechte in Bezug auf die Verwendung und Offenlegung Ihrer gesch\u00fctzten Gesundheitsinformationen. Durch die Nutzung dieser Website erkennen Sie an, dass Sie eine Kopie der HIPAA-Mitteilung zu Datenschutzpraktiken erhalten haben. Durch die Nutzung dieser Website erteilen Sie dem oben genannten Unternehmen meine Autorisierung und Zustimmung zur Nutzung und Offenlegung meiner gesch\u00fctzten Gesundheitsinformationen f\u00fcr die Zwecke der Behandlung, Bezahlung und Gesundheitsversorgung, wie in der Datenschutzerkl\u00e4rung beschrieben<\/p>\n\n\n\n<p>ICH HABE DIESEN VERTRAG GELESEN UND STIMME ALLEN OBEN ENTHALTENEN BESTIMMUNGEN ZU.&nbsp;<\/p>","protected":false},"excerpt":{"rendered":"<p>HIPAA &#8211; NOTICE OF PRIVACY PRACTICES THIS NOTICE DESCRIBES HOW HEALTH INFORMATION MAY BE USED AND DISCLOSED AND HOW YOU CAN GET ACCESS TO THIS INFORMATION BY ASTR INSTITUTE, INC. PLEASE REVIEW IT CAREFULLY. I. OUR PLEDGE REGARDING HEALTH INFORMATION: ASTR Institute understand that health information about you and your health care is personal. We [&hellip;]<\/p>\n","protected":false},"author":1,"featured_media":0,"parent":0,"menu_order":0,"comment_status":"closed","ping_status":"closed","template":"","meta":{"_analytify_skip_tracking":false,"footnotes":""},"class_list":["post-17086","page","type-page","status-publish","hentry"],"_links":{"self":[{"href":"https:\/\/advancedsofttissuerelease.com\/de\/wp-json\/wp\/v2\/pages\/17086","targetHints":{"allow":["GET"]}}],"collection":[{"href":"https:\/\/advancedsofttissuerelease.com\/de\/wp-json\/wp\/v2\/pages"}],"about":[{"href":"https:\/\/advancedsofttissuerelease.com\/de\/wp-json\/wp\/v2\/types\/page"}],"author":[{"embeddable":true,"href":"https:\/\/advancedsofttissuerelease.com\/de\/wp-json\/wp\/v2\/users\/1"}],"replies":[{"embeddable":true,"href":"https:\/\/advancedsofttissuerelease.com\/de\/wp-json\/wp\/v2\/comments?post=17086"}],"version-history":[{"count":0,"href":"https:\/\/advancedsofttissuerelease.com\/de\/wp-json\/wp\/v2\/pages\/17086\/revisions"}],"wp:attachment":[{"href":"https:\/\/advancedsofttissuerelease.com\/de\/wp-json\/wp\/v2\/media?parent=17086"}],"curies":[{"name":"wp","href":"https:\/\/api.w.org\/{rel}","templated":true}]}}