{"id":196,"date":"2016-05-31T18:58:29","date_gmt":"2016-05-31T18:58:29","guid":{"rendered":"https:\/\/advancedsofttissuerelease.com\/drop-foot\/"},"modified":"2016-05-31T18:58:29","modified_gmt":"2016-05-31T18:58:29","slug":"drop-foot","status":"publish","type":"page","link":"https:\/\/advancedsofttissuerelease.com\/de\/drop-foot\/","title":{"rendered":"Fu\u00df fallen lassen"},"content":{"rendered":"<h1 class=\"p1\"> \t<span style=\"color:#696969;\"><span class=\"s1\"><b>Fu\u00df fallen lassen<\/b><\/span><\/span><\/h1>\n<p class=\"p1\"> \t<span style=\"color:#696969;\"><span class=\"s2\">Drop foot occurs when the foot has a weakness or paralysis in the muscles and can be a sign of an underlying neurological disorder or nerve damage.&nbsp; It causes an inability to pick up the front part of the foot when walking, sometimes causing the toes to drag.&nbsp; Often times people compensate by lifting their leg higher when they walk.&nbsp; Drop foot can happen in one or both feet in anyone. &nbsp;<\/span><\/span><\/p>\n<p class=\"p2\"> \t<span style=\"color:#696969;\"><span style=\"font-family: &quot;Helvetica Neue&quot;, Helvetica, Arial, sans-serif; font-size: 30px; line-height: 1.1;\">Drop Foot Possible Causes<\/span><\/span><\/p>\n<ul>\n<li class=\"p1\"> \t\t<span style=\"color:#696969;\"><span class=\"s2\">Nerve injury (pinched or compressed)<\/span><\/span><\/li>\n<li class=\"p1\"> \t\t<span style=\"color:#696969;\"><span class=\"s2\">Sportverletzung<\/span><\/span><\/li>\n<li class=\"p1\"> \t\t<span style=\"color:#696969;\"><span class=\"s2\">Childbirth<\/span><\/span><\/li>\n<li class=\"p1\"> \t\t<span style=\"color:#696969;\"><span class=\"s2\">MS<\/span><\/span><\/li>\n<li class=\"p1\"> \t\t<span style=\"color:#696969;\"><span class=\"s2\">Charcot-Marie-Tooth disease<\/span><\/span><\/li>\n<li class=\"p1\"> \t\t<span style=\"color:#696969;\"><span class=\"s2\">Hip or knee replacement surgery<\/span><\/span><\/li>\n<li class=\"p1\"> \t\t<span style=\"color:#696969;\"><span class=\"s2\">Muscular Dystrophy<\/span><\/span><\/li>\n<\/ul>\n<h3 class=\"p1\"> \t<span style=\"color:#696969;\"><span class=\"s1\">Drop Foot Treatment<\/span><\/span><\/h3>\n<p class=\"p1\"> \t<span style=\"color:#696969;\"><span class=\"s2\">ASTR verwendet ganzheitliche, nicht-invasive und schmerzfreie Ans\u00e4tze zur Schmerzlinderung ohne den Einsatz von Medikamenten. Unsere \u00c4rzte verwenden patentierte ASTR-Instrumente, um das vorhandene Narbengewebe und myofasische Restriktionen bei Patienten abzubauen und zu beseitigen. Den Patienten werden spezielle spezielle \u00dcbungsprogramme gegeben, die darauf abzielen, Entz\u00fcndungen zu reduzieren und den Muskel zu st\u00e4rken, um den Patienten wieder zu einer normalen Funktion und Aktivit\u00e4t zu bringen.<\/span><\/span><\/p>","protected":false},"excerpt":{"rendered":"<p>Drop Foot Drop foot occurs when the foot has a weakness or paralysis in the muscles and can be a sign of an underlying neurological disorder or nerve damage.&nbsp; It causes an inability to pick up the front part of the foot when walking, sometimes causing the toes to drag.&nbsp; Often times people compensate by [&hellip;]<\/p>\n","protected":false},"author":2447,"featured_media":0,"parent":0,"menu_order":156,"comment_status":"closed","ping_status":"closed","template":"","meta":{"_analytify_skip_tracking":false,"footnotes":""},"class_list":["post-196","page","type-page","status-publish","hentry"],"_links":{"self":[{"href":"https:\/\/advancedsofttissuerelease.com\/de\/wp-json\/wp\/v2\/pages\/196","targetHints":{"allow":["GET"]}}],"collection":[{"href":"https:\/\/advancedsofttissuerelease.com\/de\/wp-json\/wp\/v2\/pages"}],"about":[{"href":"https:\/\/advancedsofttissuerelease.com\/de\/wp-json\/wp\/v2\/types\/page"}],"author":[{"embeddable":true,"href":"https:\/\/advancedsofttissuerelease.com\/de\/wp-json\/wp\/v2\/users\/2447"}],"replies":[{"embeddable":true,"href":"https:\/\/advancedsofttissuerelease.com\/de\/wp-json\/wp\/v2\/comments?post=196"}],"version-history":[{"count":0,"href":"https:\/\/advancedsofttissuerelease.com\/de\/wp-json\/wp\/v2\/pages\/196\/revisions"}],"wp:attachment":[{"href":"https:\/\/advancedsofttissuerelease.com\/de\/wp-json\/wp\/v2\/media?parent=196"}],"curies":[{"name":"wp","href":"https:\/\/api.w.org\/{rel}","templated":true}]}}