{"id":197,"date":"2016-05-31T18:59:17","date_gmt":"2016-05-31T18:59:17","guid":{"rendered":"https:\/\/advancedsofttissuerelease.com\/ankylosing-spondylitis\/"},"modified":"2016-05-31T18:59:17","modified_gmt":"2016-05-31T18:59:17","slug":"ankylosing-spondylitis","status":"publish","type":"page","link":"https:\/\/advancedsofttissuerelease.com\/de\/ankylosing-spondylitis\/","title":{"rendered":"Ankylosing Spondylitis"},"content":{"rendered":"<h1 class=\"p1\"> \t<span style=\"color:#696969;\"><span class=\"s1\"><b>Ankylosing Spondylitis&nbsp;<\/b><\/span><\/span><\/h1>\n<p class=\"p1\"> \t<span style=\"color:#696969;\"><span class=\"s2\">Ankylosing Spondylitis is a systemic type of inflammatory disease or arthritis that affects the spine, sometimes fusing vertebrae together.&nbsp; Fused vertebrae causes a forward hunched posture and there is no cure for ankylosing spondylitis.&nbsp; Early diagnosis and treatment can reduce the risk of deformity and decrease symptoms.&nbsp; Ankylosing spondylitis can affect the ribs as well and make breathing painful.&nbsp; It has an unknown cause and genetic is suspected to play a role.<\/span><\/span><\/p>\n<h2 class=\"p1\"> \t<span style=\"color:#696969;\"><span class=\"s1\">Ankylosing Spondylitis<\/span><\/span><\/h2>\n<ul>\n<li class=\"p1\"> \t\t<span style=\"color:#696969;\"><span class=\"s2\">Stiffness and pain in lower back lasting several months<\/span><\/span><\/li>\n<li class=\"p1\"> \t\t<span style=\"color:#696969;\"><span class=\"s2\">Fusion of bones in neck, back, hips, ribs<\/span><\/span><\/li>\n<li class=\"p1\"> \t\t<span style=\"color:#696969;\"><span class=\"s2\">Tendon and ligament pain<\/span><\/span><\/li>\n<li class=\"p1\"> \t\t<span style=\"color:#696969;\"><span class=\"s2\">Fever<\/span><\/span><\/li>\n<li class=\"p1\"> \t\t<span style=\"color:#696969;\"><span class=\"s2\">Erm\u00fcdung<\/span><\/span><\/li>\n<li class=\"p1\"> \t\t<span style=\"color:#696969;\"><span class=\"s2\">Loss of appetite<\/span><\/span><\/li>\n<\/ul>\n<p class=\"p2\"> \t<span style=\"color:#696969;\"><span style=\"font-family: &quot;Helvetica Neue&quot;, Helvetica, Arial, sans-serif; font-size: 24px; line-height: 1.1;\">Ankylosing Spondylitis Treatment<\/span><\/span><\/p>\n<p class=\"p1\"> \t<span style=\"color:#696969;\"><span class=\"s2\">ASTR verwendet ganzheitliche, nicht-invasive und schmerzfreie Ans\u00e4tze zur Schmerzlinderung ohne den Einsatz von Medikamenten. Unsere \u00c4rzte verwenden patentierte ASTR-Instrumente, um das vorhandene Narbengewebe und myofasische Restriktionen bei Patienten abzubauen und zu beseitigen. Den Patienten werden spezielle spezielle \u00dcbungsprogramme gegeben, die darauf abzielen, Entz\u00fcndungen zu reduzieren und den Muskel zu st\u00e4rken, um den Patienten wieder zu einer normalen Funktion und Aktivit\u00e4t zu bringen.<\/span><\/span><\/p>","protected":false},"excerpt":{"rendered":"<p>Ankylosing Spondylitis&nbsp; Ankylosing Spondylitis is a systemic type of inflammatory disease or arthritis that affects the spine, sometimes fusing vertebrae together.&nbsp; Fused vertebrae causes a forward hunched posture and there is no cure for ankylosing spondylitis.&nbsp; Early diagnosis and treatment can reduce the risk of deformity and decrease symptoms.&nbsp; Ankylosing spondylitis can affect the ribs [&hellip;]<\/p>\n","protected":false},"author":2447,"featured_media":0,"parent":0,"menu_order":155,"comment_status":"closed","ping_status":"closed","template":"","meta":{"_analytify_skip_tracking":false,"footnotes":""},"class_list":["post-197","page","type-page","status-publish","hentry"],"_links":{"self":[{"href":"https:\/\/advancedsofttissuerelease.com\/de\/wp-json\/wp\/v2\/pages\/197","targetHints":{"allow":["GET"]}}],"collection":[{"href":"https:\/\/advancedsofttissuerelease.com\/de\/wp-json\/wp\/v2\/pages"}],"about":[{"href":"https:\/\/advancedsofttissuerelease.com\/de\/wp-json\/wp\/v2\/types\/page"}],"author":[{"embeddable":true,"href":"https:\/\/advancedsofttissuerelease.com\/de\/wp-json\/wp\/v2\/users\/2447"}],"replies":[{"embeddable":true,"href":"https:\/\/advancedsofttissuerelease.com\/de\/wp-json\/wp\/v2\/comments?post=197"}],"version-history":[{"count":0,"href":"https:\/\/advancedsofttissuerelease.com\/de\/wp-json\/wp\/v2\/pages\/197\/revisions"}],"wp:attachment":[{"href":"https:\/\/advancedsofttissuerelease.com\/de\/wp-json\/wp\/v2\/media?parent=197"}],"curies":[{"name":"wp","href":"https:\/\/api.w.org\/{rel}","templated":true}]}}