{"id":198,"date":"2016-05-31T18:59:59","date_gmt":"2016-05-31T18:59:59","guid":{"rendered":"https:\/\/advancedsofttissuerelease.com\/shin-splints\/"},"modified":"2016-05-31T18:59:59","modified_gmt":"2016-05-31T18:59:59","slug":"schienbeinkanten","status":"publish","type":"page","link":"https:\/\/advancedsofttissuerelease.com\/de\/shin-splints\/","title":{"rendered":"Shin Splints"},"content":{"rendered":"<h1 class=\"p1\"> \t<span style=\"color:#696969;\"><span class=\"s1\"><b>Shin Splints<\/b><\/span><\/span><\/h1>\n<p class=\"p1\"> \t<span style=\"color:#696969;\"><span class=\"s2\">Shin Splints stellen sich als Schmerzen entlang des Schienbeins dar, die h\u00e4ufig bei L\u00e4ufern und T\u00e4nzern auftreten. Shin Splints treten auf, wenn die Muskeln, Sehnen und das Knochengewebe durch erh\u00f6hte Aktivit\u00e4t oder ver\u00e4nderte Routine \u00fcberlastet werden. Es kann Empfindlichkeit, Pochen, Schmerzen oder leichte Schwellungen an der Vorderseite des Unterschenkels verursachen. Shin Splints k\u00f6nnen 1-3 Tage anhalten, wenn sie zu bestehen scheinen, k\u00f6nnen sie Teil einer ernsthafteren Verletzung sein. &nbsp;<\/span><\/span><\/p>\n<p class=\"p2\"> \t<span style=\"color:#696969;\"><span style=\"font-family: 'Helvetica Neue', Helvetica, Arial, sans-serif; font-size: 30px; line-height: 1.1;\">Risikofaktoren f\u00fcr Shin Splint<\/span><\/span><\/p>\n<ul>\n<li class=\"p1\"> \t\t<span style=\"color:#696969;\"><span class=\"s2\">Laufen (insbesondere neue L\u00e4ufer oder Beginn eines neuen Laufprogramms)<\/span><\/span><\/li>\n<li class=\"p1\"> \t\t<span style=\"color:#696969;\"><span class=\"s2\">Plattf\u00fc\u00dfe\/ einfallende Fu\u00dfgew\u00f6lbe<\/span><\/span><\/li>\n<li class=\"p1\"> \t\t<span style=\"color:#696969;\"><span class=\"s2\">Hohe B\u00f6gen<\/span><\/span><\/li>\n<li class=\"p1\"> \t\t<span style=\"color:#696969;\"><span class=\"s2\">Schw\u00e4che in den H\u00fcften oder im Kern<\/span><\/span><\/li>\n<li class=\"p1\"> \t\t<span style=\"color:#696969;\"><span class=\"s2\">Laufen auf unebenem Gel\u00e4nde<\/span><\/span><\/li>\n<li class=\"p1\"> \t\t<span style=\"color:#696969;\"><span class=\"s2\">Stressfrakturen<\/span><\/span><\/li>\n<\/ul>\n<p class=\"p2\"> \t<span style=\"color:#696969;\"><span style=\"font-family: 'Helvetica Neue', Helvetica, Arial, sans-serif; font-size: 24px; line-height: 1.1;\">Shin Splint Behandlung<\/span><\/span><\/p>\n<p class=\"p1\"> \t<span style=\"color:#696969;\"><span class=\"s2\">ASTR verwendet ganzheitliche, nicht-invasive und schmerzfreie Ans\u00e4tze zur Schmerzlinderung ohne den Einsatz von Medikamenten. Unsere \u00c4rzte verwenden patentierte ASTR-Instrumente, um das vorhandene Narbengewebe und myofasische Restriktionen bei Patienten abzubauen und zu beseitigen. Den Patienten werden spezielle spezielle \u00dcbungsprogramme gegeben, die darauf abzielen, Entz\u00fcndungen zu reduzieren und den Muskel zu st\u00e4rken, um den Patienten wieder zu einer normalen Funktion und Aktivit\u00e4t zu bringen.<\/span><\/span><\/p>","protected":false},"excerpt":{"rendered":"<p>Shin Splints Shin splints presents itself as pain along the shin bone that often occurs in runners and dancers.&nbsp; Shin splints occurs when the muscles, tendons, and bone tissue are overworked from increased activity or change in routine.&nbsp; It can cause tenderness, throbbing, aching, or mild swelling in the front of the lower leg.&nbsp; Shin [&hellip;]<\/p>\n","protected":false},"author":2447,"featured_media":0,"parent":0,"menu_order":154,"comment_status":"closed","ping_status":"closed","template":"","meta":{"_analytify_skip_tracking":false,"footnotes":""},"class_list":["post-198","page","type-page","status-publish","hentry"],"_links":{"self":[{"href":"https:\/\/advancedsofttissuerelease.com\/de\/wp-json\/wp\/v2\/pages\/198","targetHints":{"allow":["GET"]}}],"collection":[{"href":"https:\/\/advancedsofttissuerelease.com\/de\/wp-json\/wp\/v2\/pages"}],"about":[{"href":"https:\/\/advancedsofttissuerelease.com\/de\/wp-json\/wp\/v2\/types\/page"}],"author":[{"embeddable":true,"href":"https:\/\/advancedsofttissuerelease.com\/de\/wp-json\/wp\/v2\/users\/2447"}],"replies":[{"embeddable":true,"href":"https:\/\/advancedsofttissuerelease.com\/de\/wp-json\/wp\/v2\/comments?post=198"}],"version-history":[{"count":0,"href":"https:\/\/advancedsofttissuerelease.com\/de\/wp-json\/wp\/v2\/pages\/198\/revisions"}],"wp:attachment":[{"href":"https:\/\/advancedsofttissuerelease.com\/de\/wp-json\/wp\/v2\/media?parent=198"}],"curies":[{"name":"wp","href":"https:\/\/api.w.org\/{rel}","templated":true}]}}