{"id":199,"date":"2016-05-31T19:07:33","date_gmt":"2016-05-31T19:07:33","guid":{"rendered":"https:\/\/advancedsofttissuerelease.com\/morton-s-neuroma\/"},"modified":"2016-05-31T19:07:33","modified_gmt":"2016-05-31T19:07:33","slug":"morton-s-neurom-2","status":"publish","type":"page","link":"https:\/\/advancedsofttissuerelease.com\/de\/morton-s-neuroma\/","title":{"rendered":"Mortons Neurom"},"content":{"rendered":"<h1 class=\"p1\"> \t<span style=\"color:#696969;\"><span class=\"s1\"><b>Mortons Neurom<\/b><\/span><\/span><\/h1>\n<p class=\"p1\"> \t<span style=\"color:#696969;\"><span class=\"s2\">Mortons Neurom ist, wenn der Nerv zwischen dem dritten und vierten Zeh verdickt oder geschwollen ist und den Fu\u00dfballen betrifft. Das Morton-Neurom verursacht bei einer Person das Gef\u00fchl, auf einem kleinen Kieselstein zu stehen, und kann stechende oder brennende Schmerzen versp\u00fcren. Das Gewebe um die Nerven, die zu den Zehen f\u00fchren, wird oft verdickt, weil die Zehen zu lange zusammengedr\u00fcckt werden, was h\u00e4ufig durch die hohen Abs\u00e4tze von Frauen verursacht wird. High Heels, Klettern und Fu\u00dfdeformit\u00e4ten sind Risikofaktoren f\u00fcr Mortons Neurom. &nbsp;<\/span><\/span><\/p>\n<h2 class=\"p1\"> \t<span style=\"color:#696969;\"><span class=\"s1\">Morton-Neurom-Symptome<\/span><\/span><\/h2>\n<ul>\n<li class=\"p1\"> \t\t<span style=\"color:#696969;\"><span class=\"s2\">Scharfer oder brennender Schmerz<\/span><\/span><\/li>\n<li class=\"p1\"> \t\t<span style=\"color:#696969;\"><span class=\"s2\">Einen kleinen Knoten am Fu\u00dfballen sp\u00fcren<\/span><\/span><\/li>\n<li class=\"p1\"> \t\t<span style=\"color:#696969;\"><span class=\"s2\">Taubheit oder Kribbeln in den Zehen<\/span><\/span><\/li>\n<\/ul>\n<h3 class=\"p1\"> \t<span style=\"color:#696969;\"><span class=\"s1\">Mortons Neurom Behandlung<\/span><\/span><\/h3>\n<p class=\"p1\"> \t<span style=\"color:#696969;\"><span class=\"s2\">ASTR verwendet ganzheitliche, nicht-invasive und schmerzfreie Ans\u00e4tze zur Schmerzlinderung ohne den Einsatz von Medikamenten. Unsere \u00c4rzte verwenden patentierte ASTR-Instrumente, um das vorhandene Narbengewebe und myofasische Restriktionen bei Patienten abzubauen und zu beseitigen. Den Patienten werden spezielle spezielle \u00dcbungsprogramme gegeben, die darauf abzielen, Entz\u00fcndungen zu reduzieren und den Muskel zu st\u00e4rken, um den Patienten wieder zu einer normalen Funktion und Aktivit\u00e4t zu bringen.<\/span><\/span><\/p>","protected":false},"excerpt":{"rendered":"<p>Morton\u2019s Neuroma Morton\u2019s Neuroma is when the nerve between the third and fourth toes becomes thickened or swollen and affects the ball of your foot. Morton&#8217;s neuroma causes and individual to feel as if they are standing on a small pebble and may feel sharp or burning pains.&nbsp; The tissue around the nerves leading to [&hellip;]<\/p>\n","protected":false},"author":2447,"featured_media":0,"parent":0,"menu_order":153,"comment_status":"closed","ping_status":"closed","template":"","meta":{"_analytify_skip_tracking":false,"footnotes":""},"class_list":["post-199","page","type-page","status-publish","hentry"],"_links":{"self":[{"href":"https:\/\/advancedsofttissuerelease.com\/de\/wp-json\/wp\/v2\/pages\/199","targetHints":{"allow":["GET"]}}],"collection":[{"href":"https:\/\/advancedsofttissuerelease.com\/de\/wp-json\/wp\/v2\/pages"}],"about":[{"href":"https:\/\/advancedsofttissuerelease.com\/de\/wp-json\/wp\/v2\/types\/page"}],"author":[{"embeddable":true,"href":"https:\/\/advancedsofttissuerelease.com\/de\/wp-json\/wp\/v2\/users\/2447"}],"replies":[{"embeddable":true,"href":"https:\/\/advancedsofttissuerelease.com\/de\/wp-json\/wp\/v2\/comments?post=199"}],"version-history":[{"count":0,"href":"https:\/\/advancedsofttissuerelease.com\/de\/wp-json\/wp\/v2\/pages\/199\/revisions"}],"wp:attachment":[{"href":"https:\/\/advancedsofttissuerelease.com\/de\/wp-json\/wp\/v2\/media?parent=199"}],"curies":[{"name":"wp","href":"https:\/\/api.w.org\/{rel}","templated":true}]}}