{"id":202,"date":"2016-05-31T19:11:44","date_gmt":"2016-05-31T19:11:44","guid":{"rendered":"https:\/\/advancedsofttissuerelease.com\/juvenile-arthritis\/"},"modified":"2016-05-31T19:11:44","modified_gmt":"2016-05-31T19:11:44","slug":"juvenile-arthritis","status":"publish","type":"page","link":"https:\/\/advancedsofttissuerelease.com\/de\/juvenile-arthritis\/","title":{"rendered":"Juvenile Arthritis"},"content":{"rendered":"<h1 class=\"p1\"> \t<span style=\"color:#696969;\"><span class=\"s1\"><b>Juvenile Arthritis<\/b><\/span><\/span><\/h1>\n<p class=\"p1\"> \t<span style=\"color:#696969;\"><span class=\"s2\">Juvenile Arthritis ist eine entz\u00fcndliche Autoimmunerkrankung bei Kindern unter 16 Jahren, die verschiedene Typen mit gemeinsamen Symptomen aufweist. Es gibt keine bekannte Ursache f\u00fcr juvenile Arthritis, einige Forschungsergebnisse deuten darauf hin, dass sie auf Umweltausl\u00f6ser wie Toxine, Nahrungsmittelallergien, spezifische Infektionen und Genetik oder eine Kombination aus all diesen zur\u00fcckzuf\u00fchren sein kann. Juvenile Arthritis ist nicht heilbar, aber die Symptome k\u00f6nnen behandelt werden und eine Remission ist m\u00f6glich. &nbsp;<\/span><\/span><\/p>\n<h2 class=\"p1\"> \t<span style=\"color:#696969;\"><span class=\"s1\">Juvenile Arthritis-Symptome<\/span><\/span><\/h2>\n<ul>\n<li class=\"p1\"> \t\t<span style=\"color:#696969;\"><span class=\"s2\">Gelenksteife<\/span><\/span><\/li>\n<li class=\"p1\"> \t\t<span style=\"color:#696969;\"><span class=\"s2\">Schmerzen und\/oder Schwellungen in den Gelenken<\/span><\/span><\/li>\n<li class=\"p1\"> \t\t<span style=\"color:#696969;\"><span class=\"s2\">Erm\u00fcdung&nbsp;<\/span><\/span><\/li>\n<li class=\"p1\"> \t\t<span style=\"color:#696969;\"><span class=\"s2\">Fieber zu ungew\u00f6hnlichen Zeiten<\/span><\/span><\/li>\n<li class=\"p1\"> \t\t<span style=\"color:#696969;\"><span class=\"s2\">Ausschlag<\/span><\/span><\/li>\n<li class=\"p1\"> \t\t<span style=\"color:#696969;\"><span class=\"s2\">Gewichtsverlust<\/span><\/span><\/li>\n<\/ul>\n<h3 class=\"p1\"> \t<span style=\"color:#696969;\"><span class=\"s1\">Behandlung von juveniler Arthritis<\/span><\/span><\/h3>\n<p class=\"p1\"> \t<span style=\"color:#696969;\"><span class=\"s2\">ASTR verwendet ganzheitliche, nicht-invasive und schmerzfreie Ans\u00e4tze zur Schmerzlinderung ohne den Einsatz von Medikamenten. Unsere \u00c4rzte verwenden patentierte ASTR-Instrumente, um das vorhandene Narbengewebe und myofasische Restriktionen bei Patienten abzubauen und zu beseitigen. Den Patienten werden spezielle spezielle \u00dcbungsprogramme gegeben, die darauf abzielen, Entz\u00fcndungen zu reduzieren und den Muskel zu st\u00e4rken, um den Patienten wieder zu einer normalen Funktion und Aktivit\u00e4t zu bringen.<\/span><\/span><\/p>","protected":false},"excerpt":{"rendered":"<p>Juvenile Arthritis Juvenile arthritis is an inflammatory autoimmune disease in children under the age of 16 that has various types that share common symptoms.&nbsp; There is no known cause for juvenile arthritis, some research suggests it may be due to environmental triggers such as toxins, food allergies, specific infection, and genetics or a combination of [&hellip;]<\/p>\n","protected":false},"author":2447,"featured_media":0,"parent":0,"menu_order":150,"comment_status":"closed","ping_status":"closed","template":"","meta":{"_analytify_skip_tracking":false,"footnotes":""},"class_list":["post-202","page","type-page","status-publish","hentry"],"_links":{"self":[{"href":"https:\/\/advancedsofttissuerelease.com\/de\/wp-json\/wp\/v2\/pages\/202","targetHints":{"allow":["GET"]}}],"collection":[{"href":"https:\/\/advancedsofttissuerelease.com\/de\/wp-json\/wp\/v2\/pages"}],"about":[{"href":"https:\/\/advancedsofttissuerelease.com\/de\/wp-json\/wp\/v2\/types\/page"}],"author":[{"embeddable":true,"href":"https:\/\/advancedsofttissuerelease.com\/de\/wp-json\/wp\/v2\/users\/2447"}],"replies":[{"embeddable":true,"href":"https:\/\/advancedsofttissuerelease.com\/de\/wp-json\/wp\/v2\/comments?post=202"}],"version-history":[{"count":0,"href":"https:\/\/advancedsofttissuerelease.com\/de\/wp-json\/wp\/v2\/pages\/202\/revisions"}],"wp:attachment":[{"href":"https:\/\/advancedsofttissuerelease.com\/de\/wp-json\/wp\/v2\/media?parent=202"}],"curies":[{"name":"wp","href":"https:\/\/api.w.org\/{rel}","templated":true}]}}