{"id":203,"date":"2016-05-31T19:12:52","date_gmt":"2016-05-31T19:12:52","guid":{"rendered":"https:\/\/advancedsofttissuerelease.com\/muscle-strain-and-muscle-tear\/"},"modified":"2016-05-31T19:12:52","modified_gmt":"2016-05-31T19:12:52","slug":"muscle-strain-and-muscle-tear","status":"publish","type":"page","link":"https:\/\/advancedsofttissuerelease.com\/de\/muscle-strain-and-muscle-tear\/","title":{"rendered":"Muscle Strain and Muscle Tear"},"content":{"rendered":"<h1 class=\"p1\"> \t<span style=\"color:#696969;\"><span class=\"s1\"><b>Muscle Strain and Muscle Tear<\/b><\/span><\/span><\/h1>\n<p class=\"p1\"> \t<span style=\"color:#696969;\"><span class=\"s2\">Muscle Strain is when the muscle is stretched beyond is ability by tension or strenuous activity.&nbsp; A muscle strain can also be referred to as a muscle pull and when the muscle is stretched even further it can experience a muscle tear.&nbsp; Pain, bleeding, or bruising can result due to damage muscle fibers and small blood vessels in the surrounding area. &nbsp;<\/span><\/span><\/p>\n<h2 class=\"p1\"> \t<span style=\"color:#696969;\"><span class=\"s1\">Muscle Strain and Muscle Tear Causes<\/span><\/span><\/h2>\n<ul>\n<li class=\"p1\"> \t\t<span style=\"color:#696969;\"><span class=\"s2\">Heavy lifting<\/span><\/span><\/li>\n<li class=\"p1\"> \t\t<span style=\"color:#696969;\"><span class=\"s2\">Strenuous sports<\/span><\/span><\/li>\n<li class=\"p1\"> \t\t<span style=\"color:#696969;\"><span class=\"s2\">Improper form when performing daily tasks<\/span><\/span><\/li>\n<\/ul>\n<p class=\"p2\"> \t<span style=\"color:#696969;\"><span style=\"font-family: &quot;Helvetica Neue&quot;, Helvetica, Arial, sans-serif; font-size: 24px; line-height: 1.1;\">Muscle Strain and Muscle Tear Symptoms<\/span><\/span><\/p>\n<ul>\n<li class=\"p1\"> \t\t<span style=\"color:#696969;\"><span class=\"s2\">Weakness at injured area<\/span><\/span><\/li>\n<li class=\"p1\"> \t\t<span style=\"color:#696969;\"><span class=\"s2\">Pain in the muscle at rest<\/span><\/span><\/li>\n<li class=\"p1\"> \t\t<span style=\"color:#696969;\"><span class=\"s2\">Swelling, bruising, and\/ or redness at injured area<\/span><\/span><\/li>\n<li class=\"p1\"> \t\t<span style=\"color:#696969;\"><span class=\"s2\">Inability to move the affected muscle<\/span><\/span><\/li>\n<li class=\"p1\"> \t\t<span style=\"color:#696969;\"><span class=\"s2\">Pain in the affected muscle during use<\/span><\/span><\/li>\n<\/ul>\n<h3 class=\"p1\"> \t<span style=\"color:#696969;\"><span class=\"s1\">Muscle Strain and Muscle Tear Treatment<\/span><\/span><\/h3>\n<p class=\"p1\"> \t<span style=\"color:#696969;\"><span class=\"s2\">ASTR verwendet ganzheitliche, nicht-invasive und schmerzfreie Ans\u00e4tze zur Schmerzlinderung ohne den Einsatz von Medikamenten. Unsere \u00c4rzte verwenden patentierte ASTR-Instrumente, um das vorhandene Narbengewebe und myofasische Restriktionen bei Patienten abzubauen und zu beseitigen. Den Patienten werden spezielle spezielle \u00dcbungsprogramme gegeben, die darauf abzielen, Entz\u00fcndungen zu reduzieren und den Muskel zu st\u00e4rken, um den Patienten wieder zu einer normalen Funktion und Aktivit\u00e4t zu bringen.<\/span><\/span><\/p>","protected":false},"excerpt":{"rendered":"<p>Muscle Strain and Muscle Tear Muscle Strain is when the muscle is stretched beyond is ability by tension or strenuous activity.&nbsp; A muscle strain can also be referred to as a muscle pull and when the muscle is stretched even further it can experience a muscle tear.&nbsp; Pain, bleeding, or bruising can result due to [&hellip;]<\/p>\n","protected":false},"author":2447,"featured_media":0,"parent":0,"menu_order":149,"comment_status":"closed","ping_status":"closed","template":"","meta":{"_analytify_skip_tracking":false,"footnotes":""},"class_list":["post-203","page","type-page","status-publish","hentry"],"_links":{"self":[{"href":"https:\/\/advancedsofttissuerelease.com\/de\/wp-json\/wp\/v2\/pages\/203","targetHints":{"allow":["GET"]}}],"collection":[{"href":"https:\/\/advancedsofttissuerelease.com\/de\/wp-json\/wp\/v2\/pages"}],"about":[{"href":"https:\/\/advancedsofttissuerelease.com\/de\/wp-json\/wp\/v2\/types\/page"}],"author":[{"embeddable":true,"href":"https:\/\/advancedsofttissuerelease.com\/de\/wp-json\/wp\/v2\/users\/2447"}],"replies":[{"embeddable":true,"href":"https:\/\/advancedsofttissuerelease.com\/de\/wp-json\/wp\/v2\/comments?post=203"}],"version-history":[{"count":0,"href":"https:\/\/advancedsofttissuerelease.com\/de\/wp-json\/wp\/v2\/pages\/203\/revisions"}],"wp:attachment":[{"href":"https:\/\/advancedsofttissuerelease.com\/de\/wp-json\/wp\/v2\/media?parent=203"}],"curies":[{"name":"wp","href":"https:\/\/api.w.org\/{rel}","templated":true}]}}