{"id":204,"date":"2016-05-31T19:14:03","date_gmt":"2016-05-31T19:14:03","guid":{"rendered":"https:\/\/advancedsofttissuerelease.com\/rotator-cuff-tendonitis\/"},"modified":"2022-01-15T12:40:59","modified_gmt":"2022-01-15T19:40:59","slug":"rotatorenmanschetten-sehnenentzundung","status":"publish","type":"page","link":"https:\/\/advancedsofttissuerelease.com\/de\/rotator-cuff-tendonitis\/","title":{"rendered":"Sehnenscheidenentz\u00fcndung der Rotatorenmanschette"},"content":{"rendered":"<h1 class=\"p1\"><span style=\"color: #696969;\"><span class=\"s1\"><b>Sehnenscheidenentz\u00fcndung der Rotatorenmanschette<\/b><\/span><\/span><\/h1>\n<p><iframe title=\"Stop Rotator Cuff Tendonitis Naturally: Symptoms, Causes, Healing Cycle &amp; Treatment\" width=\"800\" height=\"450\" src=\"https:\/\/www.youtube.com\/embed\/9m8MbakUue0?feature=oembed\" frameborder=\"0\" allow=\"accelerometer; autoplay; clipboard-write; encrypted-media; gyroscope; picture-in-picture; web-share\" allowfullscreen><\/iframe><\/p>\n<p class=\"p1\"><span style=\"color: #696969;\"><span class=\"s2\">Sehnenscheidenentz\u00fcndung der Rotatorenmanschette liegt vor, wenn die Rotatorenmanschette (Schultergelenk) entz\u00fcndet ist. Dies tritt normalerweise im Laufe der Zeit durch \u00dcberbeanspruchung oder wiederholte unsachgem\u00e4\u00dfe Bewegung der Rotatorenmanschette auf. Zu den Sportarten, die ein hohes Risiko f\u00fcr eine Sehnenentz\u00fcndung der Rotatorenmanschette haben, geh\u00f6ren Tennis, Schwimmen und Pitching. Fr\u00fche Symptome einer Sehnenentz\u00fcndung der Rotatorenmanschette k\u00f6nnen mit Ruhe abklingen, aber fortgeschrittene Stadien erfordern m\u00f6glicherweise eine physikalische Therapiebehandlung, um die volle Funktion wiederzuerlangen und Schmerzen zu lindern. \u00a0<\/span><\/span><\/p>\n<p class=\"p2\"><span style=\"color: #696969;\"><span style=\"font-family: 'Helvetica Neue', Helvetica, Arial, sans-serif; font-size: 30px; line-height: 1.1;\">Symptome einer Sehnenscheidenentz\u00fcndung der Rotatorenmanschette<\/span><\/span><\/p>\n<ul>\n<li class=\"p1\"><span style=\"color: #696969;\"><span class=\"s2\">Schmerzen und Schwellungen in Schulter und Arm<\/span><\/span><\/li>\n<li class=\"p1\"><span style=\"color: #696969;\"><span class=\"s2\">Steifheit<\/span><\/span><\/li>\n<li class=\"p1\"><span style=\"color: #696969;\"><span class=\"s2\">Schmerzen beim Greifen \u00fcber den Kopf oder beim Heben des Arms<\/span><\/span><\/li>\n<li class=\"p1\"><span style=\"color: #696969;\"><span class=\"s2\">Klicken in Schulter\/Arm<\/span><\/span><\/li>\n<li class=\"p1\"><span style=\"color: #696969;\"><span class=\"s2\">Verlust der Beweglichkeit im Arm<\/span><\/span><\/li>\n<\/ul>\n<h3 class=\"p1\"><span style=\"color: #696969;\"><span class=\"s1\">Sehnenscheidenentz\u00fcndung der Rotatorenmanschette<\/span><\/span><\/h3>\n<p class=\"p1\"><span style=\"color: #696969;\"><span class=\"s2\">ASTR verwendet ganzheitliche, nicht-invasive und schmerzfreie Ans\u00e4tze zur Schmerzlinderung ohne den Einsatz von Medikamenten. Unsere \u00c4rzte verwenden patentierte ASTR-Instrumente, um das vorhandene Narbengewebe und myofasische Restriktionen bei Patienten abzubauen und zu beseitigen. Den Patienten werden spezielle spezielle \u00dcbungsprogramme gegeben, die darauf abzielen, Entz\u00fcndungen zu reduzieren und den Muskel zu st\u00e4rken, um den Patienten wieder zu einer normalen Funktion und Aktivit\u00e4t zu bringen.<\/span><\/span><\/p>","protected":false},"excerpt":{"rendered":"<p>Rotator Cuff Tendonitis Rotator cuff tendonitis is when the rotator cuff (shoulder joint) is inflamed.\u00a0 This usually occurs over time from overuse or repetitive improper motion in the rotator cuff.\u00a0 Those sports that have a high risk for rotator cuff tendonitis include tennis, swimming, and pitching.\u00a0 Early symptoms of rotator cuff tendonitis can subside with [&hellip;]<\/p>\n","protected":false},"author":2447,"featured_media":0,"parent":0,"menu_order":148,"comment_status":"closed","ping_status":"closed","template":"","meta":{"_analytify_skip_tracking":false,"footnotes":""},"class_list":["post-204","page","type-page","status-publish","hentry"],"_links":{"self":[{"href":"https:\/\/advancedsofttissuerelease.com\/de\/wp-json\/wp\/v2\/pages\/204","targetHints":{"allow":["GET"]}}],"collection":[{"href":"https:\/\/advancedsofttissuerelease.com\/de\/wp-json\/wp\/v2\/pages"}],"about":[{"href":"https:\/\/advancedsofttissuerelease.com\/de\/wp-json\/wp\/v2\/types\/page"}],"author":[{"embeddable":true,"href":"https:\/\/advancedsofttissuerelease.com\/de\/wp-json\/wp\/v2\/users\/2447"}],"replies":[{"embeddable":true,"href":"https:\/\/advancedsofttissuerelease.com\/de\/wp-json\/wp\/v2\/comments?post=204"}],"version-history":[{"count":0,"href":"https:\/\/advancedsofttissuerelease.com\/de\/wp-json\/wp\/v2\/pages\/204\/revisions"}],"wp:attachment":[{"href":"https:\/\/advancedsofttissuerelease.com\/de\/wp-json\/wp\/v2\/media?parent=204"}],"curies":[{"name":"wp","href":"https:\/\/api.w.org\/{rel}","templated":true}]}}