{"id":206,"date":"2016-05-31T19:49:56","date_gmt":"2016-05-31T19:49:56","guid":{"rendered":"https:\/\/advancedsofttissuerelease.com\/clavicle-fracture\/"},"modified":"2016-05-31T19:49:56","modified_gmt":"2016-05-31T19:49:56","slug":"schlusselbeinbruch","status":"publish","type":"page","link":"https:\/\/advancedsofttissuerelease.com\/de\/clavicle-fracture\/","title":{"rendered":"Schl\u00fcsselbeinbruch"},"content":{"rendered":"<h1 class=\"p1\"> \t<span style=\"color:#696969;\"><span class=\"s1\"><b>Schl\u00fcsselbeinbruch<\/b><\/span><\/span><\/h1>\n<p class=\"p1\"> \t<span style=\"color:#696969;\"><span class=\"s2\">Schl\u00fcsselbeinfrakturen sind allgemein als gebrochene Schl\u00fcsselbeine bekannt und treten h\u00e4ufig nach einem Sturz oder einem pl\u00f6tzlichen Aufprall auf die Schulter auf. Da ein immobilisierender Gips nicht richtig auf dem Schl\u00fcsselbein platziert werden kann, kann der Heilungsprozess schmerzhaft und herausfordernd sein und es dauert etwa vier Monate, bis das Schl\u00fcsselbein vollst\u00e4ndig verheilt ist.<\/span><\/span><\/p>\n<h2 class=\"p1\"> \t<span style=\"color:#696969;\"><span class=\"s1\">Symptome einer Schl\u00fcsselbeinfraktur<\/span><\/span><\/h2>\n<p class=\"p1\"> \t<span style=\"color:#696969;\"><span class=\"s2\">Unf\u00e4higkeit, den Arm vom K\u00f6rper wegzuhalten<\/span><\/span><\/p>\n<p class=\"p1\"> \t<span style=\"color:#696969;\"><span class=\"s2\">Die betroffene Schulter kann nach vorne\/unten abgesackt sein<\/span><\/span><\/p>\n<p class=\"p1\"> \t<span style=\"color:#696969;\"><span class=\"s2\">Schwellung\/Bluterguss des Schl\u00fcsselbeins<\/span><\/span><\/p>\n<h3 class=\"p1\"> \t<span style=\"color:#696969;\"><span class=\"s1\">Behandlung von Schl\u00fcsselbeinfrakturen<\/span><\/span><\/h3>\n<p class=\"p1\"> \t<span style=\"color:#696969;\"><span class=\"s2\">ASTR verwendet ganzheitliche, nicht-invasive und schmerzfreie Ans\u00e4tze zur Schmerzlinderung ohne den Einsatz von Medikamenten. Unsere \u00c4rzte verwenden patentierte ASTR-Instrumente, um das vorhandene Narbengewebe und myofasische Restriktionen bei Patienten abzubauen und zu beseitigen. Den Patienten werden spezielle spezielle \u00dcbungsprogramme gegeben, die darauf abzielen, Entz\u00fcndungen zu reduzieren und den Muskel zu st\u00e4rken, um das verletzte Schl\u00fcsselbein wieder auf ein normales Funktionsniveau zu bringen.<\/span><\/span><\/p>","protected":false},"excerpt":{"rendered":"<p>Clavicle Fracture Clavicle fractures are commonly known as broken collarbones and often happens after a fall or sudden impact on the shoulder.&nbsp; Since an immobilizing cast cannot be properly placed on the collarbone, the healing process can be painful and challenging and it takes the clavicle around four month to heal completely. Clavicle Fracture Symptoms [&hellip;]<\/p>\n","protected":false},"author":2447,"featured_media":0,"parent":0,"menu_order":146,"comment_status":"closed","ping_status":"closed","template":"","meta":{"_analytify_skip_tracking":false,"footnotes":""},"class_list":["post-206","page","type-page","status-publish","hentry"],"_links":{"self":[{"href":"https:\/\/advancedsofttissuerelease.com\/de\/wp-json\/wp\/v2\/pages\/206","targetHints":{"allow":["GET"]}}],"collection":[{"href":"https:\/\/advancedsofttissuerelease.com\/de\/wp-json\/wp\/v2\/pages"}],"about":[{"href":"https:\/\/advancedsofttissuerelease.com\/de\/wp-json\/wp\/v2\/types\/page"}],"author":[{"embeddable":true,"href":"https:\/\/advancedsofttissuerelease.com\/de\/wp-json\/wp\/v2\/users\/2447"}],"replies":[{"embeddable":true,"href":"https:\/\/advancedsofttissuerelease.com\/de\/wp-json\/wp\/v2\/comments?post=206"}],"version-history":[{"count":0,"href":"https:\/\/advancedsofttissuerelease.com\/de\/wp-json\/wp\/v2\/pages\/206\/revisions"}],"wp:attachment":[{"href":"https:\/\/advancedsofttissuerelease.com\/de\/wp-json\/wp\/v2\/media?parent=206"}],"curies":[{"name":"wp","href":"https:\/\/api.w.org\/{rel}","templated":true}]}}