{"id":2103,"date":"2019-01-16T17:34:08","date_gmt":"2019-01-16T17:34:08","guid":{"rendered":"https:\/\/advancedsofttissuerelease.com\/?page_id=2103"},"modified":"2020-01-05T18:44:13","modified_gmt":"2020-01-06T02:44:13","slug":"magnet-haftungsausschluss","status":"publish","type":"page","link":"https:\/\/advancedsofttissuerelease.com\/de\/magnet-disclaimer\/","title":{"rendered":"Magnet-Haftungsausschluss"},"content":{"rendered":"<p><\/p>\r\n<p>&nbsp;<\/p>\r\n<p><span style=\"font-size: 12pt;\"><strong>Magnet-Haftungsausschluss<\/strong><\/span><\/p>\r\n\r\n\r\n\r\n<p>Das ASTR Institute ist nicht haftbar oder verantwortlich f\u00fcr Verletzungen, Zerst\u00f6rungen oder Sch\u00e4den, die MagnaHeal infolge seiner Verwendung verursachen kann. Vor dem Kauf des MagnaHeal best\u00e4tigt der K\u00e4ufer, dass er die folgenden Warnhinweise gelesen und verstanden hat:<\/p>\r\n<div><strong>Kontraindikationen:<\/strong> MagnaHeal sollte vermieden werden, wenn Sie eines der folgenden haben:<\/div>\r\n<ul>\r\n<li>Schrittmacher<\/li>\r\n<li>Schwangerschaft<\/li>\r\n<li>Jede Elektronik in Ihrem K\u00f6rper<\/li>\r\n<li>Krampfanfall<\/li>\r\n<\/ul>\r\n\r\n\r\n\r\n<p>Der K\u00e4ufer best\u00e4tigt, dass er\/sie gegen\u00fcber 100% die Verantwortung f\u00fcr alle Verletzungen und Sch\u00e4den \u00fcbernimmt, die MagnaHeal m\u00f6glicherweise verursachen k\u00f6nnte. Dazu geh\u00f6ren Selbst- oder Fremdverletzungen, Sachsch\u00e4den und Sch\u00e4den am MagnaHeal. Der K\u00e4ufer muss diesen Bedingungen vor dem Kauf des MagnaHeal zustimmen.<\/p>\r\n\r\n\r\n\r\n<p>Das ASTR Institute wird eine Sch\u00e4tzung der Zugkraft f\u00fcr den MagnaHeal bereitstellen, aber wir sind nicht verantwortlich f\u00fcr Diskrepanzen oder Ungenauigkeiten der Magnetzugkraft. Bitte testen Sie die Zugkraft, bevor Sie es verwenden.<\/p>\r\n\r\n\r\n\r\n<p>MagnaHeal ist sehr m\u00e4chtig. Es ist wichtig, dass es sorgf\u00e4ltig behandelt wird, um Sch\u00e4den am Magneten und Verletzungen von sich selbst oder anderen zu vermeiden. Magnete, die die gleiche Gr\u00f6\u00dfe oder mehr als ein 2-Zoll-W\u00fcrfel haben, k\u00f6nnen die Finger sehr schwer besch\u00e4digen, wenn die Finger zwischen den 2 Magneten eingeklemmt werden. Knochen k\u00f6nnen brechen und Fingerspitzen k\u00f6nnen verloren gehen.\u00a0<\/p>\r\n\r\n\r\n\r\n<p>MagnaHeal ist zerbrechlich. Wenn es fallen gelassen oder getroffen wird, kann es brechen oder splittern. Tragen Sie beim Halten und Verwenden des MagnaHeal Handschuhe und eine Schutzbrille, da sich Splitter und\/oder Abstandshalter l\u00f6sen und aus dem MagnaHeal herausfliegen k\u00f6nnten.<\/p>\r\n\r\n\r\n\r\n<ul>\r\n<li>Wenn MagnaHeal \u00fcber 175 Grad Fahrenheit oder 80 Grad Celsius erhitzt wird, verliert es seine magnetische Eigenschaft.\r\n\r\n<\/li>\r\n<li>MagnaHeal hat ein sehr starkes Magnetfeld und kann Folgendes besch\u00e4digen: Computer, Fernseher, Computermonitore, Datentr\u00e4ger, Telefone, elektronische Ger\u00e4te, Kreditkarten, Uhren, H\u00f6rger\u00e4te, Herzschrittmacher usw.\r\n\r\n<\/li>\r\n<li>Herzschrittmacher sind eine Kontraindikation und k\u00f6nnen besch\u00e4digt werden, wenn sie dem MagnaHeal ausgesetzt werden. Patienten mit Herzschrittmachern m\u00fcssen mindestens 3 Fu\u00df vom MagnaHeal entfernt bleiben.\u00a0\r\n\r\n<\/li>\r\n<li>Kinder sollten das MagnaHeal nicht verwenden oder ber\u00fchren, da es gef\u00e4hrlich sein und eine Erstickungsgefahr darstellen kann. Kinder k\u00f6nnen am Magneten ersticken, was zu internen Sch\u00e4den f\u00fchren kann. MagnaHeal darf nur \u00e4u\u00dferlich angewendet werden.\u00a0\r\n\r\n<\/li>\r\n<li>Das MagnaHeal sollte \u00fcberhaupt nicht ver\u00e4ndert werden. Schneiden, Bohren oder S\u00e4gen des MagnaHeal ist nicht gestattet. Partikel aus dem MagnaHeal vom Schneiden k\u00f6nnen eine sehr gef\u00e4hrliche Umgebung verursachen, da die Partikel leicht entz\u00fcndlich sind. Der Magnet bricht, wenn er ges\u00e4gt, geschnitten oder gebohrt wird. MagnaHeal sollte niemals verbrannt werden, da dies zu Giften f\u00fchren w\u00fcrde.\u00a0<\/li>\r\n<\/ul>","protected":false},"excerpt":{"rendered":"<p>&nbsp; Magnet Disclaimer ASTR Institute is not liable or responsible for any injury, destruction or harm the MagnaHeal may cause as a result of its use. Before purchasing the MagnaHeal, the purchaser attests that they have read and understand the following warnings: Contraindications: MagnaHeal should be avoided if you have one of the following: Pacemaker [&hellip;]<\/p>\n","protected":false},"author":2447,"featured_media":0,"parent":0,"menu_order":0,"comment_status":"closed","ping_status":"closed","template":"","meta":{"_analytify_skip_tracking":false,"footnotes":""},"class_list":["post-2103","page","type-page","status-publish","hentry"],"_links":{"self":[{"href":"https:\/\/advancedsofttissuerelease.com\/de\/wp-json\/wp\/v2\/pages\/2103","targetHints":{"allow":["GET"]}}],"collection":[{"href":"https:\/\/advancedsofttissuerelease.com\/de\/wp-json\/wp\/v2\/pages"}],"about":[{"href":"https:\/\/advancedsofttissuerelease.com\/de\/wp-json\/wp\/v2\/types\/page"}],"author":[{"embeddable":true,"href":"https:\/\/advancedsofttissuerelease.com\/de\/wp-json\/wp\/v2\/users\/2447"}],"replies":[{"embeddable":true,"href":"https:\/\/advancedsofttissuerelease.com\/de\/wp-json\/wp\/v2\/comments?post=2103"}],"version-history":[{"count":0,"href":"https:\/\/advancedsofttissuerelease.com\/de\/wp-json\/wp\/v2\/pages\/2103\/revisions"}],"wp:attachment":[{"href":"https:\/\/advancedsofttissuerelease.com\/de\/wp-json\/wp\/v2\/media?parent=2103"}],"curies":[{"name":"wp","href":"https:\/\/api.w.org\/{rel}","templated":true}]}}