{"id":228,"date":"2016-06-01T00:42:37","date_gmt":"2016-06-01T00:42:37","guid":{"rendered":"https:\/\/advancedsofttissuerelease.com\/posterior-cruciate-ligament-injury-pcl\/"},"modified":"2016-06-01T00:42:37","modified_gmt":"2016-06-01T00:42:37","slug":"hintere-kreuzbandverletzung-pcl","status":"publish","type":"page","link":"https:\/\/advancedsofttissuerelease.com\/de\/posterior-cruciate-ligament-injury-pcl\/","title":{"rendered":"Verletzung des hinteren Kreuzbandes (PCL)"},"content":{"rendered":"<h1 class=\"p1\"> \t<span style=\"color:#696969;\"><span class=\"s1\">Verletzung des hinteren Kreuzbandes (PCL)<\/span><\/span><\/h1>\n<p class=\"p1\"> \t<span style=\"color:#696969;\"><span class=\"s1\">Das hintere Kreuzband ist ein schmales Band, das den hohen Knochen (Femur) mit dem Schienbein (Tibia) verbindet. Ein PCL-Riss ist auf einen direkten Schlag auf die Vorderseite des Knies (wie ein Sturz auf ein gebeugtes Knie beim Sport), ein Ziehen oder Strecken des Bandes oder einen Fehltritt zur\u00fcckzuf\u00fchren. Eine Verdrehung oder \u00dcberdehnung des Knies kann dazu f\u00fchren, dass die Person das Knie nicht vollst\u00e4ndig belasten kann. Das PCL ist das st\u00e4rkste Band im Knie, was bedeutet, dass Verletzungen im Allgemeinen auf ein Trauma oder eine R\u00fcckw\u00e4rtsbeugung des Knies oder eine Kraft auf das Knie wie bei einem Autounfall zur\u00fcckzuf\u00fchren sind. Ein PCL-Riss reicht normalerweise von einem teilweisen Riss bis zu einem vollst\u00e4ndigen Riss. &nbsp;<\/span><\/span><\/p>\n<h2 class=\"p1\"> \t<span style=\"color:#696969;\"><span class=\"s1\">Symptome einer PCL-Verletzung<\/span><\/span><\/h2>\n<ul>\n<li class=\"li1\"> \t\t<span style=\"color:#696969;\"><span class=\"s1\">Schmerzen und Schwellung des Knies<\/span><\/span><\/li>\n<li class=\"li1\"> \t\t<span style=\"color:#696969;\"><span class=\"s1\">Knie ist instabil<\/span><\/span><\/li>\n<li class=\"li1\"> \t\t<span style=\"color:#696969;\"><span class=\"s1\">Unf\u00e4higkeit, das Knie zu belasten<\/span><\/span><\/li>\n<\/ul>\n<h3 class=\"p1\"> \t<span style=\"color:#696969;\"><span class=\"s1\">Behandlung von PCL-Verletzungen&nbsp;<\/span><\/span><\/h3>\n<ul>\n<li class=\"li1\"> \t\t<span style=\"color:#696969;\"><span class=\"s1\">ASTR\u00ae-Werkzeuge: Unsere \u00c4rzte verwenden eine Vielzahl von ASTR\u00ae-Werkzeugen, um Narbengewebe und myofasziale Restriktionen zu l\u00f6sen, die die Flexibilit\u00e4t verringern und mehr Druck auf das hintere Kreuzband aus\u00fcben k\u00f6nnen.<\/span><\/span><\/li>\n<li class=\"li1\"> \t\t<span style=\"color:#696969;\"><span class=\"s1\">Spezielles \u00dcbungsprogramm, um den Druck auf das Kreuzband zu verringern, die Muskeln zu st\u00e4rken und das Knie zu stabilisieren, um dem Patienten zu helfen, zu normalen Funktionen und Aktivit\u00e4ten zur\u00fcckzukehren.<\/span><\/span><\/li>\n<li class=\"li1\"> \t\t<span style=\"color:#696969;\"><span class=\"s1\">Spezielle Anweisungen zur Beschleunigung der Wiederherstellungszeit.<\/span><\/span><\/li>\n<\/ul>","protected":false},"excerpt":{"rendered":"<p>Posterior Cruciate Ligament injury (PCL) The posterior cruciate ligament is a small band that connects the high bone (femur) to the shin bone (tibia).&nbsp; A PCL tear is due to a direct blow to the front of the knee (like falling on a bent knee in sports), pulling or stretching of the ligament, or a [&hellip;]<\/p>\n","protected":false},"author":2447,"featured_media":0,"parent":0,"menu_order":124,"comment_status":"closed","ping_status":"closed","template":"","meta":{"_analytify_skip_tracking":false,"footnotes":""},"class_list":["post-228","page","type-page","status-publish","hentry"],"_links":{"self":[{"href":"https:\/\/advancedsofttissuerelease.com\/de\/wp-json\/wp\/v2\/pages\/228","targetHints":{"allow":["GET"]}}],"collection":[{"href":"https:\/\/advancedsofttissuerelease.com\/de\/wp-json\/wp\/v2\/pages"}],"about":[{"href":"https:\/\/advancedsofttissuerelease.com\/de\/wp-json\/wp\/v2\/types\/page"}],"author":[{"embeddable":true,"href":"https:\/\/advancedsofttissuerelease.com\/de\/wp-json\/wp\/v2\/users\/2447"}],"replies":[{"embeddable":true,"href":"https:\/\/advancedsofttissuerelease.com\/de\/wp-json\/wp\/v2\/comments?post=228"}],"version-history":[{"count":0,"href":"https:\/\/advancedsofttissuerelease.com\/de\/wp-json\/wp\/v2\/pages\/228\/revisions"}],"wp:attachment":[{"href":"https:\/\/advancedsofttissuerelease.com\/de\/wp-json\/wp\/v2\/media?parent=228"}],"curies":[{"name":"wp","href":"https:\/\/api.w.org\/{rel}","templated":true}]}}