{"id":25436,"date":"2021-05-21T11:23:49","date_gmt":"2021-05-21T17:23:49","guid":{"rendered":"https:\/\/advancedsofttissuerelease.com\/?page_id=25436"},"modified":"2021-05-21T11:26:17","modified_gmt":"2021-05-21T17:26:17","slug":"dieses-kleine-licht-von-mir","status":"publish","type":"page","link":"https:\/\/advancedsofttissuerelease.com\/de\/this-little-light-of-mine\/","title":{"rendered":"Dieses kleine Licht von mir"},"content":{"rendered":"<p><img fetchpriority=\"high\" decoding=\"async\" class=\"size-medium wp-image-25437 alignleft\" src=\"https:\/\/advancedsofttissuerelease.com\/wp-content\/uploads\/2021\/05\/189330840_1746137335557162_7799219327198139715_n-520x520.jpg\" alt=\"\" width=\"520\" height=\"520\" srcset=\"https:\/\/advancedsofttissuerelease.com\/wp-content\/uploads\/2021\/05\/189330840_1746137335557162_7799219327198139715_n-520x520.jpg 520w, https:\/\/advancedsofttissuerelease.com\/wp-content\/uploads\/2021\/05\/189330840_1746137335557162_7799219327198139715_n-100x100.jpg 100w, https:\/\/advancedsofttissuerelease.com\/wp-content\/uploads\/2021\/05\/189330840_1746137335557162_7799219327198139715_n-300x300.jpg 300w, https:\/\/advancedsofttissuerelease.com\/wp-content\/uploads\/2021\/05\/189330840_1746137335557162_7799219327198139715_n.jpg 749w\" sizes=\"(max-width: 520px) 100vw, 520px\" \/><\/p>\n<p>St\u00e4rke, Sicherheit und Individualit\u00e4t.<\/p>\n<p>Diese Worte kommen mir in den Sinn, wenn ich auf die Leuchtt\u00fcrme zur\u00fcckblicke, die wir auf Prince Edward Island besucht haben.<\/p>\n<p>In den letzten Jahren hat unsere Familie einen spirituellen und emotionalen Wachstumsschub durchgemacht. Durch eine Reihe von Ereignissen, die sich unserer Kontrolle entzogen, trafen wir die sehr schwierige Entscheidung, unseren Heimatstaat auf der Suche nach Freiheit und Sicherheit zu verlassen.<\/p>\n<p>Zu lernen, wie wir unser Licht scheinen lassen, war nicht immer einfach. Es war immer mit einem gewissen Risiko verbunden.<\/p>\n<p>Gefahr, ausgesto\u00dfen zu werden. Risiko, k\u00f6rperlich, emotional oder finanziell verletzt zu werden. Gefahr, alles in unserer N\u00e4he zu verlieren.<\/p>\n<p>An unserem Bruchpunkt verlie\u00df uns auf wundersame Weise so viel von der Angst, die wir fr\u00fcher gef\u00fchlt hatten, und Mut nahm ihren Platz ein.<\/p>\n<p>Heute wandeln wir in Gottes Kraft und hoffen, DICH zu ermutigen, jetzt einen kleinen, bewussten Schritt zu tun, um DEIN Licht leuchten zu lassen?<\/p>","protected":false},"excerpt":{"rendered":"<p>Strength, safety and individuality. These are the words that come to mind when I look back at the lighthouses we visited on Prince Edward Island. Over the past few years, our family has gone through a spiritual and emotional growth spurt. Through a series of events outside our control, we found ourselves making the very [&hellip;]<\/p>\n","protected":false},"author":1,"featured_media":0,"parent":0,"menu_order":0,"comment_status":"closed","ping_status":"closed","template":"","meta":{"_analytify_skip_tracking":false,"footnotes":""},"class_list":["post-25436","page","type-page","status-publish","hentry"],"_links":{"self":[{"href":"https:\/\/advancedsofttissuerelease.com\/de\/wp-json\/wp\/v2\/pages\/25436","targetHints":{"allow":["GET"]}}],"collection":[{"href":"https:\/\/advancedsofttissuerelease.com\/de\/wp-json\/wp\/v2\/pages"}],"about":[{"href":"https:\/\/advancedsofttissuerelease.com\/de\/wp-json\/wp\/v2\/types\/page"}],"author":[{"embeddable":true,"href":"https:\/\/advancedsofttissuerelease.com\/de\/wp-json\/wp\/v2\/users\/1"}],"replies":[{"embeddable":true,"href":"https:\/\/advancedsofttissuerelease.com\/de\/wp-json\/wp\/v2\/comments?post=25436"}],"version-history":[{"count":0,"href":"https:\/\/advancedsofttissuerelease.com\/de\/wp-json\/wp\/v2\/pages\/25436\/revisions"}],"wp:attachment":[{"href":"https:\/\/advancedsofttissuerelease.com\/de\/wp-json\/wp\/v2\/media?parent=25436"}],"curies":[{"name":"wp","href":"https:\/\/api.w.org\/{rel}","templated":true}]}}