{"id":28553,"date":"2021-08-02T11:42:33","date_gmt":"2021-08-02T17:42:33","guid":{"rendered":"https:\/\/advancedsofttissuerelease.com\/?page_id=28553"},"modified":"2021-08-02T12:01:12","modified_gmt":"2021-08-02T18:01:12","slug":"marketing-koordinator-praktikum","status":"publish","type":"page","link":"https:\/\/advancedsofttissuerelease.com\/de\/marketing-coordinator-internship\/","title":{"rendered":"Praktikum als Marketingkoordinator"},"content":{"rendered":"<h1><strong>Praktikum als Marketingkoordinator<\/strong><\/h1>\n<p><strong>Teilzeit, unbezahlt \u2013 flexible Arbeitszeiten \u2013 Arbeit von zu Hause aus<\/strong><\/p>\n<p>Wenn Sie ein Teamplayer sind, der \u00fcber ausgezeichnete Schreibf\u00e4higkeiten verf\u00fcgt, dann suchen wir Sie! Diese Position w\u00fcrde in Teilzeit mit Wachstumspotenzial beginnen.<\/p>\n<p><strong>Anforderungen<\/strong><\/p>\n<p>- Marketing-\/ BWL-Studium bevorzugt<\/p>\n<p>-Au\u00dfergew\u00f6hnliche Kenntnisse im Social-Media-Marketing<\/p>\n<p>-Ausgezeichnete m\u00fcndliche und schriftliche Kommunikationsf\u00e4higkeiten<\/p>\n<p>- Content Writing (SEO, Blogs, E-Mail-Kampagnen)<\/p>\n<p>- Marketingmaterialien erstellen<\/p>\n<p><strong>Folgende F\u00e4higkeiten werden erlernt:<\/strong><\/p>\n<p>-Social-Media-Marketing<\/p>\n<p>-SEO<\/p>\n<p>- Planen und schreiben Sie E-Mail-Kampagnen<\/p>\n<p><strong>Wie bewerbe ich mich?<\/strong><\/p>\n<p>-Machen Sie den Pers\u00f6nlichkeitstest\u00a0<a href=\"https:\/\/www.16personalities.com\" target=\"_blank\" rel=\"noopener\">16personalities.com<\/a><\/p>\n<p>- Senden Sie Ihren Lebenslauf, Ihr Anschreiben und die Ergebnisse des Pers\u00f6nlichkeitstests per E-Mail: <a href=\"mailto:support@ASTRinstitute.com\">support@ASTRinstitute.com<\/a><\/p>\n<p>- F\u00fcllen Sie die folgenden Formulare aus <a href=\"https:\/\/advancedsofttissuerelease.com\/wp-content\/uploads\/2019\/08\/Intern-Consent-Form.pdf\">Einverst\u00e4ndniserkl\u00e4rung f\u00fcr Praktikanten<\/a>\u00a0&amp; <a href=\"https:\/\/advancedsofttissuerelease.com\/wp-content\/uploads\/2019\/08\/Non-discoulsure.pdf\">Nichtdiskussion<\/a><\/p>\n<p>-Zur Vorbereitung auf das Praktikum zuerst anschauen <strong>7 Videos<\/strong> in diesem <a href=\"https:\/\/advancedsofttissuerelease.com\/de\/lehrvideos-2\/\">Seite<\/a><\/p>","protected":false},"excerpt":{"rendered":"<p>Marketing Coordinator Internship Part time, unpaid &#8211; flexible hours &#8211; work from home If you are a team player who has excellent writing skills then we want you!\u00a0This position would start part-time with potential for growth. Requirements -Marketing\/ business degree preferred -Exceptional knowledge of social media marketing -Excellent verbal and written communications skills -Content writing [&hellip;]<\/p>\n","protected":false},"author":1,"featured_media":0,"parent":0,"menu_order":0,"comment_status":"closed","ping_status":"closed","template":"","meta":{"_analytify_skip_tracking":false,"footnotes":""},"class_list":["post-28553","page","type-page","status-publish","hentry"],"_links":{"self":[{"href":"https:\/\/advancedsofttissuerelease.com\/de\/wp-json\/wp\/v2\/pages\/28553","targetHints":{"allow":["GET"]}}],"collection":[{"href":"https:\/\/advancedsofttissuerelease.com\/de\/wp-json\/wp\/v2\/pages"}],"about":[{"href":"https:\/\/advancedsofttissuerelease.com\/de\/wp-json\/wp\/v2\/types\/page"}],"author":[{"embeddable":true,"href":"https:\/\/advancedsofttissuerelease.com\/de\/wp-json\/wp\/v2\/users\/1"}],"replies":[{"embeddable":true,"href":"https:\/\/advancedsofttissuerelease.com\/de\/wp-json\/wp\/v2\/comments?post=28553"}],"version-history":[{"count":0,"href":"https:\/\/advancedsofttissuerelease.com\/de\/wp-json\/wp\/v2\/pages\/28553\/revisions"}],"wp:attachment":[{"href":"https:\/\/advancedsofttissuerelease.com\/de\/wp-json\/wp\/v2\/media?parent=28553"}],"curies":[{"name":"wp","href":"https:\/\/api.w.org\/{rel}","templated":true}]}}