{"id":300,"date":"2017-02-04T19:25:53","date_gmt":"2017-02-04T19:25:53","guid":{"rendered":"https:\/\/advancedsofttissuerelease.com\/landing-8\/"},"modified":"2017-02-04T19:25:53","modified_gmt":"2017-02-04T19:25:53","slug":"landung-8-2","status":"publish","type":"page","link":"https:\/\/advancedsofttissuerelease.com\/de\/landing-8\/","title":{"rendered":"Landung 7"},"content":{"rendered":"<p style=\"text-align: center;\"> \t<span style=\"font-size:24px;\"><strong><font color=\"#ff0000\" face=\"lato, helvetica neue, helvetica, arial, sans-serif\">Ver\u00f6ffentlichte Studie: 87% LANGFRISTIGE Schmerzlinderung mit ASTR-Behandlung!<\/font><\/strong><\/span><\/p>\n<p style=\"text-align: center;\"> \t&nbsp;<\/p>\n<p style=\"text-align: center;\"> \t<img fetchpriority=\"high\" decoding=\"async\" class=\"size-full wp-image-543\" alt=\"\" src=\"https:\/\/advancedsofttissuerelease.com\/wp-content\/uploads\/2017\/02\/ASTR-advanced-scar-tissue-release.jpg\" width=\"1970\" height=\"974\" srcset=\"https:\/\/advancedsofttissuerelease.com\/wp-content\/uploads\/2017\/02\/ASTR-advanced-scar-tissue-release.jpg 500w, https:\/\/advancedsofttissuerelease.com\/wp-content\/uploads\/2017\/02\/ASTR-advanced-scar-tissue-release-200x99.jpg 200w, https:\/\/advancedsofttissuerelease.com\/wp-content\/uploads\/2017\/02\/ASTR-advanced-scar-tissue-release-300x148.jpg 300w\" sizes=\"(max-width: 1970px) 100vw, 1970px\" \/><\/p>\n<p> \t&nbsp;<\/p>\n<p> \t<strong style=\"color: rgba(0, 0, 0, 0.701961); font-family: inherit; font-size: 21px; orphans: 2; widows: 2; margin: 0px; padding: 0px; border: 0px; font-style: inherit; font-variant-ligatures: inherit; font-variant-position: inherit; font-variant-caps: inherit; font-variant-numeric: inherit; font-variant-alternates: inherit; font-variant-east-asian: inherit; font-stretch: inherit; line-height: inherit; vertical-align: baseline; outline: 0px; background-color: transparent;\">Studienergebnisse<\/strong><\/p>\n<p> \t&nbsp;<\/p>\n<p> \t<span style=\"color: rgba(0, 0, 0, 0.701961); font-family: 'Source Serif Pro', serif; font-size: 21px; font-variant-ligatures: normal; orphans: 2; white-space: pre-wrap; widows: 2;\">Die Studie umfasste 149 Patienten, die mit verschiedenen Arten von Weichteilverletzungen des Halses in die Ambulanz f\u00fcr Physiotherapie kamen. 32 Patienten erf\u00fcllten die Kriterien nicht, 12 brachen die Behandlung ab <\/span><a href=\"http:\/\/advancedsofttissuerelease.com\/de\/\" rel=\"noopener nofollow\" style=\"padding: 0px; margin: 0px; font-size: 21px; vertical-align: baseline; background-color: transparent; outline: 0px; border: 0px; color: rgb(140, 104, 203); box-sizing: border-box; word-wrap: break-word; font-family: 'Source Serif Pro', serif; font-variant-ligatures: normal; orphans: 2; white-space: pre-wrap; widows: 2; background-position: 0px 0px; background-repeat: initial initial;\" target=\"_blank\">ASTR<\/a><span style=\"color: rgba(0, 0, 0, 0.701961); font-family: 'Source Serif Pro', serif; font-size: 21px; font-variant-ligatures: normal; orphans: 2; white-space: pre-wrap; widows: 2;\"> Behandlung vor Abschluss des Programms; 105 wurden in die Studie aufgenommen und nur 47 konnten f\u00fcr einen Langzeit-Follow-up-Fragebogen kontaktiert werden. Die Ergebnisse waren insofern herausragend, als 83% der Patienten nach der Behandlung eine Schmerzlinderung versp\u00fcrten und 97% eine Linderung innerhalb der ersten beiden Behandlungen versp\u00fcrte. Fast (44%) die H\u00e4lfte der Probanden war zuvor erfolglos behandelt worden. Eine Nachuntersuchung wurde f\u00fcr alle Patienten durchgef\u00fchrt, von denen 45% ansprach und 87% immer noch schmerzfrei waren <\/span><u><span style=\"margin: 0px; padding: 0px; border: 0px; outline: 0px; font-size: 21px; vertical-align: baseline; font-weight: 700; box-sizing: border-box; color: rgba(0, 0, 0, 0.701961); font-family: 'Source Serif Pro', serif; font-variant-ligatures: normal; orphans: 2; white-space: pre-wrap; widows: 2; background-position: 0px 0px; background-repeat: initial initial;\">ein bis zwei Jahre<\/span><\/u><span style=\"color: rgba(0, 0, 0, 0.701961); font-family: 'Source Serif Pro', serif; font-size: 21px; font-variant-ligatures: normal; orphans: 2; white-space: pre-wrap; widows: 2;\">&nbsp;nach der Behandlung. Am 1. September 2016 wurde die Studie offiziell im ver\u00f6ffentlicht <\/span><a href=\"http:\/\/medcraveonline.com\/MOJOR\/MOJOR-05-00188.pdf\" rel=\"noopener nofollow\" style=\"padding: 0px; margin: 0px; font-size: 21px; vertical-align: baseline; background-color: transparent; outline: 0px; border: 0px; color: rgb(140, 104, 203); box-sizing: border-box; word-wrap: break-word; font-family: &#039;Source Serif Pro&#039;, serif; font-variant-ligatures: normal; orphans: 2; white-space: pre-wrap; widows: 2; background-position: 0px 0px; background-repeat: initial initial;\" target=\"_blank\">Zeitschrift f\u00fcr Orthop\u00e4die und Rheumatologie.<\/a><\/p>\n<p> \t&nbsp;<\/p>\n<p> \t<strong style=\"color: rgb(105, 105, 105); font-size: 24px;\">Was ist ASTR?<\/strong><\/p>\n<p> \t<span style=\"font-family: &quot;lucida sans unicode&quot;, &quot;lucida grande&quot;, sans-serif; font-size: 18px;\">Advanced Soft Tissue Release (ASTR) ver\u00e4ndert das Erleben von Patienten&nbsp;<\/span><strong style=\"font-family: verdana, geneva, sans-serif; font-size: 18px;\">Langfristig<\/strong><span style=\"font-family: &quot;lucida sans unicode&quot;, &quot;lucida grande&quot;, sans-serif; font-size: 18px;\">&nbsp;<\/span><strong style=\"font-family: verdana, geneva, sans-serif; font-size: 18px;\">Schmerzlinderung<\/strong><span style=\"font-family: &quot;lucida sans unicode&quot;, &quot;lucida grande&quot;, sans-serif; font-size: 18px;\">. Diese Spezialit\u00e4t befasst sich mit akuten und chronischen Schmerzen durch die Verwendung einzigartiger Patientenbewertungen,&nbsp;<\/span><span style=\"font-family: &quot;lucida sans unicode&quot;, &quot;lucida grande&quot;, sans-serif; font-size: 18px;\">taktisch ausgearbeitete Behandlungsprotokolle,<\/span><span style=\"font-family: &quot;lucida sans unicode&quot;, &quot;lucida grande&quot;, sans-serif; font-size: 18px;\">&nbsp;strategisch konzipiert <strong>p<\/strong><\/span><strong style=\"font-family: &quot;lucida sans unicode&quot;, &quot;lucida grande&quot;, sans-serif;\"><strong style=\"font-family: verdana, geneva, sans-serif; font-size: 18px;\">beachtet&nbsp;<\/strong><\/strong><span style=\"font-family: &quot;lucida sans unicode&quot;, &quot;lucida grande&quot;, sans-serif; font-size: 18px;\">Instrumente und \u00fcber 125 einzigartige Man\u00f6ver. ASTR befasst sich mit Nahrungsmitteln an ihrer Quelle, um Schmerzen zu lindern, die Bewegungsfreiheit zu erh\u00f6hen und die Lebensqualit\u00e4t der Menschen zu verbessern.<\/span><\/p>\n<p> \t<span style=\"font-family:lucida sans unicode,lucida grande,sans-serif;\"><span style=\"font-size: 18px;\">&nbsp;<\/span><\/span><\/p>\n<p class=\"p1\" style=\"margin-bottom: 10px; font-size: 12px; color: rgb(0, 0, 0); -webkit-text-stroke: 0px rgb(0, 0, 0); text-align: left;\"> \t<span style=\"font-family: &quot;lucida sans unicode&quot;, &quot;lucida grande&quot;, sans-serif;\"><span style=\"font-size: 18px;\"><span style=\"color: rgb(105, 105, 105);\"><span class=\"s1\" style=\"text-decoration-line: underline;\">Als lizenzierter ASTR-Anbieter profitieren Sie von:<\/span><\/span><\/span><\/span><\/p>\n<p class=\"p1\" style=\"margin-bottom: 10px; font-size: 12px; color: rgb(0, 0, 0); -webkit-text-stroke: 0px rgb(0, 0, 0); text-align: left;\"> \t&nbsp;<\/p>\n<ul>\n<li class=\"p1\" style=\"text-align: left;\"> \t\t<span style=\"font-family: &quot;lucida sans unicode&quot;, &quot;lucida grande&quot;, sans-serif;\"><span style=\"font-size: 18px;\"><span style=\"color: rgb(105, 105, 105);\"><strong>Behandeln Sie schwierige Bedingungen<\/strong>&nbsp;einschlie\u00dflich Kieferschmerzen, Ischias, Arthritis, Kopfschmerzen, Nacken- und R\u00fcckenschmerzen, Karpaltunnelsyndrom, Sehnenscheidenentz\u00fcndung, Schleimbeutelentz\u00fcndung und&nbsp;<a href=\"https:\/\/advancedsofttissuerelease.com\/de\/behandlung-2\/\" target=\"_blank\"><u>so viel mehr<\/u>!<\/a><\/span><\/span><\/span><\/li>\n<\/ul>\n<ul>\n<li class=\"p1\" style=\"text-align: left;\"> \t\t<strong style=\"color: rgb(105, 105, 105); font-size: 18px; font-family: &quot;lucida sans unicode&quot;, &quot;lucida grande&quot;, sans-serif;\"><a href=\"https:\/\/advancedsofttissuerelease.com\/de\/medical-providers\/forschung-2\/\" target=\"_blank\">Evidenzbasierte Praxis<\/a><span style=\"font-size: 14px;\">:&nbsp;<\/span><\/strong><span style=\"font-size: 14px;\">&nbsp;<span style=\"color: rgb(51, 102, 255);\"><strong><span style=\"font-size: 16px;\"><a href=\"https:\/\/advancedsofttissuerelease.com\/de\/medical-providers\/forschung-2\/\" target=\"_blank\">Schauen Sie sich die Forschung an, die die ASTR-Behandlung unterst\u00fctzt<\/a><\/span><\/strong><\/span><\/span><\/li>\n<li class=\"p1\" style=\"text-align: left;\"> \t\t<strong style=\"color: rgb(105, 105, 105); font-size: 18px; font-family: &quot;lucida sans unicode&quot;, &quot;lucida grande&quot;, sans-serif;\">Sorgen Sie f\u00fcr langfristige Linderung<\/strong><span style=\"color: rgb(105, 105, 105); font-size: 18px; font-family: &quot;lucida sans unicode&quot;, &quot;lucida grande&quot;, sans-serif;\">&nbsp;f\u00fcr Patienten, die unter akuten und chronischen Schmerzen und anderen schw\u00e4chenden Zust\u00e4nden leiden und ohne Linderung frustriert sind.<\/span><\/li>\n<li class=\"p1\" style=\"text-align: left;\"> \t\t<span style=\"font-family: &quot;lucida sans unicode&quot;, &quot;lucida grande&quot;, sans-serif;\"><span style=\"font-size: 18px;\"><span style=\"color: rgb(105, 105, 105);\"><strong>Erh\u00f6hen Sie die Patientenzufriedenheit:<\/strong>&nbsp;Patienten, die mit ASTR behandelt werden, erfahren h\u00e4ufig eine Schmerzlinderung innerhalb der ersten oder zweiten Behandlungssitzung. Sie sind oft erstaunt, wie es mit diesem anderen Ansatz gelingt, ihre Schmerzen dort zu lindern, wo andere Therapien versagt haben.<\/span><\/span><\/span><\/li>\n<li class=\"p1\" style=\"text-align: left;\"> \t\t<span style=\"font-family: &quot;lucida sans unicode&quot;, &quot;lucida grande&quot;, sans-serif;\"><span style=\"font-size: 18px;\"><span style=\"color: rgb(105, 105, 105);\"><strong>Erh\u00f6hen Sie die Patienten\u00fcberweisungen:<\/strong>&nbsp;Mundpropaganda ist die beste Quelle f\u00fcr neue Gesch\u00e4fte! Da die Patienten die Ergebnisse der Behandlung mit ASTR erkennen, ergeben sich daraus Zufriedenheit, Vertrauen und Loyalit\u00e4t gegen\u00fcber dem Anbieter und sie empfehlen ihre Freunde<\/span><\/span><\/span><\/li>\n<li class=\"p1\" style=\"text-align: left;\"> \t\t<span style=\"font-family: &quot;lucida sans unicode&quot;, &quot;lucida grande&quot;, sans-serif;\"><span style=\"font-size: 18px;\"><span style=\"color: rgb(105, 105, 105);\"><strong>Umsatz steigern:<\/strong>&nbsp;ASTR ist eine neue Nische f\u00fcr Weichgewebetherapien und die Zertifizierung in diesem Fachgebiet ist ein gro\u00dfartiges Instrument f\u00fcr medizinische Anbieter, die ihre Praxis erweitern m\u00f6chten.<\/span><\/span><\/span><\/li>\n<li class=\"p1\" style=\"text-align: left;\"> \t\t<span style=\"font-family: &quot;lucida sans unicode&quot;, &quot;lucida grande&quot;, sans-serif;\"><span style=\"font-size: 18px;\"><span style=\"color: rgb(105, 105, 105);\"><strong>Heben Sie sich von Ihren Kollegen ab:<\/strong>&nbsp;ASTR-Kliniker sind Mitglieder einer exklusiven Gemeinschaft von ASTR-lizenzierten medizinischen Anbietern. Der Besitz dieser Lizenz ist ein Beweis f\u00fcr die umfassende Ausbildung und hohe Kompetenz eines Anbieters bei der Behandlung von Weichteilverletzungen mit dem ASTR-Ansatz.<\/span><\/span><\/span><\/li>\n<\/ul>\n<p class=\"p1\" style=\"text-align: left;\"> \t&nbsp;<\/p>\n<p style=\"font-family: Helvetica; text-align: center;\"> \t<span style=\"font-family:lucida sans unicode,lucida grande,sans-serif;\"><span style=\"font-size:18px;\"><span style=\"color:#696969;\"> \t<\/p>\n<style type=\"text\/css\"> p.p1 {margin: 0.0px 0.0px 10.0px 0.0px; text-align: justify; font: 12.0px Verdana; color: #000000; -webkit-text-stroke: #000000; background-color: #ffffff} p.p3 {margin: 0.0px 0.0px 10.0px 0.0px; text-align: center; font: 14.0px Verdana; color: #000000; -webkit-text-stroke: #000000} li.li2 {margin: 0.0px 0.0px 10.0px 0.0px; text-align: justify; font: 12.0px Verdana; color: #000000; -webkit-text-stroke: #000000} span.s1 {font-kerning: none} span.s2 {font: 12.0px Helvetica; color: #000000} span.s3 {font-kerning: none; background-color: #ffffff} span.s4 {text-decoration: underline ; font-kerning: none} span.s5 {font: 9.3px Verdana; font-kerning: none} span.s6 {font: 11.0px 'Trebuchet MS'; font-kerning: none}\t<\/style>\n<p> \t<\/span><\/span><\/span><\/p>\n<p class=\"p3\"> \t<span style=\"font-family:lucida sans unicode,lucida grande,sans-serif;\"><span style=\"font-size:18px;\"><span style=\"color:#696969;\"><span class=\"s1\"><b>Die Anmeldung f\u00fcr unsere ist fast voll <\/b><\/span><span class=\"s5\"><b><sup>&nbsp;<\/sup><\/b><\/span><\/span><b style=\"color: rgb(105, 105, 105); font-size: 16px; -webkit-text-stroke-width: initial;\">Zertifizierung<\/b><\/span><\/span><\/p>\n<p class=\"p3\"> \t<span style=\"font-size:24px;\"><span style=\"font-family:lucida sans unicode,lucida grande,sans-serif;\"><a href=\"https:\/\/shop.advancedsofttissuerelease.com\/ocart2\/Class%20Registration\/Class%20Registration%20Fees\" target=\"_blank\"><strong><span style=\"color:#ff0000;\">Jetzt registrieren!<\/span><\/strong><\/a><\/span><\/span><\/p>\n<p class=\"p3\"> \t&nbsp;<\/p>\n<p class=\"p3\" style=\"text-align: left;\"> \t<span style=\"font-family:lucida sans unicode,lucida grande,sans-serif;\"> \t<\/p>\n<style type=\"text\/css\"> p.p1 {margin: 0.0px 0.0px 10.0px 0.0px; text-align: justify; font: 12.0px Verdana; color: #000000; -webkit-text-stroke: #000000; background-color: #ffffff} span.s1 {font-kerning: none} span.s2 {text-decoration: underline ; font-kerning: none; color: #0000ff; -webkit-text-stroke: 0px #0000ff}\t<\/style>\n<p> \t<\/span><\/p>\n<p class=\"p1\" style=\"text-align: left;\"> \t<span style=\"font-family:lucida sans unicode,lucida grande,sans-serif;\"><span style=\"font-size:16px;\"><span style=\"color:#696969;\"><span class=\"s1\">Nicht \u00fcberzeugt? Klicken <u><strong><a href=\"http:\/\/medcraveonline.com\/MOJOR\/MOJOR-05-00188.pdf\" target=\"_blank\" rel=\"noopener\">Hier<\/a><\/strong><\/u><\/span><\/span><span style=\"color:#696969;\"><span class=\"s1\">&nbsp;um mehr \u00fcber die Wissenschaft hinter ASTR zu lesen!<\/span><\/span><\/span><\/span><\/p>\n<p class=\"p3\"> \t&nbsp;<\/p>\n<p class=\"p3\"> \t<img decoding=\"async\" class=\"size-full wp-image-542\" alt=\"\" src=\"https:\/\/advancedsofttissuerelease.com\/wp-content\/uploads\/2017\/02\/ASTR-advanced-soft-tissue-release21.jpg\" width=\"625\" height=\"487\" srcset=\"https:\/\/advancedsofttissuerelease.com\/wp-content\/uploads\/2017\/02\/ASTR-advanced-soft-tissue-release21.jpg 500w, https:\/\/advancedsofttissuerelease.com\/wp-content\/uploads\/2017\/02\/ASTR-advanced-soft-tissue-release21-200x156.jpg 200w, https:\/\/advancedsofttissuerelease.com\/wp-content\/uploads\/2017\/02\/ASTR-advanced-soft-tissue-release21-300x234.jpg 300w\" sizes=\"(max-width: 625px) 100vw, 625px\" \/><\/p>\n<p class=\"p3\" style=\"text-align: left;\"> \t&nbsp;<\/p>\n<p style=\"font-family: Helvetica; text-align: center;\"> \t<span style=\"font-size:22px;\"><span style=\"color:#696969;\"><strong>Referenzen&nbsp;<\/strong><\/span><\/span><\/p>\n<p style=\"font-family: Helvetica;\"> \t<span style=\"font-family:lucida sans unicode,lucida grande,sans-serif;\"><span style=\"color: rgb(105, 105, 105); font-size: 16px;\"><span style=\"box-sizing: border-box;\"><span style=\"box-sizing: border-box;\"><span style=\"box-sizing: border-box;\"><span style=\"box-sizing: border-box; letter-spacing: 0px;\">\u201eIch war beunruhigt \u00fcber die sich verschlechternden Auswirkungen von Spondylitis ankylosans. Nachdem&nbsp;<\/span><strong style=\"box-sizing: border-box; letter-spacing: 0px;\">lebte mit der&nbsp;<\/strong><strong style=\"box-sizing: border-box; letter-spacing: 0px;\">Krankheit seit \u00fcber 40 Jahren<\/strong><span style=\"box-sizing: border-box; letter-spacing: 0px;\">Ich war skeptisch, dass eine Linderung m\u00f6glich sein w\u00fcrde. Zu meinem Erstaunen erlebte ich&nbsp;<\/span><b style=\"box-sizing: border-box; letter-spacing: 0px;\">sofortige Linderung nach einer Sitzung<\/b><span style=\"box-sizing: border-box; letter-spacing: 0px;\">. Ich sch\u00e4tze Ihre Arbeit sehr.\u201c&nbsp;<\/span><\/span><\/span><\/span><\/span><span style=\"color: rgb(105, 105, 105); font-size: 10px;\"><span style=\"box-sizing: border-box;\"><span style=\"box-sizing: border-box;\"><span style=\"box-sizing: border-box;\">William K.B<\/span><\/span><\/span>ack Pain (Mission Viejo, CA)<\/span><\/span><\/p>\n<p style=\"font-family: Helvetica;\"> \t&nbsp;<\/p>\n<p style=\"box-sizing: border-box; line-height: 1.6em; font-size: small; font-family: arial;\"> \t<span style=\"font-family:lucida sans unicode,lucida grande,sans-serif;\"> \t<\/p>\n<style type=\"text\/css\"> p.p1 {margin: 0.0px 0.0px 7.5px 0.0px; line-height: 19.2px; font: 11.0px Verdana; color: #696969; -webkit-text-stroke: #696969} span.s1 {font-kerning: none; background-color: #ffffff}\t<\/style>\n<p> \t<\/span><\/p>\n<p class=\"p1\" style=\"text-align: left;\"> \t<span style=\"font-family:lucida sans unicode,lucida grande,sans-serif;\"><span style=\"color:#696969;\"><span class=\"s1\"><span style=\"font-size:16px;\">\u201eNachdem ich unter den Auswirkungen von gelitten hatte&nbsp;<b>Kiefergelenk<\/b>&nbsp;und&nbsp;<b>Kopfschmerzen<\/b>&nbsp;Schmerz f\u00fcr fast&nbsp;<b>5 Jahre<\/b>, konnte Doktor Jacobs meine Schmerzen mit seinem Advanced Soft Tissue Release im Inneren lindern&nbsp;<b>ein paar Minuten<\/b>. Seine Technik war sehr&nbsp;<b>sanft<\/b>&nbsp;und war \u00fcberhaupt nicht schmerzhaft.\u201c<\/span> <span style=\"font-size:10px;\">Lindsay J. TMJ (Aliso Viejo, CA)<\/span><\/span><\/span><\/span><\/p>\n<p class=\"p1\" style=\"text-align: left;\"> \t&nbsp;<\/p>\n<p style=\"box-sizing: border-box; line-height: 1.6em; font-size: small; font-family: arial; text-align: center;\"> \t<span style=\"font-family:lucida sans unicode,lucida grande,sans-serif;\"><span style=\"font-size:26px;\"><span style=\"text-align: center;\"><strong><span style=\"color: rgb(255, 0, 0);\">SIE k\u00f6nnen diese unglaublichen Ergebnisse mit Ihren Patienten erzielen!&nbsp;<\/span><\/strong><\/span><\/span><\/span><\/p>\n<p style=\"box-sizing: border-box; line-height: 1.6em; font-size: small; font-family: arial;\"> \t<span style=\"font-family:lucida sans unicode,lucida grande,sans-serif;\"> \t<\/p>\n<style type=\"text\/css\"> p.p1 {margin: 0.0px 0.0px 10.0px 0.0px; font: 11.0px 'Trebuchet MS'; color: #000000; -webkit-text-stroke: #000000} span.s1 {font-kerning: none} span.s2 {font: 7.3px 'Trebuchet MS'; font-kerning: none} span.s3 {font: 20.0px 'Trebuchet MS'; text-decoration: underline ; font-kerning: none; color: #ff0000; -webkit-text-stroke: 0px #ff0000} span.s4 {text-decoration: underline ; font-kerning: none; color: #0000ff; -webkit-text-stroke: 0px #0000ff}\t<\/style>\n<p> \t<\/span><\/p>\n<p class=\"p1\"> \t<span style=\"font-family:lucida sans unicode,lucida grande,sans-serif;\"><span class=\"s1\"><a href=\"https:\/\/shop.advancedsofttissuerelease.com\/ocart2\/Class%2520Registration\/Class%2520Registration%2520Fees\"><span class=\"s3\"><b>Jetzt registrieren!<\/b><\/span><span class=\"s4\">&nbsp;<\/span><\/a><\/span><\/span><\/p>\n<style type=\"text\/css\"> p.p1 {margin: 0.0px 0.0px 7.5px 0.0px; text-align: center; line-height: 19.2px; font: 15.0px Verdana; color: #3366cc; -webkit-text-stroke: #3366cc} span.s1 {font-kerning: none}<\/style>","protected":false},"excerpt":{"rendered":"<p>Published Study: 87% LONG-TERM pain relief with ASTR Treatment! &nbsp; &nbsp; Study Findings &nbsp; The study included 149 patients who came to outpatient physical therapy clinic with several types of soft tissue injuries of the neck. 32 patients didn\u2019t meet the criteria, 12 discontinued ASTR treatment prior to completing the program; 105 were included in [&hellip;]<\/p>\n","protected":false},"author":2447,"featured_media":543,"parent":0,"menu_order":84,"comment_status":"closed","ping_status":"closed","template":"","meta":{"_analytify_skip_tracking":false,"footnotes":""},"class_list":["post-300","page","type-page","status-publish","has-post-thumbnail","hentry"],"_links":{"self":[{"href":"https:\/\/advancedsofttissuerelease.com\/de\/wp-json\/wp\/v2\/pages\/300","targetHints":{"allow":["GET"]}}],"collection":[{"href":"https:\/\/advancedsofttissuerelease.com\/de\/wp-json\/wp\/v2\/pages"}],"about":[{"href":"https:\/\/advancedsofttissuerelease.com\/de\/wp-json\/wp\/v2\/types\/page"}],"author":[{"embeddable":true,"href":"https:\/\/advancedsofttissuerelease.com\/de\/wp-json\/wp\/v2\/users\/2447"}],"replies":[{"embeddable":true,"href":"https:\/\/advancedsofttissuerelease.com\/de\/wp-json\/wp\/v2\/comments?post=300"}],"version-history":[{"count":0,"href":"https:\/\/advancedsofttissuerelease.com\/de\/wp-json\/wp\/v2\/pages\/300\/revisions"}],"wp:featuredmedia":[{"embeddable":true,"href":"https:\/\/advancedsofttissuerelease.com\/de\/wp-json\/wp\/v2\/media\/543"}],"wp:attachment":[{"href":"https:\/\/advancedsofttissuerelease.com\/de\/wp-json\/wp\/v2\/media?parent=300"}],"curies":[{"name":"wp","href":"https:\/\/api.w.org\/{rel}","templated":true}]}}