{"id":326,"date":"2017-02-04T19:25:53","date_gmt":"2017-02-04T19:25:53","guid":{"rendered":"https:\/\/advancedsofttissuerelease.com\/landing-26\/"},"modified":"2017-02-04T19:25:53","modified_gmt":"2017-02-04T19:25:53","slug":"landung-26-2","status":"publish","type":"page","link":"https:\/\/advancedsofttissuerelease.com\/de\/landing-26\/","title":{"rendered":"Landung 26"},"content":{"rendered":"<p style=\"text-align: center;\"> \t<span style=\"font-size:36px;\"><em><font color=\"#ff0000\"><b>K\u00f6nnen mehr als 20 Jahre Kopf- und Nackenschmerzen in einer Sitzung gelindert werden? <\/b><\/font><\/em><\/span><\/p>\n<p style=\"text-align: center;\"> \t&nbsp;<\/p>\n<p style=\"text-align: center;\"> \t<span style=\"color:#3366cc;\"><em><span style=\"font-size:26px;\"><b>(Sehen Sie sich das Behandlungsvideo an)<\/b><\/span><\/em><\/span><\/p>\n<p style=\"text-align: center;\"> \t&nbsp;<\/p>\n<p style=\"text-align: center;\">\n<style type=\"text\/css\"> p.p1 {margin: 0.0px 0.0px 0.0px 0.0px; font: 11.0px 'Helvetica Neue'; color: #000000; -webkit-text-stroke: #000000} span.s1 {text-decoration: underline ; font-kerning: none}\t<\/style>\n<\/p>\n<p class=\"p1\" style=\"text-align: center;\"> \t<iframe title=\"* SEVERE* 20 Years of Migraine Headache &amp; Neck Pain Was Relieved! (REAL RESULTS!!)\" width=\"800\" height=\"450\" src=\"https:\/\/www.youtube.com\/embed\/nldudnh0TTY?start=331&#038;feature=oembed\" frameborder=\"0\" allow=\"accelerometer; autoplay; clipboard-write; encrypted-media; gyroscope; picture-in-picture; web-share\" allowfullscreen><\/iframe><\/p>\n<p class=\"p1\" style=\"text-align: center;\"> \t&nbsp;<\/p>\n<p class=\"p1\" style=\"text-align: center;\"> \t&nbsp;<\/p>\n<p class=\"p1\" style=\"text-align: center;\"> \t<strong style=\"-webkit-text-stroke-width: initial; font-size: 24px; font-family: Arial;\"><span style=\"font-family:lucida sans unicode,lucida grande,sans-serif;\"><span style=\"color:#3366ff;\">\u201eIch sehe diese erstaunlichen Ergebnisse t\u00e4glich in meiner Praxis. SIE k\u00f6nnen diese unglaublichen Ergebnisse mit Ihren Patienten erzielen!\u201c <\/span><\/span><\/strong><span style=\"-webkit-text-stroke-width: initial; font-size: 24px; font-family: &quot;lucida sans unicode&quot;, &quot;lucida grande&quot;, sans-serif;\"><span style=\"color:#3366ff;\"><span style=\"font-size:16px;\">(Dr. Jacobs)<\/span><\/span><\/span><\/p>\n<p class=\"p1\" style=\"text-align: center;\"> \t&nbsp;<\/p>\n<p style=\"text-align: center;\"> \t&nbsp;<\/p>\n<p style=\"text-align: center;\"> \t<span id=\"cke_bm_111E\" style=\"display: none;\">&nbsp;<\/span><\/p>\n<p> \t<span style=\"display: none;\">&nbsp;<\/span><\/p>\n<p> \t<span style=\"font-size:24px;\"><span style=\"color:#696969;\"><strong>Was ist ASTR?<\/strong><\/span><\/span><\/p>\n<p> \t<span style=\"font-family: &quot;lucida sans unicode&quot;, &quot;lucida grande&quot;, sans-serif; font-size: 18px;\">Advanced Soft Tissue Release (ASTR) ver\u00e4ndert das Erleben von Patienten&nbsp;<\/span><strong style=\"font-family: verdana, geneva, sans-serif; font-size: 18px;\">Langfristig<\/strong><span style=\"font-family: &quot;lucida sans unicode&quot;, &quot;lucida grande&quot;, sans-serif; font-size: 18px;\">&nbsp;<\/span><strong style=\"font-family: verdana, geneva, sans-serif; font-size: 18px;\">Schmerzlinderung<\/strong><span style=\"font-family: &quot;lucida sans unicode&quot;, &quot;lucida grande&quot;, sans-serif; font-size: 18px;\">. Diese Spezialit\u00e4t befasst sich mit akuten und chronischen Schmerzen durch die Verwendung einzigartiger Patientenbewertungen,&nbsp;<\/span><span style=\"font-family: &quot;lucida sans unicode&quot;, &quot;lucida grande&quot;, sans-serif; font-size: 18px;\">taktisch ausgearbeitete Behandlungsprotokolle,<\/span><span style=\"font-family: &quot;lucida sans unicode&quot;, &quot;lucida grande&quot;, sans-serif; font-size: 18px;\">&nbsp;strategisch konzipiert <strong>p<\/strong><\/span><strong style=\"font-family: &quot;lucida sans unicode&quot;, &quot;lucida grande&quot;, sans-serif;\"><strong style=\"font-family: verdana, geneva, sans-serif; font-size: 18px;\">beachtet&nbsp;<\/strong><\/strong><span style=\"font-family: &quot;lucida sans unicode&quot;, &quot;lucida grande&quot;, sans-serif; font-size: 18px;\">Instrumente und \u00fcber 125 einzigartige Man\u00f6ver. ASTR befasst sich mit Nahrungsmitteln an ihrer Quelle, um Schmerzen zu lindern, die Bewegungsfreiheit zu erh\u00f6hen und die Lebensqualit\u00e4t der Menschen zu verbessern. Die Ergebnisse einer k\u00fcrzlich an ASTR-Patienten durchgef\u00fchrten Nackenstudie ergaben, dass es einen gab <strong><span style=\"color:#ff0000;\">87%-Erfolgsrate<\/span><\/strong> f\u00fcr Patienten, die unser Programm durchlaufen haben!<\/span><\/p>\n<p> \t<span style=\"font-family:lucida sans unicode,lucida grande,sans-serif;\"><span style=\"font-size: 18px;\">&nbsp;<\/span><\/span><\/p>\n<p class=\"p1\" style=\"text-align: left;\"> \t<span style=\"font-family:lucida sans unicode,lucida grande,sans-serif;\"><span style=\"font-size:18px;\"><span style=\"color:#696969;\"><span class=\"s1\">Als lizenzierter ASTR-Anbieter profitieren Sie von:<\/span><\/span><\/span><\/span><\/p>\n<p class=\"p1\" style=\"text-align: left;\"> \t&nbsp;<\/p>\n<ul>\n<li class=\"p1\" style=\"text-align: left;\"> \t\t<span style=\"font-family:lucida sans unicode,lucida grande,sans-serif;\"><span style=\"font-size:18px;\"><span style=\"color:#696969;\"><strong>Behandeln Sie schwierige Bedingungen<\/strong> einschlie\u00dflich Kieferschmerzen, Ischias, Arthritis, Kopfschmerzen, Nacken- und R\u00fcckenschmerzen, Karpaltunnelsyndrom, Sehnenscheidenentz\u00fcndung, Schleimbeutelentz\u00fcndung und <a href=\"https:\/\/advancedsofttissuerelease.com\/de\/behandlung-2\/\" target=\"_blank\"><u>so viel mehr<\/u>!<\/a><\/span><\/span><\/span><\/li>\n<\/ul>\n<ul>\n<li class=\"p1\" style=\"text-align: left;\"> \t\t<strong style=\"color: rgb(105, 105, 105); font-size: 18px; font-family: &quot;lucida sans unicode&quot;, &quot;lucida grande&quot;, sans-serif;\"><a href=\"https:\/\/advancedsofttissuerelease.com\/de\/medical-providers\/forschung-2\/\" target=\"_blank\">Evidenzbasierte Praxis<\/a><span style=\"font-size:14px;\">:&nbsp;<\/span><\/strong><span style=\"font-size:14px;\">&nbsp;<span style=\"color:#3366ff;\"><strong><span style=\"font-size:16px;\"><a href=\"https:\/\/advancedsofttissuerelease.com\/de\/medical-providers\/forschung-2\/\" target=\"_blank\">Schauen Sie sich die Forschung an, die die ASTR-Behandlung unterst\u00fctzt<\/a><\/span><\/strong><\/span><\/span><\/li>\n<li class=\"p1\" style=\"text-align: left;\"> \t\t<strong style=\"color: rgb(105, 105, 105); font-size: 18px; font-family: &quot;lucida sans unicode&quot;, &quot;lucida grande&quot;, sans-serif;\">Sorgen Sie f\u00fcr langfristige Linderung<\/strong><span style=\"color: rgb(105, 105, 105); font-size: 18px; font-family: &quot;lucida sans unicode&quot;, &quot;lucida grande&quot;, sans-serif;\"> f\u00fcr Patienten, die unter akuten und chronischen Schmerzen und anderen schw\u00e4chenden Zust\u00e4nden leiden und ohne Linderung frustriert sind.<\/span><\/li>\n<li class=\"p1\" style=\"text-align: left;\"> \t\t<span style=\"font-family:lucida sans unicode,lucida grande,sans-serif;\"><span style=\"font-size:18px;\"><span style=\"color:#696969;\"><strong>Erh\u00f6hen Sie die Patientenzufriedenheit:<\/strong> Patienten, die mit ASTR behandelt werden, erfahren h\u00e4ufig eine Schmerzlinderung innerhalb der ersten oder zweiten Behandlungssitzung. Sie sind oft erstaunt, wie es mit diesem anderen Ansatz gelingt, ihre Schmerzen dort zu lindern, wo andere Therapien versagt haben.<\/span><\/span><\/span><\/li>\n<li class=\"p1\" style=\"text-align: left;\"> \t\t<span style=\"font-family:lucida sans unicode,lucida grande,sans-serif;\"><span style=\"font-size:18px;\"><span style=\"color:#696969;\"><strong>Erh\u00f6hen Sie die Patienten\u00fcberweisungen:<\/strong> Mundpropaganda ist die beste Quelle f\u00fcr neue Gesch\u00e4fte! Da die Patienten die Ergebnisse der Behandlung mit ASTR erkennen, ergeben sich daraus Zufriedenheit, Vertrauen und Loyalit\u00e4t gegen\u00fcber dem Anbieter und sie empfehlen ihre Freunde<\/span><\/span><\/span><\/li>\n<li class=\"p1\" style=\"text-align: left;\"> \t\t<span style=\"font-family:lucida sans unicode,lucida grande,sans-serif;\"><span style=\"font-size:18px;\"><span style=\"color:#696969;\"><strong>Umsatz steigern:<\/strong> ASTR ist eine neue Nische f\u00fcr Weichgewebetherapien und die Zertifizierung in diesem Fachgebiet ist ein gro\u00dfartiges Instrument f\u00fcr medizinische Anbieter, die ihre Praxis erweitern m\u00f6chten.<\/span><\/span><\/span><\/li>\n<li class=\"p1\" style=\"text-align: left;\"> \t\t<span style=\"font-family:lucida sans unicode,lucida grande,sans-serif;\"><span style=\"font-size:18px;\"><span style=\"color:#696969;\"><strong>Heben Sie sich von Ihren Kollegen ab:<\/strong> ASTR-Kliniker sind Mitglieder einer exklusiven Gemeinschaft von ASTR-lizenzierten medizinischen Anbietern. Der Besitz dieser Lizenz ist ein Beweis f\u00fcr die umfassende Ausbildung und hohe Kompetenz eines Anbieters bei der Behandlung von Weichteilverletzungen mit dem ASTR-Ansatz.<\/span><\/span><\/span><\/li>\n<\/ul>\n<p class=\"p1\" style=\"text-align: center;\"> \t&nbsp;<\/p>\n<p class=\"p1\" style=\"text-align: center;\"> \t<b style=\"text-align: center; color: rgb(105, 105, 105); font-size: 18px; font-family: &quot;lucida sans unicode&quot;, &quot;lucida grande&quot;, sans-serif; -webkit-text-stroke: rgb(0, 0, 0);\">Die Registrierung f\u00fcr unsere Zertifizierung ist fast voll<\/b><\/p>\n<p class=\"p3\"> \t&nbsp;<\/p>\n<p class=\"p3\"> \t<span style=\"color:#ff0000;\"><span style=\"font-size:24px;\"><span style=\"font-family:lucida sans unicode,lucida grande,sans-serif;\"><strong><a href=\"https:\/\/shop.advancedsofttissuerelease.com\/ocart2\/Class%20Registration\/Class%20Registration%20Fees\" target=\"_blank\">Jetzt registrieren!<\/a><\/strong><\/span><\/span><\/span><\/p>\n<p class=\"p3\"> \t&nbsp;<\/p>\n<p class=\"p3\"> \t<a href=\"https:\/\/advancedsofttissuerelease.com\/de\/medical-providers\/was-ist-astr-2\/\" target=\"_blank\">Nicht \u00fcberzeugt? Klicken Sie hier, um mehr \u00fcber die Wissenschaft hinter ASTR zu erfahren<\/a><\/p>\n<p class=\"p3\"> \t&nbsp;<\/p>\n<p style=\"font-family: Helvetica; text-align: center;\"> \t<span style=\"font-size:22px;\"><span style=\"color:#696969;\"><strong>Referenzen&nbsp;<\/strong><\/span><\/span><\/p>\n<p style=\"font-family: Helvetica;\"> \t<span style=\"font-family:lucida sans unicode,lucida grande,sans-serif;\"><span style=\"color: rgb(105, 105, 105); font-size: 16px;\"><span style=\"box-sizing: border-box;\"><span style=\"box-sizing: border-box;\"><span style=\"box-sizing: border-box;\"><span style=\"box-sizing: border-box; letter-spacing: 0px;\">\u201eIch war beunruhigt \u00fcber die sich verschlechternden Auswirkungen von Spondylitis ankylosans. Nachdem&nbsp;<\/span><strong style=\"box-sizing: border-box; letter-spacing: 0px;\">lebte mit der&nbsp;<\/strong><strong style=\"box-sizing: border-box; letter-spacing: 0px;\">Krankheit seit \u00fcber 40 Jahren<\/strong><span style=\"box-sizing: border-box; letter-spacing: 0px;\">Ich war skeptisch, dass eine Linderung m\u00f6glich sein w\u00fcrde. Zu meinem Erstaunen erlebte ich&nbsp;<\/span><b style=\"box-sizing: border-box; letter-spacing: 0px;\">sofortige Linderung nach einer Sitzung<\/b><span style=\"box-sizing: border-box; letter-spacing: 0px;\">. Ich sch\u00e4tze Ihre Arbeit sehr.\u201c&nbsp;<\/span><\/span><\/span><\/span><\/span><span style=\"color: rgb(105, 105, 105); font-size: 10px;\"><span style=\"box-sizing: border-box;\"><span style=\"box-sizing: border-box;\"><span style=\"box-sizing: border-box;\">William K.B<\/span><\/span><\/span>ack Pain (Mission Viejo, CA)<\/span><\/span><\/p>\n<p style=\"font-family: Helvetica;\"> \t&nbsp;<\/p>\n<p style=\"font-family: Helvetica;\"> \t<span style=\"color: rgb(105, 105, 105); font-family: &quot;lucida sans unicode&quot;, &quot;lucida grande&quot;, sans-serif; -webkit-text-stroke: rgb(105, 105, 105); font-size: 16px;\">\u201eNachdem ich unter den Auswirkungen von gelitten hatte&nbsp;<b>Kiefergelenk<\/b>&nbsp;und&nbsp;<b>Kopfschmerzen<\/b>&nbsp;Schmerz f\u00fcr fast&nbsp;<b>5 Jahre<\/b>, konnte Doktor Jacobs meine Schmerzen mit seinem Advanced Soft Tissue Release im Inneren lindern&nbsp;<b>ein paar Minuten<\/b>. Seine Technik war sehr&nbsp;<b>sanft<\/b>&nbsp;und war \u00fcberhaupt nicht schmerzhaft.\u201c<\/span><span style=\"text-decoration-line: underline; color: rgb(105, 105, 105); font-family: &quot;lucida sans unicode&quot;, &quot;lucida grande&quot;, sans-serif; font-size: 11px; -webkit-text-stroke: rgb(105, 105, 105);\"> <\/span><span style=\"color: rgb(105, 105, 105); font-family: &quot;lucida sans unicode&quot;, &quot;lucida grande&quot;, sans-serif; -webkit-text-stroke: rgb(105, 105, 105); font-size: 10px;\">Lindsay J. TMJ (Aliso Viejo, CA)<\/span><\/p>\n<p class=\"p1\" style=\"text-align: left;\"> \t&nbsp;<\/p>\n<p style=\"box-sizing: border-box; line-height: 1.6em; font-size: small; font-family: arial; text-align: center;\"> \t<span style=\"font-family:lucida sans unicode,lucida grande,sans-serif;\"><span style=\"font-size:26px;\"><span style=\"text-align: center;\"><strong><span style=\"color: rgb(255, 0, 0);\">SIE k\u00f6nnen diese unglaublichen Ergebnisse mit Ihren Patienten erzielen!&nbsp;<\/span><\/strong><\/span><\/span><\/span><\/p>\n<p style=\"box-sizing: border-box; line-height: 1.6em; font-size: small; font-family: arial;\"> \t<span style=\"font-family:lucida sans unicode,lucida grande,sans-serif;\"> \t<\/p>\n<style type=\"text\/css\"> p.p1 {margin: 0.0px 0.0px 10.0px 0.0px; font: 11.0px 'Trebuchet MS'; color: #000000; -webkit-text-stroke: #000000} span.s1 {font-kerning: none} span.s2 {font: 7.3px 'Trebuchet MS'; font-kerning: none} span.s3 {font: 20.0px 'Trebuchet MS'; text-decoration: underline ; font-kerning: none; color: #ff0000; -webkit-text-stroke: 0px #ff0000} span.s4 {text-decoration: underline ; font-kerning: none; color: #0000ff; -webkit-text-stroke: 0px #0000ff}\t<\/style>\n<p> \t<\/span><\/p>\n<p class=\"p1\" style=\"text-align: center;\"> \t<span style=\"font-family:lucida sans unicode,lucida grande,sans-serif;\"><span class=\"s1\">&nbsp;<\/span><\/span><\/p>\n<p class=\"p1\" style=\"text-align: center;\"> \t<span style=\"font-family:lucida sans unicode,lucida grande,sans-serif;\"><span class=\"s1\"><a href=\"https:\/\/shop.advancedsofttissuerelease.com\/ocart2\/Class%2520Registration\/Class%2520Registration%2520Fees\"><span class=\"s3\"><b>Jetzt registrieren!<\/b><\/span><span class=\"s4\">&nbsp;<\/span><\/a><\/span><\/span><\/p>\n<style type=\"text\/css\"> p.p1 {margin: 0.0px 0.0px 7.5px 0.0px; text-align: center; line-height: 19.2px; font: 15.0px Verdana; color: #3366cc; -webkit-text-stroke: #3366cc} span.s1 {font-kerning: none}<\/style>\n<style type=\"text\/css\"> p.p1 {margin: 0.0px 0.0px 7.5px 0.0px; line-height: 19.2px; font: 11.0px Verdana; color: #696969; -webkit-text-stroke: #696969} span.s1 {font-kerning: none; background-color: #ffffff}<\/style>\n<style type=\"text\/css\"> p.p1 {margin: 0.0px 0.0px 10.0px 0.0px; text-align: justify; font: 12.0px Verdana; color: #000000; -webkit-text-stroke: #000000; background-color: #ffffff} span.s1 {font-kerning: none} span.s2 {text-decoration: underline ; font-kerning: none; color: #0000ff; -webkit-text-stroke: 0px #0000ff}<\/style>\n<style type=\"text\/css\"> p.p1 {margin: 0.0px 0.0px 10.0px 0.0px; text-align: justify; font: 12.0px Verdana; color: #000000; -webkit-text-stroke: #000000; background-color: #ffffff} p.p3 {margin: 0.0px 0.0px 10.0px 0.0px; text-align: center; font: 14.0px Verdana; color: #000000; -webkit-text-stroke: #000000} li.li2 {margin: 0.0px 0.0px 10.0px 0.0px; text-align: justify; font: 12.0px Verdana; color: #000000; -webkit-text-stroke: #000000} span.s1 {font-kerning: none} span.s2 {font: 12.0px Helvetica; color: #000000} span.s3 {font-kerning: none; background-color: #ffffff} span.s4 {text-decoration: underline ; font-kerning: none} span.s5 {font: 9.3px Verdana; font-kerning: none} span.s6 {font: 11.0px 'Trebuchet MS'; font-kerning: none}<\/style>","protected":false},"excerpt":{"rendered":"<p>Can 20+ Years of Headaches &amp; Neck Pain be Relieved in 1 Session? &nbsp; (Watch the Treatment Video) &nbsp; &nbsp; &nbsp; &#8220;I see these Amazing results daily in my practice. YOU can achieve these incredible results with your patients!&#8221; (Dr.Jacobs) &nbsp; &nbsp; &nbsp; &nbsp; What is ASTR? Advanced Soft Tissue Release (ASTR) is changing the [&hellip;]<\/p>\n","protected":false},"author":2447,"featured_media":0,"parent":0,"menu_order":58,"comment_status":"closed","ping_status":"closed","template":"","meta":{"_analytify_skip_tracking":false,"footnotes":""},"class_list":["post-326","page","type-page","status-publish","hentry"],"_links":{"self":[{"href":"https:\/\/advancedsofttissuerelease.com\/de\/wp-json\/wp\/v2\/pages\/326","targetHints":{"allow":["GET"]}}],"collection":[{"href":"https:\/\/advancedsofttissuerelease.com\/de\/wp-json\/wp\/v2\/pages"}],"about":[{"href":"https:\/\/advancedsofttissuerelease.com\/de\/wp-json\/wp\/v2\/types\/page"}],"author":[{"embeddable":true,"href":"https:\/\/advancedsofttissuerelease.com\/de\/wp-json\/wp\/v2\/users\/2447"}],"replies":[{"embeddable":true,"href":"https:\/\/advancedsofttissuerelease.com\/de\/wp-json\/wp\/v2\/comments?post=326"}],"version-history":[{"count":0,"href":"https:\/\/advancedsofttissuerelease.com\/de\/wp-json\/wp\/v2\/pages\/326\/revisions"}],"wp:attachment":[{"href":"https:\/\/advancedsofttissuerelease.com\/de\/wp-json\/wp\/v2\/media?parent=326"}],"curies":[{"name":"wp","href":"https:\/\/api.w.org\/{rel}","templated":true}]}}