{"id":387,"date":"2018-09-03T15:05:07","date_gmt":"2018-09-03T15:05:07","guid":{"rendered":"https:\/\/advancedsofttissuerelease.com\/my-story\/"},"modified":"2022-03-06T10:16:16","modified_gmt":"2022-03-06T17:16:16","slug":"dr-joseph-jacobs-krebsgeschichte-2","status":"publish","type":"page","link":"https:\/\/advancedsofttissuerelease.com\/de\/dr-joseph-jacobs-cancer-story\/","title":{"rendered":"Dr. Joseph Jacobs Krebsgeschichte"},"content":{"rendered":"<div data-elementor-type=\"wp-page\" data-elementor-id=\"387\" class=\"elementor elementor-387\" data-elementor-post-type=\"page\">\n\t\t\t\t\t\t<section class=\"elementor-section elementor-top-section elementor-element elementor-element-72fc8ad elementor-section-stretched elementor-section-boxed elementor-section-height-default elementor-section-height-default\" data-id=\"72fc8ad\" data-element_type=\"section\" data-e-type=\"section\" data-settings=\"{&quot;stretch_section&quot;:&quot;section-stretched&quot;}\">\n\t\t\t\t\t\t<div class=\"elementor-container elementor-column-gap-default\">\n\t\t\t\t\t<div class=\"elementor-column elementor-col-100 elementor-top-column elementor-element elementor-element-72a958c\" data-id=\"72a958c\" data-element_type=\"column\" data-e-type=\"column\">\n\t\t\t<div class=\"elementor-widget-wrap elementor-element-populated\">\n\t\t\t\t\t\t<div class=\"elementor-element elementor-element-ab1d866 elementor-widget elementor-widget-heading\" data-id=\"ab1d866\" data-element_type=\"widget\" data-e-type=\"widget\" data-widget_type=\"heading.default\">\n\t\t\t\t<div class=\"elementor-widget-container\">\n\t\t\t\t\t<h1 class=\"elementor-heading-title elementor-size-default\">Dr. Joseph Jacobs Krebsgeschichte<\/h1>\t\t\t\t<\/div>\n\t\t\t\t<\/div>\n\t\t\t\t<div class=\"elementor-element elementor-element-af369df elementor-widget elementor-widget-image\" data-id=\"af369df\" data-element_type=\"widget\" data-e-type=\"widget\" data-widget_type=\"image.default\">\n\t\t\t\t<div class=\"elementor-widget-container\">\n\t\t\t\t\t\t\t\t\t\t\t\t\t\t\t<img fetchpriority=\"high\" decoding=\"async\" width=\"455\" height=\"500\" src=\"https:\/\/advancedsofttissuerelease.com\/wp-content\/uploads\/2020\/01\/Joseph-Jacobs-scaled.jpeg\" class=\"attachment-full size-full wp-image-9149\" alt=\"\" srcset=\"https:\/\/advancedsofttissuerelease.com\/wp-content\/uploads\/2020\/01\/Joseph-Jacobs-scaled.jpeg 455w, https:\/\/advancedsofttissuerelease.com\/wp-content\/uploads\/2020\/01\/Joseph-Jacobs-scaled-200x220.jpeg 200w, https:\/\/advancedsofttissuerelease.com\/wp-content\/uploads\/2020\/01\/Joseph-Jacobs-scaled-300x330.jpeg 300w\" sizes=\"(max-width: 455px) 100vw, 455px\" \/>\t\t\t\t\t\t\t\t\t\t\t\t\t\t\t<\/div>\n\t\t\t\t<\/div>\n\t\t\t\t\t<\/div>\n\t\t<\/div>\n\t\t\t\t\t<\/div>\n\t\t<\/section>\n\t\t\t\t<section class=\"elementor-section elementor-top-section elementor-element elementor-element-48239340 elementor-section-stretched elementor-section-boxed elementor-section-height-default elementor-section-height-default\" data-id=\"48239340\" data-element_type=\"section\" data-e-type=\"section\" data-settings=\"{&quot;stretch_section&quot;:&quot;section-stretched&quot;}\">\n\t\t\t\t\t\t<div class=\"elementor-container elementor-column-gap-default\">\n\t\t\t\t\t<div class=\"elementor-column elementor-col-100 elementor-top-column elementor-element elementor-element-1f17e08e\" data-id=\"1f17e08e\" data-element_type=\"column\" data-e-type=\"column\">\n\t\t\t<div class=\"elementor-widget-wrap elementor-element-populated\">\n\t\t\t\t\t\t<div class=\"elementor-element elementor-element-1e51ad51 elementor-widget elementor-widget-text-editor\" data-id=\"1e51ad51\" data-element_type=\"widget\" data-e-type=\"widget\" data-widget_type=\"text-editor.default\">\n\t\t\t\t<div class=\"elementor-widget-container\">\n\t\t\t\t\t\t\t\t\t<p class=\"p1\"><span style=\"color: #333333; font-family: verdana, geneva, sans-serif;\"><span style=\"font-size: 16px;\"><span class=\"s1\">Ich wuchs in einem bescheidenen Zuhause auf, wo meine Eltern mehrere Jobs hatten, um mich und meine Schwester zu unterst\u00fctzen. Von Geburt an war ich als Minderheit in \u00c4gypten Verfolgung und Diskriminierung ausgesetzt und mir wurde gesagt, dass ich niemals viel bedeuten w\u00fcrde. Meine Regierung hat mir gesagt, was ich studieren darf, da ich nicht zur Mehrheit geh\u00f6re.<\/span><\/span><\/span><\/p>\n<p><\/p>\n<p class=\"p1\"><span style=\"font-family: verdana, geneva, sans-serif; color: #333333;\">Im Alter von 7 Jahren wurde bei mir diagnostiziert <b>Krebs<\/b>. Durch Gottes Gnade war ich ein Jahr sp\u00e4ter krebsfrei. Mit 18 Jahren bewarb ich mich und gewann schlie\u00dflich im Lotto, um unter gro\u00dfen Schwierigkeiten in die USA zu kommen. Ich kam mit 19 in die USA, sprach nur Arabisch und arbeitete als Wachmann ohne Englischkenntnisse, w\u00e4hrend ich mein BA- und Doktoratsstudium abschloss.<\/span><\/p>\n<p><span style=\"font-family: verdana, geneva, sans-serif; color: #333333;\">Ich habe gek\u00e4mpft <b>Krebs<\/b> wieder w\u00e4hrend meines letzten Jahres des Programms und durch die Gnade Gottes bestand ich meine Pr\u00fcfung. Ich litt fr\u00fcher unter chronisch <strong>Migr\u00e4ne<\/strong>, <strong>Kopfschmerzen<\/strong>, <strong>Erm\u00fcdung<\/strong>und <strong>Schmerzen&nbsp;<\/strong>und war sehr frustriert \u00fcber die Ergebnisse, die ich mit den traditionellen Modalit\u00e4ten sah, die ich in der Schule gelernt hatte. Das hat mich dazu gebracht, ASTR zu entwickeln. Ich habe die letzten zehn Jahre damit verbracht, neue Techniken und Werkzeuge zu studieren, zu erforschen, zu entwickeln und zu patentieren, mit dem Ziel, Patienten wie mir, die alles und jedes erfolglos versucht haben, eine langfristige Schmerzlinderung zu bieten.<\/span><\/p>\n<p><span style=\"font-family: verdana, geneva, sans-serif; color: #333333;\">Dies ist ein Gru\u00df an alle Tr\u00e4umer, die immer noch darauf warten, dass sich ihre Tr\u00e4ume erf\u00fcllen! Es kann nicht heute, n\u00e4chstes Jahr oder sogar innerhalb dieses Jahrzehnts passieren. Aber&nbsp;<strong><span class=\"s2\">Gib niemals auf! Verliere nicht die Hoffnung! Fortdauern!<\/span><\/strong><\/span><\/p>\n<p><span style=\"font-family: verdana, geneva, sans-serif; color: #333333;\"><strong style=\"font-size: 16px; -webkit-text-stroke-width: initial; -webkit-text-stroke-color: #696969;\"><br><\/strong><\/span><\/p>\n<p><span style=\"font-family: verdana, geneva, sans-serif; color: #333333;\"><strong style=\"font-size: 16px; -webkit-text-stroke-width: initial; -webkit-text-stroke-color: #696969;\">Josef Jacobs<\/strong><span style=\"font-size: 16px; -webkit-text-stroke-width: initial; -webkit-text-stroke-color: #696969;\">, DPT, ACN, ASTRs<\/span><\/span><\/p>\n<p><span style=\"font-family: verdana, geneva, sans-serif; font-size: 16px; color: #333333; -webkit-text-stroke-width: initial; -webkit-text-stroke-color: #696969;\">Doktor der Physiotherapie<\/span><\/p>\n<p><span style=\"font-family: verdana, geneva, sans-serif; font-size: 16px; color: #333333; -webkit-text-stroke-width: initial; -webkit-text-stroke-color: #696969;\">Fortgeschrittene klinische Ern\u00e4hrungsberaterin<\/span><\/p>\n<p class=\"p1\"><span style=\"color: #333333; font-family: verdana, geneva, sans-serif;\"><span style=\"font-size: 16px;\">Erfinder von ASTR<\/span><\/span><span style=\"color: var( --e-global-color-text ); font-family: var( --e-global-typography-text-font-family ), verdana; font-size: 16.00160026550293px; -webkit-text-stroke-color: #202020; -webkit-text-stroke-width: initial;\">&nbsp;<\/span><\/p>\t\t\t\t\t\t\t\t<\/div>\n\t\t\t\t<\/div>\n\t\t\t\t\t<\/div>\n\t\t<\/div>\n\t\t\t\t\t<\/div>\n\t\t<\/section>\n\t\t\t\t<\/div>","protected":false},"excerpt":{"rendered":"<p>Dr. Joseph Jacobs Cancer Story I grew up in a modest home with both of my parents working multiple jobs to support me and my sister. I faced persecution and discrimination from birth as a minority in Egypt and was told I would never amount to much. My government told me what I was allowed [&hellip;]<\/p>\n","protected":false},"author":2447,"featured_media":0,"parent":0,"menu_order":5,"comment_status":"closed","ping_status":"closed","template":"","meta":{"_analytify_skip_tracking":false,"footnotes":""},"class_list":["post-387","page","type-page","status-publish","hentry"],"_links":{"self":[{"href":"https:\/\/advancedsofttissuerelease.com\/de\/wp-json\/wp\/v2\/pages\/387","targetHints":{"allow":["GET"]}}],"collection":[{"href":"https:\/\/advancedsofttissuerelease.com\/de\/wp-json\/wp\/v2\/pages"}],"about":[{"href":"https:\/\/advancedsofttissuerelease.com\/de\/wp-json\/wp\/v2\/types\/page"}],"author":[{"embeddable":true,"href":"https:\/\/advancedsofttissuerelease.com\/de\/wp-json\/wp\/v2\/users\/2447"}],"replies":[{"embeddable":true,"href":"https:\/\/advancedsofttissuerelease.com\/de\/wp-json\/wp\/v2\/comments?post=387"}],"version-history":[{"count":0,"href":"https:\/\/advancedsofttissuerelease.com\/de\/wp-json\/wp\/v2\/pages\/387\/revisions"}],"wp:attachment":[{"href":"https:\/\/advancedsofttissuerelease.com\/de\/wp-json\/wp\/v2\/media?parent=387"}],"curies":[{"name":"wp","href":"https:\/\/api.w.org\/{rel}","templated":true}]}}