{"id":388,"date":"2018-09-04T00:58:53","date_gmt":"2018-09-04T00:58:53","guid":{"rendered":"https:\/\/advancedsofttissuerelease.com\/we-are-hiring-worldwide\/"},"modified":"2018-09-04T00:58:53","modified_gmt":"2018-09-04T00:58:53","slug":"wir-stellen-weltweit-ein","status":"publish","type":"page","link":"https:\/\/advancedsofttissuerelease.com\/de\/we-are-hiring-worldwide\/","title":{"rendered":"Wir stellen weltweit ein"},"content":{"rendered":"<p class=\"p1\"> \t<span style=\"color:#696969;\"><span style=\"font-size:16px;\"><span style=\"font-family:verdana,geneva,sans-serif;\"><span class=\"s1\"><b>Wir stellen weltweit ein<\/b><\/span><\/span><\/span><\/span><\/p>\n<p class=\"p1\"> \t&nbsp;<\/p>\n<p class=\"p1\"> \t<span style=\"font-size:16px;\"><span style=\"color:#3366cc;\"><span style=\"font-family:verdana,geneva,sans-serif;\"><strong>ASTR-Marketingkontakt<\/strong><\/span><\/span><\/span><\/p>\n<p class=\"p2\"> \t&nbsp;<\/p>\n<p class=\"p1\"> \t<span style=\"color:#696969;\"><span style=\"font-size:16px;\"><span style=\"font-family:verdana,geneva,sans-serif;\"><span class=\"s1\">Suchen Sie nach einer gro\u00dfartigen Gelegenheit, Ihr eigener Chef zu sein, Ihren Arbeitsplan zu kontrollieren und das fortschrittlichste medizinische Fachgebiet der Welt zu vertreten? M\u00f6chten Sie Teil eines Teams sein, das in der Medizinbranche einen wichtigen Beitrag leistet? Haben Sie eine Leidenschaft, Menschen zu helfen? Dann w\u00fcrde das super passen. Wir bereiten Sie mit einem soliden Trainingsprogramm darauf vor, unser Unternehmen zu pr\u00e4sentieren. Wir suchen Botschafter, um unsere Marke weltweit bekannt zu machen. M\u00f6chten Sie die ASTR-Spezialit\u00e4t in Ihrer Region vertreten? (demografische Beschr\u00e4nkungen).<\/span><\/span><\/span><\/span><\/p>\n<p class=\"p2\"> \t&nbsp;<\/p>\n<p class=\"p1\"> \t<span style=\"color:#696969;\"><span style=\"font-size:16px;\"><span style=\"font-family:verdana,geneva,sans-serif;\"><span class=\"s1\"><b>Mission des ASTR-Instituts:<\/b><\/span><\/span><\/span><\/span><\/p>\n<p class=\"p2\"> \t&nbsp;<\/p>\n<p class=\"p3\"> \t<span style=\"color:#696969;\"><span style=\"font-size:16px;\"><span style=\"font-family:verdana,geneva,sans-serif;\"><span class=\"s1\">Wir streben danach, den medizinischen Bereich zu revolutionieren, indem wir fortschrittliche Instrumente, Ger\u00e4te, Nahrungserg\u00e4nzungsmittel und Methoden zur Behandlung von Schmerzen an der Quelle erforschen, erfinden und entwickeln. Unser Ziel ist es, Millionen Menschen, die von schmerzhaften Verletzungen und Beschwerden betroffen sind, einen breiten Zugang zu nicht-invasiver, schneller und langfristiger Schmerzlinderung zu erm\u00f6glichen.<\/span><\/span><\/span><\/span><\/p>\n<p class=\"p4\"> \t&nbsp;<\/p>\n<p class=\"p1\"> \t<span style=\"color:#696969;\"><span style=\"font-size:16px;\"><span style=\"font-family:verdana,geneva,sans-serif;\"><span class=\"s1\"><b>Anforderungen<\/b><\/span><\/span><\/span><\/span><\/p>\n<p class=\"p2\"> \t&nbsp;<\/p>\n<ul class=\"ul1\">\n<li class=\"li1\"> \t\t<span style=\"color:#696969;\"><span style=\"font-size:16px;\"><span style=\"font-family:verdana,geneva,sans-serif;\"><span class=\"s1\">Freude am direkten Kontakt mit Menschen<\/span><\/span><\/span><\/span><\/li>\n<li class=\"li1\"> \t\t<span style=\"color:#696969;\"><span style=\"font-size:16px;\"><span style=\"font-family:verdana,geneva,sans-serif;\"><span class=\"s1\">Professionell und mitf\u00fchlend<\/span><\/span><\/span><\/span><\/li>\n<li class=\"li1\"> \t\t<span style=\"color:#696969;\"><span style=\"font-size:16px;\"><span style=\"font-family:verdana,geneva,sans-serif;\"><span class=\"s1\">Gut am Telefon<\/span><\/span><\/span><\/span><\/li>\n<li class=\"li1\"> \t\t<span style=\"color:#696969;\"><span style=\"font-size:16px;\"><span style=\"font-family:verdana,geneva,sans-serif;\"><span class=\"s1\">Starke Schreibf\u00e4higkeiten<\/span><\/span><\/span><\/span><\/li>\n<li class=\"li1\"> \t\t<span style=\"color:#696969;\"><span style=\"font-size:16px;\"><span style=\"font-family:verdana,geneva,sans-serif;\"><span class=\"s1\">Haben Sie Hintergrund im medizinischen Bereich<\/span><\/span><\/span><\/span><\/li>\n<li class=\"li1\"> \t\t<span style=\"color:#696969;\"><span style=\"font-size:16px;\"><span style=\"font-family:verdana,geneva,sans-serif;\"><span class=\"s1\">Selbstst\u00e4ndig arbeiten <span class=\"Apple-converted-space\">&nbsp;<\/span><\/span><\/span><\/span><\/span><\/li>\n<\/ul>\n<p class=\"p2\"> \t&nbsp;<\/p>\n<p class=\"p1\"> \t<span style=\"color:#696969;\"><span style=\"font-size:16px;\"><span style=\"font-family:verdana,geneva,sans-serif;\"><span class=\"s1\"><b>Vorteile:<\/b><\/span><\/span><\/span><\/span><\/p>\n<p class=\"p2\"> \t&nbsp;<\/p>\n<ul class=\"ul1\">\n<li class=\"li1\"> \t\t<span style=\"color:#696969;\"><span style=\"font-size:16px;\"><span style=\"font-family:verdana,geneva,sans-serif;\"><span class=\"s1\">Sei dein eigener Chef<span class=\"Apple-converted-space\">&nbsp;<\/span><\/span><\/span><\/span><\/span><\/li>\n<li class=\"li1\"> \t\t<span style=\"color:#696969;\"><span style=\"font-size:16px;\"><span style=\"font-family:verdana,geneva,sans-serif;\"><span class=\"s1\">Legen Sie Ihren Zeitplan fest<\/span><\/span><\/span><\/span><\/li>\n<li class=\"li1\"> \t\t<span style=\"color:#696969;\"><span style=\"font-size:16px;\"><span style=\"font-family:verdana,geneva,sans-serif;\"><span class=\"s1\">Bestimmen Sie Ihre Arbeitszeiten<\/span><\/span><\/span><\/span><\/li>\n<li class=\"li1\"> \t\t<span style=\"color:#696969;\"><span style=\"font-size:16px;\"><span style=\"font-family:verdana,geneva,sans-serif;\"><span class=\"s1\">Tolle Entsch\u00e4digung<\/span><\/span><\/span><\/span><\/li>\n<li class=\"li1\"> \t\t<span style=\"color:#696969;\"><span style=\"font-size:16px;\"><span style=\"font-family:verdana,geneva,sans-serif;\"><span class=\"s1\">Intensives Training<\/span><\/span><\/span><\/span><\/li>\n<li class=\"li1\"> \t\t<span style=\"color:#696969;\"><span style=\"font-size:16px;\"><span style=\"font-family:verdana,geneva,sans-serif;\"><span class=\"s1\">Zugang zum fortschrittlichsten medizinischen Fachgebiet<\/span><\/span><\/span><\/span><\/li>\n<\/ul>\n<p class=\"p2\"> \t&nbsp;<\/p>\n<p class=\"p1\"> \t<span style=\"color:#696969;\"><span style=\"font-size:16px;\"><span style=\"font-family:verdana,geneva,sans-serif;\"><span class=\"s1\">Wir k\u00f6nnen es kaum erwarten, dass Sie Teil unseres Teams werden!<\/span><\/span><\/span><\/span><\/p>\n<p class=\"p2\"> \t&nbsp;<\/p>\n<p class=\"p1\"> \t<strong><span style=\"color:#696969;\"><span style=\"font-size:16px;\"><span style=\"font-family:verdana,geneva,sans-serif;\"><span class=\"s1\">Anwendungsinstruktionen:<\/span><\/span><\/span><\/span><\/strong><\/p>\n<p> \t<span style=\"color:#696969;\"><span style=\"font-size:16px;\"><span style=\"font-family:verdana,geneva,sans-serif;\"> \t<\/p>\n<style type=\"text\/css\"> p.p1 {margin: 0.0px 0.0px 0.0px 0.0px; font: 11.0px Avenir; color: #000000; -webkit-text-stroke: #000000} p.p2 {margin: 0.0px 0.0px 0.0px 0.0px; font: 11.0px Avenir; color: #000000; -webkit-text-stroke: #000000; min-height: 15.0px} p.p3 {margin: 0.0px 0.0px 0.0px 0.0px; line-height: 19.0px; font: 11.0px Avenir; color: #000000; -webkit-text-stroke: #000000; background-color: #ffffff} p.p4 {margin: 0.0px 0.0px 0.0px 0.0px; line-height: 19.0px; font: 11.0px Avenir; color: #000000; -webkit-text-stroke: #000000; background-color: #ffffff; min-height: 15.0px} li.li1 {margin: 0.0px 0.0px 0.0px 0.0px; font: 11.0px Avenir; color: #000000; -webkit-text-stroke: #000000} span.s1 {font-kerning: none} ul.ul1 {list-style-type: disc}\t<\/style>\n<p> \t<\/span><\/span><\/span><\/p>\n<p class=\"p1\"> \t<span style=\"color:#696969;\"><span style=\"font-size:16px;\"><span style=\"font-family:verdana,geneva,sans-serif;\"><span class=\"s1\">Senden Sie Ihren Lebenslauf per E-Mail an <a href=\"mailto:support@astrinstitute.com\">support@astrinstitute.com<\/a><\/span><\/span><\/span><\/span><\/p>","protected":false},"excerpt":{"rendered":"<p>We Are Hiring Worldwide &nbsp; ASTR Marketing Liason &nbsp; Are you looking for a great opportunity to be your own boss, control your work schedule and represent the most advanced medical speciality in the world? Would you like to be part of a team that is making an important impact in the medical industry? Do [&hellip;]<\/p>\n","protected":false},"author":2447,"featured_media":0,"parent":0,"menu_order":4,"comment_status":"closed","ping_status":"closed","template":"","meta":{"_analytify_skip_tracking":false,"footnotes":""},"class_list":["post-388","page","type-page","status-publish","hentry"],"_links":{"self":[{"href":"https:\/\/advancedsofttissuerelease.com\/de\/wp-json\/wp\/v2\/pages\/388","targetHints":{"allow":["GET"]}}],"collection":[{"href":"https:\/\/advancedsofttissuerelease.com\/de\/wp-json\/wp\/v2\/pages"}],"about":[{"href":"https:\/\/advancedsofttissuerelease.com\/de\/wp-json\/wp\/v2\/types\/page"}],"author":[{"embeddable":true,"href":"https:\/\/advancedsofttissuerelease.com\/de\/wp-json\/wp\/v2\/users\/2447"}],"replies":[{"embeddable":true,"href":"https:\/\/advancedsofttissuerelease.com\/de\/wp-json\/wp\/v2\/comments?post=388"}],"version-history":[{"count":0,"href":"https:\/\/advancedsofttissuerelease.com\/de\/wp-json\/wp\/v2\/pages\/388\/revisions"}],"wp:attachment":[{"href":"https:\/\/advancedsofttissuerelease.com\/de\/wp-json\/wp\/v2\/media?parent=388"}],"curies":[{"name":"wp","href":"https:\/\/api.w.org\/{rel}","templated":true}]}}