{"id":5332,"date":"2019-08-08T11:27:53","date_gmt":"2019-08-08T18:27:53","guid":{"rendered":"https:\/\/advancedsofttissuerelease.com\/?page_id=5332"},"modified":"2022-02-19T10:38:08","modified_gmt":"2022-02-19T17:38:08","slug":"physiotherapie-praktikum-2","status":"publish","type":"page","link":"https:\/\/advancedsofttissuerelease.com\/de\/physical-therapy-internship\/","title":{"rendered":"Praktikum Physiotherapie"},"content":{"rendered":"<div class=\"profile\">\n<h1><strong><span style=\"font-size: 12pt;\">Physiotherapie-Praktikum in Ada County (Boise, ID)<\/span><\/strong><\/h1>\n<\/div>\n<p>Praktikum \u2013 Teilzeit, unbezahlt<\/p>\n<p><strong>Boise, ID<\/strong><\/p>\n<div class=\"profile\">\n<p>Praktikanten k\u00f6nnen Dr. Joseph Jacobs, Erfinder der ASTR-Spezialit\u00e4t, begleiten. Erfahren Sie mehr \u00fcber die Spezialit\u00e4t von ASTR und wie Dr. Jacobs hilft, Patienten schnell und wirksam von Schmerzen zu befreien. Flexible Arbeitszeiten<\/p>\n<h2><strong><span style=\"font-size: 12pt;\">Praktikanten k\u00f6nnen<\/span><\/strong><\/h2>\n<ul>\n<li style=\"list-style-type: none;\">\n<ul>\n<li>Schattenbehandlung<\/li>\n<li>Hilfe bei der Recherche<\/li>\n<li>B\u00fcroarbeit<\/li>\n<li>Tische und Werkzeuge reinigen<\/li>\n<li>Erstellen Sie Social-Media-Beitr\u00e4ge<\/li>\n<li>Patientenaufkl\u00e4rung<\/li>\n<\/ul>\n<\/li>\n<\/ul>\n<\/div>\n<div class=\"profile\">\n<h2><strong><span style=\"font-size: 12pt;\">Folgende F\u00e4higkeiten werden erlernt:<\/span><\/strong><\/h2>\n<p>Physiotherapie, Behandlung, Patientenaufkl\u00e4rung, Forschung, Schmerzen, Bewegungsrezept, orthop\u00e4dische Rehabilitation, manuelle Therapie, \u00dcbungen, Ergonomie, Sportmedizin, Ern\u00e4hrung, Rehabilitation, Verletzungspr\u00e4vention, Kinesiologie, vestibul\u00e4re Rehabilitation, ambulante Orthop\u00e4die, geriatrische Rehabilitation<\/p>\n<div class=\"profile\">\n<h2><strong><span style=\"font-size: 12pt;\">Anforderungen an das Praktikum:<\/span><\/strong><\/h2>\n<ul>\n<li>Machen Sie den Pers\u00f6nlichkeitstest\u00a0<span style=\"color: #0000ff;\"><a style=\"color: #0000ff;\" href=\"https:\/\/www.16personalities.com\" target=\"_blank\" rel=\"noopener\">16personalities.com<\/a><\/span><\/li>\n<li>Senden Sie Ihren Lebenslauf, Ihr Anschreiben und die Ergebnisse des Pers\u00f6nlichkeitstests per E-Mail an: <span style=\"color: #0000ff;\"><a style=\"color: #0000ff;\" href=\"mailto:support@ASTRinstitute.com\">support@ASTRinstitute.com<\/a><\/span><\/li>\n<li>F\u00fcllen Sie die folgenden Formulare aus <span style=\"color: #0000ff;\"><a style=\"color: #0000ff;\" href=\"https:\/\/advancedsofttissuerelease.com\/wp-content\/uploads\/2019\/08\/Intern-Consent-Form.pdf\">Einverst\u00e4ndniserkl\u00e4rung f\u00fcr Praktikanten<\/a><\/span>\u00a0&amp;<span style=\"color: #0000ff;\"> <a style=\"color: #0000ff;\" href=\"https:\/\/advancedsofttissuerelease.com\/wp-content\/uploads\/2019\/08\/Non-discoulsure.pdf\">Nichtdiskussion<\/a><\/span><\/li>\n<li>Zur Vorbereitung auf das Praktikum zuerst ansehen <strong>7 Videos<\/strong> in diesem<span style=\"color: #0000ff;\"> <a style=\"color: #0000ff;\" href=\"https:\/\/advancedsofttissuerelease.com\/de\/lehrvideos-2\/\">Seite<\/a><\/span><\/li>\n<\/ul>\n<\/div>\n<\/div>","protected":false},"excerpt":{"rendered":"<p>Physical Therapy Internship In Ada County (Boise, ID) Internship &#8211; Part Time, Unpaid Boise, ID Interns will be able to shadow Dr. Joseph Jacobs, Inventor of ASTR speciality. Come learn about ASTR specialty and how Dr. Jacobs helps to relieve patients pain quickly and affectively. Flexible hours Interns will be able to Shadowing treatment Help [&hellip;]<\/p>\n","protected":false},"author":1,"featured_media":0,"parent":0,"menu_order":0,"comment_status":"closed","ping_status":"closed","template":"","meta":{"_analytify_skip_tracking":false,"footnotes":""},"class_list":["post-5332","page","type-page","status-publish","hentry"],"_links":{"self":[{"href":"https:\/\/advancedsofttissuerelease.com\/de\/wp-json\/wp\/v2\/pages\/5332","targetHints":{"allow":["GET"]}}],"collection":[{"href":"https:\/\/advancedsofttissuerelease.com\/de\/wp-json\/wp\/v2\/pages"}],"about":[{"href":"https:\/\/advancedsofttissuerelease.com\/de\/wp-json\/wp\/v2\/types\/page"}],"author":[{"embeddable":true,"href":"https:\/\/advancedsofttissuerelease.com\/de\/wp-json\/wp\/v2\/users\/1"}],"replies":[{"embeddable":true,"href":"https:\/\/advancedsofttissuerelease.com\/de\/wp-json\/wp\/v2\/comments?post=5332"}],"version-history":[{"count":0,"href":"https:\/\/advancedsofttissuerelease.com\/de\/wp-json\/wp\/v2\/pages\/5332\/revisions"}],"wp:attachment":[{"href":"https:\/\/advancedsofttissuerelease.com\/de\/wp-json\/wp\/v2\/media?parent=5332"}],"curies":[{"name":"wp","href":"https:\/\/api.w.org\/{rel}","templated":true}]}}