{"id":72,"date":"2015-07-06T00:22:14","date_gmt":"2015-07-06T00:22:14","guid":{"rendered":"https:\/\/advancedsofttissuerelease.com\/home\/"},"modified":"2018-12-26T06:35:29","modified_gmt":"2018-12-26T06:35:29","slug":"heimat","status":"publish","type":"page","link":"https:\/\/advancedsofttissuerelease.com\/de\/home\/","title":{"rendered":"Startseite"},"content":{"rendered":"<p class=\"p1\"> \t<span style=\"font-size:16px;\"><span style=\"font-family:verdana,geneva,sans-serif;\"><span style=\"color:#696969;\"><span class=\"s1\">Fortgeschrittene Freisetzung von Weichgewebe<\/span><span class=\"s2\"><b><sup>\u00ae&nbsp;<\/sup><\/b><\/span><span class=\"s1\">&nbsp;(ASTR<\/span><span class=\"s2\"><b><sup>\u00ae<\/sup><\/b><\/span><span class=\"s1\">)<\/span><\/span><span class=\"s1\"><a href=\"https:\/\/advancedsofttissuerelease.com\/de\/about-astr\/was-ist-astr-2\/\"><span style=\"color:#696969;\"><span class=\"s3\">&nbsp;<\/span><\/span><\/a><\/span><span style=\"color:#696969;\"><span class=\"s1\">ver\u00e4ndert die Art und Weise, wie Patienten Erfahrungen machen&nbsp;<b>Langfristige Schmerzlinderung<\/b>. ASTR wurde 2011 von Dr. Joseph Jacobs, Doktor der Physiotherapie, entwickelt. Dr. Jacobs ist ein&nbsp;<\/span><\/span><span class=\"s4\">Krebs\u00fcberlebender<\/span><span class=\"s1\">&nbsp;<span style=\"color:#696969;\">die fr\u00fcher gelitten haben<\/span>&nbsp;<\/span><span class=\"s4\">chronische Migr\u00e4ne, Kopfschmerzen, M\u00fcdigkeit&nbsp;<\/span><span class=\"s5\">und<\/span><span class=\"s4\">&nbsp;Schmerzen&nbsp;<b>Bevor er ASTR erfand<\/b><\/span><span class=\"s1\">. <span style=\"color:#696969;\">Die ASTR-Spezialit\u00e4t befasst sich mit akuten und chronischen Schmerzen wie nichts anderes. Mit&nbsp;<b>Patentiert,<\/b>&nbsp;Strategisch gestaltete Instrumente, \u00fcber 125 Man\u00f6ver, einzigartige Patientenbeurteilungen und taktisch ausgearbeitete Behandlungsprotokolle, ASTR wurde entwickelt, um die Schmerzquelle zu bek\u00e4mpfen und sie drastisch zu reduzieren, den Bewegungsumfang zu erh\u00f6hen und die Lebensqualit\u00e4t der Menschen wesentlich zu verbessern.<\/span><\/span><\/span><\/span><\/p>\n<p class=\"p1\"> \t&nbsp;<\/p>\n<hr>\n<p class=\"p1\"> \t&nbsp;<\/p>\n<p class=\"p1\"> \t<span style=\"font-size:18px;\"><span style=\"font-family:verdana,geneva,sans-serif;\"><strong style=\"-webkit-text-stroke-width: initial; color: rgb(105, 105, 105); font-size: 22px; font-family: verdana, geneva, sans-serif;\"><span class=\"s1\">ASTR: Die Zukunft der Medizin<\/span><\/strong><\/span><\/span><\/p>\n<p class=\"p1\"> \t&nbsp;<\/p>\n<ul class=\"ul1\">\n<li class=\"li2\"> \t\t<span style=\"font-size:16px;\"><span style=\"font-family:verdana,geneva,sans-serif;\"><span style=\"color:#696969;\"><span class=\"s7\"><b>40+<\/b><\/span><span class=\"s8\"><b>&nbsp;<\/b>Studien unterst\u00fctzen das Behandlungsmodell von ASTR<\/span><\/span><\/span><\/span><\/li>\n<li class=\"li2\"> \t\t<span style=\"font-size:16px;\"><span style=\"font-family:verdana,geneva,sans-serif;\"><span style=\"color:#696969;\"><span class=\"s7\"><b>400+<\/b><\/span><span class=\"s8\"><b>&nbsp;<\/b>Forschungsstudien sind in das Behandlungsmodell von ASTR integriert<\/span><\/span><\/span><\/span><\/li>\n<li class=\"li2\"> \t\t<span style=\"font-size:16px;\"><span style=\"font-family:verdana,geneva,sans-serif;\"><span style=\"color:#696969;\"><span class=\"s7\"><b>16,000+<\/b><\/span><span class=\"s8\">&nbsp;Forschungsstudien wurden von unserem Team \u00fcberpr\u00fcft<\/span><\/span><\/span><\/span><\/li>\n<li class=\"li2\"> \t\t<span style=\"font-size:16px;\"><span style=\"font-family:verdana,geneva,sans-serif;\"><span style=\"color:#696969;\"><span class=\"s7\"><b>300+&nbsp;<\/b><\/span><span class=\"s8\">Behandlungs- und Erfahrungsvideos&nbsp;<\/span><\/span><\/span><\/span><\/li>\n<li class=\"li3\"> \t\t<span style=\"font-size:16px;\"><span style=\"font-family:verdana,geneva,sans-serif;\"><span style=\"color:#ff0000;\"><span class=\"s8\">Evidenzbasierte Praxis<\/span><\/span><span style=\"color:#696969;\"><span class=\"s8\"> &amp; Biopsychosoziales Modell<\/span><\/span><\/span><\/span><\/li>\n<li class=\"li2\"> \t\t<span style=\"font-size:16px;\"><span style=\"font-family:verdana,geneva,sans-serif;\"><span style=\"color:#696969;\"><span class=\"s8\">Behandelt die&nbsp;<\/span><span class=\"s7\"><b>Quelle<\/b><\/span><span class=\"s8\">&nbsp;von Schmerzen<\/span><\/span><\/span><\/span><\/li>\n<li class=\"li2\"> \t\t<span style=\"font-size:16px;\"><span style=\"font-family:verdana,geneva,sans-serif;\"><span style=\"color:#696969;\"><span class=\"s7\"><b>Nicht-invasiv<\/b><\/span><span class=\"s8\">&nbsp;nat\u00fcrliche Behandlung<\/span><\/span><\/span><\/span><\/li>\n<\/ul>\n<hr>\n<p class=\"p1\"> \t&nbsp;<\/p>\n<p class=\"p1\"> \t<span style=\"font-size:22px;\"><span style=\"font-family:verdana,geneva,sans-serif;\"><span style=\"color:#696969;\"><strong><span class=\"s1\">Was ist ASTR?<\/span><\/strong><\/span><\/span><\/span><\/p>\n<p class=\"p1\"> \t&nbsp;<\/p>\n<p class=\"p2\"> \t<span style=\"font-size:16px;\"><span style=\"font-family:verdana,geneva,sans-serif;\"><span style=\"color:#696969;\"><span class=\"s1\">ASTR ist ein biopsychosoziales Behandlungsmodell, das einzigartige ASTR-Instrumente, -Man\u00f6ver, -Theorien und -Methoden verwendet, um Schmerzen an ihrer Quelle zu behandeln. Die ASTR-Behandlung umfasst die Arbeit an mehreren Aspekten, darunter: Narbengewebe, Faszienrestriktion, Triggerpunkte, Muskelkr\u00e4mpfe, Ergonomie, Gang, Bewegung, Ern\u00e4hrung, Entz\u00fcndungen, Stressbew\u00e4ltigung und Verhaltens\u00e4nderung. Die Ergebnisse einer k\u00fcrzlich an ASTR-Patienten durchgef\u00fchrten Nackenstudie ergaben, dass es einen gab&nbsp;<\/span><span class=\"s4\">87%-Erfolgsrate&nbsp;<\/span><span class=\"s1\">f\u00fcr Patienten, die unser Programm durchlaufen haben!<b>&nbsp;<\/b><\/span><\/span><span class=\"s1\"><a href=\"https:\/\/advancedsofttissuerelease.com\/de\/forschung-2\/\"><span style=\"color:#696969;\"><span class=\"s11\">Erfahren Sie hier mehr<\/span><\/span><\/a><\/span><span style=\"color:#696969;\"><span class=\"s3\">!<\/span><\/span><\/span><\/span><\/p>\n<p class=\"p2\" style=\"text-align: center;\"> \t&nbsp;<\/p>\n<hr>\n<style type=\"text\/css\"> p.p1 {margin: 0.0px 0.0px 0.0px 0.0px; font: 16.0px Verdana; color: #000000; -webkit-text-stroke: #000000; background-color: #ffffff} p.p2 {margin: 0.0px 0.0px 0.0px 0.0px; font: 16.0px Verdana; color: #000000; -webkit-text-stroke: #000000} p.p4 {margin: 0.0px 0.0px 0.0px 0.0px; font: 16.0px Verdana; color: #000000; -webkit-text-stroke: #000000; background-color: #ffffff; min-height: 19.0px} li.li2 {margin: 0.0px 0.0px 0.0px 0.0px; font: 16.0px Verdana; color: #000000; -webkit-text-stroke: #000000} li.li3 {margin: 0.0px 0.0px 0.0px 0.0px; font: 16.0px Verdana; color: #696969; -webkit-text-stroke: #696969} span.s1 {font-kerning: none} span.s2 {font: 10.7px Verdana; font-kerning: none; color: #6a6a6a; -webkit-text-stroke: 0px #6a6a6a} span.s3 {font-kerning: none; color: #428bca; -webkit-text-stroke: 0px #428bca} span.s4 {font-kerning: none; color: #ff0000; -webkit-text-stroke: 0px #ff0000} span.s5 {font-kerning: none; color: #696969; -webkit-text-stroke: 0px #696969} span.s6 {color: #ff0000} span.s7 {font-kerning: none; color: #ff0000; background-color: #ffffff; -webkit-text-stroke: 0px #ff0000} span.s8 {font-kerning: none; background-color: #ffffff} span.s9 {color: #ff0000; -webkit-text-stroke: 0px #000000} span.s10 {font-kerning: none; color: #000000; background-color: #ffffff; -webkit-text-stroke: 0px #ff0000} span.s11 {font-kerning: none; color: #428bca; background-color: transparent; -webkit-text-stroke: 0px #428bca} span.s12 {font-kerning: none; color: #808080; -webkit-text-stroke: 0px #808080} span.s13 {text-decoration: underline ; font-kerning: none; background-color: transparent} ul.ul1 {list-style-type: disc}\t<\/style>","protected":false},"excerpt":{"rendered":"<p>Advanced Soft Tissue Release\u00ae&nbsp;&nbsp;(ASTR\u00ae)&nbsp;is changing the way that patients experience&nbsp;Long-Term&nbsp;pain relief. ASTR was developed in 2011 by&nbsp;Dr. Joseph Jacobs,&nbsp;Doctor of Physical Therapy. Dr.Jacobs is a&nbsp;cancer survivor&nbsp;who used to suffer from&nbsp;chronic migraines, headaches, fatigue&nbsp;and&nbsp;pain&nbsp;Before he invented ASTR. ASTR specialty addresses acute and chronic pain unlike anything else. With&nbsp;Patented,&nbsp;strategically designed instruments, over 125 maneuvers, unique patient assessments, [&hellip;]<\/p>\n","protected":false},"author":2447,"featured_media":0,"parent":0,"menu_order":19,"comment_status":"closed","ping_status":"closed","template":"","meta":{"_analytify_skip_tracking":false,"footnotes":""},"class_list":["post-72","page","type-page","status-publish","hentry"],"_links":{"self":[{"href":"https:\/\/advancedsofttissuerelease.com\/de\/wp-json\/wp\/v2\/pages\/72","targetHints":{"allow":["GET"]}}],"collection":[{"href":"https:\/\/advancedsofttissuerelease.com\/de\/wp-json\/wp\/v2\/pages"}],"about":[{"href":"https:\/\/advancedsofttissuerelease.com\/de\/wp-json\/wp\/v2\/types\/page"}],"author":[{"embeddable":true,"href":"https:\/\/advancedsofttissuerelease.com\/de\/wp-json\/wp\/v2\/users\/2447"}],"replies":[{"embeddable":true,"href":"https:\/\/advancedsofttissuerelease.com\/de\/wp-json\/wp\/v2\/comments?post=72"}],"version-history":[{"count":0,"href":"https:\/\/advancedsofttissuerelease.com\/de\/wp-json\/wp\/v2\/pages\/72\/revisions"}],"wp:attachment":[{"href":"https:\/\/advancedsofttissuerelease.com\/de\/wp-json\/wp\/v2\/media?parent=72"}],"curies":[{"name":"wp","href":"https:\/\/api.w.org\/{rel}","templated":true}]}}