{"id":75,"date":"2015-07-06T00:39:44","date_gmt":"2015-07-06T00:39:44","guid":{"rendered":"https:\/\/advancedsofttissuerelease.com\/testimonials\/"},"modified":"2018-12-26T03:24:37","modified_gmt":"2018-12-26T03:24:37","slug":"referenzen","status":"publish","type":"page","link":"https:\/\/advancedsofttissuerelease.com\/de\/what-is-astr\/testimonials\/","title":{"rendered":"Referenzen"},"content":{"rendered":"<p style=\"text-align: center;\"> \t<iframe title=\"Back Pain Relieved After 2 ASTR treatments!\" width=\"800\" height=\"450\" src=\"https:\/\/www.youtube.com\/embed\/UyVCTuUKhvo?feature=oembed\" frameborder=\"0\" allow=\"accelerometer; autoplay; clipboard-write; encrypted-media; gyroscope; picture-in-picture; web-share\" allowfullscreen><\/iframe><\/p>\n<p style=\"text-align: center;\"> \t<iframe title=\"Back &amp; Hip Pain Relieved Without Surgery After 2 ASTR Treatments\" width=\"800\" height=\"450\" src=\"https:\/\/www.youtube.com\/embed\/qcCzOO3CPwU?feature=oembed\" frameborder=\"0\" allow=\"accelerometer; autoplay; clipboard-write; encrypted-media; gyroscope; picture-in-picture; web-share\" allowfullscreen><\/iframe><\/p>\n<p style=\"text-align: center;\"> \t<iframe title=\"Chronic Shoulder Restriction Was Relieved in Just Minutes!\" width=\"800\" height=\"450\" src=\"https:\/\/www.youtube.com\/embed\/YIwqsd5LWWQ?feature=oembed\" frameborder=\"0\" allow=\"accelerometer; autoplay; clipboard-write; encrypted-media; gyroscope; picture-in-picture; web-share\" allowfullscreen><\/iframe><\/p>\n<p style=\"text-align: center;\"> \t<iframe title=\"Chronic Shoulder Pain Relieved in Minutes With ASTR! (SAFE, REAL RELIEF!!)\" width=\"800\" height=\"450\" src=\"https:\/\/www.youtube.com\/embed\/-nzEn6EXdLg?feature=oembed\" frameborder=\"0\" allow=\"accelerometer; autoplay; clipboard-write; encrypted-media; gyroscope; picture-in-picture; web-share\" allowfullscreen><\/iframe><\/p>\n<p style=\"text-align: center;\"> \t<iframe title=\"Chronic Knee Pain Relieved After 2 ASTR treatments!\" width=\"800\" height=\"450\" src=\"https:\/\/www.youtube.com\/embed\/VfFs2JiM2uI?feature=oembed\" frameborder=\"0\" allow=\"accelerometer; autoplay; clipboard-write; encrypted-media; gyroscope; picture-in-picture; web-share\" allowfullscreen><\/iframe><\/p>\n<p style=\"text-align: center;\"> \t<iframe title=\"Jaw Pain Relieved in Minutes! (SAFE AND PROVEN!!)\" width=\"800\" height=\"450\" src=\"https:\/\/www.youtube.com\/embed\/zGJodacqH2Y?feature=oembed\" frameborder=\"0\" allow=\"accelerometer; autoplay; clipboard-write; encrypted-media; gyroscope; picture-in-picture; web-share\" allowfullscreen><\/iframe><\/p>\n<p style=\"text-align: center;\"> \t<iframe title=\"Unbelievable Chronic Shoulder Pain Relief! (REAL RESULTS)\" width=\"800\" height=\"450\" src=\"https:\/\/www.youtube.com\/embed\/_8w5qTyRVb0?feature=oembed\" frameborder=\"0\" allow=\"accelerometer; autoplay; clipboard-write; encrypted-media; gyroscope; picture-in-picture; web-share\" allowfullscreen><\/iframe><\/p>\n<p style=\"text-align: center;\"> \t<iframe title=\"Back &amp; Neck Pain Relieved in Just 1 ASTR Treatment\" width=\"800\" height=\"450\" src=\"https:\/\/www.youtube.com\/embed\/l6h0G1y52g4?feature=oembed\" frameborder=\"0\" allow=\"accelerometer; autoplay; clipboard-write; encrypted-media; gyroscope; picture-in-picture; web-share\" allowfullscreen><\/iframe><\/p>\n<p style=\"text-align: center;\"> \t<iframe title=\"Chronic Knee Pain Relieved in Minutes with ASTR!\" width=\"800\" height=\"450\" src=\"https:\/\/www.youtube.com\/embed\/Iu7J9aCRhqU?feature=oembed\" frameborder=\"0\" allow=\"accelerometer; autoplay; clipboard-write; encrypted-media; gyroscope; picture-in-picture; web-share\" allowfullscreen><\/iframe><\/p>\n<p style=\"text-align: center;\"> \t<iframe title=\"Was ist ASTR?\" width=\"800\" height=\"450\" src=\"https:\/\/www.youtube.com\/embed\/e5zGCWidWm0?feature=oembed\" frameborder=\"0\" allow=\"accelerometer; autoplay; clipboard-write; encrypted-media; gyroscope; picture-in-picture; web-share\" allowfullscreen><\/iframe><\/p>\n<p style=\"text-align: center;\"> \t<iframe title=\"Chronic Back &amp; Neck Pain Relieved After 1 ASTR Treatment! (SHOCKING RESULTS!!)\" width=\"800\" height=\"450\" src=\"https:\/\/www.youtube.com\/embed\/WTwFLCjh1iQ?feature=oembed\" frameborder=\"0\" allow=\"accelerometer; autoplay; clipboard-write; encrypted-media; gyroscope; picture-in-picture; web-share\" allowfullscreen><\/iframe><\/p>\n<p> \t<span style=\"color: rgb(105, 105, 105); font-family: verdana, geneva, sans-serif;\">Erfahren Sie mehr \u00fcber Advanced Soft Tissue Release von Patienten, die durch diese revolution\u00e4re neue Spezialit\u00e4t eine Schmerzlinderung erfahren haben! Sie k\u00f6nnen Testimonials basierend auf dem vorliegenden Problem des Patienten finden, aber unten sind einige Highlights.<\/span><\/p>\n<p> \t&nbsp;<\/p>\n<hr \/>\n<p> \t&nbsp;<\/p>\n<p style=\"box-sizing: border-box; line-height: 1.6em; color: rgb(34, 34, 34); font-family: Arial, Verdana, sans-serif; font-size: 12px;\"> \t<span style=\"font-family:verdana,geneva,sans-serif;\"><span style=\"color:#696969;\"><span style=\"box-sizing: border-box;\"><span style=\"box-sizing: border-box;\"><span style=\"box-sizing: border-box; font-size: 14px;\"><span style=\"box-sizing: border-box; line-height: 16px;\">\u201eNach meinem ersten Termin bei Doktor Jacobs,&nbsp;<strong style=\"box-sizing: border-box;\">Ich f\u00fchlte mich so viel besser<\/strong>. Die Techniken, die er bei mir anwandte, waren nicht \u201etypisch\u201c. Aber sie haben wirklich funktioniert. Nach vielen Sitzungen mit Dr. Jacobs, zusammen mit einer Umstellung meiner Ern\u00e4hrung auf nat\u00fcrlichere und biologische Lebensmittel, bin ich a&nbsp;<strong style=\"box-sizing: border-box;\">ganz anderer Mensch<\/strong>. Obwohl ich die Z\u00f6liakie und Arthritis nicht \u00e4ndern kann, haben sich so viele andere Dinge zum Besseren ver\u00e4ndert. Mein letzter Knochenscan war im Grunde normal. Meine Symptome der Fibromyalgie sind verschwunden. Meine Karpaltunnelsymptome sind 100% weg. Und zu guter Letzt bin ich 100% weg von Bet\u00e4ubungspillen. Ich habe fast 40 Pfund zugenommen und arbeite jetzt in 3 Jobs mit insgesamt etwa 60 Stunden pro Woche.&nbsp;<\/span><\/span><\/span><\/span><\/span><\/span><\/p>\n<p style=\"box-sizing: border-box; line-height: 1.6em; color: rgb(34, 34, 34); font-family: Arial, Verdana, sans-serif; font-size: 12px;\"> \t<span style=\"font-family:verdana,geneva,sans-serif;\"><span style=\"color:#696969;\"><span style=\"box-sizing: border-box;\"><span style=\"box-sizing: border-box;\"><span style=\"box-sizing: border-box; font-size: 14px;\"><span style=\"box-sizing: border-box; line-height: 16px;\"><strong style=\"box-sizing: border-box;\">Doktor Jacobs ist absolut unglaublich<\/strong>&nbsp;und seine Techniken sind bahnbrechend. Vertraue ihm und es wird dir besser gehen. Das kann ich Ihnen versprechen. Mit 23 bin ich so dankbar, mein Leben zur\u00fcck zu haben. Vielen Dank, Doktor Jacobs, dass Sie diese Lebensqualit\u00e4t unglaublich verbessert haben, als sie war.&nbsp;<strong style=\"box-sizing: border-box;\">Kein Geldbetrag k\u00f6nnte Ihnen jemals alles zur\u00fcckzahlen, was Sie getan haben.<\/strong>&#8221;&nbsp;<\/span><\/span><\/span><\/span><\/span><\/span><\/p>\n<p style=\"box-sizing: border-box; line-height: 1.6em; color: rgb(34, 34, 34); font-family: Arial, Verdana, sans-serif; font-size: 12px; text-align: right;\"> \t<span style=\"font-family:verdana,geneva,sans-serif;\"><span style=\"color:#696969;\"><span style=\"box-sizing: border-box;\"><span style=\"box-sizing: border-box;\"><span style=\"box-sizing: border-box; font-size: 14px;\">Ein dankbarer Kunde<\/span><\/span><\/span><\/span><\/span><\/p>\n<p style=\"box-sizing: border-box; line-height: 1.6em; color: rgb(34, 34, 34); font-family: Arial, Verdana, sans-serif; font-size: 12px; text-align: right;\"> \t<span style=\"font-family:verdana,geneva,sans-serif;\"><span style=\"color:#696969;\"><span style=\"box-sizing: border-box;\"><strong style=\"box-sizing: border-box;\"><span style=\"box-sizing: border-box; font-size: 14px; line-height: 16px;\">Fibromyalgie<\/span><\/strong><span style=\"box-sizing: border-box; font-size: 14px;\">&nbsp;<\/span><\/span><\/span><\/span><\/p>\n<hr \/>\n<p style=\"box-sizing: border-box; line-height: 1.6em; font-size: small; font-family: arial;\"> \t<span style=\"font-family:verdana,geneva,sans-serif;\"><span style=\"color:#696969;\"><span style=\"box-sizing: border-box;\"><span style=\"box-sizing: border-box;\"><span style=\"box-sizing: border-box; font-size: 14px;\"><span style=\"box-sizing: border-box; line-height: 16px;\">\u201eNach 18 Monaten traditioneller Physiotherapie nach zwei Knieoperationen, um mein Kreuzband zu ersetzen, war ich skeptisch, ob irgendetwas mehr getan werden k\u00f6nnte, um meine Knieschmerzen und Steifheit zu lindern.<strong style=\"box-sizing: border-box;\">&nbsp;Nach nur einem Besuch<\/strong>, Ich war erstaunt \u00fcber die Ergebnisse, die Doktor Jacobs mit seiner Advanced Soft Tissue Release-Technik erzielen konnte! Er war w\u00e4hrend des gesamten Besuchs sehr gr\u00fcndlich, h\u00f6flich und hilfsbereit. Er hat sich viel Zeit genommen mir die Technik zu erkl\u00e4ren und wie sie funktioniert. Ich war sehr beeindruckt davon, wie mein Knie reagierte und sich lockerte, besonders da seit meiner urspr\u00fcnglichen Operation zwei Jahre vergangen sind.&nbsp;<strong style=\"box-sizing: border-box;\">Ich war ein Skeptiker und jetzt bin ich ein Gl\u00e4ubiger!&nbsp;<\/strong><\/span><\/span><\/span><\/span><\/span><\/span><\/p>\n<p style=\"box-sizing: border-box; line-height: 1.6em; font-size: small; text-align: right; font-family: arial;\"> \t<span style=\"font-family:verdana,geneva,sans-serif;\"><span style=\"color:#696969;\"><span style=\"box-sizing: border-box;\"><span style=\"box-sizing: border-box;\"><span style=\"box-sizing: border-box; font-size: 14px;\">Michal T.<\/span><\/span><\/span><\/span><\/span><\/p>\n<p style=\"box-sizing: border-box; line-height: 1.6em; font-size: small; text-align: right; font-family: arial;\"> \t<span style=\"font-family:verdana,geneva,sans-serif;\"><span style=\"color:#696969;\"><span style=\"box-sizing: border-box;\"><strong style=\"box-sizing: border-box;\"><span style=\"box-sizing: border-box;\"><span style=\"box-sizing: border-box; font-size: 14px;\">Knieschmerzen<\/span><\/span><\/strong><\/span><\/span><\/span><\/p>\n<p style=\"box-sizing: border-box; line-height: 1.6em; font-size: small; text-align: right; font-family: arial;\"> \t<span style=\"font-family:verdana,geneva,sans-serif;\"><span style=\"color:#696969;\"><span style=\"box-sizing: border-box;\"><span style=\"box-sizing: border-box;\"><span style=\"box-sizing: border-box; font-size: 14px;\">(Ph\u00f6nix, AZ)<\/span><\/span><\/span><\/span><\/span><\/p>\n<hr \/>\n<p style=\"box-sizing: border-box; line-height: 1.6em; font-size: small; font-family: arial;\"> \t<span style=\"font-family:verdana,geneva,sans-serif;\"><span style=\"color:#696969;\"><span style=\"box-sizing: border-box;\"><span style=\"box-sizing: border-box;\"><span style=\"box-sizing: border-box; font-size: 14px;\">\u201eDoktor Jacobs hat nicht nur meinen Beschwerden geholfen, er hat mir auch beigebracht, wie ich mir selbst helfen kann. Ich begann zun\u00e4chst mit der Behandlung bei Doktor Jacobs wegen Migr\u00e4nekopfschmerzen. Zusammen mit<strong style=\"box-sizing: border-box;\">&nbsp;die Eliminierung von Medikamenten<\/strong>, seine&nbsp;<strong style=\"box-sizing: border-box;\">Die ASTR-Technik hat die H\u00e4ufigkeit und Intensit\u00e4t meiner Migr\u00e4ne enorm reduziert.<\/strong>. Neben meinem Termin bei Dr. Jacobs machte ich die mir zugewiesenen \u00dcbungen zu Hause. Die Kombination war hochwirksam. Er hat sich meine Sorgen aktiv angeh\u00f6rt und mich entsprechend behandelt. Er war gro\u00dfartig mit Feedback und kannte sich gut mit meinen Schmerzen und Beschwerden aus. W\u00e4hrend meiner Physiotherapie half mir Doktor Jacobs bei Fibromyalgie, Muskelschmerzen in meinen F\u00fc\u00dfen, Beinen, R\u00fccken und Schultern und Migr\u00e4nekopfschmerzen. Er gab mir Informationen, um mir zu helfen, mir selbst zu helfen. Ich werde auf jeden Fall auch in Zukunft das Wellness-Programm von Doctor Jacobs nutzen.\u201c<\/span><\/span><\/span><\/span><\/span><\/p>\n<p style=\"box-sizing: border-box; line-height: 1.6em; font-size: small; text-align: right; font-family: arial;\"> \t<span style=\"font-family:verdana,geneva,sans-serif;\"><span style=\"color:#696969;\"><span style=\"box-sizing: border-box;\"><span style=\"box-sizing: border-box;\"><span style=\"box-sizing: border-box; font-size: 14px;\">Jessica Y.<\/span><\/span><\/span><\/span><\/span><\/p>\n<p style=\"box-sizing: border-box; line-height: 1.6em; font-size: small; text-align: right; font-family: arial;\"> \t<span style=\"font-family:verdana,geneva,sans-serif;\"><span style=\"color:#696969;\"><span style=\"box-sizing: border-box;\"><strong style=\"box-sizing: border-box;\"><span style=\"box-sizing: border-box;\"><span style=\"box-sizing: border-box; font-size: 14px;\">Migr\u00e4ne<\/span><\/span><\/strong><\/span><\/span><\/span><\/p>\n<p style=\"box-sizing: border-box; line-height: 1.6em; font-size: small; text-align: right; font-family: arial;\"> \t<span style=\"font-family:verdana,geneva,sans-serif;\"><span style=\"color:#696969;\"><span style=\"box-sizing: border-box;\"><span style=\"box-sizing: border-box;\"><span style=\"box-sizing: border-box; font-size: 14px;\">(Trabuco Canyon, Kalifornien)<\/span><\/span><\/span><\/span><\/span><\/p>\n<hr \/>\n<div style=\"box-sizing: border-box; color: rgb(69, 68, 68); font-family: 'Open Sans', sans-serif; font-size: 14px; line-height: 20px;\"> \t<span style=\"font-family:verdana,geneva,sans-serif;\"><span style=\"color:#696969;\"><span style=\"box-sizing: border-box;\">\u201eIch habe meine Tochter Daisy mitgebracht, weil sie mehrere R\u00f6ntgenaufnahmen hatte, die zeigten, dass ihre Skoliosekurve bei 53 Grad lag. Sie war sehr schief. Die \u00c4rzte sagten, dass es keine Hoffnung gebe \u2013 entweder eine Operation oder gar nichts. Ich kam zu Dr. Jacobs, um zu sehen, ob wir irgendetwas tun k\u00f6nnten. <strong>Daisy hat erstaunliche Fortschritte gemacht!<\/strong> Ich merke es kaum, wenn sie vor mir l\u00e4uft. Sie ist viel gerader. Sie l\u00e4uft ganz anders. <strong>Sie sieht 90% besser aus als vor unserer Ankunft!<\/strong> Dr. Jacob hat die Enge ihres Narbengewebes gel\u00f6st, so dass ihre Wirbels\u00e4ule nicht mehr gezogen wurde. Die Sitzungen sind schmerzfrei und sie beschwert sich nie \u00fcber die Behandlung!\u201c<\/span><\/span><\/span><\/div>\n<div style=\"box-sizing: border-box; color: rgb(69, 68, 68); font-family: 'Open Sans', sans-serif; font-size: 14px; line-height: 20px; text-align: right;\"> \t<span style=\"font-family:verdana,geneva,sans-serif;\"><span style=\"color:#696969;\"><span style=\"box-sizing: border-box;\">Celeste<\/span><\/span><\/span><\/div>\n<div style=\"box-sizing: border-box; color: rgb(69, 68, 68); font-family: 'Open Sans', sans-serif; font-size: 14px; line-height: 20px; text-align: right;\">\n<p> \t\t<span style=\"font-family:verdana,geneva,sans-serif;\"><span style=\"color:#696969;\"><span style=\"box-sizing: border-box;\"><strong style=\"box-sizing: border-box;\">Tochter hat Skoliose<\/strong><\/span><\/span><\/span><\/p>\n<hr \/>\n<p style=\"text-align: left;\"> \t\t<span style=\"font-family:verdana,geneva,sans-serif;\"><span style=\"color:#696969;\">\u201eIch wollte nur sagen, was f\u00fcr eine gro\u00dfartige Erfahrung ich gemacht habe. Doktor Jacobs hat die ASTR-Technik bei mir angewendet, um mir mit meiner Rotatorenmanschette zu helfen, die wirklich sehr schmerzhaft war, als ich hier ankam. Ich habe auch Skoliose und ich hatte st\u00e4ndig Schmerzen damit. Der Schmerz von der Rotatorenmanschette war sofort weg. Ich w\u00fcrde sagen, innerhalb der ersten zwei oder drei Termine, <strong>Ich f\u00fchlte mich viel besser und bin jetzt v\u00f6llig flexibel, was gro\u00dfartig ist!<\/strong> Meine Skoliose-Schmerzen verschwinden. Es ist fast vollst\u00e4ndig abgeklungen und das ist nur innerhalb von anderthalb Monaten.! Danke, Dr. Jacobs. Ich sch\u00e4tze wirklich alles, was Sie getan haben!\u201c<\/span><\/span><\/p>\n<div style=\"box-sizing: border-box;\"> \t\t&nbsp;<\/div>\n<div style=\"box-sizing: border-box;\"> \t\t<span style=\"font-family:verdana,geneva,sans-serif;\"><span style=\"color:#696969;\"><span style=\"box-sizing: border-box;\"><span style=\"box-sizing: border-box;\">Freude H.<\/span><\/span><\/span><\/span><\/div>\n<div style=\"box-sizing: border-box;\"> \t\t<span style=\"font-family:verdana,geneva,sans-serif;\"><span style=\"color:#696969;\"><span style=\"box-sizing: border-box;\"><strong style=\"box-sizing: border-box;\"><span style=\"box-sizing: border-box;\">Schulterschmerzen \/ Skoliose<\/span><\/strong><\/span><\/span><\/span><\/div>\n<div style=\"box-sizing: border-box; font-size: small; line-height: 25.6px; font-family: arial;\"> \t\t<span style=\"font-family:verdana,geneva,sans-serif;\"><span style=\"color:#696969;\"><span style=\"box-sizing: border-box;\"><span style=\"box-sizing: border-box;\"><span style=\"box-sizing: border-box;\"><span style=\"box-sizing: border-box; font-size: 14px;\">(Mission Viejo, CA)<\/span><\/span><\/span><\/span><\/span><\/span> \t\t<\/p>\n<hr \/><\/div>\n<p style=\"text-align: left;\"> \t\t&nbsp;<\/p>\n<div style=\"box-sizing: border-box; text-align: left;\"> \t\t<span style=\"font-family:verdana,geneva,sans-serif;\"><span style=\"color:#696969;\">\u201eIch bin ein Schlaganfall-\u00dcberlebender. Ich hatte im Dezember 2010 einen Schlaganfall und war in den letzten 4 Jahren in zahlreichen Therapie-\/Reha-Einrichtungen. Als ich zu Dr. Jacobs kam, hatte ich immer noch eine L\u00e4hmung in meiner linken Hand und meinem linken Arm. <strong>Durch Dr. Jacobs ASTR-Programm war er in der Lage, Narbengewebe aufzubrechen und meine Finger dazu zu bringen, sich zu bewegen <\/strong>innerhalb von zwei Monaten hier.\u201c&nbsp;<\/span><\/span><\/div>\n<div style=\"box-sizing: border-box;\"> \t\t<span style=\"font-family:verdana,geneva,sans-serif;\"><span style=\"color:#696969;\">Chris<\/span><\/span><\/div>\n<div style=\"box-sizing: border-box;\"> \t\t<span style=\"font-family:verdana,geneva,sans-serif;\"><span style=\"color:#696969;\"><strong style=\"box-sizing: border-box;\">Schlaganfall-\u00dcberlebender mit Handl\u00e4hmung<\/strong><\/span><\/span><\/div>\n<hr \/><\/div>","protected":false},"excerpt":{"rendered":"<p>Learn more about Advanced Soft Tissue Release from patients who experienced pain relief through this revolutionary new specialty! You can find testimonials based on the patient&#8217;s presenting issue, but below are a few highlights. &nbsp; &nbsp; &#8220;After my first appointment with Doctor Jacobs,&nbsp;I felt so much better. The techniques he used on me weren&#8217;t &#8220;typical.&#8221; [&hellip;]<\/p>\n","protected":false},"author":2447,"featured_media":0,"parent":73,"menu_order":257,"comment_status":"closed","ping_status":"closed","template":"","meta":{"_analytify_skip_tracking":false,"footnotes":""},"class_list":["post-75","page","type-page","status-publish","hentry"],"_links":{"self":[{"href":"https:\/\/advancedsofttissuerelease.com\/de\/wp-json\/wp\/v2\/pages\/75","targetHints":{"allow":["GET"]}}],"collection":[{"href":"https:\/\/advancedsofttissuerelease.com\/de\/wp-json\/wp\/v2\/pages"}],"about":[{"href":"https:\/\/advancedsofttissuerelease.com\/de\/wp-json\/wp\/v2\/types\/page"}],"author":[{"embeddable":true,"href":"https:\/\/advancedsofttissuerelease.com\/de\/wp-json\/wp\/v2\/users\/2447"}],"replies":[{"embeddable":true,"href":"https:\/\/advancedsofttissuerelease.com\/de\/wp-json\/wp\/v2\/comments?post=75"}],"version-history":[{"count":0,"href":"https:\/\/advancedsofttissuerelease.com\/de\/wp-json\/wp\/v2\/pages\/75\/revisions"}],"up":[{"embeddable":true,"href":"https:\/\/advancedsofttissuerelease.com\/de\/wp-json\/wp\/v2\/pages\/73"}],"wp:attachment":[{"href":"https:\/\/advancedsofttissuerelease.com\/de\/wp-json\/wp\/v2\/media?parent=75"}],"curies":[{"name":"wp","href":"https:\/\/api.w.org\/{rel}","templated":true}]}}