{"id":89,"date":"2015-07-18T14:21:32","date_gmt":"2015-07-18T14:21:32","guid":{"rendered":"https:\/\/advancedsofttissuerelease.com\/shoulder-testimonials\/"},"modified":"2015-07-18T14:21:32","modified_gmt":"2015-07-18T14:21:32","slug":"schulter-testimonials-2","status":"publish","type":"page","link":"https:\/\/advancedsofttissuerelease.com\/de\/shoulder-testimonials\/","title":{"rendered":"Schulter Zeugnisse"},"content":{"rendered":"<h1 style=\"text-align: center;\"> \t<span style=\"color:#696969;\"><strong>&nbsp;Erfahrungsberichte zu Schulterschmerzen<\/strong><\/span><\/h1>\n<div style=\"color: rgb(69, 68, 68); font-family: 'Open Sans', sans-serif; font-size: 14px; line-height: 20px; text-align: center;\"> \t&nbsp;<\/div>\n<div style=\"color: rgb(69, 68, 68); font-family: 'Open Sans', sans-serif; font-size: 14px; line-height: 20px; text-align: center;\">\n<div style=\"box-sizing: border-box; text-align: left;\">\n<p style=\"box-sizing: border-box; line-height: 1.6em; color: rgb(34, 34, 34); font-family: Arial, Verdana, sans-serif; font-size: 12px;\"> \t\t\t<span style=\"color:#696969;\"><span style=\"box-sizing: border-box;\"><span style=\"box-sizing: border-box; font-family: verdana, geneva, sans-serif;\"><span style=\"box-sizing: border-box; font-size: 14px;\">\u201eMeine Erfahrung mit Doktor Jacobs war&nbsp;<strong style=\"box-sizing: border-box;\">v\u00f6llig anders als meine Erfahrung mit Physiotherapie zuvor<\/strong>. Seine ASTR-Technik befasst sich mit der&nbsp;<strong style=\"box-sizing: border-box;\">Wurzel des Problems<\/strong>&nbsp;und er verbringt&nbsp;<strong style=\"box-sizing: border-box;\">Eins-zu-Eins-Zeit<\/strong>&nbsp;mit seinen Patienten. Gem\u00e4\u00df&nbsp;<strong style=\"box-sizing: border-box;\">7 Besuche<\/strong>, Ich habe das Gef\u00fchl, dass die meisten meiner Schmerzen weg sind.&nbsp;<strong style=\"box-sizing: border-box;\">Ich kann jetzt nachts schlafen.<\/strong>&nbsp;Ich kann Dr. Jacobs jedem w\u00e4rmstens empfehlen!\u201d<\/span><\/span><\/span><\/span><\/p>\n<p style=\"box-sizing: border-box; line-height: 1.6em; color: rgb(34, 34, 34); font-family: Arial, Verdana, sans-serif; font-size: 12px; text-align: right;\"> \t\t\t<span style=\"color:#696969;\"><span style=\"box-sizing: border-box;\"><span style=\"box-sizing: border-box; font-family: verdana, geneva, sans-serif;\"><span style=\"box-sizing: border-box; font-size: 14px;\">Mahwa F.<\/span><\/span><\/span><\/span><\/p>\n<p style=\"box-sizing: border-box; line-height: 1.6em; color: rgb(34, 34, 34); font-family: Arial, Verdana, sans-serif; font-size: 12px; text-align: right;\"> \t\t\t<span style=\"color:#696969;\"><span style=\"box-sizing: border-box;\"><span style=\"box-sizing: border-box; font-family: verdana, geneva, sans-serif;\"><span style=\"box-sizing: border-box; font-size: 14px;\"><strong style=\"box-sizing: border-box;\">Schulter<\/strong><\/span><\/span><\/span><\/span><\/p>\n<p style=\"box-sizing: border-box; line-height: 1.6em; color: rgb(34, 34, 34); font-family: Arial, Verdana, sans-serif; font-size: 12px; text-align: right;\"> \t\t\t<span style=\"color:#696969;\"><span style=\"box-sizing: border-box;\"><span style=\"box-sizing: border-box; font-family: verdana, geneva, sans-serif;\"><span style=\"box-sizing: border-box; font-size: 14px;\">(Mission Viejo, CA)<\/span><\/span><\/span><\/span><\/p>\n<hr \/>\n<div> \t\t\t<span style=\"color:#696969;\"><span style=\"font-family: verdana, geneva, sans-serif;\">\u201eIch wollte nur sagen, was f\u00fcr eine gro\u00dfartige Erfahrung ich gemacht habe. Doktor Jacobs hat die ASTR-Technik bei mir angewendet, um mir mit meiner Rotatorenmanschette zu helfen, die wirklich sehr schmerzhaft war, als ich hier ankam. Ich habe auch Skoliose und ich hatte st\u00e4ndig Schmerzen damit. Der Schmerz von der Rotatorenmanschette war sofort weg. Ich w\u00fcrde sagen, innerhalb der ersten zwei oder drei Termine, <strong>Ich f\u00fchlte mich viel besser und bin jetzt v\u00f6llig flexibel, was gro\u00dfartig ist!<\/strong> Meine Skoliose-Schmerzen verschwinden. Es ist fast vollst\u00e4ndig abgeklungen und das ist nur innerhalb von anderthalb Monaten.! Danke, Dr. Jacobs. Ich sch\u00e4tze wirklich alles, was Sie getan haben!\u201c<\/span><\/span><\/div>\n<div> \t\t\t&nbsp;<\/div>\n<div style=\"text-align: right;\"> \t\t\t<span style=\"color:#696969;\"><span style=\"font-family: verdana, geneva, sans-serif;\">Freude H.<\/span><\/span><\/div>\n<div style=\"text-align: right;\"> \t\t\t<span style=\"color:#696969;\"><strong><span style=\"font-family: verdana, geneva, sans-serif;\">Schulterschmerzen \/ Skoliose<\/span><\/strong><\/span><\/div>\n<div style=\"box-sizing: border-box; font-size: small; line-height: 25.6px; text-align: right; font-family: arial;\"> \t\t\t<span style=\"color:#696969;\"><span style=\"box-sizing: border-box;\"><span style=\"box-sizing: border-box; font-family: verdana, geneva, sans-serif;\"><span style=\"box-sizing: border-box; font-size: 14px;\">(Mission Viejo, CA)<\/span><\/span><\/span><\/span> \t\t\t<\/p>\n<hr \/><\/div>\n<\/p><\/div>\n<div style=\"box-sizing: border-box;\"> \t\t&nbsp;<\/div>\n<div style=\"box-sizing: border-box;\"> \t\t<span style=\"font-size:22px;\"><span style=\"color:#696969;\"><span style=\"box-sizing: border-box; font-family: verdana, geneva, sans-serif;\">Sehen Sie sich Erfahrungsberichte von Patienten an, die durch Advanced Soft Tissue Release eine Linderung ihrer Schulterschmerzen erfahren haben!<\/span><\/span><\/span><\/div>\n<div> \t\t&nbsp;<\/div>\n<\/p><\/div>\n<div style=\"color: rgb(69, 68, 68); font-family: 'Open Sans', sans-serif; font-size: 14px; line-height: 20px; text-align: center;\"> \t&nbsp;<\/div>\n<div style=\"color: rgb(69, 68, 68); font-family: 'Open Sans', sans-serif; font-size: 14px; line-height: 20px; text-align: center;\"> \thttp:\/\/www.youtube.com\/watch?v=OrW24_nK5DU<\/div>\n<div style=\"color: rgb(69, 68, 68); font-family: 'Open Sans', sans-serif; font-size: 14px; line-height: 20px; text-align: center;\"> \thttp:\/\/www.youtube.com\/watch?v=MH-ncsFdkik<\/div>\n<div style=\"color: rgb(69, 68, 68); font-family: 'Open Sans', sans-serif; font-size: 14px; line-height: 20px; text-align: center;\"> \thttp:\/\/www.youtube.com\/watch?v=9I8oQtTGhHI<\/div>\n<div style=\"color: rgb(69, 68, 68); font-family: 'Open Sans', sans-serif; font-size: 14px; line-height: 20px; text-align: center;\"> \thttp:\/\/www.youtube.com\/watch?v=EP8HCevdyr4<\/div>\n<div style=\"color: rgb(69, 68, 68); font-family: 'Open Sans', sans-serif; font-size: 14px; line-height: 20px; text-align: center;\"> \thttp:\/\/www.youtube.com\/watch?v=m4enZU69P0A<\/div>\n<div style=\"color: rgb(69, 68, 68); font-family: 'Open Sans', sans-serif; font-size: 14px; line-height: 20px; text-align: center;\"> \thttp:\/\/www.youtube.com\/watch?v=Xwn_Vc3u0R8<\/div>\n<div style=\"color: rgb(69, 68, 68); font-family: 'Open Sans', sans-serif; font-size: 14px; line-height: 20px; text-align: center;\"> \thttp:\/\/www.youtube.com\/watch?v=wb4t1dP8Ubs<\/div>\n<div style=\"color: rgb(69, 68, 68); font-family: 'Open Sans', sans-serif; font-size: 14px; line-height: 20px; text-align: center;\"> \thttp:\/\/www.youtube.com\/watch?v=BGcwgXKwYiw<\/div>\n<div style=\"color: rgb(69, 68, 68); font-family: 'Open Sans', sans-serif; font-size: 14px; line-height: 20px; text-align: center;\">\n<div> \t\thttp:\/\/www.youtube.com\/watch?v=zmKbc9dA4_k<\/div>\n<div> \t\thttp:\/\/www.youtube.com\/watch?v=GdPemS1bRk0<\/div>\n<\/p><\/div>\n<div style=\"color: rgb(69, 68, 68); font-family: 'Open Sans', sans-serif; font-size: 14px; line-height: 20px; text-align: center;\"> \thttp:\/\/www.youtube.com\/watch?v=1S8m9fcU_Ns<\/div>\n<div style=\"color: rgb(69, 68, 68); font-family: 'Open Sans', sans-serif; font-size: 14px; line-height: 20px; text-align: center;\"> \thttp:\/\/www.youtube.com\/watch?v=t55BovzkSfY<\/div>\n<div style=\"color: rgb(69, 68, 68); font-family: 'Open Sans', sans-serif; font-size: 14px; line-height: 20px; text-align: center;\"> \thttp:\/\/www.youtube.com\/watch?v=Jz8JyMPZ5C4<\/div>\n<div style=\"color: rgb(69, 68, 68); font-family: 'Open Sans', sans-serif; font-size: 14px; line-height: 20px; text-align: center;\"> \thttp:\/\/www.youtube.com\/watch?v=k4U0nUDq-II<\/div>\n<div>\n<p> \t\t&nbsp;<\/p>\n<\/p><\/div>","protected":false},"excerpt":{"rendered":"<p>&nbsp;Shoulder Pain Testimonials &nbsp; &#8220;My experience with Doctor Jacobs has been&nbsp;totally different than my experience with physical therapy before. His ASTR technique addresses the&nbsp;root of the problem&nbsp;and he spends&nbsp;one-on-one time&nbsp;with his patients. After&nbsp;7 visits, I feel like most of my pain is gone.&nbsp;I can sleep at night now.&nbsp;I would highly recommend Doctor Jacobs to anyone!&#8221; [&hellip;]<\/p>\n","protected":false},"author":2447,"featured_media":0,"parent":0,"menu_order":250,"comment_status":"closed","ping_status":"closed","template":"","meta":{"_analytify_skip_tracking":false,"footnotes":""},"class_list":["post-89","page","type-page","status-publish","hentry"],"_links":{"self":[{"href":"https:\/\/advancedsofttissuerelease.com\/de\/wp-json\/wp\/v2\/pages\/89","targetHints":{"allow":["GET"]}}],"collection":[{"href":"https:\/\/advancedsofttissuerelease.com\/de\/wp-json\/wp\/v2\/pages"}],"about":[{"href":"https:\/\/advancedsofttissuerelease.com\/de\/wp-json\/wp\/v2\/types\/page"}],"author":[{"embeddable":true,"href":"https:\/\/advancedsofttissuerelease.com\/de\/wp-json\/wp\/v2\/users\/2447"}],"replies":[{"embeddable":true,"href":"https:\/\/advancedsofttissuerelease.com\/de\/wp-json\/wp\/v2\/comments?post=89"}],"version-history":[{"count":0,"href":"https:\/\/advancedsofttissuerelease.com\/de\/wp-json\/wp\/v2\/pages\/89\/revisions"}],"wp:attachment":[{"href":"https:\/\/advancedsofttissuerelease.com\/de\/wp-json\/wp\/v2\/media?parent=89"}],"curies":[{"name":"wp","href":"https:\/\/api.w.org\/{rel}","templated":true}]}}