{"id":91,"date":"2015-07-18T14:23:32","date_gmt":"2015-07-18T14:23:32","guid":{"rendered":"https:\/\/advancedsofttissuerelease.com\/pediatrics-testimonials\/"},"modified":"2015-07-18T14:23:32","modified_gmt":"2015-07-18T14:23:32","slug":"pediatrics-testimonials","status":"publish","type":"page","link":"https:\/\/advancedsofttissuerelease.com\/de\/pediatrics-testimonials\/","title":{"rendered":"Pediatrics Testimonials"},"content":{"rendered":"<h1 style=\"color: rgb(69, 68, 68); font-family: 'Open Sans', sans-serif; font-size: 14px; line-height: 20px; text-align: center;\"> \t<span style=\"font-size:36px;\"><span style=\"color:#696969;\"><strong>Pediatric Testimonials<\/strong><\/span><\/span><\/h1>\n<div style=\"box-sizing: border-box; color: rgb(69, 68, 68); font-family: 'Open Sans', sans-serif; font-size: 14px; line-height: 20px; text-align: center;\"> \t&nbsp;<\/div>\n<div style=\"box-sizing: border-box; color: rgb(69, 68, 68); font-family: 'Open Sans', sans-serif; font-size: 14px; line-height: 20px;\"> \t&nbsp;<\/div>\n<div style=\"box-sizing: border-box; color: rgb(69, 68, 68); font-family: 'Open Sans', sans-serif; font-size: 14px; line-height: 20px;\"> \t<span style=\"color:#696969;\">&#8220;I had a neck spasm three days ago and I couldn&#8217;t move my neck. My neck was stiff and my shoulder was really numb. Now I have almost no pain. I had three treatments and now I can move my neck.&#8221;<\/span><\/div>\n<div style=\"box-sizing: border-box; color: rgb(69, 68, 68); font-family: 'Open Sans', sans-serif; font-size: 14px; line-height: 20px;\"> \t&nbsp;<\/div>\n<div style=\"box-sizing: border-box; color: rgb(69, 68, 68); font-family: 'Open Sans', sans-serif; font-size: 14px; line-height: 20px; text-align: right;\"> \t<span style=\"color:#696969;\">Anthony<\/span><\/div>\n<div style=\"box-sizing: border-box; color: rgb(69, 68, 68); font-family: 'Open Sans', sans-serif; font-size: 14px; line-height: 20px; text-align: right;\">\n<p> \t\t<span style=\"color:#696969;\"><strong>Nackenschmerzen<\/strong><\/span><\/p>\n<hr \/><\/div>\n<div style=\"box-sizing: border-box; color: rgb(69, 68, 68); font-family: 'Open Sans', sans-serif; font-size: 14px; line-height: 20px;\"> \t<span style=\"color:#696969;\">\u201eIch habe meine Tochter Daisy mitgebracht, weil sie mehrere R\u00f6ntgenaufnahmen hatte, die zeigten, dass ihre Skoliosekurve bei 53 Grad lag. Sie war sehr schief. Die \u00c4rzte sagten, dass es keine Hoffnung gebe \u2013 entweder eine Operation oder gar nichts. Ich kam zu Dr. Jacobs, um zu sehen, ob wir irgendetwas tun k\u00f6nnten. <strong>Daisy hat erstaunliche Fortschritte gemacht!<\/strong> Ich merke es kaum, wenn sie vor mir l\u00e4uft. Sie ist viel gerader. Sie l\u00e4uft ganz anders. <strong>Sie sieht 90% besser aus als vor unserer Ankunft!<\/strong> Dr. Jacob hat die Enge ihres Narbengewebes gel\u00f6st, so dass ihre Wirbels\u00e4ule nicht mehr gezogen wurde. Die Sitzungen sind schmerzfrei und sie beschwert sich nie \u00fcber die Behandlung!\u201c<\/span><\/div>\n<div style=\"box-sizing: border-box; color: rgb(69, 68, 68); font-family: 'Open Sans', sans-serif; font-size: 14px; line-height: 20px; text-align: right;\"> \t<span style=\"color:#696969;\">Celeste<\/span><\/div>\n<div style=\"box-sizing: border-box; color: rgb(69, 68, 68); font-family: 'Open Sans', sans-serif; font-size: 14px; line-height: 20px; text-align: right;\"> \t<span style=\"color:#696969;\"><strong>Tochter hat Skoliose<\/strong><\/span> \t<\/p>\n<hr \/><\/div>\n<div style=\"box-sizing: border-box; color: rgb(69, 68, 68); font-family: 'Open Sans', sans-serif; font-size: 14px; line-height: 20px; text-align: center;\"> \t<span style=\"font-size:22px;\"><span style=\"color:#696969;\"><span style=\"box-sizing: border-box; font-family: verdana, geneva, sans-serif;\">Watch testimonial videos of pediatric patients who experienced pain relief through Advanced Soft Tissue Release!<\/span><\/span><\/span><\/div>\n<div> \t&nbsp;<\/div>\n<p style=\"color: rgb(69, 68, 68); font-family: 'Open Sans', sans-serif; font-size: 14px; line-height: 20px; text-align: center;\"> \t<iframe title=\"Effective Torticollis Treatment! (INCREDIBLE RESULTS!!)\" width=\"800\" height=\"450\" src=\"https:\/\/www.youtube.com\/embed\/5aiqxq3JswQ?feature=oembed\" frameborder=\"0\" allow=\"accelerometer; autoplay; clipboard-write; encrypted-media; gyroscope; picture-in-picture; web-share\" allowfullscreen><\/iframe><\/p>\n<p style=\"color: rgb(69, 68, 68); font-family: 'Open Sans', sans-serif; font-size: 14px; line-height: 20px; text-align: center;\"> \t<iframe title=\"Effective Scoliosis Treatment! (DISCOVER RELIEF NOW!!)\" width=\"800\" height=\"450\" src=\"https:\/\/www.youtube.com\/embed\/a-X8NYdXHws?feature=oembed\" frameborder=\"0\" allow=\"accelerometer; autoplay; clipboard-write; encrypted-media; gyroscope; picture-in-picture; web-share\" allowfullscreen><\/iframe><\/p>\n<p style=\"color: rgb(69, 68, 68); font-family: 'Open Sans', sans-serif; font-size: 14px; line-height: 20px; text-align: center;\"> \t<iframe title=\"Back &amp; Hip Pain Relieved Without Surgery After 2 ASTR Treatments\" width=\"800\" height=\"450\" src=\"https:\/\/www.youtube.com\/embed\/qcCzOO3CPwU?feature=oembed\" frameborder=\"0\" allow=\"accelerometer; autoplay; clipboard-write; encrypted-media; gyroscope; picture-in-picture; web-share\" allowfullscreen><\/iframe><\/p>\n<p style=\"color: rgb(69, 68, 68); font-family: 'Open Sans', sans-serif; font-size: 14px; line-height: 20px; text-align: center;\"> \t&nbsp;<\/p>","protected":false},"excerpt":{"rendered":"<p>Pediatric Testimonials &nbsp; &nbsp; &#8220;I had a neck spasm three days ago and I couldn&#8217;t move my neck. My neck was stiff and my shoulder was really numb. Now I have almost no pain. I had three treatments and now I can move my neck.&#8221; &nbsp; Anthony Neck Pain &#8220;I brought my daughter, Daisy, in [&hellip;]<\/p>\n","protected":false},"author":2447,"featured_media":0,"parent":0,"menu_order":248,"comment_status":"closed","ping_status":"closed","template":"","meta":{"_analytify_skip_tracking":false,"footnotes":""},"class_list":["post-91","page","type-page","status-publish","hentry"],"_links":{"self":[{"href":"https:\/\/advancedsofttissuerelease.com\/de\/wp-json\/wp\/v2\/pages\/91","targetHints":{"allow":["GET"]}}],"collection":[{"href":"https:\/\/advancedsofttissuerelease.com\/de\/wp-json\/wp\/v2\/pages"}],"about":[{"href":"https:\/\/advancedsofttissuerelease.com\/de\/wp-json\/wp\/v2\/types\/page"}],"author":[{"embeddable":true,"href":"https:\/\/advancedsofttissuerelease.com\/de\/wp-json\/wp\/v2\/users\/2447"}],"replies":[{"embeddable":true,"href":"https:\/\/advancedsofttissuerelease.com\/de\/wp-json\/wp\/v2\/comments?post=91"}],"version-history":[{"count":0,"href":"https:\/\/advancedsofttissuerelease.com\/de\/wp-json\/wp\/v2\/pages\/91\/revisions"}],"wp:attachment":[{"href":"https:\/\/advancedsofttissuerelease.com\/de\/wp-json\/wp\/v2\/media?parent=91"}],"curies":[{"name":"wp","href":"https:\/\/api.w.org\/{rel}","templated":true}]}}