{"id":93,"date":"2015-07-18T14:26:10","date_gmt":"2015-07-18T14:26:10","guid":{"rendered":"https:\/\/advancedsofttissuerelease.com\/hip-knee-testimonials\/"},"modified":"2015-07-18T14:26:10","modified_gmt":"2015-07-18T14:26:10","slug":"huft-knie-testimonials-2","status":"publish","type":"page","link":"https:\/\/advancedsofttissuerelease.com\/de\/hip-knee-testimonials\/","title":{"rendered":"H\u00fcft-\/Knie-Testimonials"},"content":{"rendered":"<div style=\"color: rgb(69, 68, 68); font-family: 'Open Sans', sans-serif; font-size: 14px; line-height: 20px; text-align: center;\"> \t<span style=\"color:#696969;\"><span style=\"font-family:verdana,geneva,sans-serif;\"><span style=\"font-size:36px;\"><strong>H\u00fcft-\/Knie-Testimonials<\/strong><\/span><\/span><\/span><\/div>\n<div style=\"color: rgb(69, 68, 68); font-family: 'Open Sans', sans-serif; font-size: 14px; line-height: 20px; text-align: center;\"> \t&nbsp;<\/div>\n<div style=\"color: rgb(69, 68, 68); font-family: 'Open Sans', sans-serif; font-size: 14px; line-height: 20px; text-align: center;\">\n<div style=\"box-sizing: border-box; text-align: left;\">\n<p style=\"box-sizing: border-box; line-height: 1.6em; font-size: small; font-family: arial;\"> \t\t\t&nbsp;<\/p>\n<p style=\"box-sizing: border-box; line-height: 1.6em; font-size: small; font-family: arial;\"> \t\t\t<span style=\"color:#696969;\"><span style=\"box-sizing: border-box;\"><span style=\"box-sizing: border-box; font-family: verdana, geneva, sans-serif;\"><span style=\"box-sizing: border-box; font-size: 14px;\"><span style=\"box-sizing: border-box; line-height: 16px;\">\u201eNach 18 Monaten traditioneller Physiotherapie nach zwei Knieoperationen, um mein Kreuzband zu ersetzen, war ich skeptisch, ob irgendetwas mehr getan werden k\u00f6nnte, um meine Knieschmerzen und Steifheit zu lindern.<strong style=\"box-sizing: border-box;\">&nbsp;Nach nur einem Besuch<\/strong>, Ich war erstaunt \u00fcber die Ergebnisse, die Doktor Jacobs mit seiner Advanced Soft Tissue Release-Technik erzielen konnte! Er war w\u00e4hrend des gesamten Besuchs sehr gr\u00fcndlich, h\u00f6flich und hilfsbereit. Er hat sich viel Zeit genommen mir die Technik zu erkl\u00e4ren und wie sie funktioniert. Ich war sehr beeindruckt davon, wie mein Knie reagierte und sich lockerte, besonders da seit meiner urspr\u00fcnglichen Operation zwei Jahre vergangen sind.&nbsp;<strong style=\"box-sizing: border-box;\">Ich bin als Skeptiker reingegangen und jetzt bin ich ein Gl\u00e4ubiger!\u201c&nbsp;<\/strong><\/span><\/span><\/span><\/span><\/span><\/p>\n<p style=\"box-sizing: border-box; line-height: 1.6em; font-size: small; text-align: right; font-family: arial;\"> \t\t\t<span style=\"color:#696969;\"><span style=\"box-sizing: border-box;\"><span style=\"box-sizing: border-box; font-family: verdana, geneva, sans-serif;\"><span style=\"box-sizing: border-box; font-size: 14px;\">Michal T.<\/span><\/span><\/span><\/span><\/p>\n<p style=\"box-sizing: border-box; line-height: 1.6em; font-size: small; text-align: right; font-family: arial;\"> \t\t\t<span style=\"color:#696969;\"><span style=\"box-sizing: border-box;\"><strong style=\"box-sizing: border-box;\"><span style=\"box-sizing: border-box; font-family: verdana, geneva, sans-serif;\"><span style=\"box-sizing: border-box; font-size: 14px;\">Knieschmerzen<\/span><\/span><\/strong><\/span><\/span><\/p>\n<p style=\"box-sizing: border-box; line-height: 1.6em; font-size: small; text-align: right; font-family: arial;\"> \t\t\t<span style=\"color:#696969;\"><span style=\"box-sizing: border-box;\"><span style=\"box-sizing: border-box; font-family: verdana, geneva, sans-serif;\"><span style=\"box-sizing: border-box; font-size: 14px;\">(Ph\u00f6nix, AZ)<\/span><\/span><\/span><\/span><\/p>\n<\/p><\/div>\n<hr \/>\n<p style=\"text-align: left;\"> \t\t&nbsp;<\/p>\n<p style=\"box-sizing: border-box; line-height: 1.6em; color: rgb(34, 34, 34); font-family: Arial, Verdana, sans-serif; font-size: 12px; text-align: left;\"> \t\t<span style=\"color:#696969;\"><span style=\"box-sizing: border-box;\"><span style=\"box-sizing: border-box; font-family: verdana, geneva, sans-serif;\"><span style=\"box-sizing: border-box; font-size: 14px;\">\u201eIch ging zu Doktor Jacobs, um zwei Probleme anzusprechen: schmerzhafte Schmerzen und was ich f\u00fcr Ischias hielt. Er entdeckte, dass meine eigentlichen Probleme Planterfasziitis und ein falsch ausgerichtetes Becken waren.<strong style=\"box-sizing: border-box;\">&nbsp;Seine Behandlung hat meine Schmerzen gelindert<\/strong>&nbsp;und die \u00dcbungen, die er mich machen l\u00e4sst, sollten meine Symptome in angemessener Zeit vollst\u00e4ndig lindern.\u201c<\/span><\/span><\/span><\/span><\/p>\n<p style=\"box-sizing: border-box; line-height: 1.6em; color: rgb(34, 34, 34); font-family: Arial, Verdana, sans-serif; font-size: 12px; text-align: right;\"> \t\t<span style=\"color:#696969;\"><span style=\"box-sizing: border-box;\"><span style=\"box-sizing: border-box; font-family: verdana, geneva, sans-serif;\"><span style=\"box-sizing: border-box; font-size: 14px;\">Linda W.<\/span><\/span><\/span><\/span><\/p>\n<p style=\"box-sizing: border-box; line-height: 1.6em; color: rgb(34, 34, 34); font-family: Arial, Verdana, sans-serif; font-size: 12px; text-align: right;\"> \t\t<span style=\"color:#696969;\"><span style=\"box-sizing: border-box;\"><strong style=\"box-sizing: border-box;\"><span style=\"box-sizing: border-box; font-family: verdana, geneva, sans-serif;\"><span style=\"box-sizing: border-box; font-size: 14px;\">Ischias<\/span><\/span><\/strong><\/span><\/span><\/p>\n<p style=\"text-align: right;\"> \t\t<span style=\"color:#696969;\"><span style=\"font-family: verdana, geneva, sans-serif; line-height: 1.6em;\">(Waldsee, Kalifornien)<\/span><\/span><span style=\"color: rgb(105, 105, 105);\">&nbsp;<\/span><\/p>\n<hr \/>\n<h3> \t\t<span style=\"font-family: verdana, geneva, sans-serif; color: rgb(105, 105, 105);\">Sehen Sie sich Testimonial-Videos von Patienten an, die durch Advanced Soft Tissue Release von H\u00fcft- und Knieschmerzen befreit wurden!<\/span><\/h3>\n<div> \t\t&nbsp;<\/div>\n<\/p><\/div>\n<div style=\"color: rgb(69, 68, 68); font-family: 'Open Sans', sans-serif; font-size: 14px; line-height: 20px; text-align: center;\"> \thttp:\/\/www.youtube.com\/watch?v=AHyK6nX8d9M<\/div>\n<div style=\"color: rgb(69, 68, 68); font-family: 'Open Sans', sans-serif; font-size: 14px; line-height: 20px; text-align: center;\"> \thttp:\/\/www.youtube.com\/watch?v=0yO7HBdbvR4<\/div>\n<div style=\"color: rgb(69, 68, 68); font-family: 'Open Sans', sans-serif; font-size: 14px; line-height: 20px; text-align: center;\">\n<div> \t\thttp:\/\/www.youtube.com\/watch?v=qcCzOO3CPwU&amp;<\/div>\n<div> \t\thttp:\/\/www.youtube.com\/watch?v=g3ZGu3OqB4w<\/div>\n<div> \t\thttp:\/\/www.youtube.com\/watch?v=lAjeO5a9POg<\/div>\n<\/p><\/div>\n<div style=\"color: rgb(69, 68, 68); font-family: 'Open Sans', sans-serif; font-size: 14px; line-height: 20px; text-align: center;\"> \thttp:\/\/www.youtube.com\/watch?v=amjHlnn3p_E<\/div>\n<div style=\"color: rgb(69, 68, 68); font-family: 'Open Sans', sans-serif; font-size: 14px; line-height: 20px; text-align: center;\"> \thttp:\/\/www.youtube.com\/watch?v=1S8m9fcU_Ns<\/div>\n<div style=\"color: rgb(69, 68, 68); font-family: 'Open Sans', sans-serif; font-size: 14px; line-height: 20px; text-align: center;\"> \thttp:\/\/www.youtube.com\/watch?v=f7JWifMwYIg<\/div>\n<div style=\"color: rgb(69, 68, 68); font-family: 'Open Sans', sans-serif; font-size: 14px; line-height: 20px; text-align: center;\"> \thttp:\/\/www.youtube.com\/watch?v=FA_5msPmQ8Q<\/div>\n<div style=\"color: rgb(69, 68, 68); font-family: 'Open Sans', sans-serif; font-size: 14px; line-height: 20px; text-align: center;\"> \thttp:\/\/www.youtube.com\/watch?v=9BLMA4b0F84<\/div>\n<div style=\"color: rgb(69, 68, 68); font-family: 'Open Sans', sans-serif; font-size: 14px; line-height: 20px; text-align: center;\"> \thttp:\/\/www.youtube.com\/watch?v=xuF0T2Bktis<\/div>","protected":false},"excerpt":{"rendered":"<p>Hip\/ Knee Testimonials &nbsp; &nbsp; &#8220;After having 18 months of traditional physical therapy after two knee surgeries to replace my ACL, I was skeptical that anything more could be done to help my knee pain and stiffness.&nbsp;After just one visit, I was amazed with the results that Doctor Jacobs was able to produce with his [&hellip;]<\/p>\n","protected":false},"author":2447,"featured_media":0,"parent":0,"menu_order":246,"comment_status":"closed","ping_status":"closed","template":"","meta":{"_analytify_skip_tracking":false,"footnotes":""},"class_list":["post-93","page","type-page","status-publish","hentry"],"_links":{"self":[{"href":"https:\/\/advancedsofttissuerelease.com\/de\/wp-json\/wp\/v2\/pages\/93","targetHints":{"allow":["GET"]}}],"collection":[{"href":"https:\/\/advancedsofttissuerelease.com\/de\/wp-json\/wp\/v2\/pages"}],"about":[{"href":"https:\/\/advancedsofttissuerelease.com\/de\/wp-json\/wp\/v2\/types\/page"}],"author":[{"embeddable":true,"href":"https:\/\/advancedsofttissuerelease.com\/de\/wp-json\/wp\/v2\/users\/2447"}],"replies":[{"embeddable":true,"href":"https:\/\/advancedsofttissuerelease.com\/de\/wp-json\/wp\/v2\/comments?post=93"}],"version-history":[{"count":0,"href":"https:\/\/advancedsofttissuerelease.com\/de\/wp-json\/wp\/v2\/pages\/93\/revisions"}],"wp:attachment":[{"href":"https:\/\/advancedsofttissuerelease.com\/de\/wp-json\/wp\/v2\/media?parent=93"}],"curies":[{"name":"wp","href":"https:\/\/api.w.org\/{rel}","templated":true}]}}