{"id":10108,"date":"2020-03-06T18:45:02","date_gmt":"2020-03-07T01:45:02","guid":{"rendered":"https:\/\/advancedsofttissuerelease.com\/?post_type=product&#038;p=10108"},"modified":"2025-09-23T20:46:00","modified_gmt":"2025-09-24T00:46:00","slug":"entzundungslinderung-erganzungs-kit-2","status":"publish","type":"product","link":"https:\/\/advancedsofttissuerelease.com\/de\/product\/inflammation-relief-supplement-kit\/","title":{"rendered":"Set zur Linderung schwerer Entz\u00fcndungen"},"content":{"rendered":"<h1><span style=\"font-size: 12pt; color: #333333;\"><strong>Set zur Linderung schwerer Entz\u00fcndungen<\/strong><\/span><\/h1>\n<p><span style=\"color: #333333;\">In diesem Schritt-f\u00fcr-Schritt-Programm zeigt Ihnen Dr. Jacobs, wie Sie Entz\u00fcndungen schnell und effektiv reduzieren k\u00f6nnen, indem Sie die entz\u00fcndungshemmende Di\u00e4t von ASTR mit unserem entz\u00fcndungshemmenden Erg\u00e4nzungskit implementieren. Wenn Sie kurzfristige oder chronische Schmerzen haben, wird dieses Kit Ihre Reise zur Schmerzlinderung beginnen, indem es mittelschwere bis schwere Entz\u00fcndungen schnell reduziert!<\/span><\/p>\n<p><span style=\"color: #333333;\"><strong>Set zur Linderung schwerer Entz\u00fcndungen beinhaltet<\/strong><\/span><\/p>\n<ol>\n<li><span style=\"color: #333333;\">Joint &amp; Muscle Repair Pack<\/span><\/li>\n<li><span style=\"color: #333333;\">Kollagen Aktiv<\/span><\/li>\n<li>Omega-Aktiv<\/li>\n<li><span style=\"color: #333333;\">Magnesium Aktiv<\/span><\/li>\n<li><span style=\"color: #333333;\">K2 &amp; D3 abgeschlossen<\/span><\/li>\n<li><span style=\"color: #333333;\">ASTR diet, including recipes<\/span><\/li>\n<\/ol>\n<p><span style=\"color: #0000ff;\"><a style=\"color: #0000ff;\" href=\"https:\/\/advancedsofttissuerelease.com\/de\/produkt\/infla-leichtigkeit-2-3\/\"><strong><span style=\"font-size: 12pt;\">Joint &amp; Muscle Repair Pack &gt;<\/span><\/strong><\/a><\/span><\/p>\n<ul>\n<li>Supports joint &amp; muscle repair<\/li>\n<li>Unterst\u00fctzt eine gesunde Entz\u00fcndungsreaktion<\/li>\n<li>Verbessern Sie die Gesundheit des Bewegungsapparates<\/li>\n<li>Bietet Gelenkgesundheit<\/li>\n<li>F\u00f6rdert die Gelenkbewegung<\/li>\n<li>Steigert die k\u00f6rperliche Funktion<\/li>\n<li>Verbessert die Erholungszeit nach dem Training<\/li>\n<\/ul>\n<p><span style=\"color: #0000ff;\"><a style=\"color: #0000ff;\" href=\"https:\/\/advancedsofttissuerelease.com\/de\/produkt\/kollagenaktiv-2\/\"><strong><span style=\"font-size: 12pt;\">Kollagenaktiv &gt;<\/span><\/strong><\/a><\/span><\/p>\n<ul>\n<li>Unterst\u00fctzt den Prozess der Selbstreparatur des Knorpels<\/li>\n<li>Unterst\u00fctzt den Prozess der Sehnenselbstreparatur<\/li>\n<li>Unterst\u00fctzt den Prozess der Selbstreparatur der B\u00e4nder<\/li>\n<li>Unterst\u00fctzt den Prozess der Faszien-Selbstreparatur<\/li>\n<li>Unterst\u00fctzt gesundes Haar<\/li>\n<li>Unterst\u00fctzt gesunde Haut<\/li>\n<li>Unterst\u00fctzt gesunde N\u00e4gel<\/li>\n<li>Unterst\u00fctzt die Gelenkschmierung<\/li>\n<li>Unterst\u00fctzt die Gelenkd\u00e4mpfung<\/li>\n<li>F\u00f6rdert die Biosynthese des Bindegewebes<\/li>\n<\/ul>\n<div class=\"page\" title=\"Seite 1\">\n<div class=\"section\">\n<div class=\"layoutArea\">\n<div class=\"column\">\n<p>Kollagen ist ein wesentlicher Bestandteil von Haut, Haaren, N\u00e4geln, Gelenken und Bindegewebe. Collagen Aktive Inhaltsstoffe: Vitamin C, Magnesium, Collagen Typ 1, Hyalurons\u00e4ure, Gelatinehydrolysat. Collagen Active unterst\u00fctzt eine gesunde Knorpel-, Sehnen-, B\u00e4nder-, Faszien- und Gelenkfunktion.<\/p>\n<\/div>\n<\/div>\n<\/div>\n<\/div>\n<p><span style=\"color: #0000ff;\"><a style=\"color: #0000ff;\" href=\"https:\/\/advancedsofttissuerelease.com\/de\/produkt\/omega-aktiv-2\/\"><strong><span style=\"font-size: 12pt;\">Omega-Aktiv &gt;<\/span><\/strong><\/a><\/span><\/p>\n<ul>\n<li>Unterst\u00fctzt die kardiovaskul\u00e4re Gesundheit<\/li>\n<li>Unterst\u00fctzt den Blutzuckerstoffwechsel<\/li>\n<li>Unterst\u00fctzt die kognitive Funktion<\/li>\n<li>Unterst\u00fctzt die kognitive Entwicklung<\/li>\n<li>Unterst\u00fctzt gesunde Haut<\/li>\n<li>Unterst\u00fctzt gesunde Gelenke<\/li>\n<li>Unterst\u00fctzt gesundes Bindegewebe<\/li>\n<li>Erh\u00f6ht die Seh- und Augengesundheit<\/li>\n<li>H\u00e4lt ein normales Entz\u00fcndungsgleichgewicht aufrecht<\/li>\n<\/ul>\n<p><span style=\"color: #0000ff;\"><a style=\"color: #0000ff;\" href=\"https:\/\/advancedsofttissuerelease.com\/de\/produkt\/magnesium-aktiv-2\/\"><strong><span style=\"font-size: 12pt;\">Magnesium Aktiv &gt;<\/span><\/strong><\/a><\/span><\/p>\n<ul>\n<li><span style=\"color: #333333;\">Bietet 3 Formen von hoch absorbiertem Magnesium<\/span><\/li>\n<li><span style=\"color: #333333;\">Hochkonzentriertes Magnesium zur Herz-Kreislauf-Unterst\u00fctzung<\/span><\/li>\n<li><span style=\"color: #333333;\">Magnesium spielt eine wichtige Rolle bei Hunderten von Stoffwechselaktivit\u00e4ten<\/span><\/li>\n<li><span style=\"color: #333333;\">Helfen Sie dabei, einen gesunden Blutdruck aufrechtzuerhalten<\/span><\/li>\n<li><span style=\"color: #333333;\">Hilft bei der Aufrechterhaltung eines gesunden Glukosespiegels<\/span><\/li>\n<li><span style=\"color: #333333;\">F\u00f6rdert die Energiegewinnung<\/span><\/li>\n<li><span style=\"color: #333333;\">F\u00f6rdert die Muskelentspannung<\/span><\/li>\n<li><span style=\"color: #333333;\">Unterst\u00fctzt die Muskelfunktion<\/span><\/li>\n<li><span style=\"color: #333333;\">Unterst\u00fctzen Sie die Nervenfunktion<\/span><\/li>\n<\/ul>\n<div class=\"page\" title=\"Seite 1\"><\/div>\n<p><span style=\"color: #0000ff;\"><a style=\"color: #0000ff;\" href=\"https:\/\/advancedsofttissuerelease.com\/de\/produkt\/k2-d3-vollstandig-2\/\"><strong><span style=\"font-size: 12pt;\">K2 &amp; D3 komplett &gt;<\/span><\/strong><\/a><\/span><\/p>\n<ul>\n<li><span style=\"color: #333333;\">Unterst\u00fctzt eine gesunde Durchblutung<\/span><\/li>\n<li><span style=\"color: #333333;\">F\u00f6rdert eine optimale Knochengesundheit<\/span><\/li>\n<li><span style=\"color: #333333;\">F\u00f6rdert die richtige Kalziumspeicherung<\/span><\/li>\n<li><span style=\"color: #333333;\">Beh\u00e4lt eine gesunde kardiometabolische Funktion bei<\/span><\/li>\n<li><span style=\"color: #333333;\">Unterst\u00fctzt die arterielle Elastizit\u00e4t<\/span><\/li>\n<li><span style=\"color: #333333;\">St\u00e4rkt die Immunfunktion<\/span><\/li>\n<li><span style=\"color: #333333;\">Unterst\u00fctzt einen gesunden Kalziumhaushalt<\/span><\/li>\n<li><span style=\"color: #333333;\">Unterst\u00fctzt den Blutzuckerhaushalt\u00a0<\/span><\/li>\n<\/ul>\n<div class=\"page\" title=\"Seite 1\">\n<div class=\"section\">\n<div class=\"layoutArea\">\n<div class=\"column\">\n<p><span style=\"color: #333333;\">Aktuelle Forschungen haben ergeben, dass eine hochkonzentrierte K2-Supplementierung von 180 mcg\/Tag im Vergleich zu einer niedriger dosierten Supplementierung zu verbesserten klinischen Ergebnissen f\u00fchrt*. K2 &amp; D3 Complete liefert 180 mcg MenaQ7\u00ae PRO, die am besten untersuchte Form von Vitamin K2 als MK-7, zusammen mit 5.000 IE Vitamin D3 zur optimalen Unterst\u00fctzung der Knochen- und Herz-Kreislauf-Gesundheit.<\/span><\/p>\n<p><span style=\"color: #0000ff;\"><strong style=\"color: #0000ff;\"><span style=\"font-size: 12pt;\"><a style=\"color: #0000ff;\" href=\"https:\/\/advancedsofttissuerelease.com\/de\/produkt\/schmerzlindernde-creme\/\">Schmerzlinderungscreme &gt;<\/a><\/span><\/strong><\/span><\/p>\n<\/div>\n<div class=\"page\" title=\"Seite 1\">\n<div class=\"section\">\n<p><strong>F\u00fcr Erwachsene und Kinder<\/strong><\/p>\n<ul>\n<li>Unterst\u00fctzt die Linderung von Muskel- und Gelenkschmerzen<\/li>\n<li>Unterst\u00fctzt die Wundheilung<\/li>\n<li>Unterst\u00fctzt die normale Gesundheit von Haut und N\u00e4geln<\/li>\n<li>Unterst\u00fctzt eine gesunde Entz\u00fcndungsreaktion<\/li>\n<li>Verbessert die Gesundheit des Bewegungsapparates<\/li>\n<li>Bietet Gelenkgesundheit<\/li>\n<li>F\u00f6rdert die Gelenkbewegung<\/li>\n<\/ul>\n<p><strong>Schmerzlindernde Creme wird verwendet f\u00fcr:<\/strong><\/p>\n<ul>\n<li>Schmerzlinderung<\/li>\n<li>Verringern Sie die Entz\u00fcndung<\/li>\n<li>Arthritis<\/li>\n<li>Wundversorgung<\/li>\n<li>Ekzem<\/li>\n<li>Akne<\/li>\n<li>Dermatitis<\/li>\n<li>Schuppenflechte<\/li>\n<\/ul>\n<\/div>\n<\/div>\n<\/div>\n<\/div>\n<\/div>\n<p style=\"text-align: center;\"><span style=\"font-size: 8pt; color: #333333;\">*Diese Aussagen wurden nicht von der Food and Drug Administration bewertet. Dieses Produkt ist nicht zur Diagnose, Behandlung, Heilung oder Vorbeugung von Krankheiten bestimmt.\u00a0<\/span><\/p>","protected":false},"excerpt":{"rendered":"<p><span class=\"\">Schritt-f\u00fcr-Schritt-Programm mit Tipps zur Linderung von Entz\u00fcndungen,\u00a0<\/span><span class=\"\">Ern\u00e4hrungsplan, <\/span><span class=\"\">Rezepte, Einkaufslisten und Nahrungserg\u00e4nzungsmittel, die Ihnen helfen, die Ursache Ihrer zugrunde liegenden Gesundheitsprobleme anzugehen.<\/span><\/p>","protected":false},"featured_media":41492,"template":"","meta":{"_analytify_skip_tracking":false},"product_brand":[],"product_cat":[1782],"product_tag":[2326,1942,1789,1791,1792,1408],"woo-feed-brand":[],"class_list":{"0":"post-10108","1":"product","2":"type-product","3":"status-publish","4":"has-post-thumbnail","6":"product_cat-health-supplement-kits","7":"product_tag-collagen","8":"product_tag-inflammation-relief","9":"product_tag-inflammation-supplements","10":"product_tag-k2-d3-complete","11":"product_tag-magnesium-active","12":"product_tag-omega-3","13":"product_shipping_class-regular-shipping","15":"first","16":"instock","17":"sale","18":"taxable","19":"shipping-taxable","20":"purchasable","21":"product-type-simple"},"exclude_global_add_ons":false,"addons":[{"name":"Schmerzlinderungscreme gegen Schmerzen, Entz\u00fcndungen und zur Beschleunigung der Heilung","type":"checkbox","position":0,"required":true,"title_format":"heading","default":"","description_enable":false,"description":"","placeholder_enable":false,"placeholder":"","display":"select","restrictions_type":"any_text","adjust_price":false,"price":"","price_type":"flat_fee","restrictions":false,"min":"0","max":"0","options":[{"label":"Yes (save $10)","price":"49","price_type":"flat_fee","image":0,"visibility":true},{"label":"No","price":"","price_type":"flat_fee","image":0,"visibility":true}],"id":1671889258},{"name":"Do you own our tool kit? (A1, A2, A3, A4 & A5)","type":"multiple_choice","position":0,"required":true,"title_format":"heading","default":"","description_enable":false,"description":"","placeholder_enable":false,"placeholder":"","display":"radiobutton","restrictions_type":"any_text","adjust_price":false,"price":"","price_type":"flat_fee","restrictions":false,"min":"0","max":"0","options":[{"label":"Yes","price":"0","price_type":"flat_fee","image":0,"visibility":true},{"label":"No","price":"399","price_type":"flat_fee","image":0,"visibility":true}]}],"_links":{"self":[{"href":"https:\/\/advancedsofttissuerelease.com\/de\/wp-json\/wp\/v2\/product\/10108","targetHints":{"allow":["GET"]}}],"collection":[{"href":"https:\/\/advancedsofttissuerelease.com\/de\/wp-json\/wp\/v2\/product"}],"about":[{"href":"https:\/\/advancedsofttissuerelease.com\/de\/wp-json\/wp\/v2\/types\/product"}],"version-history":[{"count":0,"href":"https:\/\/advancedsofttissuerelease.com\/de\/wp-json\/wp\/v2\/product\/10108\/revisions"}],"wp:featuredmedia":[{"embeddable":true,"href":"https:\/\/advancedsofttissuerelease.com\/de\/wp-json\/wp\/v2\/media\/41492"}],"wp:attachment":[{"href":"https:\/\/advancedsofttissuerelease.com\/de\/wp-json\/wp\/v2\/media?parent=10108"}],"wp:term":[{"taxonomy":"product_brand","embeddable":true,"href":"https:\/\/advancedsofttissuerelease.com\/de\/wp-json\/wp\/v2\/product_brand?post=10108"},{"taxonomy":"product_cat","embeddable":true,"href":"https:\/\/advancedsofttissuerelease.com\/de\/wp-json\/wp\/v2\/product_cat?post=10108"},{"taxonomy":"product_tag","embeddable":true,"href":"https:\/\/advancedsofttissuerelease.com\/de\/wp-json\/wp\/v2\/product_tag?post=10108"},{"taxonomy":"woo-feed-brand","embeddable":true,"href":"https:\/\/advancedsofttissuerelease.com\/de\/wp-json\/wp\/v2\/woo-feed-brand?post=10108"}],"curies":[{"name":"wp","href":"https:\/\/api.w.org\/{rel}","templated":true}]}}