{"id":10110,"date":"2020-03-07T17:21:54","date_gmt":"2020-03-08T00:21:54","guid":{"rendered":"https:\/\/advancedsofttissuerelease.com\/?post_type=product&#038;p=10110"},"modified":"2025-09-22T22:05:23","modified_gmt":"2025-09-23T02:05:23","slug":"chronic-mudigkeits-kit-2","status":"publish","type":"product","link":"https:\/\/advancedsofttissuerelease.com\/de\/product\/chronic-fatigue-kit\/","title":{"rendered":"Bausatz Chronische M\u00fcdigkeit"},"content":{"rendered":"<h1><span style=\"font-size: 12pt; color: #333333;\"><strong>Supplement-Kit f\u00fcr chronische M\u00fcdigkeit<\/strong><\/span><\/h1>\n<p><span style=\"color: #333333;\">In diesem Schritt-f\u00fcr-Schritt-Programm zeigt Ihnen Dr. Jacobs, wie Sie M\u00fcdigkeit schnell und effektiv reduzieren k\u00f6nnen, indem Sie die entz\u00fcndungshemmende Di\u00e4t von ASTR mit unserem Supplement-Kit f\u00fcr chronische M\u00fcdigkeit umsetzen. Wenn Sie unter kurzfristiger oder chronischer M\u00fcdigkeit leiden, wird dieses Kit Ihre Reise zu mehr Energie ankurbeln!<\/span><\/p>\n<p><span style=\"color: #333333;\"><strong>Supplement-Kit f\u00fcr chronische M\u00fcdigkeit beinhaltet<\/strong><\/span><\/p>\n<ol>\n<li><span style=\"color: #333333;\">B Aktiv<\/span><\/li>\n<li><span style=\"color: #333333;\">Magnesium Aktiv<\/span><\/li>\n<li><span style=\"color: #333333;\">Coq 10 aktiv<\/span><\/li>\n<li><span style=\"color: #333333;\">Vitamin C &amp; Bioflavonoide\u00a0<\/span><\/li>\n<li>Jod aktiv<\/li>\n<li><span style=\"color: #333333;\">ASTR diet, including recipes<\/span><\/li>\n<\/ol>\n<p><span style=\"color: #0000ff;\"><a style=\"color: #0000ff;\" href=\"https:\/\/advancedsofttissuerelease.com\/de\/produkt\/b-aktiv-2\/\"><strong>B Aktiv &gt;<\/strong><\/a><\/span><\/p>\n<ul>\n<li><span style=\"color: #333333;\">Unterst\u00fctzt den Kohlenhydratstoffwechsel<\/span><\/li>\n<li><span style=\"color: #333333;\">Unterst\u00fctzt die Funktion des Nervensystems<\/span><\/li>\n<li><span style=\"color: #333333;\">Unterst\u00fctzt die Funktion des Nebennierensystems<\/span><\/li>\n<li><span style=\"color: #333333;\">Unterst\u00fctzt die Funktion des Immunsystems<\/span><\/li>\n<li><span style=\"color: #333333;\">Unterst\u00fctzt die kardiovaskul\u00e4re Gesundheit<\/span><\/li>\n<li><span style=\"color: #333333;\">Sch\u00fctzt vor Mangelern\u00e4hrung<\/span><\/li>\n<li><span style=\"color: #333333;\">Sch\u00fctzt vor stressbedingtem N\u00e4hrstoffmangel<\/span><\/li>\n<li><span style=\"color: #333333;\">Unterst\u00fctzt eine gesunde geistige Funktion und Stimmung<\/span><\/li>\n<\/ul>\n<p><span style=\"color: #333333;\">Das aktive Nahrungserg\u00e4nzungsmittel ASTR B unterst\u00fctzt den Kohlenhydratstoffwechsel, die Funktion des Nerven-\/Nebennieren-\/Immunsystems, die kardiovaskul\u00e4re Gesundheit sowie eine gesunde geistige Funktion und Stimmung. B Active enth\u00e4lt das gesamte Spektrum der B-Vitamine; aktivierte Formen von B2, B6 und B12; und Folat.*<\/span><\/p>\n<p><span style=\"color: #0000ff;\"><a style=\"color: #0000ff;\" href=\"https:\/\/advancedsofttissuerelease.com\/de\/produkt\/coq-10-aktiv-2\/\"><strong>CoQ 10 aktiv &gt;<\/strong><\/a><\/span><\/p>\n<ul>\n<li><span style=\"color: #333333;\">Unterst\u00fctzt die nat\u00fcrliche Energiegewinnung<\/span><\/li>\n<li><span style=\"color: #333333;\">Unterst\u00fctzt die Funktion der Mitochondrien<\/span><\/li>\n<li><span style=\"color: #333333;\">Unterst\u00fctzt die Plasma- und Gewebegesundheit<\/span><\/li>\n<li><span style=\"color: #333333;\">Unterst\u00fctzt die Gesundheit und Funktion des Herz-Kreislauf-Systems<\/span><\/li>\n<li><span style=\"color: #333333;\">Unterst\u00fctzt die neuromuskul\u00e4re Gesundheit<\/span><\/li>\n<li><span style=\"color: #333333;\">Unterst\u00fctzt die Funktion des zentralen Nervensystems<\/span><\/li>\n<\/ul>\n<p><span style=\"color: #333333;\">ASTR CoQ 10 Supplement unterst\u00fctzt die nat\u00fcrliche Energieerzeugung und die Gesundheit der Mitochondrien, die gesunde Funktion des Herz-Kreislauf-Systems sowie die Gesundheit des neuromuskul\u00e4ren und zentralen Nervensystems. Es wurde klinisch gezeigt, dass ASTR CoQ 10 f\u00fcr eine optimale Nutzung zur Unterst\u00fctzung von kardiovaskul\u00e4ren und energiebasierten Gesundheitsbed\u00fcrfnissen besser resorbierbar ist.<\/span><\/p>\n<p><span style=\"color: #0000ff;\"><a style=\"color: #0000ff;\" href=\"https:\/\/advancedsofttissuerelease.com\/de\/produkt\/k2-d3-vollstandig-2\/\"><strong><span style=\"font-size: 12pt;\">Magnesium Aktiv &gt;<\/span><\/strong><\/a><\/span><\/p>\n<ul>\n<li><span style=\"color: #333333;\">Bietet 3 Formen von hoch absorbiertem Magnesium<\/span><\/li>\n<li><span style=\"color: #333333;\">Hochkonzentriertes Magnesium zur Herz-Kreislauf-Unterst\u00fctzung<\/span><\/li>\n<li><span style=\"color: #333333;\">Magnesium spielt eine wichtige Rolle bei Hunderten von Stoffwechselaktivit\u00e4ten<\/span><\/li>\n<li><span style=\"color: #333333;\">Helfen Sie dabei, einen gesunden Blutdruck aufrechtzuerhalten<\/span><\/li>\n<li><span style=\"color: #333333;\">Hilft bei der Aufrechterhaltung eines gesunden Glukosespiegels<\/span><\/li>\n<li><span style=\"color: #333333;\">F\u00f6rdert die Energiegewinnung<\/span><\/li>\n<li><span style=\"color: #333333;\">F\u00f6rdert die Muskelentspannung<\/span><\/li>\n<li><span style=\"color: #333333;\">Unterst\u00fctzt die Muskelfunktion<\/span><\/li>\n<li><span style=\"color: #333333;\">Unterst\u00fctzen Sie die Nervenfunktion<\/span><\/li>\n<\/ul>\n<p><a href=\"https:\/\/advancedsofttissuerelease.com\/de\/produkt\/vitamin-c-und-bioflavonoide\/\"><strong><span style=\"color: #0000ff;\">Vitamin C &amp;\u00a0<span style=\"caret-color: #0000ff;\">Bioflavonoide<\/span>\u00a0 &gt;\u00a0<\/span><\/strong><\/a><\/p>\n<ul>\n<li>Hochwirksame Vitamin-C-Formel<\/li>\n<li>Unterst\u00fctzt das Immunsystem<\/li>\n<li>Unterst\u00fctzt antioxidative Systeme<\/li>\n<li>Unterst\u00fctzung der Blutgef\u00e4\u00dfsynthese<\/li>\n<li>Unterst\u00fctzt die Produktion von Kollagen<\/li>\n<li>Unterst\u00fctzt die Produktion von Carnitin<\/li>\n<li>Unterst\u00fctzt die Produktion von Neurotransmittern<\/li>\n<\/ul>\n<p>Vitamin C und Bioflavonoide kombiniert hochwirksames Vitamin C mit einem standardisierten Vollspektrum-Zitrus-Bioflavonoid-Komplex. Sowohl Vitamin C als auch Bioflavonoide wurden umfassend auf ihre Rolle bei der Unterst\u00fctzung der Antioxidans- und Immunfunktion untersucht. Dar\u00fcber hinaus zeigt die Forschung, dass Vitamin C f\u00fcr die Synthese von Kollagen, Neurotransmittern und Carnitin erforderlich ist. Bioflavonoide scheinen einen gesunden Stoffwechsel und eine gesunde Wahrnehmung zu unterst\u00fctzen, indem sie als Zellsignalgeber fungieren.*<\/p>\n<p><span style=\"color: #0000ff;\"><a style=\"color: #0000ff;\" href=\"https:\/\/advancedsofttissuerelease.com\/de\/produkt\/jodaktiv-2\/\"><strong><span style=\"font-size: 12pt;\">Jod aktiv &gt;<\/span><\/strong><\/a><\/span><\/p>\n<ul>\n<li>Unterst\u00fctzt die Gesundheit der Schilddr\u00fcse<\/li>\n<li>Hilft, gesundes Brustgewebe zu erhalten<\/li>\n<li>Unterst\u00fctzt eine gesunde Synthese von Schilddr\u00fcsenhormonen<\/li>\n<li>Reduzieren Sie oxidativen Stress<\/li>\n<li>Unterst\u00fctzt gesunde Augen<\/li>\n<li>Unterst\u00fctzt eine gesunde Magen-Darm-Schleimhaut<\/li>\n<li>Antioxidans<\/li>\n<\/ul>\n<div class=\"page\" title=\"Seite 1\">\n<div class=\"section\">\n<div class=\"layoutArea\">\n<div class=\"column\">\n<p>Jod &amp; Selen-Formel f\u00fcr eine optimale Schilddr\u00fcsenfunktion<\/p>\n<p><span style=\"color: #0000ff;\"><strong style=\"color: #0000ff;\"><span style=\"font-size: 12pt;\"><a style=\"color: #0000ff;\" href=\"https:\/\/advancedsofttissuerelease.com\/de\/produkt\/schmerzlindernde-creme\/\">Schmerzlinderungscreme &gt;<\/a><\/span><\/strong><\/span><\/p>\n<\/div>\n<\/div>\n<\/div>\n<\/div>\n<div class=\"page\" title=\"Seite 1\">\n<div class=\"section\">\n<div class=\"layoutArea\">\n<div class=\"column\">\n<div class=\"page\" title=\"Seite 1\">\n<div class=\"section\">\n<p><strong>F\u00fcr Erwachsene und Kinder<\/strong><\/p>\n<ul>\n<li>Unterst\u00fctzt die Linderung von Muskel- und Gelenkschmerzen<\/li>\n<li>Unterst\u00fctzt die Wundheilung<\/li>\n<li>Unterst\u00fctzt die normale Gesundheit von Haut und N\u00e4geln<\/li>\n<li>Unterst\u00fctzt eine gesunde Entz\u00fcndungsreaktion<\/li>\n<li>Verbessert die Gesundheit des Bewegungsapparates<\/li>\n<li>Bietet Gelenkgesundheit<\/li>\n<li>F\u00f6rdert die Gelenkbewegung<\/li>\n<\/ul>\n<p><strong>Schmerzlindernde Creme wird verwendet f\u00fcr:<\/strong><\/p>\n<ul>\n<li>Schmerzlinderung<\/li>\n<li>Verringern Sie die Entz\u00fcndung<\/li>\n<li>Arthritis<\/li>\n<li>Wundversorgung<\/li>\n<li>Ekzem<\/li>\n<li>Akne<\/li>\n<li>Dermatitis<\/li>\n<li>Schuppenflechte<\/li>\n<\/ul>\n<\/div>\n<\/div>\n<\/div>\n<\/div>\n<\/div>\n<\/div>\n<p style=\"text-align: center;\"><span style=\"font-size: 8pt; color: #333333;\">*Diese Aussagen wurden nicht von der Food and Drug Administration bewertet. Dieses Produkt ist nicht zur Diagnose, Behandlung, Heilung oder Vorbeugung von Krankheiten bestimmt.\u00a0<\/span><\/p>","protected":false},"excerpt":{"rendered":"<p><span class=\"\">Schritt-f\u00fcr-Schritt-Programm mit Tipps zur Linderung von M\u00fcdigkeit,\u00a0<\/span><span class=\"\">Ern\u00e4hrungsplan, <\/span><span class=\"\">Rezepte, Einkaufslisten und Nahrungserg\u00e4nzungsmittel, die Ihnen helfen, die Ursache Ihrer zugrunde liegenden Gesundheitsprobleme anzugehen.<\/span><\/p>","protected":false},"featured_media":47789,"template":"","meta":{"_analytify_skip_tracking":false},"product_brand":[],"product_cat":[1782],"product_tag":[1799,1790,1800,604,2345,1792],"woo-feed-brand":[],"class_list":{"0":"post-10110","1":"product","2":"type-product","3":"status-publish","4":"has-post-thumbnail","6":"product_cat-health-supplement-kits","7":"product_tag-b-complex","8":"product_tag-c-active","9":"product_tag-chronic-fatigue-supplements","10":"product_tag-coq-10","11":"product_tag-fatigue-vitamins","12":"product_tag-magnesium-active","13":"product_shipping_class-regular-shipping","15":"first","16":"instock","17":"sale","18":"taxable","19":"shipping-taxable","20":"purchasable","21":"product-type-simple"},"exclude_global_add_ons":false,"addons":[{"name":"Schmerzlinderungscreme gegen Schmerzen, Entz\u00fcndungen und zur Beschleunigung der Heilung","type":"checkbox","position":0,"required":false,"title_format":"heading","default":"","description_enable":false,"description":"","placeholder_enable":false,"placeholder":"","display":"select","restrictions_type":"any_text","adjust_price":false,"price":"","price_type":"flat_fee","restrictions":false,"min":"0","max":"0","options":[{"label":"Yes (save $10)","price":"49","price_type":"flat_fee","image":0,"visibility":true},{"label":"No","price":"","price_type":"flat_fee","image":0,"visibility":true}],"id":1724186133},{"name":"Do you own our tool kit? (A1, A2, A3, A4 & A5)","type":"multiple_choice","position":0,"required":true,"title_format":"heading","default":"","description_enable":false,"description":"","placeholder_enable":false,"placeholder":"","display":"radiobutton","restrictions_type":"any_text","adjust_price":false,"price":"","price_type":"flat_fee","restrictions":false,"min":"0","max":"0","options":[{"label":"Yes","price":"0","price_type":"flat_fee","image":0,"visibility":true},{"label":"No","price":"399","price_type":"flat_fee","image":0,"visibility":true}]}],"_links":{"self":[{"href":"https:\/\/advancedsofttissuerelease.com\/de\/wp-json\/wp\/v2\/product\/10110","targetHints":{"allow":["GET"]}}],"collection":[{"href":"https:\/\/advancedsofttissuerelease.com\/de\/wp-json\/wp\/v2\/product"}],"about":[{"href":"https:\/\/advancedsofttissuerelease.com\/de\/wp-json\/wp\/v2\/types\/product"}],"version-history":[{"count":0,"href":"https:\/\/advancedsofttissuerelease.com\/de\/wp-json\/wp\/v2\/product\/10110\/revisions"}],"wp:featuredmedia":[{"embeddable":true,"href":"https:\/\/advancedsofttissuerelease.com\/de\/wp-json\/wp\/v2\/media\/47789"}],"wp:attachment":[{"href":"https:\/\/advancedsofttissuerelease.com\/de\/wp-json\/wp\/v2\/media?parent=10110"}],"wp:term":[{"taxonomy":"product_brand","embeddable":true,"href":"https:\/\/advancedsofttissuerelease.com\/de\/wp-json\/wp\/v2\/product_brand?post=10110"},{"taxonomy":"product_cat","embeddable":true,"href":"https:\/\/advancedsofttissuerelease.com\/de\/wp-json\/wp\/v2\/product_cat?post=10110"},{"taxonomy":"product_tag","embeddable":true,"href":"https:\/\/advancedsofttissuerelease.com\/de\/wp-json\/wp\/v2\/product_tag?post=10110"},{"taxonomy":"woo-feed-brand","embeddable":true,"href":"https:\/\/advancedsofttissuerelease.com\/de\/wp-json\/wp\/v2\/woo-feed-brand?post=10110"}],"curies":[{"name":"wp","href":"https:\/\/api.w.org\/{rel}","templated":true}]}}