{"id":10119,"date":"2020-03-07T19:02:33","date_gmt":"2020-03-08T03:02:33","guid":{"rendered":"https:\/\/advancedsofttissuerelease.com\/?post_type=product&#038;p=10119"},"modified":"2025-09-23T20:11:35","modified_gmt":"2025-09-24T00:11:35","slug":"blutdruck-cholesterin-2","status":"publish","type":"product","link":"https:\/\/advancedsofttissuerelease.com\/de\/product\/blood-pressure-cholesterol\/","title":{"rendered":"Blutdruck- und Cholesterin-Kit"},"content":{"rendered":"<h1><span style=\"font-size: 12pt; color: #333333;\"><strong>Erg\u00e4nzungskit f\u00fcr Blutdruck und Cholesterin<\/strong><\/span><\/h1>\n<p><span style=\"color: #333333;\">In diesem Schritt-f\u00fcr-Schritt-Programm zeigt Ihnen Dr. Jacobs, wie Sie den Blutdruck und den Cholesterinspiegel schnell und effektiv senken k\u00f6nnen, indem Sie die entz\u00fcndungshemmende Di\u00e4t von ASTR mit unserem Blutdruck- und Cholesterin-Erg\u00e4nzungskit umsetzen. Wenn Sie unter kurzfristigem oder chronischem Bluthochdruck oder Cholesterinspiegel leiden, wird dieses Kit Ihre Reise beginnen, um Ihren Blutdruck und Cholesterinspiegel auf nat\u00fcrliche und effektive Weise zu senken!<\/span><\/p>\n<p><span style=\"color: #333333;\"><strong>Blutdruck- und Cholesterin-Erg\u00e4nzungskit beinhaltet<\/strong><\/span><\/p>\n<ol>\n<li><span style=\"color: #333333;\">B Aktiv<\/span><\/li>\n<li><span style=\"color: #333333;\">Magnesium Aktiv<\/span><\/li>\n<li><span style=\"color: #333333;\">K2 &amp; D3 abgeschlossen<\/span><\/li>\n<li><span style=\"color: #333333;\">CoQ 10 Aktiv<\/span><\/li>\n<li>Omega-Aktiv<\/li>\n<li><span style=\"color: #333333;\">Niacin<\/span><\/li>\n<li><span style=\"color: #333333;\">ASTR diet, including recipes<\/span><\/li>\n<\/ol>\n<p><span style=\"color: #0000ff;\"><a style=\"color: #0000ff;\" href=\"https:\/\/advancedsofttissuerelease.com\/de\/produkt\/b-aktiv-2\/\"><strong>B Aktiv &gt;<\/strong><\/a><\/span><\/p>\n<ul>\n<li><span style=\"color: #333333;\">Unterst\u00fctzt den Kohlenhydratstoffwechsel<\/span><\/li>\n<li><span style=\"color: #333333;\">Unterst\u00fctzt die Funktion des Nervensystems<\/span><\/li>\n<li><span style=\"color: #333333;\">Unterst\u00fctzt die Funktion des Nebennierensystems<\/span><\/li>\n<li><span style=\"color: #333333;\">Unterst\u00fctzt die Funktion des Immunsystems<\/span><\/li>\n<li><span style=\"color: #333333;\">Unterst\u00fctzt die kardiovaskul\u00e4re Gesundheit<\/span><\/li>\n<li><span style=\"color: #333333;\">Sch\u00fctzt vor Mangelern\u00e4hrung<\/span><\/li>\n<li><span style=\"color: #333333;\">Sch\u00fctzt vor stressbedingtem N\u00e4hrstoffmangel<\/span><\/li>\n<li><span style=\"color: #333333;\">Unterst\u00fctzt eine gesunde geistige Funktion und Stimmung<\/span><\/li>\n<\/ul>\n<p><span style=\"color: #333333;\">Das aktive Nahrungserg\u00e4nzungsmittel ASTR B unterst\u00fctzt den Kohlenhydratstoffwechsel, die Funktion des Nerven-\/Nebennieren-\/Immunsystems, die kardiovaskul\u00e4re Gesundheit sowie eine gesunde geistige Funktion und Stimmung. B Active enth\u00e4lt das gesamte Spektrum der B-Vitamine; aktivierte Formen von B2, B6 und B12; und Folat.*<\/span><\/p>\n<p><span style=\"color: #0000ff;\"><a style=\"color: #0000ff;\" href=\"https:\/\/advancedsofttissuerelease.com\/de\/produkt\/magnesium-aktiv-2\/\"><strong><span style=\"font-size: 12pt;\">Magnesium Aktiv &gt;<\/span><\/strong><\/a><\/span><\/p>\n<ul>\n<li><span style=\"color: #333333;\">Bietet 3 Formen von hoch absorbiertem Magnesium<\/span><\/li>\n<li><span style=\"color: #333333;\">Hochkonzentriertes Magnesium zur Herz-Kreislauf-Unterst\u00fctzung<\/span><\/li>\n<li><span style=\"color: #333333;\">Magnesium spielt eine wichtige Rolle bei Hunderten von Stoffwechselaktivit\u00e4ten<\/span><\/li>\n<li><span style=\"color: #333333;\">Helfen Sie dabei, einen gesunden Blutdruck aufrechtzuerhalten<\/span><\/li>\n<li><span style=\"color: #333333;\">Hilft bei der Aufrechterhaltung eines gesunden Glukosespiegels<\/span><\/li>\n<li><span style=\"color: #333333;\">F\u00f6rdert die Energiegewinnung<\/span><\/li>\n<li><span style=\"color: #333333;\">F\u00f6rdert die Muskelentspannung<\/span><\/li>\n<li><span style=\"color: #333333;\">Unterst\u00fctzt die Muskelfunktion<\/span><\/li>\n<li><span style=\"color: #333333;\">Unterst\u00fctzen Sie die Nervenfunktion<\/span><\/li>\n<\/ul>\n<p><span style=\"color: #0000ff;\"><a style=\"color: #0000ff;\" href=\"https:\/\/advancedsofttissuerelease.com\/de\/produkt\/omega-aktiv-2\/\"><strong><span style=\"font-size: 12pt;\">Omega-Aktiv &gt;<\/span><\/strong><\/a><\/span><\/p>\n<ul>\n<li>Unterst\u00fctzt die kardiovaskul\u00e4re Gesundheit<\/li>\n<li>Unterst\u00fctzt den Blutzuckerstoffwechsel<\/li>\n<li>Unterst\u00fctzt die kognitive Funktion<\/li>\n<li>Unterst\u00fctzt die kognitive Entwicklung<\/li>\n<li>Unterst\u00fctzt gesunde Haut<\/li>\n<li>Unterst\u00fctzt gesunde Gelenke<\/li>\n<li>Unterst\u00fctzt gesundes Bindegewebe<\/li>\n<li>Erh\u00f6ht die Seh- und Augengesundheit<\/li>\n<li>H\u00e4lt ein normales Entz\u00fcndungsgleichgewicht aufrecht<\/li>\n<\/ul>\n<p><span style=\"color: #0000ff;\"><a style=\"color: #0000ff;\" href=\"https:\/\/advancedsofttissuerelease.com\/de\/produkt\/niacin-verzogerte-freisetzung-2\/\"><strong>Niacin Active &gt;<\/strong><\/a><\/span><\/p>\n<ul>\n<li><span style=\"color: #333333;\">Unterst\u00fctzt gesunde Blutfette<\/span><\/li>\n<li><span style=\"color: #333333;\">Unterst\u00fctzt die Gesundheit von High-Density-Liporprotein-Cholesterin (HDL)<\/span><\/li>\n<li><span style=\"color: #333333;\">Time-Release-Formel, die in sieben bis acht Stunden vollst\u00e4ndig ist<\/span><\/li>\n<li><span style=\"color: #333333;\">Unterst\u00fctzt normale Karotis-Intima-Media-Dicke (CIMT)<\/span><\/li>\n<li><span style=\"color: #333333;\">Hat im Vergleich zu Niacin mit sofortiger Freisetzung einen geringeren Flush-Effekt<\/span><\/li>\n<\/ul>\n<p><span style=\"color: #0000ff;\"><a style=\"color: #0000ff;\" href=\"https:\/\/advancedsofttissuerelease.com\/de\/produkt\/k2-d3-vollstandig-2\/\"><strong>K2 &amp; D3 komplett &gt;<\/strong><\/a><\/span><\/p>\n<ul>\n<li><span style=\"color: #333333;\">Unterst\u00fctzt eine gesunde Durchblutung<\/span><\/li>\n<li><span style=\"color: #333333;\">F\u00f6rdert eine optimale Knochengesundheit<\/span><\/li>\n<li><span style=\"color: #333333;\">F\u00f6rdert die richtige Kalziumspeicherung<\/span><\/li>\n<li><span style=\"color: #333333;\">Beh\u00e4lt eine gesunde kardiometabolische Funktion bei<\/span><\/li>\n<li><span style=\"color: #333333;\">Unterst\u00fctzt die arterielle Elastizit\u00e4t<\/span><\/li>\n<li><span style=\"color: #333333;\">St\u00e4rkt die Immunfunktion<\/span><\/li>\n<li><span style=\"color: #333333;\">Unterst\u00fctzt einen gesunden Kalziumhaushalt<\/span><\/li>\n<li><span style=\"color: #333333;\">Unterst\u00fctzt den Blutzuckerhaushalt<\/span><\/li>\n<\/ul>\n<div class=\"page\" title=\"Seite 1\">\n<div class=\"section\">\n<div class=\"layoutArea\">\n<div class=\"column\">\n<p><span style=\"color: #333333;\">Aktuelle Forschungen haben ergeben, dass eine hochkonzentrierte K2-Supplementierung von 180 mcg\/Tag im Vergleich zu einer niedriger dosierten Supplementierung zu verbesserten klinischen Ergebnissen f\u00fchrt*. K2 &amp; D3 Complete liefert 180 mcg MenaQ7\u00ae PRO, die am besten untersuchte Form von Vitamin K2 als MK-7, zusammen mit 5.000 IE Vitamin D3 zur optimalen Unterst\u00fctzung der Knochen- und Herz-Kreislauf-Gesundheit.<\/span><\/p>\n<p><span style=\"color: #0000ff;\"><a style=\"color: #0000ff;\" href=\"https:\/\/advancedsofttissuerelease.com\/de\/produkt\/coq-10-aktiv-2\/\"><strong>CoQ 10 aktiv &gt;<\/strong><\/a><\/span><\/p>\n<ul>\n<li><span style=\"color: #333333;\">Unterst\u00fctzt die nat\u00fcrliche Energiegewinnung<\/span><\/li>\n<li><span style=\"color: #333333;\">Unterst\u00fctzt die Funktion der Mitochondrien<\/span><\/li>\n<li><span style=\"color: #333333;\">Unterst\u00fctzt die Plasma- und Gewebegesundheit<\/span><\/li>\n<li><span style=\"color: #333333;\">Unterst\u00fctzt die Gesundheit und Funktion des Herz-Kreislauf-Systems<\/span><\/li>\n<li><span style=\"color: #333333;\">Unterst\u00fctzt die neuromuskul\u00e4re Gesundheit<\/span><\/li>\n<li><span style=\"color: #333333;\">Unterst\u00fctzt die Funktion des zentralen Nervensystems<\/span><\/li>\n<\/ul>\n<p><span style=\"color: #333333;\">ASTR CoQ 10 Supplement unterst\u00fctzt die nat\u00fcrliche Energieerzeugung und die Gesundheit der Mitochondrien, die gesunde Funktion des Herz-Kreislauf-Systems sowie die Gesundheit des neuromuskul\u00e4ren und zentralen Nervensystems. ASTR CoQ 10 hat sich klinisch als besser resorbierbar erwiesen, um eine optimale Nutzung zur Unterst\u00fctzung von kardiovaskul\u00e4ren und energiebasierten Gesundheitsbed\u00fcrfnissen zu erreichen.*<\/span><\/p>\n<\/div>\n<\/div>\n<\/div>\n<\/div>\n<p style=\"text-align: center;\"><span style=\"font-size: 8pt; color: #333333;\">*Diese Aussagen wurden nicht von der Food and Drug Administration bewertet. Dieses Produkt ist nicht zur Diagnose, Behandlung, Heilung oder Vorbeugung von Krankheiten bestimmt.\u00a0<\/span><\/p>","protected":false},"excerpt":{"rendered":"<p><span class=\"\">Schritt-f\u00fcr-Schritt-Programm mit Blutdruck- und Cholesterin-Gesundheitstipps,\u00a0<\/span><span class=\"\">Ern\u00e4hrungsplan, <\/span><span class=\"\">Rezepte, Einkaufslisten und Nahrungserg\u00e4nzungsmittel, die Ihnen helfen, die Ursache Ihrer zugrunde liegenden Gesundheitsprobleme anzugehen.<\/span><\/p>","protected":false},"featured_media":36741,"template":"","meta":{"_analytify_skip_tracking":false},"product_brand":[],"product_cat":[1782],"product_tag":[1799,1830,604,1809,1808,1792,1831,1408],"woo-feed-brand":[],"class_list":{"0":"post-10119","1":"product","2":"type-product","3":"status-publish","4":"has-post-thumbnail","6":"product_cat-health-supplement-kits","7":"product_tag-b-complex","8":"product_tag-blood-pressure-cholesterol-supplements","9":"product_tag-coq-10","10":"product_tag-d3-vitamin","11":"product_tag-k2-vitamin","12":"product_tag-magnesium-active","13":"product_tag-niacin","14":"product_tag-omega-3","15":"product_shipping_class-regular-shipping","17":"first","18":"instock","19":"sale","20":"taxable","21":"shipping-taxable","22":"purchasable","23":"product-type-simple"},"exclude_global_add_ons":[],"addons":[],"_links":{"self":[{"href":"https:\/\/advancedsofttissuerelease.com\/de\/wp-json\/wp\/v2\/product\/10119","targetHints":{"allow":["GET"]}}],"collection":[{"href":"https:\/\/advancedsofttissuerelease.com\/de\/wp-json\/wp\/v2\/product"}],"about":[{"href":"https:\/\/advancedsofttissuerelease.com\/de\/wp-json\/wp\/v2\/types\/product"}],"version-history":[{"count":0,"href":"https:\/\/advancedsofttissuerelease.com\/de\/wp-json\/wp\/v2\/product\/10119\/revisions"}],"wp:featuredmedia":[{"embeddable":true,"href":"https:\/\/advancedsofttissuerelease.com\/de\/wp-json\/wp\/v2\/media\/36741"}],"wp:attachment":[{"href":"https:\/\/advancedsofttissuerelease.com\/de\/wp-json\/wp\/v2\/media?parent=10119"}],"wp:term":[{"taxonomy":"product_brand","embeddable":true,"href":"https:\/\/advancedsofttissuerelease.com\/de\/wp-json\/wp\/v2\/product_brand?post=10119"},{"taxonomy":"product_cat","embeddable":true,"href":"https:\/\/advancedsofttissuerelease.com\/de\/wp-json\/wp\/v2\/product_cat?post=10119"},{"taxonomy":"product_tag","embeddable":true,"href":"https:\/\/advancedsofttissuerelease.com\/de\/wp-json\/wp\/v2\/product_tag?post=10119"},{"taxonomy":"woo-feed-brand","embeddable":true,"href":"https:\/\/advancedsofttissuerelease.com\/de\/wp-json\/wp\/v2\/woo-feed-brand?post=10119"}],"curies":[{"name":"wp","href":"https:\/\/api.w.org\/{rel}","templated":true}]}}