{"id":10509,"date":"2020-03-16T12:44:48","date_gmt":"2020-03-16T18:44:48","guid":{"rendered":"https:\/\/advancedsofttissuerelease.com\/?post_type=product&#038;p=10509"},"modified":"2025-09-22T22:05:03","modified_gmt":"2025-09-23T02:05:03","slug":"stressabbau-kit-2","status":"publish","type":"product","link":"https:\/\/advancedsofttissuerelease.com\/de\/product\/stress-relief-kit\/","title":{"rendered":"Stressabbau-Kit"},"content":{"rendered":"<h1><span style=\"font-size: 12pt; color: #333333;\"><strong>Erg\u00e4nzungsset zum Stressabbau<\/strong><\/span><\/h1>\n<p>In diesem Schritt-f\u00fcr-Schritt-Programm zeigt Ihnen Dr. Jacobs, wie Sie Stress schnell und effektiv kontrollieren und abbauen k\u00f6nnen, indem Sie die ASTR-Di\u00e4t mit unserem Stressabbau-Erg\u00e4nzungskit umsetzen. Wenn Sie unter kurzfristigem oder chronischem Stress leiden, wird dieses Kit Ihre Reise zu einem stressfreien Leben ankurbeln!<\/p>\n<p><span style=\"color: #333333;\"><strong>Stressabbau-Erg\u00e4nzungskit beinhaltet<\/strong><\/span><\/p>\n<ol>\n<li><span style=\"color: #333333;\">B Aktiv<\/span><\/li>\n<li><span style=\"color: #333333;\">Magnesium Aktiv<\/span><\/li>\n<li>Niacin Retardfreisetzung<\/li>\n<li>Omega-Aktiv<\/li>\n<li>NAC<\/li>\n<li>Vitamin C &amp; Bioflavonoide<\/li>\n<li>Coq 10 aktiv<\/li>\n<li><span style=\"color: #333333;\">ASTR diet, including recipes<\/span><\/li>\n<\/ol>\n<p><span style=\"color: #0000ff;\"><a style=\"color: #0000ff;\" href=\"https:\/\/advancedsofttissuerelease.com\/de\/produkt\/b-aktiv-2\/\"><strong>B Aktiv &gt;<\/strong><\/a><\/span><\/p>\n<ul>\n<li><span style=\"color: #333333;\">Unterst\u00fctzt den Kohlenhydratstoffwechsel<\/span><\/li>\n<li><span style=\"color: #333333;\">Unterst\u00fctzt die Funktion des Nervensystems<\/span><\/li>\n<li><span style=\"color: #333333;\">Unterst\u00fctzt die Funktion des Nebennierensystems<\/span><\/li>\n<li><span style=\"color: #333333;\">Unterst\u00fctzt die Funktion des Immunsystems<\/span><\/li>\n<li><span style=\"color: #333333;\">Unterst\u00fctzt die kardiovaskul\u00e4re Gesundheit<\/span><\/li>\n<li><span style=\"color: #333333;\">Sch\u00fctzt vor Mangelern\u00e4hrung<\/span><\/li>\n<li><span style=\"color: #333333;\">Sch\u00fctzt vor stressbedingtem N\u00e4hrstoffmangel<\/span><\/li>\n<li><span style=\"color: #333333;\">Unterst\u00fctzt eine gesunde geistige Funktion und Stimmung<\/span><\/li>\n<\/ul>\n<p><span style=\"color: #333333;\">Das aktive Nahrungserg\u00e4nzungsmittel ASTR B unterst\u00fctzt den Kohlenhydratstoffwechsel, die Funktion des Nerven-\/Nebennieren-\/Immunsystems, die kardiovaskul\u00e4re Gesundheit sowie eine gesunde geistige Funktion und Stimmung. B Active enth\u00e4lt das gesamte Spektrum der B-Vitamine; aktivierte Formen von B2, B6 und B12; und Folat.*<\/span><\/p>\n<p><span style=\"color: #0000ff;\"><a style=\"color: #0000ff;\" href=\"https:\/\/advancedsofttissuerelease.com\/de\/produkt\/omega-aktiv-2\/\"><strong><span style=\"font-size: 12pt;\">Omega-Aktiv &gt;<\/span><\/strong><\/a><\/span><\/p>\n<ul>\n<li>Unterst\u00fctzt die kardiovaskul\u00e4re Gesundheit<\/li>\n<li>Unterst\u00fctzt den Blutzuckerstoffwechsel<\/li>\n<li>Unterst\u00fctzt die kognitive Funktion<\/li>\n<li>Unterst\u00fctzt die kognitive Entwicklung<\/li>\n<li>Unterst\u00fctzt gesunde Haut<\/li>\n<li>Unterst\u00fctzt gesunde Gelenke<\/li>\n<li>Unterst\u00fctzt gesundes Bindegewebe<\/li>\n<li>Erh\u00f6ht die Seh- und Augengesundheit<\/li>\n<li>H\u00e4lt ein normales Entz\u00fcndungsgleichgewicht aufrecht<\/li>\n<\/ul>\n<p><span style=\"color: #0000ff;\"><a style=\"color: #0000ff;\" href=\"https:\/\/advancedsofttissuerelease.com\/de\/produkt\/niacin-verzogerte-freisetzung-3\/\"><strong>Niacin<\/strong><strong>\u00a0Active &gt;<\/strong><\/a><\/span><\/p>\n<ul>\n<li>Unterst\u00fctzt gesunde Blutfette<\/li>\n<li>Unterst\u00fctzt die Gesundheit von High-Density-Liporprotein-Cholesterin (HDL)<\/li>\n<li>Time-Release-Formel, die in sieben bis acht Stunden vollst\u00e4ndig ist<\/li>\n<li>Unterst\u00fctzt normale Karotis-Intima-Media-Dicke (CIMT)<\/li>\n<li>Hat im Vergleich zu Niacin mit sofortiger Freisetzung einen geringeren Flush-Effekt<\/li>\n<\/ul>\n<p><span style=\"color: #0000ff;\"><a style=\"color: #0000ff;\" href=\"https:\/\/advancedsofttissuerelease.com\/de\/produkt\/magnesium-aktiv-2\/\"><strong>Magnesium Aktiv &gt;<\/strong><\/a><\/span><\/p>\n<ul>\n<li><span style=\"color: #333333;\">Bietet 3 Formen von hoch absorbiertem Magnesium<\/span><\/li>\n<li><span style=\"color: #333333;\">Hochkonzentriertes Magnesium zur Herz-Kreislauf-Unterst\u00fctzung<\/span><\/li>\n<li><span style=\"color: #333333;\">Magnesium spielt eine wichtige Rolle bei Hunderten von Stoffwechselaktivit\u00e4ten<\/span><\/li>\n<li><span style=\"color: #333333;\">Helfen Sie dabei, einen gesunden Blutdruck aufrechtzuerhalten<\/span><\/li>\n<li><span style=\"color: #333333;\">Hilft bei der Aufrechterhaltung eines gesunden Glukosespiegels<\/span><\/li>\n<li><span style=\"color: #333333;\">F\u00f6rdert die Energiegewinnung<\/span><\/li>\n<li><span style=\"color: #333333;\">F\u00f6rdert die Muskelentspannung<\/span><\/li>\n<li><span style=\"color: #333333;\">Unterst\u00fctzt die Muskelfunktion<\/span><\/li>\n<li><span style=\"color: #333333;\">Unterst\u00fctzen Sie die Nervenfunktion<\/span><\/li>\n<\/ul>\n<p><a href=\"https:\/\/advancedsofttissuerelease.com\/de\/produkt\/vitamin-c-und-bioflavonoide\/\"><strong><span style=\"color: #0000ff;\">Vitamin C &amp;\u00a0<span style=\"caret-color: #0000ff;\">Bioflavonoide<\/span>\u00a0 &gt;\u00a0<\/span><\/strong><\/a><\/p>\n<ul>\n<li>Hochwirksame Vitamin-C-Formel<\/li>\n<li>Unterst\u00fctzt das Immunsystem<\/li>\n<li>Unterst\u00fctzt antioxidative Systeme<\/li>\n<li>Unterst\u00fctzung der Blutgef\u00e4\u00dfsynthese<\/li>\n<li>Unterst\u00fctzt die Produktion von Kollagen<\/li>\n<li>Unterst\u00fctzt die Produktion von Carnitin<\/li>\n<li>Unterst\u00fctzt die Produktion von Neurotransmittern<\/li>\n<\/ul>\n<p>Vitamin C und Bioflavonoide kombiniert hochwirksames Vitamin C mit einem standardisierten Vollspektrum-Zitrus-Bioflavonoid-Komplex. Sowohl Vitamin C als auch Bioflavonoide wurden umfassend auf ihre Rolle bei der Unterst\u00fctzung der Antioxidans- und Immunfunktion untersucht. Dar\u00fcber hinaus zeigt die Forschung, dass Vitamin C f\u00fcr die Synthese von Kollagen, Neurotransmittern und Carnitin erforderlich ist. Bioflavonoide scheinen einen gesunden Stoffwechsel und eine gesunde Wahrnehmung zu unterst\u00fctzen, indem sie als Zellsignalgeber fungieren.*<\/p>\n<div class=\"page\" title=\"Seite 1\">\n<div class=\"section\">\n<div class=\"layoutArea\">\n<div class=\"column\">\n<p><span style=\"color: #0000ff;\"><a style=\"color: #0000ff;\" href=\"https:\/\/advancedsofttissuerelease.com\/de\/produkt\/nac-n-acetyl-l-cysteine\/\"><strong>NAK &gt;<\/strong><\/a><\/span><\/p>\n<div class=\"page\" title=\"Seite 1\">\n<div class=\"section\">\n<div class=\"layoutArea\">\n<div class=\"column\">\n<ul>\n<li>Unterst\u00fctzt die Glutathionsynthese<\/li>\n<li>Unterst\u00fctzt die Entgiftung von Umweltgiften und Schadstoffen<\/li>\n<li>Unterst\u00fctzt die antioxidative Aktivit\u00e4t in allen K\u00f6rperzellen<\/li>\n<li>Unterst\u00fctzt eine gesunde Atmungsfunktion<\/li>\n<\/ul>\n<p><a href=\"https:\/\/advancedsofttissuerelease.com\/de\/produkt\/coq-10-aktiv-2\/\"><strong>CoQ 10 aktiv &gt;<\/strong><\/a><\/p>\n<ul>\n<li>Unterst\u00fctzt die nat\u00fcrliche Energiegewinnung<\/li>\n<li>Unterst\u00fctzt die Funktion der Mitochondrien<\/li>\n<li>Unterst\u00fctzt die Plasma- und Gewebegesundheit<\/li>\n<li>Unterst\u00fctzt die Gesundheit und Funktion des Herz-Kreislauf-Systems<\/li>\n<li>Unterst\u00fctzt die neuromuskul\u00e4re Gesundheit<\/li>\n<li>Unterst\u00fctzt die Funktion des zentralen Nervensystems<\/li>\n<\/ul>\n<p>ASTR CoQ 10 Supplement unterst\u00fctzt die nat\u00fcrliche Energieerzeugung und die Gesundheit der Mitochondrien, die gesunde Funktion des Herz-Kreislauf-Systems sowie die Gesundheit des neuromuskul\u00e4ren und zentralen Nervensystems. ASTR CoQ 10 hat sich klinisch als besser resorbierbar erwiesen, um eine optimale Nutzung zur Unterst\u00fctzung von kardiovaskul\u00e4ren und energiebasierten Gesundheitsbed\u00fcrfnissen zu erreichen.*<\/p>\n<\/div>\n<\/div>\n<\/div>\n<\/div>\n<\/div>\n<\/div>\n<\/div>\n<\/div>\n<p style=\"text-align: center;\"><span style=\"font-size: 8pt; color: #333333;\">*Diese Aussagen wurden nicht von der Food and Drug Administration bewertet. Dieses Produkt ist nicht zur Diagnose, Behandlung, Heilung oder Vorbeugung von Krankheiten bestimmt.\u00a0<\/span><\/p>","protected":false},"excerpt":{"rendered":"<p><span class=\"\">Schritt-f\u00fcr-Schritt-Programm mit Tipps zum Stressabbau, Meditation,\u00a0<\/span><span class=\"\">Ern\u00e4hrungsplan, <\/span><span class=\"\">Rezepte, Einkaufslisten und Nahrungserg\u00e4nzungsmittel, die Ihnen helfen, die Ursache Ihrer zugrunde liegenden Gesundheitsprobleme anzugehen.<\/span><\/p>","protected":false},"featured_media":48276,"template":"","meta":{"_analytify_skip_tracking":false},"product_brand":[],"product_cat":[1782],"product_tag":[1934,1799,1935,1792,1933,1831,1883,1884],"woo-feed-brand":[],"class_list":{"0":"post-10509","1":"product","2":"type-product","3":"status-publish","4":"has-post-thumbnail","6":"product_cat-health-supplement-kits","7":"product_tag-anxiety-relief","8":"product_tag-b-complex","9":"product_tag-depression-relief","10":"product_tag-magnesium-active","11":"product_tag-n-acetyl-l-cysteine","12":"product_tag-niacin","13":"product_tag-stress-relief","14":"product_tag-stress-relief-supplements","15":"product_shipping_class-regular-shipping","17":"first","18":"instock","19":"sale","20":"taxable","21":"shipping-taxable","22":"purchasable","23":"product-type-simple"},"exclude_global_add_ons":[],"addons":[],"_links":{"self":[{"href":"https:\/\/advancedsofttissuerelease.com\/de\/wp-json\/wp\/v2\/product\/10509","targetHints":{"allow":["GET"]}}],"collection":[{"href":"https:\/\/advancedsofttissuerelease.com\/de\/wp-json\/wp\/v2\/product"}],"about":[{"href":"https:\/\/advancedsofttissuerelease.com\/de\/wp-json\/wp\/v2\/types\/product"}],"version-history":[{"count":0,"href":"https:\/\/advancedsofttissuerelease.com\/de\/wp-json\/wp\/v2\/product\/10509\/revisions"}],"wp:featuredmedia":[{"embeddable":true,"href":"https:\/\/advancedsofttissuerelease.com\/de\/wp-json\/wp\/v2\/media\/48276"}],"wp:attachment":[{"href":"https:\/\/advancedsofttissuerelease.com\/de\/wp-json\/wp\/v2\/media?parent=10509"}],"wp:term":[{"taxonomy":"product_brand","embeddable":true,"href":"https:\/\/advancedsofttissuerelease.com\/de\/wp-json\/wp\/v2\/product_brand?post=10509"},{"taxonomy":"product_cat","embeddable":true,"href":"https:\/\/advancedsofttissuerelease.com\/de\/wp-json\/wp\/v2\/product_cat?post=10509"},{"taxonomy":"product_tag","embeddable":true,"href":"https:\/\/advancedsofttissuerelease.com\/de\/wp-json\/wp\/v2\/product_tag?post=10509"},{"taxonomy":"woo-feed-brand","embeddable":true,"href":"https:\/\/advancedsofttissuerelease.com\/de\/wp-json\/wp\/v2\/woo-feed-brand?post=10509"}],"curies":[{"name":"wp","href":"https:\/\/api.w.org\/{rel}","templated":true}]}}