{"id":10516,"date":"2020-03-16T13:26:44","date_gmt":"2020-03-16T19:26:44","guid":{"rendered":"https:\/\/advancedsofttissuerelease.com\/?post_type=product&#038;p=10516"},"modified":"2025-09-23T20:00:30","modified_gmt":"2025-09-24T00:00:30","slug":"darm-gesundheits-kit-2","status":"publish","type":"product","link":"https:\/\/advancedsofttissuerelease.com\/de\/product\/gut-health-kit\/","title":{"rendered":"Kit Darmgesundheit"},"content":{"rendered":"<h1><span style=\"font-size: 12pt; color: #333333;\"><strong>Darmgesundheits-Erg\u00e4nzungskit<\/strong><\/span><\/h1>\n<p>In diesem Schritt-f\u00fcr-Schritt-Programm zeigt Ihnen Dr. Jacobs, wie Sie Darmprobleme (Magen-Darm-Probleme) schnell und effektiv reduzieren k\u00f6nnen, indem Sie die entz\u00fcndungshemmende Di\u00e4t von ASTR mit unserem Nahrungserg\u00e4nzungsmittel-Kit f\u00fcr die Darmgesundheit umsetzen. Wenn Sie kurzfristige oder chronische Magen-Darm-Probleme haben, hilft Ihnen dieses Kit, ohne die t\u00e4glichen Beschwerden zu leben, die Sie derzeit erleben!<\/p>\n<p><span style=\"color: #333333;\"><strong>Das Darmgesundheits-Erg\u00e4nzungskit beinhaltet<\/strong><\/span><\/p>\n<ol>\n<li><span style=\"color: #333333;\">GI<\/span><\/li>\n<li><span style=\"color: #333333;\">GI &amp; Immun<\/span><\/li>\n<li>Probiotisch Max<\/li>\n<li>Enzyme<\/li>\n<li><span style=\"color: #333333;\">ASTR diet, including recipes<\/span><\/li>\n<\/ol>\n<p><span style=\"color: #0000ff;\"><strong><a style=\"color: #0000ff;\" href=\"https:\/\/advancedsofttissuerelease.com\/de\/produkt\/gi-2\/\">GI &gt;<\/a><\/strong><\/span><\/p>\n<ul>\n<li>Unterst\u00fctzt die Integrit\u00e4t und optimale Funktion des Magen-Darm-Traktes<\/li>\n<li>Unterst\u00fctzt die Magen-Darm-Schleimhaut<\/li>\n<li>Unterst\u00fctzt das Pr\u00e4biotikum Inulin<\/li>\n<\/ul>\n<p>Das ASTR GI Supplement unterst\u00fctzt die Integrit\u00e4t und optimale Funktion des Magen-Darm-Trakts. GI enth\u00e4lt L-Glutamin, Zink und Pantothens\u00e4ure zur Unterst\u00fctzung der Magen-Darm-Schleimhaut und das Pr\u00e4biotikum Inulin zur Ern\u00e4hrung der Schleimhautzellen. Es enth\u00e4lt auch Aloe-Blattextrakt, der traditionell f\u00fcr eine optimale GI-Funktion verwendet wird.*<\/p>\n<p><span style=\"color: #0000ff;\"><a style=\"color: #0000ff;\" href=\"https:\/\/advancedsofttissuerelease.com\/de\/produkt\/gi-immun-2\/\"><strong>GI &amp; Immun &gt;<\/strong><\/a><\/span><\/p>\n<ul>\n<li>F\u00f6rdert das mikrobielle Gleichgewicht<\/li>\n<li>Hilft, den Magen-Darm-Komfort aufrechtzuerhalten<\/li>\n<li>Unterst\u00fctzt eine gesunde Immunfunktion<\/li>\n<li>Liefert N\u00e4hrstoffe, die den antioxidativen Schutz erh\u00f6hen<\/li>\n<li>Verbessert die Immunfunktion<\/li>\n<li>Unterst\u00fctzt die nat\u00fcrliche Immunantwort<\/li>\n<\/ul>\n<p><span style=\"color: #0000ff;\"><strong><a style=\"color: #0000ff;\" href=\"https:\/\/advancedsofttissuerelease.com\/de\/produkt\/probiotisch-max-2\/\">Probiotic Max \u2013 18 St\u00e4mme&gt;<\/a><\/strong><\/span><\/p>\n<ul>\n<li>Unterst\u00fctzt eine gesunde Mikrobiota<\/li>\n<li>Unterst\u00fctzt die nat\u00fcrliche Immunantwort<\/li>\n<li>Unterst\u00fctzt die Laktoseverdauung<\/li>\n<li>Unterst\u00fctzt die Darmt\u00e4tigkeit<\/li>\n<li>Unterst\u00fctzt ein gesundes Darmmikrobiom<\/li>\n<li>Ausgew\u00e4hlt f\u00fcr seine Lebensf\u00e4higkeit und Stabilit\u00e4t<\/li>\n<\/ul>\n<p>Das ASTR Probiotic Max Supplement unterst\u00fctzt eine gesunde Mikrobiota, die nat\u00fcrliche Immunantwort, die Laktoseverdauung und die Regelm\u00e4\u00dfigkeit des Darms. Probiotic Max Strain enth\u00e4lt verschiedene probiotische St\u00e4mme zur Unterst\u00fctzung eines gesunden Darmmikrobioms. Diese St\u00e4mme wurden nicht nur aufgrund ihrer gesundheitlichen Vorteile und erg\u00e4nzenden Wirkungen ausgew\u00e4hlt, sondern auch aufgrund ihrer Lebensf\u00e4higkeit und Stabilit\u00e4t. Um die Bakterien vor Licht und Feuchtigkeit zu sch\u00fctzen, werden f\u00fcr beide Formeln lichtundurchl\u00e4ssige und mit Folie ausgekleidete Verpackungen verwendet.*<\/p>\n<p><span style=\"color: #0000ff;\"><a style=\"color: #0000ff;\" href=\"https:\/\/advancedsofttissuerelease.com\/de\/produkt\/enzyme-2\/\"><strong>Enzyme &gt;<\/strong><\/a><\/span><\/p>\n<ul>\n<li>Unterst\u00fctzt eine gesunde Verdauung von Makron\u00e4hrstoffen<\/li>\n<li>Verbessert die N\u00e4hrstoffaufnahme<\/li>\n<li>Unterst\u00fctzt den Abbau von Polysacchariden<\/li>\n<li>Unterst\u00fctzt die Funktion der Bauchspeicheldr\u00fcse<\/li>\n<li>Unterst\u00fctzt den Abbau von Laktose<\/li>\n<\/ul>\n<p>Die ASTR Enzymes Supplements unterst\u00fctzen sowohl eine gesunde Verdauung als auch die Aufnahme von Makron\u00e4hrstoffen. Enzyme wurde entwickelt, um die Verdauung von Fett, Eiwei\u00df, Kohlenhydraten, Ballaststoffen und Laktose zu unterst\u00fctzen. ASTR hat Enzyme entwickelt, die eine Vielzahl verschiedener wichtiger Verdauungsenzyme verwenden, um in einem breiten pH-Bereich zu funktionieren.*<\/p>\n<p><strong>BEINHALTET NICHT:<\/strong>\u00a0 Gluten, k\u00fcnstliche Farbstoffe, k\u00fcnstliche Konservierungsstoffe oder k\u00fcnstliche S\u00fc\u00dfstoffe.<\/p>\n<p style=\"text-align: center;\"><span style=\"font-size: 8pt; color: #333333;\">*Diese Aussagen wurden nicht von der Food and Drug Administration bewertet. Dieses Produkt ist nicht zur Diagnose, Behandlung, Heilung oder Vorbeugung von Krankheiten bestimmt.\u00a0<\/span><\/p>","protected":false},"excerpt":{"rendered":"<p><span class=\"\">Schritt-f\u00fcr-Schritt-Programm mit Tipps zur Darmgesundheit,\u00a0<\/span><span class=\"\">Ern\u00e4hrungsplan, <\/span><span class=\"\">Rezepte, Einkaufslisten und Nahrungserg\u00e4nzungsmittel, die Ihnen helfen, die Ursache Ihrer zugrunde liegenden Gesundheitsprobleme anzugehen.<\/span><\/p>","protected":false},"featured_media":37354,"template":"","meta":{"_analytify_skip_tracking":false},"product_brand":[],"product_cat":[1782],"product_tag":[644,1898,662,1895,1896,1897],"woo-feed-brand":[],"class_list":{"0":"post-10516","1":"product","2":"type-product","3":"status-publish","4":"has-post-thumbnail","6":"product_cat-health-supplement-kits","7":"product_tag-enzymes","8":"product_tag-fiber","9":"product_tag-gi","10":"product_tag-gut-supplements","11":"product_tag-leaky-gut-supplements","12":"product_tag-probiotics","13":"product_shipping_class-regular-shipping","15":"first","16":"instock","17":"sale","18":"taxable","19":"shipping-taxable","20":"purchasable","21":"product-type-simple"},"exclude_global_add_ons":[],"addons":[],"_links":{"self":[{"href":"https:\/\/advancedsofttissuerelease.com\/de\/wp-json\/wp\/v2\/product\/10516","targetHints":{"allow":["GET"]}}],"collection":[{"href":"https:\/\/advancedsofttissuerelease.com\/de\/wp-json\/wp\/v2\/product"}],"about":[{"href":"https:\/\/advancedsofttissuerelease.com\/de\/wp-json\/wp\/v2\/types\/product"}],"version-history":[{"count":0,"href":"https:\/\/advancedsofttissuerelease.com\/de\/wp-json\/wp\/v2\/product\/10516\/revisions"}],"wp:featuredmedia":[{"embeddable":true,"href":"https:\/\/advancedsofttissuerelease.com\/de\/wp-json\/wp\/v2\/media\/37354"}],"wp:attachment":[{"href":"https:\/\/advancedsofttissuerelease.com\/de\/wp-json\/wp\/v2\/media?parent=10516"}],"wp:term":[{"taxonomy":"product_brand","embeddable":true,"href":"https:\/\/advancedsofttissuerelease.com\/de\/wp-json\/wp\/v2\/product_brand?post=10516"},{"taxonomy":"product_cat","embeddable":true,"href":"https:\/\/advancedsofttissuerelease.com\/de\/wp-json\/wp\/v2\/product_cat?post=10516"},{"taxonomy":"product_tag","embeddable":true,"href":"https:\/\/advancedsofttissuerelease.com\/de\/wp-json\/wp\/v2\/product_tag?post=10516"},{"taxonomy":"woo-feed-brand","embeddable":true,"href":"https:\/\/advancedsofttissuerelease.com\/de\/wp-json\/wp\/v2\/woo-feed-brand?post=10516"}],"curies":[{"name":"wp","href":"https:\/\/api.w.org\/{rel}","templated":true}]}}