{"id":10557,"date":"2020-03-17T11:01:01","date_gmt":"2020-03-17T17:01:01","guid":{"rendered":"https:\/\/advancedsofttissuerelease.com\/?post_type=product&#038;p=10557"},"modified":"2025-09-23T20:43:49","modified_gmt":"2025-09-24T00:43:49","slug":"detox-kit-2","status":"publish","type":"product","link":"https:\/\/advancedsofttissuerelease.com\/de\/product\/detox-kit\/","title":{"rendered":"Detox-Kit"},"content":{"rendered":"<div dir=\"ltr\">\n<h1><strong><span class=\"\" style=\"font-size: 12pt; color: #333333;\">Detox-Erg\u00e4nzungs-Kit<\/span><\/strong><\/h1>\n<p>In diesem Schritt-f\u00fcr-Schritt-Programm zeigt Ihnen Dr. Jacobs, wie Sie die Detox-Di\u00e4t von ASTR mit unserem Detox-Erg\u00e4nzungskit umsetzen, um Giftstoffe aus Ihrem K\u00f6rper zu entfernen. Dr. Jacobs empfiehlt eine Entgiftung ein- oder zweimal im Jahr, um die t\u00e4gliche Belastung mit Giftstoffen wie Pestiziden, Herbiziden, Luftverschmutzung, Wasserverschmutzung, Haushaltschemikalien usw. loszuwerden Dies kann zu Gesundheitsproblemen wie einem Ungleichgewicht des endokrinen Systems, M\u00fcdigkeit, Schlaflosigkeit, Kopfschmerzen, chronischen Schmerzen, st\u00e4ndigen Entz\u00fcndungen usw. f\u00fchren.<\/p>\n<p><span style=\"color: #333333;\"><strong>Entgiftungs-Erg\u00e4nzungs-Kit beinhaltet<\/strong><\/span><\/p>\n<ol>\n<li>Kollagen Aktiv<\/li>\n<li>N-Acetyl-L-Cystein (NAC)<\/li>\n<li>Jod aktiv<\/li>\n<li><span style=\"color: #333333;\">Vitamin C &amp; Bioflavonoide\u00a0<\/span><\/li>\n<li><span style=\"color: #333333;\">ASTR \u00a0diet, including recipes<\/span><\/li>\n<\/ol>\n<p><span style=\"color: #0000ff;\"><a style=\"color: #0000ff;\" href=\"https:\/\/advancedsofttissuerelease.com\/de\/produkt\/kollagenaktiv-2\/\"><strong>Kollagenaktiv &gt;<\/strong><\/a><\/span><\/p>\n<\/div>\n<ul>\n<li>Supports detox process<\/li>\n<li>Unterst\u00fctzt den Prozess der Selbstreparatur des Knorpels<\/li>\n<li>Unterst\u00fctzt den Prozess der Sehnenselbstreparatur<\/li>\n<li>Unterst\u00fctzt den Prozess der Selbstreparatur der B\u00e4nder<\/li>\n<li>Unterst\u00fctzt den Prozess der Faszien-Selbstreparatur<\/li>\n<li>Unterst\u00fctzt gesundes Haar<\/li>\n<li>Unterst\u00fctzt gesunde Haut<\/li>\n<li>Unterst\u00fctzt gesunde N\u00e4gel<\/li>\n<li>Unterst\u00fctzt die Gelenkschmierung<\/li>\n<li>Unterst\u00fctzt die Gelenkd\u00e4mpfung<\/li>\n<li>F\u00f6rdert die Biosynthese des Bindegewebes<\/li>\n<\/ul>\n<p><a href=\"https:\/\/advancedsofttissuerelease.com\/de\/produkt\/nac-n-acetyl-l-cysteine\/\"><span style=\"color: #0000ff;\"><strong>N-Acetyl-L-Cystein (NAC) &gt;<\/strong><\/span><\/a><\/p>\n<div class=\"page\" title=\"Seite 1\">\n<div class=\"section\">\n<div class=\"layoutArea\">\n<div class=\"column\">\n<ul>\n<li>Unterst\u00fctzt die Glutathionsynthese<\/li>\n<li>Unterst\u00fctzt die Entgiftung von Umweltgiften und Schadstoffen<\/li>\n<li>Unterst\u00fctzt die Immunfunktion<\/li>\n<li>Unterst\u00fctzt die Leberfunktion<\/li>\n<li>Unterst\u00fctzt die antioxidative Aktivit\u00e4t in allen K\u00f6rperzellen<\/li>\n<li>Unterst\u00fctzt eine gesunde Atmungsfunktion<\/li>\n<\/ul>\n<p><a href=\"https:\/\/advancedsofttissuerelease.com\/de\/produkt\/vitamin-c-und-bioflavonoide\/\"><strong><span style=\"color: #0000ff;\">Vitamin C &amp;\u00a0<span style=\"caret-color: #0000ff;\">Bioflavonoide<\/span>\u00a0 &gt;\u00a0<\/span><\/strong><\/a><\/p>\n<ul>\n<li>Hochwirksame Vitamin-C-Formel<\/li>\n<li>Unterst\u00fctzt das Immunsystem<\/li>\n<li>Unterst\u00fctzt antioxidative Systeme<\/li>\n<li>Unterst\u00fctzung der Blutgef\u00e4\u00dfsynthese<\/li>\n<li>Unterst\u00fctzt die Produktion von Kollagen<\/li>\n<li>Unterst\u00fctzt die Produktion von Carnitin<\/li>\n<li>Unterst\u00fctzt die Produktion von Neurotransmittern<\/li>\n<\/ul>\n<p>Vitamin C und Bioflavonoide kombiniert hochwirksames Vitamin C mit einem standardisierten Vollspektrum-Zitrus-Bioflavonoid-Komplex. Sowohl Vitamin C als auch Bioflavonoide wurden umfassend auf ihre Rolle bei der Unterst\u00fctzung der Antioxidans- und Immunfunktion untersucht. Dar\u00fcber hinaus zeigt die Forschung, dass Vitamin C f\u00fcr die Synthese von Kollagen, Neurotransmittern und Carnitin erforderlich ist. Bioflavonoide scheinen einen gesunden Stoffwechsel und eine gesunde Wahrnehmung zu unterst\u00fctzen, indem sie als Zellsignalgeber fungieren.*<\/p>\n<\/div>\n<\/div>\n<\/div>\n<\/div>\n<p><span style=\"color: #0000ff;\"><a style=\"color: #0000ff;\" href=\"https:\/\/advancedsofttissuerelease.com\/de\/produkt\/jodaktiv-2\/\"><strong>Jod aktiv &gt;<\/strong><\/a><\/span><\/p>\n<ul>\n<li>Unterst\u00fctzt die Gesundheit der Schilddr\u00fcse<\/li>\n<li>Supports detox process<\/li>\n<li>Hilft, gesundes Brustgewebe zu erhalten<\/li>\n<li>Unterst\u00fctzt eine gesunde Synthese von Schilddr\u00fcsenhormonen<\/li>\n<li>Reduzieren Sie oxidativen Stress<\/li>\n<li>Unterst\u00fctzt gesunde Augen<\/li>\n<li>Unterst\u00fctzt eine gesunde Magen-Darm-Schleimhaut<\/li>\n<li>Antioxidans<\/li>\n<\/ul>\n<p><span style=\"color: #333333;\">Das Nahrungserg\u00e4nzungsmittel ASTR Essential unterst\u00fctzt den antioxidativen Schutz und die Entgiftung und tr\u00e4gt gleichzeitig zur Verbesserung der Gesundheit von Personen mit schlechter Nahrungsaufnahme bei. Das umfassende N\u00e4hrstoffprofil in Essential unterst\u00fctzt grundlegendes Wohlbefinden; antioxidative Aktivit\u00e4t mit den Vitaminen C und E, Selen und Beta-Carotin; und Phase I Entgiftung.*<\/span><\/p>\n<p style=\"text-align: center;\"><span style=\"font-size: 8pt; color: #333333;\">Diese Aussagen wurden nicht von der Food and Drug Administration bewertet. Dieses Produkt ist nicht zur Diagnose, Behandlung, Heilung oder Vorbeugung von Krankheiten bestimmt.<\/span><\/p>","protected":false},"excerpt":{"rendered":"<p><span class=\"\">Schritt-f\u00fcr-Schritt-Programm inklusive Detox-Tipps,\u00a0<\/span><span class=\"\">Ern\u00e4hrungsplan, <\/span><span class=\"\">Rezepte, Einkaufslisten und Nahrungserg\u00e4nzungsmittel, die Ihnen helfen, die Ursache Ihrer zugrunde liegenden Gesundheitsprobleme anzugehen.<\/span><\/p>","protected":false},"featured_media":29581,"template":"","meta":{"_analytify_skip_tracking":false},"product_brand":[],"product_cat":[1782],"product_tag":[1042,1928,1929,1898,529],"woo-feed-brand":[],"class_list":{"0":"post-10557","1":"product","2":"type-product","3":"status-publish","4":"has-post-thumbnail","6":"product_cat-health-supplement-kits","7":"product_tag-detox","8":"product_tag-detox-diet","9":"product_tag-detox-supplements","10":"product_tag-fiber","11":"product_tag-vitamin-c","12":"product_shipping_class-regular-shipping","14":"first","15":"instock","16":"sale","17":"featured","18":"taxable","19":"shipping-taxable","20":"purchasable","21":"product-type-simple"},"exclude_global_add_ons":[],"addons":[],"_links":{"self":[{"href":"https:\/\/advancedsofttissuerelease.com\/de\/wp-json\/wp\/v2\/product\/10557","targetHints":{"allow":["GET"]}}],"collection":[{"href":"https:\/\/advancedsofttissuerelease.com\/de\/wp-json\/wp\/v2\/product"}],"about":[{"href":"https:\/\/advancedsofttissuerelease.com\/de\/wp-json\/wp\/v2\/types\/product"}],"version-history":[{"count":0,"href":"https:\/\/advancedsofttissuerelease.com\/de\/wp-json\/wp\/v2\/product\/10557\/revisions"}],"wp:featuredmedia":[{"embeddable":true,"href":"https:\/\/advancedsofttissuerelease.com\/de\/wp-json\/wp\/v2\/media\/29581"}],"wp:attachment":[{"href":"https:\/\/advancedsofttissuerelease.com\/de\/wp-json\/wp\/v2\/media?parent=10557"}],"wp:term":[{"taxonomy":"product_brand","embeddable":true,"href":"https:\/\/advancedsofttissuerelease.com\/de\/wp-json\/wp\/v2\/product_brand?post=10557"},{"taxonomy":"product_cat","embeddable":true,"href":"https:\/\/advancedsofttissuerelease.com\/de\/wp-json\/wp\/v2\/product_cat?post=10557"},{"taxonomy":"product_tag","embeddable":true,"href":"https:\/\/advancedsofttissuerelease.com\/de\/wp-json\/wp\/v2\/product_tag?post=10557"},{"taxonomy":"woo-feed-brand","embeddable":true,"href":"https:\/\/advancedsofttissuerelease.com\/de\/wp-json\/wp\/v2\/woo-feed-brand?post=10557"}],"curies":[{"name":"wp","href":"https:\/\/api.w.org\/{rel}","templated":true}]}}