{"id":13391,"date":"2020-04-23T16:28:40","date_gmt":"2020-04-23T22:28:40","guid":{"rendered":"https:\/\/advancedsofttissuerelease.com\/?post_type=product&#038;p=13391"},"modified":"2024-10-14T11:50:11","modified_gmt":"2024-10-14T15:50:11","slug":"sinus-relief-kit","status":"publish","type":"product","link":"https:\/\/advancedsofttissuerelease.com\/de\/product\/sinus-relief-kit\/","title":{"rendered":"Sinus Relief Kit"},"content":{"rendered":"<p><span style=\"font-size: 12pt; color: #333333;\"><strong>Sinus Relief Kit<\/strong><\/span><\/p>\n<p><span style=\"color: #333333;\">In diesem Schritt-f\u00fcr-Schritt-Programm zeigt Ihnen Dr. Jacobs, wie Sie die Symptome der Nasennebenh\u00f6hlen schnell und effektiv kontrollieren oder beseitigen k\u00f6nnen, indem Sie die entz\u00fcndungshemmende Di\u00e4t von ASTR mit unserem Supplement-Kit zur Linderung der Nebenh\u00f6hlen anwenden. Wenn Sie kurzfristige oder chronische Nebenh\u00f6hlenprobleme haben, wird dieses Kit Ihre Reise zur Linderung Ihrer Nebenh\u00f6hlenschmerzen ankurbeln!<\/span><\/p>\n<p><span style=\"color: #333333;\"><strong>Sinus Relief Kit beinhaltet<\/strong><\/span><\/p>\n<ol>\n<li><span style=\"color: #333333;\">Probiotisch Max<\/span><\/li>\n<li>Flavonoid\u00a0<span style=\"font-size: 16px;\">Active<\/span><\/li>\n<li>NAC<\/li>\n<li><span style=\"color: #333333;\">K2 &amp; D3 abgeschlossen<\/span><\/li>\n<li>Niacin Active<\/li>\n<li><span style=\"color: #333333;\">Zink Aktiv<\/span><\/li>\n<li><span style=\"color: #333333;\">Entz\u00fcndungshemmende Di\u00e4t, einschlie\u00dflich Rezepte<\/span><\/li>\n<\/ol>\n<p><strong><a href=\"https:\/\/advancedsofttissuerelease.com\/de\/produkt\/probiotisch-max-2\/\">Probiotic Max \u2013 18 St\u00e4mme &gt;<\/a><\/strong><\/p>\n<ul>\n<li>Unterst\u00fctzt eine gesunde Mikrobiota<\/li>\n<li>Unterst\u00fctzt die nat\u00fcrliche Immunantwort<\/li>\n<li>Unterst\u00fctzt die Laktoseverdauung<\/li>\n<li>Unterst\u00fctzt die Darmt\u00e4tigkeit<\/li>\n<li>Unterst\u00fctzt ein gesundes Darmmikrobiom<\/li>\n<li>Ausgew\u00e4hlt f\u00fcr seine Lebensf\u00e4higkeit und Stabilit\u00e4t<\/li>\n<\/ul>\n<div class=\"page\" title=\"Seite 1\">\n<div class=\"section\">\n<div class=\"layoutArea\">\n<div class=\"column\">\n<p><a href=\"https:\/\/advancedsofttissuerelease.com\/de\/produkt\/infla-leichtigkeit-2-4\/\"><strong>Flavonoid Active &gt;\u00a0<\/strong><\/a><\/p>\n<ul>\n<li>Hochwirksame Vitamin-C-Formel<\/li>\n<li>Unterst\u00fctzt das Immunsystem<\/li>\n<li>Unterst\u00fctzt antioxidative Systeme<\/li>\n<li>Unterst\u00fctzung der Blutgef\u00e4\u00dfsynthese<\/li>\n<li>Unterst\u00fctzt die Produktion von Kollagen<\/li>\n<li>Unterst\u00fctzt die Produktion von Neurotransmittern<\/li>\n<\/ul>\n<p>Flavonoid Active combines high-potency vitamin C with a standardized, full-spectrum, citrus bioflavonoid complex. Both vitamin C and bioflavonoids have been extensively researched for their roles in supporting antioxidant and immune function. In addition, research indicates that vitamin C is required for the synthesis of collagen, neurotransmitters, and carnitine. flavonoids appear to support healthy metabolism and cognition by functioning as cell-signaling agents.*<\/p>\n<\/div>\n<p><a href=\"https:\/\/advancedsofttissuerelease.com\/de\/produkt\/nac-n-acetyl-l-cysteine\/\"><strong>N-Acetyl-L-Cystein (NAC) &gt;<\/strong><\/a><\/p>\n<div class=\"page\" title=\"Seite 1\">\n<div class=\"section\">\n<div class=\"layoutArea\">\n<div class=\"column\">\n<ul>\n<li>Unterst\u00fctzt die Glutathionsynthese<\/li>\n<li>Unterst\u00fctzt die Entgiftung von Umweltgiften und Schadstoffen<\/li>\n<li>Unterst\u00fctzt die Immunfunktion<\/li>\n<li>Unterst\u00fctzt die Leberfunktion<\/li>\n<li>Unterst\u00fctzt die antioxidative Aktivit\u00e4t in allen K\u00f6rperzellen<\/li>\n<li>Unterst\u00fctzt eine gesunde Atmungsfunktion<\/li>\n<\/ul>\n<\/div>\n<\/div>\n<\/div>\n<\/div>\n<\/div>\n<\/div>\n<\/div>\n<div class=\"page\" title=\"Seite 2\">\n<div class=\"layoutArea\">\n<div class=\"column\">\n<div class=\"page\" title=\"Seite 1\">\n<div class=\"section\">\n<div class=\"layoutArea\">\n<div class=\"page\" title=\"Seite 1\">\n<div class=\"section\">\n<div class=\"layoutArea\">\n<p><span style=\"color: #0000ff;\"><a style=\"color: #0000ff;\" href=\"https:\/\/advancedsofttissuerelease.com\/de\/produkt\/zink-aktiv-2\/\"><strong>Zink aktiv &gt;<\/strong><\/a><\/span><\/p>\n<ul>\n<li>Unterst\u00fctzt das Immunsystem<\/li>\n<li>Unterst\u00fctzt die neurologische Funktion<\/li>\n<li>Unterst\u00fctzt den N\u00e4hrstoffstoffwechsel<\/li>\n<li>Unterst\u00fctzt die reproduktive Gesundheit<\/li>\n<li>Unterst\u00fctzt das hormonelle Gleichgewicht<\/li>\n<li>Sinneswahrnehmung unterst\u00fctzen<\/li>\n<li>Unterst\u00fctzt die antioxidative Aktivit\u00e4t<\/li>\n<li>Unterst\u00fctzt enzymatische Reaktionen<\/li>\n<li>Unterst\u00fctzt den Eiwei\u00dfstoffwechsel<\/li>\n<\/ul>\n<p><a href=\"https:\/\/advancedsofttissuerelease.com\/de\/produkt\/niacin-verzogerte-freisetzung-2\/\"><strong>Niacin Active &gt;<\/strong><\/a><\/p>\n<ul>\n<li>Unterst\u00fctzt gesunde Blutfette<\/li>\n<li>Unterst\u00fctzt die Gesundheit von High-Density-Liporprotein-Cholesterin (HDL)<\/li>\n<li>Time-Release-Formel, die in sieben bis acht Stunden vollst\u00e4ndig ist<\/li>\n<li>Unterst\u00fctzt normale Karotis-Intima-Media-Dicke (CIMT)<\/li>\n<li>Hat im Vergleich zu Niacin mit sofortiger Freisetzung einen geringeren Flush-Effekt<\/li>\n<\/ul>\n<p><span style=\"color: #0000ff;\"><a style=\"color: #0000ff;\" href=\"https:\/\/advancedsofttissuerelease.com\/de\/produkt\/k2-d3-vollstandig-2\/\"><strong>K2 &amp; D3 komplett &gt;<\/strong><\/a><\/span><\/p>\n<ul>\n<li><span style=\"color: #333333;\">Unterst\u00fctzt eine gesunde Durchblutung<\/span><\/li>\n<li><span style=\"color: #333333;\">F\u00f6rdert eine optimale Knochengesundheit<\/span><\/li>\n<li><span style=\"color: #333333;\">F\u00f6rdert die richtige Kalziumspeicherung<\/span><\/li>\n<li><span style=\"color: #333333;\">Beh\u00e4lt eine gesunde kardiometabolische Funktion bei<\/span><\/li>\n<li><span style=\"color: #333333;\">Unterst\u00fctzt die arterielle Elastizit\u00e4t<\/span><\/li>\n<li><span style=\"color: #333333;\">St\u00e4rkt die Immunfunktion<\/span><\/li>\n<li><span style=\"color: #333333;\">Unterst\u00fctzt einen gesunden Kalziumhaushalt<\/span><\/li>\n<li><span style=\"color: #333333;\">Unterst\u00fctzt den Blutzuckerhaushalt<\/span><\/li>\n<\/ul>\n<p><span style=\"color: #333333;\">Aktuelle Forschungen haben ergeben, dass eine hochkonzentrierte K2-Supplementierung von 180 mcg\/Tag im Vergleich zu einer niedriger dosierten Supplementierung zu verbesserten klinischen Ergebnissen f\u00fchrt*. K2 &amp; D3 Complete liefert 180 mcg MenaQ7\u00ae PRO, die am besten untersuchte Form von Vitamin K2 als MK-7, zusammen mit 5.000 IE Vitamin D3 zur optimalen Unterst\u00fctzung der Knochen- und Herz-Kreislauf-Gesundheit.<\/span><\/p>\n<\/div>\n<\/div>\n<\/div>\n<\/div>\n<\/div>\n<\/div>\n<p><span style=\"color: #333333;\"><strong>Beinhaltet nicht:\u00a0<\/strong>Gluten, Mais, Hefe, k\u00fcnstliche Farb- und Aromastoffe.<\/span><\/p>\n<\/div>\n<\/div>\n<\/div>\n<p style=\"text-align: center;\"><span style=\"font-size: 8pt; color: #333333;\">*Diese Aussagen wurden nicht von der Food and Drug Administration bewertet. Dieses Produkt ist nicht zur Diagnose, Behandlung, Heilung oder Vorbeugung von Krankheiten bestimmt.\u00a0<\/span><\/p>","protected":false},"excerpt":{"rendered":"<p>Schritt-f\u00fcr-Schritt-Programm mit Tipps zur Linderung der Nasennebenh\u00f6hlen, Ern\u00e4hrungsplan, Rezepten, Einkaufslisten und Nahrungserg\u00e4nzungsmitteln, die Ihnen helfen, die Ursache Ihrer zugrunde liegenden Gesundheitsprobleme anzugehen.<\/p>","protected":false},"featured_media":37362,"template":"","meta":{"_analytify_skip_tracking":false},"product_brand":[],"product_cat":[1782],"product_tag":[521,2134,1414,2133,1907],"woo-feed-brand":[],"class_list":{"0":"post-13391","1":"product","2":"type-product","3":"status-publish","4":"has-post-thumbnail","6":"product_cat-health-supplement-kits","7":"product_tag-astr-supplement","8":"product_tag-breakdown-and-clear-mucus","9":"product_tag-immune-support","10":"product_tag-sinus-relief","11":"product_tag-zinc","12":"product_shipping_class-regular-shipping","14":"first","15":"instock","16":"sale","17":"taxable","18":"shipping-taxable","19":"purchasable","20":"product-type-simple"},"exclude_global_add_ons":false,"addons":[{"name":"Schmerzlinderungscreme gegen Schmerzen, Entz\u00fcndungen und zur Beschleunigung der Heilung","type":"checkbox","position":0,"required":true,"title_format":"heading","default":"","description_enable":false,"description":"","placeholder_enable":false,"placeholder":"","display":"radiobutton","restrictions_type":"any_text","adjust_price":false,"price":"","price_type":"flat_fee","restrictions":false,"min":"0","max":"0","options":[{"label":"Yes (save $10)","price":"39","price_type":"flat_fee","image":0,"visibility":true},{"label":"No","price":"","price_type":"flat_fee","image":0,"visibility":true}],"id":1714236870},{"name":"Do you own our tool kit? (A1, A2, A3, A4 & A5)","type":"multiple_choice","position":0,"required":true,"title_format":"heading","default":"","description_enable":false,"description":"","placeholder_enable":false,"placeholder":"","display":"radiobutton","restrictions_type":"any_text","adjust_price":false,"price":"","price_type":"flat_fee","restrictions":false,"min":"0","max":"0","options":[{"label":"Yes","price":"0","price_type":"flat_fee","image":0,"visibility":true},{"label":"No","price":"399","price_type":"flat_fee","image":0,"visibility":true}]}],"_links":{"self":[{"href":"https:\/\/advancedsofttissuerelease.com\/de\/wp-json\/wp\/v2\/product\/13391","targetHints":{"allow":["GET"]}}],"collection":[{"href":"https:\/\/advancedsofttissuerelease.com\/de\/wp-json\/wp\/v2\/product"}],"about":[{"href":"https:\/\/advancedsofttissuerelease.com\/de\/wp-json\/wp\/v2\/types\/product"}],"version-history":[{"count":0,"href":"https:\/\/advancedsofttissuerelease.com\/de\/wp-json\/wp\/v2\/product\/13391\/revisions"}],"wp:featuredmedia":[{"embeddable":true,"href":"https:\/\/advancedsofttissuerelease.com\/de\/wp-json\/wp\/v2\/media\/37362"}],"wp:attachment":[{"href":"https:\/\/advancedsofttissuerelease.com\/de\/wp-json\/wp\/v2\/media?parent=13391"}],"wp:term":[{"taxonomy":"product_brand","embeddable":true,"href":"https:\/\/advancedsofttissuerelease.com\/de\/wp-json\/wp\/v2\/product_brand?post=13391"},{"taxonomy":"product_cat","embeddable":true,"href":"https:\/\/advancedsofttissuerelease.com\/de\/wp-json\/wp\/v2\/product_cat?post=13391"},{"taxonomy":"product_tag","embeddable":true,"href":"https:\/\/advancedsofttissuerelease.com\/de\/wp-json\/wp\/v2\/product_tag?post=13391"},{"taxonomy":"woo-feed-brand","embeddable":true,"href":"https:\/\/advancedsofttissuerelease.com\/de\/wp-json\/wp\/v2\/woo-feed-brand?post=13391"}],"curies":[{"name":"wp","href":"https:\/\/api.w.org\/{rel}","templated":true}]}}