{"id":13751,"date":"2020-05-22T13:20:13","date_gmt":"2020-05-22T19:20:13","guid":{"rendered":"https:\/\/advancedsofttissuerelease.com\/?post_type=product&#038;p=13751"},"modified":"2025-09-23T20:33:35","modified_gmt":"2025-09-24T00:33:35","slug":"wundheilungs-kit-2","status":"publish","type":"product","link":"https:\/\/advancedsofttissuerelease.com\/de\/product\/wound-healing-kit\/","title":{"rendered":"Wundheilungs-Kit"},"content":{"rendered":"<p><span style=\"font-size: 12pt; color: #333333;\"><strong>Wundheilungs-Kit<\/strong><\/span><\/p>\n<p><span style=\"color: #333333;\">In diesem Schritt-f\u00fcr-Schritt-Programm zeigt Ihnen Dr. Jacobs, wie Sie den Heilungsprozess schnell und effektiv beschleunigen k\u00f6nnen, indem Sie die entz\u00fcndungshemmende Di\u00e4t von ASTR mit unserem Wundheilungs-Erg\u00e4nzungskit implementieren. Wenn Sie unter kurzfristigen oder chronischen Wundproblemen leiden, wird dieses Kit Ihre Reise zur Heilung ankurbeln!<\/span><\/p>\n<p><span style=\"color: #333333;\"><strong><span style=\"font-size: 12pt; color: #333333;\">Wundheilung<\/span> Kit beinhaltet<\/strong><\/span><\/p>\n<ol>\n<li>Creme zur Schmerzlinderung<\/li>\n<li>Kollagen Aktiv<\/li>\n<li>Vitamin C &amp; Bioflavonoide<\/li>\n<li><span style=\"color: #333333;\">K2 &amp; D3 abgeschlossen<\/span><\/li>\n<li><span style=\"color: #333333;\">Zink Aktiv<\/span><\/li>\n<li><span style=\"color: #333333;\">ASTR diet, including recipes<\/span><\/li>\n<\/ol>\n<p><strong><a href=\"https:\/\/advancedsofttissuerelease.com\/de\/produkt\/schmerzlindernde-creme\/\">Schmerzlinderungscreme &gt;<\/a><\/strong><\/p>\n<div class=\"page\" title=\"Seite 1\">\n<div class=\"section\">\n<p><strong>F\u00fcr Erwachsene und Kinder<\/strong><\/p>\n<ul>\n<li>Unterst\u00fctzt die Linderung von Muskel- und Gelenkschmerzen<\/li>\n<li>Unterst\u00fctzt die Wundheilung<\/li>\n<li>Unterst\u00fctzt die normale Gesundheit von Haut und N\u00e4geln<\/li>\n<li>Unterst\u00fctzt eine gesunde Entz\u00fcndungsreaktion<\/li>\n<li>Verbessert die Gesundheit des Bewegungsapparates<\/li>\n<li>Bietet Gelenkgesundheit<\/li>\n<li>F\u00f6rdert die Gelenkbewegung<\/li>\n<\/ul>\n<p><strong>Schmerzlinderungscreme wird verwendet f\u00fcr<\/strong><\/p>\n<ul>\n<li>Schmerzlinderung<\/li>\n<li>Verringern Sie die Entz\u00fcndung<\/li>\n<li>Arthritis<\/li>\n<li>Wundversorgung<\/li>\n<li>Ekzem<\/li>\n<li>Akne<\/li>\n<li>Dermatitis<\/li>\n<li>Schuppenflechte<\/li>\n<\/ul>\n<\/div>\n<\/div>\n<div class=\"page\" title=\"Seite 2\">\n<div class=\"layoutArea\">\n<div class=\"column\">\n<div class=\"page\" title=\"Seite 1\">\n<div class=\"section\">\n<div class=\"layoutArea\">\n<div class=\"page\" title=\"Seite 1\">\n<div class=\"section\">\n<div class=\"layoutArea\">\n<p><a href=\"https:\/\/advancedsofttissuerelease.com\/de\/produkt\/kollagenaktiv-2\/\"><strong>Kollagenaktiv &gt;<\/strong><\/a><\/p>\n<ul>\n<li>Unterst\u00fctzt den Prozess der Selbstreparatur des Knorpels<\/li>\n<li>Unterst\u00fctzt den Prozess der Sehnenselbstreparatur<\/li>\n<li>Unterst\u00fctzt den Prozess der Selbstreparatur der B\u00e4nder<\/li>\n<li>Unterst\u00fctzt den Prozess der Faszien-Selbstreparatur<\/li>\n<li>Unterst\u00fctzt gesundes Haar<\/li>\n<li>Unterst\u00fctzt gesunde Haut<\/li>\n<li>Unterst\u00fctzt gesunde N\u00e4gel<\/li>\n<li>Unterst\u00fctzt die Gelenkschmierung<\/li>\n<li>Unterst\u00fctzt die Gelenkd\u00e4mpfung<\/li>\n<li>F\u00f6rdert die Biosynthese des Bindegewebes<\/li>\n<\/ul>\n<div class=\"page\" title=\"Seite 1\">\n<div class=\"section\">\n<div class=\"layoutArea\">\n<div class=\"column\">\n<p>Kollagen ist ein wesentlicher Bestandteil von Haut, Haaren, N\u00e4geln, Gelenken und Bindegewebe. Collagen Aktive Inhaltsstoffe: Vitamin C, Magnesium, Collagen Typ 1, Hyalurons\u00e4ure, Gelatinehydrolysat. Collagen Active unterst\u00fctzt eine gesunde Knorpel-, Sehnen-, B\u00e4nder-, Faszien- und Gelenkfunktion.<\/p>\n<\/div>\n<\/div>\n<\/div>\n<\/div>\n<p><a href=\"https:\/\/advancedsofttissuerelease.com\/de\/produkt\/vitamin-c-und-bioflavonoide\/\"><strong><span style=\"color: #0000ff;\">Vitamin C &amp;\u00a0<span style=\"caret-color: #0000ff;\">Bioflavonoide<\/span>\u00a0 &gt;\u00a0<\/span><\/strong><\/a><\/p>\n<ul>\n<li>Hochwirksame Vitamin-C-Formel<\/li>\n<li>Unterst\u00fctzt das Immunsystem<\/li>\n<li>Unterst\u00fctzt antioxidative Systeme<\/li>\n<li>Unterst\u00fctzung der Blutgef\u00e4\u00dfsynthese<\/li>\n<li>Unterst\u00fctzt die Produktion von Kollagen<\/li>\n<li>Unterst\u00fctzt die Produktion von Carnitin<\/li>\n<li>Unterst\u00fctzt die Produktion von Neurotransmittern<\/li>\n<\/ul>\n<p>Vitamin C und Bioflavonoide kombiniert hochwirksames Vitamin C mit einem standardisierten Vollspektrum-Zitrus-Bioflavonoid-Komplex. Sowohl Vitamin C als auch Bioflavonoide wurden umfassend auf ihre Rolle bei der Unterst\u00fctzung der Antioxidans- und Immunfunktion untersucht. Dar\u00fcber hinaus zeigt die Forschung, dass Vitamin C f\u00fcr die Synthese von Kollagen, Neurotransmittern und Carnitin erforderlich ist. Bioflavonoide scheinen einen gesunden Stoffwechsel und eine gesunde Wahrnehmung zu unterst\u00fctzen, indem sie als Zellsignalgeber fungieren.*<\/p>\n<p><span style=\"color: #0000ff;\"><a style=\"color: #0000ff;\" href=\"https:\/\/advancedsofttissuerelease.com\/de\/produkt\/zink-aktiv-2\/\"><strong>Zink aktiv &gt;<\/strong><\/a><\/span><\/p>\n<ul>\n<li>Unterst\u00fctzt das Immunsystem<\/li>\n<li>Unterst\u00fctzt die neurologische Funktion<\/li>\n<li>Unterst\u00fctzt den N\u00e4hrstoffstoffwechsel<\/li>\n<li>Unterst\u00fctzt die reproduktive Gesundheit<\/li>\n<li>Unterst\u00fctzt das hormonelle Gleichgewicht<\/li>\n<li>Sinneswahrnehmung unterst\u00fctzen<\/li>\n<li>Unterst\u00fctzt die antioxidative Aktivit\u00e4t<\/li>\n<li>Unterst\u00fctzt enzymatische Reaktionen<\/li>\n<li>Unterst\u00fctzt den Eiwei\u00dfstoffwechsel<\/li>\n<\/ul>\n<p><span style=\"color: #0000ff;\"><a style=\"color: #0000ff;\" href=\"https:\/\/advancedsofttissuerelease.com\/de\/produkt\/k2-d3-vollstandig-2\/\"><strong>K2 &amp; D3 komplett &gt;<\/strong><\/a><\/span><\/p>\n<ul>\n<li><span style=\"color: #333333;\">Unterst\u00fctzt eine gesunde Durchblutung<\/span><\/li>\n<li><span style=\"color: #333333;\">F\u00f6rdert eine optimale Knochengesundheit<\/span><\/li>\n<li><span style=\"color: #333333;\">F\u00f6rdert die richtige Kalziumspeicherung<\/span><\/li>\n<li><span style=\"color: #333333;\">Beh\u00e4lt eine gesunde kardiometabolische Funktion bei<\/span><\/li>\n<li><span style=\"color: #333333;\">Unterst\u00fctzt die arterielle Elastizit\u00e4t<\/span><\/li>\n<li><span style=\"color: #333333;\">St\u00e4rkt die Immunfunktion<\/span><\/li>\n<li><span style=\"color: #333333;\">Unterst\u00fctzt einen gesunden Kalziumhaushalt<\/span><\/li>\n<li><span style=\"color: #333333;\">Unterst\u00fctzt den Blutzuckerhaushalt<\/span><\/li>\n<\/ul>\n<p><span style=\"color: #333333;\">Aktuelle Forschungen haben ergeben, dass eine hochkonzentrierte K2-Supplementierung von 180 mcg\/Tag im Vergleich zu einer niedriger dosierten Supplementierung zu verbesserten klinischen Ergebnissen f\u00fchrt*. K2 &amp; D3 Complete liefert 180 mcg MenaQ7\u00ae PRO, die am besten untersuchte Form von Vitamin K2 als MK-7, zusammen mit 5.000 IE Vitamin D3 zur optimalen Unterst\u00fctzung der Knochen- und Herz-Kreislauf-Gesundheit.<\/span><\/p>\n<\/div>\n<\/div>\n<\/div>\n<\/div>\n<\/div>\n<\/div>\n<p><span style=\"color: #333333;\"><strong>Beinhaltet nicht:\u00a0<\/strong>Gluten, Mais, Hefe, k\u00fcnstliche Farb- und Aromastoffe.<\/span><\/p>\n<\/div>\n<\/div>\n<\/div>\n<p style=\"text-align: center;\"><span style=\"font-size: 8pt; color: #333333;\">*Diese Aussagen wurden nicht von der Food and Drug Administration bewertet. Dieses Produkt ist nicht zur Diagnose, Behandlung, Heilung oder Vorbeugung von Krankheiten bestimmt.\u00a0<\/span><\/p>","protected":false},"excerpt":{"rendered":"<p>Schritt-f\u00fcr-Schritt-Programm mit Wundheilungstipps, Ern\u00e4hrungsplan, Rezepten, Einkaufslisten, Schmerzlinderungscreme und Nahrungserg\u00e4nzungsmitteln, die Ihnen helfen, die Ursache Ihrer zugrunde liegenden Gesundheitsprobleme anzugehen.<\/p>","protected":false},"featured_media":29590,"template":"","meta":{"_analytify_skip_tracking":false},"product_brand":[],"product_cat":[1782],"product_tag":[521,1809,1808,529,2193,1907],"woo-feed-brand":[],"class_list":{"0":"post-13751","1":"product","2":"type-product","3":"status-publish","4":"has-post-thumbnail","6":"product_cat-health-supplement-kits","7":"product_tag-astr-supplement","8":"product_tag-d3-vitamin","9":"product_tag-k2-vitamin","10":"product_tag-vitamin-c","11":"product_tag-wound-healing-supplements","12":"product_tag-zinc","13":"product_shipping_class-regular-shipping","15":"first","16":"instock","17":"sale","18":"taxable","19":"shipping-taxable","20":"purchasable","21":"product-type-simple"},"exclude_global_add_ons":[],"addons":[],"_links":{"self":[{"href":"https:\/\/advancedsofttissuerelease.com\/de\/wp-json\/wp\/v2\/product\/13751","targetHints":{"allow":["GET"]}}],"collection":[{"href":"https:\/\/advancedsofttissuerelease.com\/de\/wp-json\/wp\/v2\/product"}],"about":[{"href":"https:\/\/advancedsofttissuerelease.com\/de\/wp-json\/wp\/v2\/types\/product"}],"version-history":[{"count":0,"href":"https:\/\/advancedsofttissuerelease.com\/de\/wp-json\/wp\/v2\/product\/13751\/revisions"}],"wp:featuredmedia":[{"embeddable":true,"href":"https:\/\/advancedsofttissuerelease.com\/de\/wp-json\/wp\/v2\/media\/29590"}],"wp:attachment":[{"href":"https:\/\/advancedsofttissuerelease.com\/de\/wp-json\/wp\/v2\/media?parent=13751"}],"wp:term":[{"taxonomy":"product_brand","embeddable":true,"href":"https:\/\/advancedsofttissuerelease.com\/de\/wp-json\/wp\/v2\/product_brand?post=13751"},{"taxonomy":"product_cat","embeddable":true,"href":"https:\/\/advancedsofttissuerelease.com\/de\/wp-json\/wp\/v2\/product_cat?post=13751"},{"taxonomy":"product_tag","embeddable":true,"href":"https:\/\/advancedsofttissuerelease.com\/de\/wp-json\/wp\/v2\/product_tag?post=13751"},{"taxonomy":"woo-feed-brand","embeddable":true,"href":"https:\/\/advancedsofttissuerelease.com\/de\/wp-json\/wp\/v2\/woo-feed-brand?post=13751"}],"curies":[{"name":"wp","href":"https:\/\/api.w.org\/{rel}","templated":true}]}}