{"id":14504,"date":"2020-06-24T19:18:16","date_gmt":"2020-06-25T01:18:16","guid":{"rendered":"https:\/\/advancedsofttissuerelease.com\/?post_type=product&#038;p=14504"},"modified":"2025-09-23T20:18:41","modified_gmt":"2025-09-24T00:18:41","slug":"sport-performance-kit-2","status":"publish","type":"product","link":"https:\/\/advancedsofttissuerelease.com\/de\/product\/sport-performance-kit\/","title":{"rendered":"Sport-Performance-Kit"},"content":{"rendered":"<p>In diesem Schritt-f\u00fcr-Schritt-Programm zeigt Ihnen Dr. Jacobs, wie Sie die ASTR-Di\u00e4t mit unserem Sportleistungskit f\u00fcr optimale Gesundheit, Energie, Wohlbefinden und sportliche Leistung schnell und effektiv umsetzen k\u00f6nnen. Wenn Sie eine optimale sportliche Leistung aufrechterhalten m\u00f6chten, ist dieses Kit ein gro\u00dfartiger Start!<\/p>\n<p><strong>Sport Performance Kit beinhaltet<\/strong><\/p>\n<ol>\n<li>Joint &amp; Muscle Repair<\/li>\n<li>Kollagen Aktiv<\/li>\n<li>Niacin Active<\/li>\n<li>B Aktiv<\/li>\n<li>Magnesium Aktiv<\/li>\n<li>Coq 10 aktiv<\/li>\n<li>Omega-Aktiv<\/li>\n<li>ASTR diet, including recipes<\/li>\n<\/ol>\n<p><span style=\"color: #0000ff;\"><a style=\"color: #0000ff;\" href=\"https:\/\/advancedsofttissuerelease.com\/de\/produkt\/infla-leichtigkeit-2-3\/\"><strong><span style=\"font-size: 12pt;\">Joint &amp; Muscle Repair Pack &gt;<\/span><\/strong><\/a><\/span><\/p>\n<ul>\n<li>Supports joint and muscle repair<\/li>\n<li>Unterst\u00fctzt eine gesunde Entz\u00fcndungsreaktion<\/li>\n<li>Verbessern Sie die Gesundheit des Bewegungsapparates<\/li>\n<li>Bietet Gelenkgesundheit<\/li>\n<li>F\u00f6rdert die Gelenkbewegung<\/li>\n<li>Steigert die k\u00f6rperliche Funktion<\/li>\n<li>Verbessert die Erholungszeit nach dem Training<\/li>\n<\/ul>\n<p><a href=\"https:\/\/advancedsofttissuerelease.com\/de\/produkt\/niacin-verzogerte-freisetzung-3\/\"><strong>Niacin<\/strong><strong>\u00a0Active &gt;<\/strong><\/a><\/p>\n<ul>\n<li>Unterst\u00fctzt gesunde Blutfette<\/li>\n<li>Unterst\u00fctzt die Gesundheit von High-Density-Liporprotein-Cholesterin (HDL)<\/li>\n<li>Time-Release-Formel, die in sieben bis acht Stunden vollst\u00e4ndig ist<\/li>\n<li>Unterst\u00fctzt normale Karotis-Intima-Media-Dicke (CIMT)<\/li>\n<li>Hat im Vergleich zu Niacin mit sofortiger Freisetzung einen geringeren Flush-Effekt<\/li>\n<\/ul>\n<p><a href=\"https:\/\/advancedsofttissuerelease.com\/de\/produkt\/b-aktiv-2\/\"><strong>B Aktiv &gt;<\/strong><\/a><\/p>\n<ul>\n<li>Unterst\u00fctzt den Kohlenhydratstoffwechsel<\/li>\n<li>Unterst\u00fctzt die Funktion des Nervensystems<\/li>\n<li>Unterst\u00fctzt die Funktion des Nebennierensystems<\/li>\n<li>Unterst\u00fctzt die Funktion des Immunsystems<\/li>\n<li>Unterst\u00fctzt die kardiovaskul\u00e4re Gesundheit<\/li>\n<li>Sch\u00fctzt vor Mangelern\u00e4hrung<\/li>\n<li>Sch\u00fctzt vor stressbedingtem N\u00e4hrstoffmangel<\/li>\n<li>Unterst\u00fctzt eine gesunde geistige Funktion und Stimmung<\/li>\n<\/ul>\n<p>Das aktive Nahrungserg\u00e4nzungsmittel ASTR B unterst\u00fctzt den Kohlenhydratstoffwechsel, die Funktion des Nerven-\/Nebennieren-\/Immunsystems, die kardiovaskul\u00e4re Gesundheit sowie eine gesunde geistige Funktion und Stimmung. B Active enth\u00e4lt das gesamte Spektrum der B-Vitamine; aktivierte Formen von B2, B6 und B12; und Folat.*<\/p>\n<p><span style=\"color: #0000ff;\"><a style=\"color: #0000ff;\" href=\"https:\/\/advancedsofttissuerelease.com\/de\/produkt\/kollagenaktiv-2\/\"><strong>Kollagenaktiv &gt;<\/strong><\/a><\/span><\/p>\n<ul>\n<li>Unterst\u00fctzt den Prozess der Selbstreparatur des Knorpels<\/li>\n<li>Unterst\u00fctzt den Prozess der Sehnenselbstreparatur<\/li>\n<li>Unterst\u00fctzt den Prozess der Selbstreparatur der B\u00e4nder<\/li>\n<li>Unterst\u00fctzt den Prozess der Faszien-Selbstreparatur<\/li>\n<li>Unterst\u00fctzt gesundes Haar<\/li>\n<li>Unterst\u00fctzt gesunde Haut<\/li>\n<li>Unterst\u00fctzt gesunde N\u00e4gel<\/li>\n<li>Unterst\u00fctzt die Gelenkschmierung<\/li>\n<li>Unterst\u00fctzt die Gelenkd\u00e4mpfung<\/li>\n<li>F\u00f6rdert die Biosynthese des Bindegewebes<\/li>\n<\/ul>\n<div class=\"page\" title=\"Seite 1\">\n<div class=\"section\">\n<div class=\"layoutArea\">\n<div class=\"column\">\n<p>Kollagen ist ein wesentlicher Bestandteil von Haut, Haaren, N\u00e4geln, Gelenken und Bindegewebe. Collagen Aktive Inhaltsstoffe: Vitamin C, Magnesium, Collagen Typ 1, Hyalurons\u00e4ure, Gelatinehydrolysat. Collagen Active unterst\u00fctzt eine gesunde Knorpel-, Sehnen-, B\u00e4nder-, Faszien- und Gelenkfunktion.<\/p>\n<\/div>\n<\/div>\n<\/div>\n<\/div>\n<p><span style=\"color: #3366ff;\"><a style=\"color: #3366ff;\" href=\"https:\/\/advancedsofttissuerelease.com\/de\/produkt\/magnesium-aktiv-2\/\"><strong>Magnesium Aktiv &gt;<\/strong><\/a><\/span><\/p>\n<ul>\n<li>Bietet 3 Formen von hoch absorbiertem Magnesium<\/li>\n<li>Hochkonzentriertes Magnesium zur Herz-Kreislauf-Unterst\u00fctzung<\/li>\n<li>Magnesium spielt eine wichtige Rolle bei Hunderten von Stoffwechselaktivit\u00e4ten<\/li>\n<li>Helfen Sie dabei, einen gesunden Blutdruck aufrechtzuerhalten<\/li>\n<li>Hilft bei der Aufrechterhaltung eines gesunden Glukosespiegels<\/li>\n<li>F\u00f6rdert die Energiegewinnung<\/li>\n<li>F\u00f6rdert die Muskelentspannung<\/li>\n<li>Unterst\u00fctzt die Muskelfunktion<\/li>\n<li>Unterst\u00fctzen Sie die Nervenfunktion<\/li>\n<\/ul>\n<p><span style=\"color: #3366ff;\"><a style=\"color: #3366ff;\" href=\"https:\/\/advancedsofttissuerelease.com\/de\/produkt\/coq-10-aktiv-2\/\"><strong>CoQ 10 aktiv &gt;<\/strong><\/a><\/span><\/p>\n<ul>\n<li>Unterst\u00fctzt die nat\u00fcrliche Energiegewinnung<\/li>\n<li>Unterst\u00fctzt die Funktion der Mitochondrien<\/li>\n<li>Unterst\u00fctzt die Plasma- und Gewebegesundheit<\/li>\n<li>Unterst\u00fctzt die Gesundheit und Funktion des Herz-Kreislauf-Systems<\/li>\n<li>Unterst\u00fctzt die neuromuskul\u00e4re Gesundheit<\/li>\n<li>Unterst\u00fctzt die Funktion des zentralen Nervensystems<\/li>\n<\/ul>\n<p>ASTR CoQ 10 Supplement unterst\u00fctzt die nat\u00fcrliche Energieerzeugung und die Gesundheit der Mitochondrien, die gesunde Funktion des Herz-Kreislauf-Systems sowie die Gesundheit des neuromuskul\u00e4ren und zentralen Nervensystems. Es wurde klinisch gezeigt, dass ASTR CoQ 10 f\u00fcr eine optimale Nutzung zur Unterst\u00fctzung von kardiovaskul\u00e4ren und energiebasierten Gesundheitsbed\u00fcrfnissen besser resorbierbar ist.<\/p>\n<p><span style=\"color: #0000ff;\"><a style=\"color: #0000ff;\" href=\"https:\/\/advancedsofttissuerelease.com\/de\/produkt\/omega-aktiv-2\/\"><strong><span style=\"font-size: 12pt;\">Omega-Aktiv &gt;<\/span><\/strong><\/a><\/span><\/p>\n<ul>\n<li>Unterst\u00fctzt die kardiovaskul\u00e4re Gesundheit<\/li>\n<li>Unterst\u00fctzt den Blutzuckerstoffwechsel<\/li>\n<li>Unterst\u00fctzt die kognitive Funktion<\/li>\n<li>Unterst\u00fctzt die kognitive Entwicklung<\/li>\n<li>Unterst\u00fctzt gesunde Haut<\/li>\n<li>Unterst\u00fctzt gesunde Gelenke<\/li>\n<li>Unterst\u00fctzt gesundes Bindegewebe<\/li>\n<li>Erh\u00f6ht die Seh- und Augengesundheit<\/li>\n<li>H\u00e4lt ein normales Entz\u00fcndungsgleichgewicht aufrecht<\/li>\n<\/ul>\n<p><span style=\"color: #0000ff;\"><a style=\"color: #0000ff;\" href=\"https:\/\/advancedsofttissuerelease.com\/de\/produkt\/schmerzlindernde-creme\/\"><strong><span style=\"font-size: 12pt;\">Schmerzlinderungscreme &gt;<\/span><\/strong><\/a><\/span><\/p>\n<div class=\"page\" title=\"Seite 1\">\n<div class=\"section\">\n<p><strong>F\u00fcr Erwachsene und Kinder<\/strong><\/p>\n<ul>\n<li>Unterst\u00fctzt die Linderung von Muskel- und Gelenkschmerzen<\/li>\n<li>Unterst\u00fctzt die Wundheilung<\/li>\n<li>Unterst\u00fctzt die normale Gesundheit von Haut und N\u00e4geln<\/li>\n<li>Unterst\u00fctzt eine gesunde Entz\u00fcndungsreaktion<\/li>\n<li>Verbessert die Gesundheit des Bewegungsapparates<\/li>\n<li>Bietet Gelenkgesundheit<\/li>\n<li>F\u00f6rdert die Gelenkbewegung<\/li>\n<\/ul>\n<p><strong>Schmerzlindernde Creme wird verwendet f\u00fcr:<\/strong><\/p>\n<ul>\n<li>Schmerzlinderung<\/li>\n<li>Verringern Sie die Entz\u00fcndung<\/li>\n<li>Arthritis<\/li>\n<li>Wundversorgung<\/li>\n<li>Ekzem<\/li>\n<li>Akne<\/li>\n<li>Dermatitis<\/li>\n<li>Schuppenflechte<\/li>\n<\/ul>\n<\/div>\n<\/div>\n<p style=\"text-align: center;\"><span style=\"font-size: 8pt;\">*Diese Aussagen wurden nicht von der Food and Drug Administration bewertet. Dieses Produkt ist nicht zur Diagnose, Behandlung, Heilung oder Vorbeugung von Krankheiten bestimmt.<\/span><\/p>","protected":false},"excerpt":{"rendered":"<p><span class=\"\">Schritt-f\u00fcr-Schritt-Programm mit Tipps zur Verbesserung der sportlichen Leistung,\u00a0<\/span><span class=\"\">Ern\u00e4hrungsplan, <\/span><span class=\"\">Rezepte, Einkaufslisten und Nahrungserg\u00e4nzungsmittel, die Ihnen helfen, die Ursache Ihrer zugrunde liegenden Gesundheitsprobleme anzugehen.<\/span><\/p>","protected":false},"featured_media":41491,"template":"","meta":{"_analytify_skip_tracking":false},"product_brand":[],"product_cat":[1782],"product_tag":[2252,2326,2253,1329,2250],"woo-feed-brand":[],"class_list":{"0":"post-14504","1":"product","2":"type-product","3":"status-publish","4":"has-post-thumbnail","6":"product_cat-health-supplement-kits","7":"product_tag-boosts-physical-function","8":"product_tag-collagen","9":"product_tag-enhances-workout-recovery-time","10":"product_tag-magnesium","11":"product_tag-sport-performance-kit","13":"first","14":"instock","15":"sale","16":"taxable","17":"shipping-taxable","18":"purchasable","19":"product-type-simple"},"exclude_global_add_ons":false,"addons":[{"name":"Schmerzlinderungscreme gegen Schmerzen, Entz\u00fcndungen und zur Beschleunigung der Heilung","type":"checkbox","position":0,"required":true,"title_format":"heading","default":"","description_enable":false,"description":"","placeholder_enable":false,"placeholder":"","display":"select","restrictions_type":"any_text","adjust_price":false,"price":"","price_type":"flat_fee","restrictions":false,"min":"0","max":"0","options":[{"label":"Yes (save $10)","price":"39","price_type":"flat_fee","image":0,"visibility":true},{"label":"No","price":"","price_type":"flat_fee","image":0,"visibility":true}],"id":1714237321},{"name":"Do you own our tool kit? (A1, A2, A3, A4 & A5)","type":"multiple_choice","position":0,"required":true,"title_format":"heading","default":"","description_enable":false,"description":"","placeholder_enable":false,"placeholder":"","display":"radiobutton","restrictions_type":"any_text","adjust_price":false,"price":"","price_type":"flat_fee","restrictions":false,"min":"0","max":"0","options":[{"label":"Yes","price":"0","price_type":"flat_fee","image":0,"visibility":true},{"label":"No","price":"399","price_type":"flat_fee","image":0,"visibility":true}]}],"_links":{"self":[{"href":"https:\/\/advancedsofttissuerelease.com\/de\/wp-json\/wp\/v2\/product\/14504","targetHints":{"allow":["GET"]}}],"collection":[{"href":"https:\/\/advancedsofttissuerelease.com\/de\/wp-json\/wp\/v2\/product"}],"about":[{"href":"https:\/\/advancedsofttissuerelease.com\/de\/wp-json\/wp\/v2\/types\/product"}],"version-history":[{"count":0,"href":"https:\/\/advancedsofttissuerelease.com\/de\/wp-json\/wp\/v2\/product\/14504\/revisions"}],"wp:featuredmedia":[{"embeddable":true,"href":"https:\/\/advancedsofttissuerelease.com\/de\/wp-json\/wp\/v2\/media\/41491"}],"wp:attachment":[{"href":"https:\/\/advancedsofttissuerelease.com\/de\/wp-json\/wp\/v2\/media?parent=14504"}],"wp:term":[{"taxonomy":"product_brand","embeddable":true,"href":"https:\/\/advancedsofttissuerelease.com\/de\/wp-json\/wp\/v2\/product_brand?post=14504"},{"taxonomy":"product_cat","embeddable":true,"href":"https:\/\/advancedsofttissuerelease.com\/de\/wp-json\/wp\/v2\/product_cat?post=14504"},{"taxonomy":"product_tag","embeddable":true,"href":"https:\/\/advancedsofttissuerelease.com\/de\/wp-json\/wp\/v2\/product_tag?post=14504"},{"taxonomy":"woo-feed-brand","embeddable":true,"href":"https:\/\/advancedsofttissuerelease.com\/de\/wp-json\/wp\/v2\/woo-feed-brand?post=14504"}],"curies":[{"name":"wp","href":"https:\/\/api.w.org\/{rel}","templated":true}]}}