{"id":17061,"date":"2020-12-23T20:50:20","date_gmt":"2020-12-24T03:50:20","guid":{"rendered":"https:\/\/advancedsofttissuerelease.com\/?post_type=product&#038;p=17061"},"modified":"2024-10-14T11:49:23","modified_gmt":"2024-10-14T15:49:23","slug":"vegan-support-kit-2","status":"publish","type":"product","link":"https:\/\/advancedsofttissuerelease.com\/de\/product\/vegan-support-kit\/","title":{"rendered":"Veganes Support-Kit"},"content":{"rendered":"<h1><span style=\"font-size: 12pt; color: #333333;\"><strong>Veganes Support-Kit<\/strong><\/span><\/h1>\n<p>In diesem Schritt-f\u00fcr-Schritt-Programm zeigt Ihnen Dr. Jacobs, wie Sie die ASTR-Di\u00e4t mit unserem veganen Unterst\u00fctzungskit f\u00fcr optimale Gesundheit, Energie und Wohlbefinden schnell und effektiv umsetzen k\u00f6nnen. Wenn Sie eine optimale Gesundheit erhalten m\u00f6chten, ist dieses Kit ein guter Anfang!<\/p>\n<p><span style=\"color: #333333;\"><strong>Veganes Support-Kit beinhaltet<\/strong><\/span><\/p>\n<ol>\n<li><span style=\"color: #333333;\">Vitamin C &amp; Bioflavonoide<\/span><\/li>\n<li><span style=\"color: #333333;\">Jod aktiv<\/span><\/li>\n<li>Omega-Aktiv<\/li>\n<li>B Aktiv<\/li>\n<li>K2 &amp; D3 abgeschlossen<\/li>\n<li><span style=\"color: #333333;\">Entz\u00fcndungshemmende Di\u00e4t, einschlie\u00dflich Rezepte<\/span><\/li>\n<\/ol>\n<p><a href=\"https:\/\/advancedsofttissuerelease.com\/de\/produkt\/vitamin-c-und-bioflavonoide\/\"><strong><span style=\"color: #0000ff;\">Vitamin C &amp;\u00a0<span style=\"caret-color: #0000ff;\">Bioflavonoide<\/span>\u00a0 &gt;\u00a0<\/span><\/strong><\/a><\/p>\n<ul>\n<li>Hochwirksame Vitamin-C-Formel<\/li>\n<li>Unterst\u00fctzt das Immunsystem<\/li>\n<li>Unterst\u00fctzt antioxidative Systeme<\/li>\n<li>Unterst\u00fctzung der Blutgef\u00e4\u00dfsynthese<\/li>\n<li>Unterst\u00fctzt die Produktion von Kollagen<\/li>\n<li>Unterst\u00fctzt die Produktion von Carnitin<\/li>\n<li>Unterst\u00fctzt die Produktion von Neurotransmittern<\/li>\n<\/ul>\n<p>Vitamin C und Bioflavonoide kombiniert hochwirksames Vitamin C mit einem standardisierten Vollspektrum-Zitrus-Bioflavonoid-Komplex. Sowohl Vitamin C als auch Bioflavonoide wurden umfassend auf ihre Rolle bei der Unterst\u00fctzung der Antioxidans- und Immunfunktion untersucht. Dar\u00fcber hinaus zeigt die Forschung, dass Vitamin C f\u00fcr die Synthese von Kollagen, Neurotransmittern und Carnitin erforderlich ist. Bioflavonoide scheinen einen gesunden Stoffwechsel und eine gesunde Wahrnehmung zu unterst\u00fctzen, indem sie als Zellsignalgeber fungieren.*<\/p>\n<p><span style=\"color: #0000ff;\"><a style=\"color: #0000ff;\" href=\"https:\/\/advancedsofttissuerelease.com\/de\/produkt\/jodaktiv-2\/\"><strong>Jod aktiv &gt;<\/strong><\/a><\/span><\/p>\n<ul>\n<li>Unterst\u00fctzt die Gesundheit der Schilddr\u00fcse<\/li>\n<li>Hilft, gesundes Brustgewebe zu erhalten<\/li>\n<li>Unterst\u00fctzt eine gesunde Synthese von Schilddr\u00fcsenhormonen<\/li>\n<li>Reduzieren Sie oxidativen Stress<\/li>\n<li>Unterst\u00fctzt gesunde Augen<\/li>\n<li>Unterst\u00fctzt eine gesunde Magen-Darm-Schleimhaut<\/li>\n<li>Antioxidans<\/li>\n<\/ul>\n<div class=\"page\" title=\"Seite 1\">\n<div class=\"section\">\n<div class=\"layoutArea\">\n<div class=\"column\">\n<p>Jod &amp; Selen-Formel f\u00fcr eine optimale Schilddr\u00fcsenfunktion<\/p>\n<\/div>\n<\/div>\n<\/div>\n<\/div>\n<p><span style=\"color: #0000ff;\"><a style=\"color: #0000ff;\" href=\"https:\/\/advancedsofttissuerelease.com\/de\/produkt\/b-aktiv-2\/\"><strong>B Aktiv &gt;<\/strong><\/a><\/span><\/p>\n<ul>\n<li>Unterst\u00fctzt den Kohlenhydratstoffwechsel<\/li>\n<li>Unterst\u00fctzt die Funktion des Nervensystems<\/li>\n<li>Unterst\u00fctzt die Funktion des Nebennierensystems<\/li>\n<li>Unterst\u00fctzt die Funktion des Immunsystems<\/li>\n<li>Unterst\u00fctzt die kardiovaskul\u00e4re Gesundheit<\/li>\n<li>Sch\u00fctzt vor Mangelern\u00e4hrung<\/li>\n<li>Sch\u00fctzt vor stressbedingtem N\u00e4hrstoffmangel<\/li>\n<li>Unterst\u00fctzt eine gesunde geistige Funktion und Stimmung<\/li>\n<\/ul>\n<p>Das aktive Nahrungserg\u00e4nzungsmittel ASTR B unterst\u00fctzt den Kohlenhydratstoffwechsel, die Funktion des Nerven-\/Nebennieren-\/Immunsystems, die kardiovaskul\u00e4re Gesundheit sowie eine gesunde geistige Funktion und Stimmung. B Active enth\u00e4lt das gesamte Spektrum der B-Vitamine; aktivierte Formen von B2, B6 und B12; und Folat.*<\/p>\n<p><span style=\"color: #0000ff;\"><a style=\"color: #0000ff;\" href=\"https:\/\/advancedsofttissuerelease.com\/de\/produkt\/omega-aktiv-2\/\"><strong>Omega-Aktiv &gt;<\/strong><\/a><\/span><\/p>\n<ul>\n<li>Unterst\u00fctzt die kardiovaskul\u00e4re Gesundheit<\/li>\n<li>Unterst\u00fctzt den Blutzuckerstoffwechsel<\/li>\n<li>Unterst\u00fctzt die kognitive Funktion<\/li>\n<li>Unterst\u00fctzt die kognitive Entwicklung<\/li>\n<li>Unterst\u00fctzt gesunde Haut<\/li>\n<li>Unterst\u00fctzt gesunde Gelenke<\/li>\n<li>Unterst\u00fctzt gesundes Bindegewebe<\/li>\n<li>Erh\u00f6ht die Seh- und Augengesundheit<\/li>\n<li>H\u00e4lt ein normales Entz\u00fcndungsgleichgewicht aufrecht<\/li>\n<\/ul>\n<p><span style=\"color: #0000ff;\"><a style=\"color: #0000ff;\" href=\"https:\/\/advancedsofttissuerelease.com\/de\/produkt\/k2-d3-vollstandig-2\/\"><strong>K2 &amp; D3 komplett &gt;<\/strong><\/a><\/span><\/p>\n<ul>\n<li>Unterst\u00fctzt eine gesunde Durchblutung<\/li>\n<li>F\u00f6rdert eine optimale Knochengesundheit<\/li>\n<li>F\u00f6rdert die richtige Kalziumspeicherung<\/li>\n<li>Beh\u00e4lt eine gesunde kardiometabolische Funktion bei<\/li>\n<li>Unterst\u00fctzt die arterielle Elastizit\u00e4t<\/li>\n<li>St\u00e4rkt die Immunfunktion<\/li>\n<li>Unterst\u00fctzt einen gesunden Kalziumhaushalt<\/li>\n<li>Unterst\u00fctzt den Blutzuckerhaushalt<\/li>\n<\/ul>\n<div class=\"page\" title=\"Seite 1\">\n<div class=\"section\">\n<div class=\"layoutArea\">\n<div class=\"column\">\n<p>Aktuelle Forschungen haben ergeben, dass eine hochkonzentrierte K2-Supplementierung von 180 mcg\/Tag im Vergleich zu einer niedriger dosierten Supplementierung zu verbesserten klinischen Ergebnissen f\u00fchrt*. K2 &amp; D3 Complete liefert 180 mcg MenaQ7\u00ae PRO, die am besten untersuchte Form von Vitamin K2 als MK-7, zusammen mit 5.000 IE Vitamin D3 zur optimalen Unterst\u00fctzung der Knochen- und Herz-Kreislauf-Gesundheit.<\/p>\n<\/div>\n<\/div>\n<\/div>\n<\/div>\n<p style=\"text-align: center;\"><span style=\"font-size: 8pt; color: #333333;\">*Diese Aussagen wurden nicht von der Food and Drug Administration bewertet. Dieses Produkt ist nicht zur Diagnose, Behandlung, Heilung oder Vorbeugung von Krankheiten bestimmt.\u00a0<\/span><\/p>","protected":false},"excerpt":{"rendered":"<p>Schritt-f\u00fcr-Schritt-Programm mit Tipps, Ern\u00e4hrungsplan, Rezepten, Einkaufslisten und Nahrungserg\u00e4nzungsmitteln, die Ihnen helfen, die Ursache Ihrer zugrunde liegenden Gesundheitsprobleme anzugehen.<\/p>","protected":false},"featured_media":29589,"template":"","meta":{"_analytify_skip_tracking":false},"product_brand":[],"product_cat":[1782],"product_tag":[604,1809,1890,1808,1792,1891],"woo-feed-brand":[],"class_list":{"0":"post-17061","1":"product","2":"type-product","3":"status-publish","4":"has-post-thumbnail","6":"product_cat-health-supplement-kits","7":"product_tag-coq-10","8":"product_tag-d3-vitamin","9":"product_tag-daily-vitamins","10":"product_tag-k2-vitamin","11":"product_tag-magnesium-active","12":"product_tag-multivitamins","13":"product_shipping_class-regular-shipping","15":"first","16":"instock","17":"sale","18":"taxable","19":"shipping-taxable","20":"purchasable","21":"product-type-simple"},"exclude_global_add_ons":[],"addons":[],"_links":{"self":[{"href":"https:\/\/advancedsofttissuerelease.com\/de\/wp-json\/wp\/v2\/product\/17061","targetHints":{"allow":["GET"]}}],"collection":[{"href":"https:\/\/advancedsofttissuerelease.com\/de\/wp-json\/wp\/v2\/product"}],"about":[{"href":"https:\/\/advancedsofttissuerelease.com\/de\/wp-json\/wp\/v2\/types\/product"}],"version-history":[{"count":0,"href":"https:\/\/advancedsofttissuerelease.com\/de\/wp-json\/wp\/v2\/product\/17061\/revisions"}],"wp:featuredmedia":[{"embeddable":true,"href":"https:\/\/advancedsofttissuerelease.com\/de\/wp-json\/wp\/v2\/media\/29589"}],"wp:attachment":[{"href":"https:\/\/advancedsofttissuerelease.com\/de\/wp-json\/wp\/v2\/media?parent=17061"}],"wp:term":[{"taxonomy":"product_brand","embeddable":true,"href":"https:\/\/advancedsofttissuerelease.com\/de\/wp-json\/wp\/v2\/product_brand?post=17061"},{"taxonomy":"product_cat","embeddable":true,"href":"https:\/\/advancedsofttissuerelease.com\/de\/wp-json\/wp\/v2\/product_cat?post=17061"},{"taxonomy":"product_tag","embeddable":true,"href":"https:\/\/advancedsofttissuerelease.com\/de\/wp-json\/wp\/v2\/product_tag?post=17061"},{"taxonomy":"woo-feed-brand","embeddable":true,"href":"https:\/\/advancedsofttissuerelease.com\/de\/wp-json\/wp\/v2\/woo-feed-brand?post=17061"}],"curies":[{"name":"wp","href":"https:\/\/api.w.org\/{rel}","templated":true}]}}