{"id":2671,"date":"2019-02-04T18:37:51","date_gmt":"2019-02-05T01:37:51","guid":{"rendered":"https:\/\/advancedsofttissuerelease.com\/?post_type=product&#038;p=2671"},"modified":"2026-01-16T14:59:53","modified_gmt":"2026-01-16T19:59:53","slug":"astr-mitgliedschaftsbescheinigung-2","status":"publish","type":"product","link":"https:\/\/advancedsofttissuerelease.com\/de\/product\/astr-membership-certification\/","title":{"rendered":"ASTR-Mitgliedschaft und -Zertifizierung"},"content":{"rendered":"<h1 style=\"text-align: center;\"><span style=\"color: #000000;\"><b>J\u00e4hrliches Anbieterabonnement:<\/b><\/span><\/h1>\n<h2><span style=\"color: #000000;\"><b>Warum Mitglied werden?<\/b><\/span><\/h2>\n<p>Das Spezialgebiet von ASTR ist dynamisch und ver\u00e4ndert sich st\u00e4ndig und entwickelt sich weiter, um dem Bedarf der Gesellschaft nach schneller, nicht-invasiver, langfristiger Schmerzlinderung besser gerecht zu werden.<\/p>\n<p>Bei ASTR arbeitet unser Team unerm\u00fcdlich daran, seine Position als modernste Spezialit\u00e4t in der Gesundheitsbranche zu behaupten. Durch Forschung und Experimente entwickelt unser Team st\u00e4ndig neue Theorien, Methoden, Werkzeuge und Ger\u00e4te, damit Gesundheitsdienstleister die schnellsten und effektivsten Ans\u00e4tze zur Behandlung der Schmerzen von Patienten erlernen k\u00f6nnen.<\/p>\n<h2><span style=\"color: #000000;\"><b>Vorteile der Jahresmitgliedschaft:<\/b><\/span><\/h2>\n<ul>\n<li>Zugriff auf den vollst\u00e4ndigen Online-Kurs von ASTR: Videos, Formulare, Protokolle und Handouts<\/li>\n<li>Zugang zu neuen Produkten, Forschung und Protokollen<\/li>\n<li>Zugang zu 18,5 \u2013 27 CEUs j\u00e4hrlich<\/li>\n<li>Erhalten Sie zus\u00e4tzliche Rabatte <strong>bis zu 15% aus<\/strong> f\u00fcr den Kauf von ASTR-Produkten wie: Werkzeuge, Ger\u00e4te, Erg\u00e4nzungen, Kurse usw.<\/li>\n<\/ul>\n<h2><span style=\"color: #000000;\"><b>Vorteile der Zertifizierung:<\/b><\/span><\/h2>\n<ul>\n<li>Sie k\u00f6nnen den Titel von ASTR neben Ihrem Namen verwenden.<\/li>\n<li>Sie k\u00f6nnen vermarkten, dass Sie in ASTR zertifiziert sind.<\/li>\n<li>Sie erhalten ein ASTR-Wandzertifikat, das Sie in Ihrer Klinik auslegen k\u00f6nnen.<\/li>\n<\/ul>\n<h2><span style=\"color: #000000;\"><b>Voraussetzungen:<\/b><\/span><\/h2>\n<p style=\"padding-left: 40px;\"><span style=\"color: #000000;\"><b>Mitgliedschaft<\/b>:<\/span> Vorheriger Kauf eines vollst\u00e4ndigen ASTR-Online-Kurses oder Teilnahme an einem physischen Kurs und gekauftem Tool-Set.<\/p>\n<p style=\"padding-left: 40px;\"><span style=\"color: #000000;\"><b>Zertifizierung<\/b>:<\/span><\/p>\n<ul>\n<li style=\"list-style-type: none;\">\n<ul>\n<li>Vorheriger Kauf des vollst\u00e4ndigen Werkzeugsatzes und MagnaHeal<\/li>\n<li>Vollst\u00e4ndige Kurspr\u00fcfung von ASTR abgeschlossen und bestanden<\/li>\n<li>Am physischen Kurs teilgenommen oder erhalten <a href=\"https:\/\/advancedsofttissuerelease.com\/de\/produkt\/privat-training-2\/\"><span style=\"color: #0000ff;\">1 Stunde<\/span> <\/a><a href=\"https:\/\/advancedsofttissuerelease.com\/de\/produkt\/privat-training-2\/\"><span style=\"color: #0000ff;\">Privatunterricht &gt;<\/span><\/a><\/li>\n<li><span style=\"color: #0000ff;\"><a style=\"color: #0000ff;\" href=\"https:\/\/advancedsofttissuerelease.com\/de\/was-ist-astr-anbieter\/berechtigung-2\/\" target=\"_blank\" rel=\"noopener\">Anforderungen &gt;<\/a><\/span><\/li>\n<\/ul>\n<\/li>\n<\/ul>","protected":false},"excerpt":{"rendered":"<p>Annual Provider Subscription: Why Become a Member? ASTR\u2019s specialty is dynamic and is constantly changing and advancing to better meet society&#8217;s need for fast, non-invasive, long-term pain relief. At ASTR, our team works tirelessly to maintain its position as the most cutting-edge specialty in the healthcare industry. Through research and experimentation, our team is constantly [&hellip;]<\/p>\n","protected":false},"featured_media":3330,"template":"","meta":{"_analytify_skip_tracking":false},"product_brand":[],"product_cat":[221],"product_tag":[256,386,414,388,389,2010,387,247],"woo-feed-brand":[],"class_list":{"0":"post-2671","1":"product","2":"type-product","3":"status-publish","4":"has-post-thumbnail","6":"product_cat-provider-courses-tools","7":"product_tag-advanced-soft-tissue-release","8":"product_tag-astr-online-course","9":"product_tag-astr-tools","10":"product_tag-ceus","11":"product_tag-continue-education-course","12":"product_tag-diy-home-pain-relief","13":"product_tag-online-certification","14":"product_tag-online-courses","15":"product_shipping_class-no-shipping","17":"first","18":"instock","19":"featured","20":"purchasable","21":"product-type-variable-subscription"},"exclude_global_add_ons":[],"addons":[],"_links":{"self":[{"href":"https:\/\/advancedsofttissuerelease.com\/de\/wp-json\/wp\/v2\/product\/2671","targetHints":{"allow":["GET"]}}],"collection":[{"href":"https:\/\/advancedsofttissuerelease.com\/de\/wp-json\/wp\/v2\/product"}],"about":[{"href":"https:\/\/advancedsofttissuerelease.com\/de\/wp-json\/wp\/v2\/types\/product"}],"version-history":[{"count":0,"href":"https:\/\/advancedsofttissuerelease.com\/de\/wp-json\/wp\/v2\/product\/2671\/revisions"}],"wp:featuredmedia":[{"embeddable":true,"href":"https:\/\/advancedsofttissuerelease.com\/de\/wp-json\/wp\/v2\/media\/3330"}],"wp:attachment":[{"href":"https:\/\/advancedsofttissuerelease.com\/de\/wp-json\/wp\/v2\/media?parent=2671"}],"wp:term":[{"taxonomy":"product_brand","embeddable":true,"href":"https:\/\/advancedsofttissuerelease.com\/de\/wp-json\/wp\/v2\/product_brand?post=2671"},{"taxonomy":"product_cat","embeddable":true,"href":"https:\/\/advancedsofttissuerelease.com\/de\/wp-json\/wp\/v2\/product_cat?post=2671"},{"taxonomy":"product_tag","embeddable":true,"href":"https:\/\/advancedsofttissuerelease.com\/de\/wp-json\/wp\/v2\/product_tag?post=2671"},{"taxonomy":"woo-feed-brand","embeddable":true,"href":"https:\/\/advancedsofttissuerelease.com\/de\/wp-json\/wp\/v2\/woo-feed-brand?post=2671"}],"curies":[{"name":"wp","href":"https:\/\/api.w.org\/{rel}","templated":true}]}}