{"id":3058,"date":"2019-03-07T22:19:07","date_gmt":"2019-03-08T06:19:07","guid":{"rendered":"https:\/\/advancedsofttissuerelease.com\/?post_type=product&#038;p=3058"},"modified":"2024-11-06T21:33:22","modified_gmt":"2024-11-07T02:33:22","slug":"enzyme-2","status":"publish","type":"product","link":"https:\/\/advancedsofttissuerelease.com\/de\/product\/enzymes\/","title":{"rendered":"Enzyme"},"content":{"rendered":"<h1>Enzyme<\/h1>\n<ul>\n<li>Unterst\u00fctzt eine gesunde Verdauung von Makron\u00e4hrstoffen<\/li>\n<li>Verbessert die N\u00e4hrstoffaufnahme<\/li>\n<li>Unterst\u00fctzt den Abbau von Polysacchariden<\/li>\n<li>Unterst\u00fctzt die Funktion der Bauchspeicheldr\u00fcse<\/li>\n<li>Unterst\u00fctzt den Abbau von Laktose<\/li>\n<\/ul>\n<p>Die ASTR Enzymes Supplements unterst\u00fctzen sowohl eine gesunde Verdauung als auch die Aufnahme von Makron\u00e4hrstoffen. Enzyme wurde entwickelt, um die Verdauung von Fett, Eiwei\u00df, Kohlenhydraten, Ballaststoffen und Laktose zu unterst\u00fctzen. ASTR hat Enzyme entwickelt, die eine Vielzahl verschiedener wichtiger Verdauungsenzyme verwenden, um in einem breiten pH-Bereich zu funktionieren.*<\/p>\n<p><strong>BEINHALTET NICHT:<\/strong>\u00a0 Gluten, k\u00fcnstliche Farbstoffe, k\u00fcnstliche Konservierungsstoffe oder k\u00fcnstliche S\u00fc\u00dfstoffe.<\/p>\n<p style=\"text-align: center;\"><span style=\"font-size: 8pt;\">*Diese Aussagen wurden nicht von der Food and Drug Administration bewertet. Dieses Produkt ist nicht zur Diagnose, Behandlung, Heilung oder Vorbeugung von Krankheiten bestimmt.\u00a0<\/span><\/p>","protected":false},"excerpt":{"rendered":"<p>Enzymes Supports healthy digestion of macronutrients Enhances nutrient absorption Supports the breakdown of polysaccharides Supports pancreatic functioning Supports the breakdown of lactose The ASTR Enzymes Supplements supports both healthy digestion and absorption of macronutrients. Enzymes is designed to assist the digestion of fat, protein, carbohydrate, fiber, and lactose. ASTR created Enzymes using a myriad of [&hellip;]<\/p>\n","protected":false},"featured_media":10312,"template":"","meta":{"_analytify_skip_tracking":false},"product_brand":[],"product_cat":[515],"product_tag":[646,521,645,2209,644,648],"woo-feed-brand":[],"class_list":{"0":"post-3058","1":"product","2":"type-product","3":"status-publish","4":"has-post-thumbnail","6":"product_cat-supplements","7":"product_tag-absorption","8":"product_tag-astr-supplement","9":"product_tag-digestion","10":"product_tag-digestive-enzymes","11":"product_tag-enzymes","12":"product_tag-ph","13":"product_shipping_class-regular-shipping","15":"first","16":"instock","17":"taxable","18":"shipping-taxable","19":"purchasable","20":"product-type-variable-subscription"},"exclude_global_add_ons":[],"addons":[],"_links":{"self":[{"href":"https:\/\/advancedsofttissuerelease.com\/de\/wp-json\/wp\/v2\/product\/3058","targetHints":{"allow":["GET"]}}],"collection":[{"href":"https:\/\/advancedsofttissuerelease.com\/de\/wp-json\/wp\/v2\/product"}],"about":[{"href":"https:\/\/advancedsofttissuerelease.com\/de\/wp-json\/wp\/v2\/types\/product"}],"version-history":[{"count":0,"href":"https:\/\/advancedsofttissuerelease.com\/de\/wp-json\/wp\/v2\/product\/3058\/revisions"}],"wp:featuredmedia":[{"embeddable":true,"href":"https:\/\/advancedsofttissuerelease.com\/de\/wp-json\/wp\/v2\/media\/10312"}],"wp:attachment":[{"href":"https:\/\/advancedsofttissuerelease.com\/de\/wp-json\/wp\/v2\/media?parent=3058"}],"wp:term":[{"taxonomy":"product_brand","embeddable":true,"href":"https:\/\/advancedsofttissuerelease.com\/de\/wp-json\/wp\/v2\/product_brand?post=3058"},{"taxonomy":"product_cat","embeddable":true,"href":"https:\/\/advancedsofttissuerelease.com\/de\/wp-json\/wp\/v2\/product_cat?post=3058"},{"taxonomy":"product_tag","embeddable":true,"href":"https:\/\/advancedsofttissuerelease.com\/de\/wp-json\/wp\/v2\/product_tag?post=3058"},{"taxonomy":"woo-feed-brand","embeddable":true,"href":"https:\/\/advancedsofttissuerelease.com\/de\/wp-json\/wp\/v2\/woo-feed-brand?post=3058"}],"curies":[{"name":"wp","href":"https:\/\/api.w.org\/{rel}","templated":true}]}}