{"id":37804,"date":"2022-04-25T11:56:52","date_gmt":"2022-04-25T17:56:52","guid":{"rendered":"https:\/\/advancedsofttissuerelease.com\/?post_type=product&#038;p=37804"},"modified":"2024-10-05T12:08:17","modified_gmt":"2024-10-05T16:08:17","slug":"fruchtbarkeits-support-kit-2","status":"publish","type":"product","link":"https:\/\/advancedsofttissuerelease.com\/de\/product\/fertility-support-kit\/","title":{"rendered":"Set zur Unterst\u00fctzung der Fruchtbarkeit"},"content":{"rendered":"<h1><span style=\"font-size: 12pt; color: #333333;\"><strong>Erg\u00e4nzungsset zur Unterst\u00fctzung der Fruchtbarkeit<\/strong><\/span><\/h1>\n<p>In diesem Schritt-f\u00fcr-Schritt-Programm zeigt Ihnen Dr. Jacobs, wie Sie die ASTR-Di\u00e4t schnell und effektiv mit unserem Fruchtbarkeitsunterst\u00fctzungs-Erg\u00e4nzungskit f\u00fcr eine optimale Fruchtbarkeitsunterst\u00fctzung f\u00fcr M\u00e4nner und Frauen umsetzen k\u00f6nnen. Wenn Sie eine optimale Gesundheit und Fruchtbarkeit erhalten m\u00f6chten, ist dieses Kit ein guter Anfang!<\/p>\n<h2><span style=\"color: #333333;\"><strong>Das Erg\u00e4nzungskit zur Unterst\u00fctzung der Fruchtbarkeit enth\u00e4lt<\/strong><\/span><\/h2>\n<ol>\n<li><span style=\"color: #333333;\">B Aktiv<\/span><\/li>\n<li>Coq 10 aktiv<\/li>\n<li>K2 &amp; D3 abgeschlossen<\/li>\n<li>Omega-Aktiv<\/li>\n<li>Vitamin C &amp; Bioflavonoide<\/li>\n<li>Jod aktiv<\/li>\n<li><span style=\"color: #333333;\">Entz\u00fcndungshemmende Di\u00e4t, einschlie\u00dflich Rezepte<\/span><\/li>\n<\/ol>\n<p><span style=\"color: #0000ff;\"><a style=\"color: #0000ff;\" href=\"https:\/\/advancedsofttissuerelease.com\/de\/produkt\/b-aktiv-2\/\"><strong>B Aktiv &gt;<\/strong><\/a><\/span><\/p>\n<ul>\n<li><span style=\"color: #333333;\">Unterst\u00fctzt den Kohlenhydratstoffwechsel<\/span><\/li>\n<li><span style=\"color: #333333;\">Unterst\u00fctzt die Funktion des Nervensystems<\/span><\/li>\n<li><span style=\"color: #333333;\">Unterst\u00fctzt die Funktion des Nebennierensystems<\/span><\/li>\n<li><span style=\"color: #333333;\">Unterst\u00fctzt die Funktion des Immunsystems<\/span><\/li>\n<li><span style=\"color: #333333;\">Unterst\u00fctzt die kardiovaskul\u00e4re Gesundheit<\/span><\/li>\n<li><span style=\"color: #333333;\">Sch\u00fctzt vor Mangelern\u00e4hrung<\/span><\/li>\n<li><span style=\"color: #333333;\">Sch\u00fctzt vor stressbedingtem N\u00e4hrstoffmangel<\/span><\/li>\n<li><span style=\"color: #333333;\">Unterst\u00fctzt eine gesunde geistige Funktion und Stimmung<\/span><\/li>\n<\/ul>\n<p><span style=\"color: #333333;\">Das aktive Nahrungserg\u00e4nzungsmittel ASTR B unterst\u00fctzt den Kohlenhydratstoffwechsel, die Funktion des Nerven-\/Nebennieren-\/Immunsystems, die kardiovaskul\u00e4re Gesundheit sowie eine gesunde geistige Funktion und Stimmung. B Active enth\u00e4lt das gesamte Spektrum der B-Vitamine; aktivierte Formen von B2, B6 und B12; und Folat.*<\/span><\/p>\n<p><a href=\"https:\/\/advancedsofttissuerelease.com\/de\/produkt\/vitamin-c-und-bioflavonoide\/\"><strong><span style=\"color: #0000ff;\">Vitamin C &amp;\u00a0<span style=\"caret-color: #0000ff;\">Bioflavonoide<\/span>\u00a0 &gt;\u00a0<\/span><\/strong><\/a><\/p>\n<ul>\n<li>Hochwirksame Vitamin-C-Formel<\/li>\n<li>Unterst\u00fctzt das Immunsystem<\/li>\n<li>Unterst\u00fctzt antioxidative Systeme<\/li>\n<li>Unterst\u00fctzung der Blutgef\u00e4\u00dfsynthese<\/li>\n<li>Unterst\u00fctzt die Produktion von Kollagen<\/li>\n<li>Unterst\u00fctzt die Produktion von Carnitin<\/li>\n<li>Unterst\u00fctzt die Produktion von Neurotransmittern<\/li>\n<\/ul>\n<p>Vitamin C und Bioflavonoide kombiniert hochwirksames Vitamin C mit einem standardisierten Vollspektrum-Zitrus-Bioflavonoid-Komplex. Sowohl Vitamin C als auch Bioflavonoide wurden umfassend auf ihre Rolle bei der Unterst\u00fctzung der Antioxidans- und Immunfunktion untersucht. Dar\u00fcber hinaus zeigt die Forschung, dass Vitamin C f\u00fcr die Synthese von Kollagen, Neurotransmittern und Carnitin erforderlich ist. Bioflavonoide scheinen einen gesunden Stoffwechsel und eine gesunde Wahrnehmung zu unterst\u00fctzen, indem sie als Zellsignalgeber fungieren.*<\/p>\n<p><span style=\"color: #0000ff;\"><a style=\"color: #0000ff;\" href=\"https:\/\/advancedsofttissuerelease.com\/de\/produkt\/coq-10-aktiv-2\/\"><strong>CoQ 10 aktiv &gt;<\/strong><\/a><\/span><\/p>\n<ul>\n<li>Unterst\u00fctzt die nat\u00fcrliche Energiegewinnung<\/li>\n<li>Unterst\u00fctzt die Funktion der Mitochondrien<\/li>\n<li>Unterst\u00fctzt die Plasma- und Gewebegesundheit<\/li>\n<li>Unterst\u00fctzt die Gesundheit und Funktion des Herz-Kreislauf-Systems<\/li>\n<li>Unterst\u00fctzt die neuromuskul\u00e4re Gesundheit<\/li>\n<li>Unterst\u00fctzt die Funktion des zentralen Nervensystems<\/li>\n<\/ul>\n<p>ASTR CoQ 10 Supplement unterst\u00fctzt die nat\u00fcrliche Energieerzeugung und die Gesundheit der Mitochondrien, die gesunde Funktion des Herz-Kreislauf-Systems sowie die Gesundheit des neuromuskul\u00e4ren und zentralen Nervensystems. Es wurde klinisch gezeigt, dass ASTR CoQ 10 f\u00fcr eine optimale Nutzung zur Unterst\u00fctzung von kardiovaskul\u00e4ren und energiebasierten Gesundheitsbed\u00fcrfnissen besser resorbierbar ist.<\/p>\n<p><span style=\"color: #0000ff;\"><a style=\"color: #0000ff;\" href=\"https:\/\/advancedsofttissuerelease.com\/de\/produkt\/k2-d3-vollstandig-2\/\"><strong>K2 &amp; D3 komplett &gt;<\/strong><\/a><\/span><\/p>\n<ul>\n<li>Unterst\u00fctzt eine gesunde Durchblutung<\/li>\n<li>F\u00f6rdert eine optimale Knochengesundheit<\/li>\n<li>F\u00f6rdert die richtige Kalziumspeicherung<\/li>\n<li>Beh\u00e4lt eine gesunde kardiometabolische Funktion bei<\/li>\n<li>Unterst\u00fctzt die arterielle Elastizit\u00e4t<\/li>\n<li>St\u00e4rkt die Immunfunktion<\/li>\n<li>Unterst\u00fctzt einen gesunden Kalziumhaushalt<\/li>\n<li>Unterst\u00fctzt den Blutzuckerhaushalt<\/li>\n<\/ul>\n<div class=\"page\" title=\"Seite 1\">\n<div class=\"section\">\n<div class=\"layoutArea\">\n<div class=\"column\">\n<p>Aktuelle Forschungen haben ergeben, dass eine hochkonzentrierte K2-Supplementierung von 180 mcg\/Tag im Vergleich zu einer niedriger dosierten Supplementierung zu verbesserten klinischen Ergebnissen f\u00fchrt*. K2 &amp; D3 Complete liefert 180 mcg MenaQ7\u00ae PRO, die am besten untersuchte Form von Vitamin K2 als MK-7, zusammen mit 5.000 IE Vitamin D3 zur optimalen Unterst\u00fctzung der Knochen- und Herz-Kreislauf-Gesundheit.<\/p>\n<\/div>\n<\/div>\n<\/div>\n<\/div>\n<p><span style=\"color: #0000ff;\"><a style=\"color: #0000ff;\" href=\"https:\/\/advancedsofttissuerelease.com\/de\/produkt\/omega-aktiv-2\/\"><strong><span style=\"font-size: 12pt;\">Omega-Aktiv &gt;<\/span><\/strong><\/a><\/span><\/p>\n<ul>\n<li>Unterst\u00fctzt die kardiovaskul\u00e4re Gesundheit<\/li>\n<li>Unterst\u00fctzt den Blutzuckerstoffwechsel<\/li>\n<li>Unterst\u00fctzt die kognitive Funktion<\/li>\n<li>Unterst\u00fctzt die kognitive Entwicklung<\/li>\n<li>Unterst\u00fctzt gesunde Haut<\/li>\n<li>Unterst\u00fctzt gesunde Gelenke<\/li>\n<li>Unterst\u00fctzt gesundes Bindegewebe<\/li>\n<li>Erh\u00f6ht die Seh- und Augengesundheit<\/li>\n<li>H\u00e4lt ein normales Entz\u00fcndungsgleichgewicht aufrecht<\/li>\n<\/ul>\n<p><span style=\"color: #0000ff;\"><a style=\"color: #0000ff;\" href=\"https:\/\/advancedsofttissuerelease.com\/de\/produkt\/jodaktiv-2\/\"><strong><span style=\"font-size: 12pt;\">Jod aktiv &gt;<\/span><\/strong><\/a><\/span><\/p>\n<ul>\n<li>Unterst\u00fctzt die Gesundheit der Schilddr\u00fcse<\/li>\n<li>Hilft, gesundes Brustgewebe zu erhalten<\/li>\n<li>Unterst\u00fctzt eine gesunde Synthese von Schilddr\u00fcsenhormonen<\/li>\n<li>Reduzieren Sie oxidativen Stress<\/li>\n<li>Unterst\u00fctzt gesunde Augen<\/li>\n<li>Unterst\u00fctzt eine gesunde Magen-Darm-Schleimhaut<\/li>\n<li>Antioxidans<\/li>\n<\/ul>\n<div class=\"page\" title=\"Seite 1\">\n<div class=\"section\">\n<div class=\"layoutArea\">\n<div class=\"column\">\n<p>Jod &amp; Selen-Formel f\u00fcr eine optimale Schilddr\u00fcsenfunktion<\/p>\n<\/div>\n<\/div>\n<\/div>\n<\/div>\n<p style=\"text-align: center;\"><span style=\"font-size: 8pt; color: #333333;\">*Diese Aussagen wurden nicht von der Food and Drug Administration bewertet. Dieses Produkt ist nicht zur Diagnose, Behandlung, Heilung oder Vorbeugung von Krankheiten bestimmt.\u00a0<\/span><\/p>","protected":false},"excerpt":{"rendered":"<p>Schritt-f\u00fcr-Schritt-Programm mit Gesundheitstipps, Ern\u00e4hrungsplan, Rezepten, Einkaufslisten und Nahrungserg\u00e4nzungsmitteln, die Ihnen helfen, die Ursache Ihrer zugrunde liegenden Gesundheitsprobleme anzugehen.<\/p>","protected":false},"featured_media":37810,"template":"","meta":{"_analytify_skip_tracking":false},"product_brand":[],"product_cat":[1782],"product_tag":[604,2344,2342,2341,2343],"woo-feed-brand":[],"class_list":{"0":"post-37804","1":"product","2":"type-product","3":"status-publish","4":"has-post-thumbnail","6":"product_cat-health-supplement-kits","7":"product_tag-coq-10","8":"product_tag-fertility-diet","9":"product_tag-fertility-suplements","10":"product_tag-fertility-support","11":"product_tag-fertility-vitamins","12":"product_shipping_class-regular-shipping","14":"first","15":"instock","16":"sale","17":"taxable","18":"shipping-taxable","19":"purchasable","20":"product-type-simple"},"exclude_global_add_ons":[],"addons":[],"_links":{"self":[{"href":"https:\/\/advancedsofttissuerelease.com\/de\/wp-json\/wp\/v2\/product\/37804","targetHints":{"allow":["GET"]}}],"collection":[{"href":"https:\/\/advancedsofttissuerelease.com\/de\/wp-json\/wp\/v2\/product"}],"about":[{"href":"https:\/\/advancedsofttissuerelease.com\/de\/wp-json\/wp\/v2\/types\/product"}],"version-history":[{"count":0,"href":"https:\/\/advancedsofttissuerelease.com\/de\/wp-json\/wp\/v2\/product\/37804\/revisions"}],"wp:featuredmedia":[{"embeddable":true,"href":"https:\/\/advancedsofttissuerelease.com\/de\/wp-json\/wp\/v2\/media\/37810"}],"wp:attachment":[{"href":"https:\/\/advancedsofttissuerelease.com\/de\/wp-json\/wp\/v2\/media?parent=37804"}],"wp:term":[{"taxonomy":"product_brand","embeddable":true,"href":"https:\/\/advancedsofttissuerelease.com\/de\/wp-json\/wp\/v2\/product_brand?post=37804"},{"taxonomy":"product_cat","embeddable":true,"href":"https:\/\/advancedsofttissuerelease.com\/de\/wp-json\/wp\/v2\/product_cat?post=37804"},{"taxonomy":"product_tag","embeddable":true,"href":"https:\/\/advancedsofttissuerelease.com\/de\/wp-json\/wp\/v2\/product_tag?post=37804"},{"taxonomy":"woo-feed-brand","embeddable":true,"href":"https:\/\/advancedsofttissuerelease.com\/de\/wp-json\/wp\/v2\/woo-feed-brand?post=37804"}],"curies":[{"name":"wp","href":"https:\/\/api.w.org\/{rel}","templated":true}]}}