{"id":41481,"date":"2022-12-24T10:21:28","date_gmt":"2022-12-24T17:21:28","guid":{"rendered":"https:\/\/advancedsofttissuerelease.com\/?post_type=product&#038;p=41481"},"modified":"2024-11-06T12:10:26","modified_gmt":"2024-11-06T17:10:26","slug":"nebenniere-2-3","status":"publish","type":"product","link":"https:\/\/advancedsofttissuerelease.com\/de\/product\/mushroom-active\/","title":{"rendered":"Mushroom Active"},"content":{"rendered":"<h1>Mushroom Active<\/h1>\n<ul>\n<li>Reduces fatigue and improves stress resilience<\/li>\n<li>Supports the immune system<\/li>\n<li>Helps eliminate unwanted organisms<\/li>\n<li>Supports modulate and strengthen the immune response<\/li>\n<li>Unterst\u00fctzt ein normales Entz\u00fcndungsgleichgewicht<\/li>\n<li>Unterst\u00fctzt die Reaktion des K\u00f6rpers auf Stress<\/li>\n<\/ul>\n<p>The ASTR Mushroom Active Supplement supports immune system, and the body&#8217;s response to stress. Composed of a blend of nutrients of high-potency six mushroom extracts such as Chaga, Reishi, Cordyceps, Turkey Tails, Pearl Oyster and Shiitake.<\/p>\n<p><strong>BEINHALTET NICHT<\/strong>\u00a0 k\u00fcnstliche Farbstoffe, k\u00fcnstliche S\u00fc\u00dfstoffe oder k\u00fcnstliche Konservierungsstoffe.<\/p>\n<p style=\"text-align: center;\"><span style=\"font-size: 8pt;\">*Diese Aussagen wurden nicht von der Food and Drug Administration bewertet. Dieses Produkt ist nicht zur Diagnose, Behandlung, Heilung oder Vorbeugung von Krankheiten bestimmt.\u00a0<\/span><\/p>","protected":false},"excerpt":{"rendered":"<p>Mushroom Active Reduces fatigue and improves stress resilience Supports the immune system Helps eliminate unwanted organisms Supports modulate and strengthen the immune response Supports normal inflammatory balance Supports the body&#8217;s response to stress The ASTR Mushroom Active Supplement supports immune system, and the body&#8217;s response to stress. Composed of a blend of nutrients of high-potency [&hellip;]<\/p>\n","protected":false},"featured_media":41485,"template":"","meta":{"_analytify_skip_tracking":false},"product_brand":[],"product_cat":[515],"product_tag":[521,2205,2367,2366,2369,2368],"woo-feed-brand":[],"class_list":{"0":"post-41481","1":"product","2":"type-product","3":"status-publish","4":"has-post-thumbnail","6":"product_cat-supplements","7":"product_tag-astr-supplement","8":"product_tag-boost-immune-defense","9":"product_tag-mushroom-complex","10":"product_tag-mushroom-supplement","11":"product_tag-reduces-fatigue","12":"product_tag-relief-stress","13":"product_shipping_class-regular-shipping","15":"first","16":"instock","17":"taxable","18":"shipping-taxable","19":"purchasable","20":"product-type-variable-subscription"},"exclude_global_add_ons":[],"addons":[],"_links":{"self":[{"href":"https:\/\/advancedsofttissuerelease.com\/de\/wp-json\/wp\/v2\/product\/41481","targetHints":{"allow":["GET"]}}],"collection":[{"href":"https:\/\/advancedsofttissuerelease.com\/de\/wp-json\/wp\/v2\/product"}],"about":[{"href":"https:\/\/advancedsofttissuerelease.com\/de\/wp-json\/wp\/v2\/types\/product"}],"version-history":[{"count":0,"href":"https:\/\/advancedsofttissuerelease.com\/de\/wp-json\/wp\/v2\/product\/41481\/revisions"}],"wp:featuredmedia":[{"embeddable":true,"href":"https:\/\/advancedsofttissuerelease.com\/de\/wp-json\/wp\/v2\/media\/41485"}],"wp:attachment":[{"href":"https:\/\/advancedsofttissuerelease.com\/de\/wp-json\/wp\/v2\/media?parent=41481"}],"wp:term":[{"taxonomy":"product_brand","embeddable":true,"href":"https:\/\/advancedsofttissuerelease.com\/de\/wp-json\/wp\/v2\/product_brand?post=41481"},{"taxonomy":"product_cat","embeddable":true,"href":"https:\/\/advancedsofttissuerelease.com\/de\/wp-json\/wp\/v2\/product_cat?post=41481"},{"taxonomy":"product_tag","embeddable":true,"href":"https:\/\/advancedsofttissuerelease.com\/de\/wp-json\/wp\/v2\/product_tag?post=41481"},{"taxonomy":"woo-feed-brand","embeddable":true,"href":"https:\/\/advancedsofttissuerelease.com\/de\/wp-json\/wp\/v2\/woo-feed-brand?post=41481"}],"curies":[{"name":"wp","href":"https:\/\/api.w.org\/{rel}","templated":true}]}}