{"id":44470,"date":"2024-04-27T16:36:26","date_gmt":"2024-04-27T20:36:26","guid":{"rendered":"https:\/\/advancedsofttissuerelease.com\/?post_type=product&#038;p=44470"},"modified":"2026-03-28T07:11:11","modified_gmt":"2026-03-28T11:11:11","slug":"infla-leichtigkeit-2-4","status":"publish","type":"product","link":"https:\/\/advancedsofttissuerelease.com\/de\/product\/flavonoid-active\/","title":{"rendered":"Flavonoid active"},"content":{"rendered":"<h1>Flavonoid Active<\/h1>\n<ul>\n<li>Unterst\u00fctzt eine gesunde Entz\u00fcndungsreaktion<\/li>\n<li>Maintain healthy blood vessels<\/li>\n<li>Verbessern Sie die Gesundheit des Bewegungsapparates<\/li>\n<li>Bietet Gelenkgesundheit<\/li>\n<li>Promotes healthy collagen formation<\/li>\n<li>Boosts immune system function<\/li>\n<li>Verbessert die Erholungszeit nach dem Training<\/li>\n<\/ul>\n<p>Flavonoid Active contains highly potent ingredients to help decrease inflammation, such as bioflavonoids, hibiscus, vitamin C, rutin, acerola fruit concentrate, and quercetin.<\/p>\n<p><strong>BEINHALTET NICHT:\u00a0<\/strong>\u00a0k\u00fcnstliche Farbstoffe, k\u00fcnstliche S\u00fc\u00dfstoffe oder k\u00fcnstliche Konservierungsstoffe.<\/p>\n<p style=\"text-align: center;\"><span style=\"font-size: 8pt;\">*Diese Aussagen wurden nicht von der Food and Drug Administration bewertet. Dieses Produkt ist nicht zur Diagnose, Behandlung, Heilung oder Vorbeugung von Krankheiten bestimmt.\u00a0<\/span><\/p>","protected":false},"excerpt":{"rendered":"<p>Flavonoid Active Supports a healthy inflammatory response Maintain healthy blood vessels Improve musculoskeletal health Boasts joint health Promotes healthy collagen formation Boosts immune system function Enhances workout recovery time Flavonoid Active contains highly potent ingredients to help decrease inflammation, such as bioflavonoids, hibiscus, vitamin C, rutin, acerola fruit concentrate, and quercetin. DOES NOT CONTAIN:\u00a0\u00a0artificial colors, [&hellip;]<\/p>\n","protected":false},"featured_media":44474,"template":"","meta":{"_analytify_skip_tracking":false},"product_brand":[],"product_cat":[515],"product_tag":[521,1410,1409,560,1411],"woo-feed-brand":[],"class_list":{"0":"post-44470","1":"product","2":"type-product","3":"status-publish","4":"has-post-thumbnail","6":"product_cat-supplements","7":"product_tag-astr-supplement","8":"product_tag-decrease-inflammation","9":"product_tag-healthy-inflammatory-response","10":"product_tag-joint-health","11":"product_tag-workout","12":"product_shipping_class-regular-shipping","14":"first","15":"instock","16":"taxable","17":"shipping-taxable","18":"purchasable","19":"product-type-variable-subscription"},"exclude_global_add_ons":[],"addons":[],"_links":{"self":[{"href":"https:\/\/advancedsofttissuerelease.com\/de\/wp-json\/wp\/v2\/product\/44470","targetHints":{"allow":["GET"]}}],"collection":[{"href":"https:\/\/advancedsofttissuerelease.com\/de\/wp-json\/wp\/v2\/product"}],"about":[{"href":"https:\/\/advancedsofttissuerelease.com\/de\/wp-json\/wp\/v2\/types\/product"}],"version-history":[{"count":1,"href":"https:\/\/advancedsofttissuerelease.com\/de\/wp-json\/wp\/v2\/product\/44470\/revisions"}],"predecessor-version":[{"id":50108,"href":"https:\/\/advancedsofttissuerelease.com\/de\/wp-json\/wp\/v2\/product\/44470\/revisions\/50108"}],"wp:featuredmedia":[{"embeddable":true,"href":"https:\/\/advancedsofttissuerelease.com\/de\/wp-json\/wp\/v2\/media\/44474"}],"wp:attachment":[{"href":"https:\/\/advancedsofttissuerelease.com\/de\/wp-json\/wp\/v2\/media?parent=44470"}],"wp:term":[{"taxonomy":"product_brand","embeddable":true,"href":"https:\/\/advancedsofttissuerelease.com\/de\/wp-json\/wp\/v2\/product_brand?post=44470"},{"taxonomy":"product_cat","embeddable":true,"href":"https:\/\/advancedsofttissuerelease.com\/de\/wp-json\/wp\/v2\/product_cat?post=44470"},{"taxonomy":"product_tag","embeddable":true,"href":"https:\/\/advancedsofttissuerelease.com\/de\/wp-json\/wp\/v2\/product_tag?post=44470"},{"taxonomy":"woo-feed-brand","embeddable":true,"href":"https:\/\/advancedsofttissuerelease.com\/de\/wp-json\/wp\/v2\/woo-feed-brand?post=44470"}],"curies":[{"name":"wp","href":"https:\/\/api.w.org\/{rel}","templated":true}]}}